{"id":81036,"date":"2019-05-05T15:31:50","date_gmt":"2019-05-05T15:31:50","guid":{"rendered":"https:\/\/hlncaxea.a2hosted.com\/?post_type=product&#038;p=81036"},"modified":"2025-03-09T19:43:24","modified_gmt":"2025-03-09T19:43:24","slug":"spot-encastre-50mm-carre-aluminium-brosse","status":"publish","type":"product","link":"https:\/\/ledshoponline.be\/fr\/shop\/producten\/armaturen\/inbouwspots\/inbouwspot-kantelbaar-50mm-vierkant-geborsteld-aluminium\/","title":{"rendered":"Spot encastr\u00e9 r\u00e9glable 50mm. carr\u00e9 | Aluminium bross\u00e9"},"content":{"rendered":"<p>Design solide Luminaire encastr\u00e9, inclinable \u00e0 30\u00b0 pour toutes nos lampes \u00e0 Led 12 et 230 Volts en aluminium bross\u00e9.<br \/>\nFourni avec un raccord GU5.3 MR16. Si vous utilisez un spot LED GU10. Il est pr\u00e9f\u00e9rable de commander un <a href=\"https:\/\/ledshoponline.be\/fr\/accessoires-2\/gu10-raccord-yk2\/\">Prise GU10<\/a> suppl\u00e9mentaires.<\/p>\n<p><strong>Dimensions<\/strong>:<br \/>\nDimension ext\u00e9rieure = 90 mm<br \/>\nTaille de coupe = 78 mm<br \/>\nHauteur d'installation = 60 mm<\/p>","protected":false},"excerpt":{"rendered":"<p>Magnifique spot encastr\u00e9 rond en blanc teint\u00e9. Id\u00e9al en combinaison avec nos spots LED GU10. Au meilleur prix !<\/p>\n<p>Nouveau mod\u00e8le mieux fini.<\/p>","protected":false},"featured_media":81035,"comment_status":"closed","ping_status":"closed","template":"","meta":{"_seopress_robots_primary_cat":"","_seopress_titles_title":"","_seopress_titles_desc":"","_seopress_robots_index":""},"product_brand":[],"product_cat":[87,88],"product_tag":[377],"class_list":{"0":"post-81036","1":"product","2":"type-product","3":"status-publish","4":"has-post-thumbnail","6":"product_cat-armaturen","7":"product_cat-inbouwspots","8":"product_tag-armatuur-inbouwspot","10":"first","11":"instock","12":"taxable","13":"shipping-taxable","14":"purchasable","15":"product-type-simple"},"_links":{"self":[{"href":"https:\/\/ledshoponline.be\/fr\/wp-json\/wp\/v2\/product\/81036","targetHints":{"allow":["GET"]}}],"collection":[{"href":"https:\/\/ledshoponline.be\/fr\/wp-json\/wp\/v2\/product"}],"about":[{"href":"https:\/\/ledshoponline.be\/fr\/wp-json\/wp\/v2\/types\/product"}],"replies":[{"embeddable":true,"href":"https:\/\/ledshoponline.be\/fr\/wp-json\/wp\/v2\/comments?post=81036"}],"version-history":[{"count":0,"href":"https:\/\/ledshoponline.be\/fr\/wp-json\/wp\/v2\/product\/81036\/revisions"}],"wp:featuredmedia":[{"embeddable":true,"href":"https:\/\/ledshoponline.be\/fr\/wp-json\/wp\/v2\/media\/81035"}],"wp:attachment":[{"href":"https:\/\/ledshoponline.be\/fr\/wp-json\/wp\/v2\/media?parent=81036"}],"wp:term":[{"taxonomy":"product_brand","embeddable":true,"href":"https:\/\/ledshoponline.be\/fr\/wp-json\/wp\/v2\/product_brand?post=81036"},{"taxonomy":"product_cat","embeddable":true,"href":"https:\/\/ledshoponline.be\/fr\/wp-json\/wp\/v2\/product_cat?post=81036"},{"taxonomy":"product_tag","embeddable":true,"href":"https:\/\/ledshoponline.be\/fr\/wp-json\/wp\/v2\/product_tag?post=81036"}],"curies":[{"name":"wp","href":"https:\/\/api.w.org\/{rel}","templated":true}]}}