{"id":80784,"date":"2019-05-01T22:06:30","date_gmt":"2019-05-01T22:06:30","guid":{"rendered":"https:\/\/hlncaxea.a2hosted.com\/?post_type=product&#038;p=80784"},"modified":"2025-03-09T19:43:23","modified_gmt":"2025-03-09T19:43:23","slug":"calex-led-flex-filament-bulb-220-240v-4w-200lm-e27-g125-gold-2100k-dimmable","status":"publish","type":"product","link":"https:\/\/ledshoponline.be\/fr\/shop\/producten\/led-lampen\/led-filament-lampen\/calex-led-flex-filament-globelamp-220-240v-4w-200lm-e27-g125-goud-2100k-dimbaar\/","title":{"rendered":"Calex LED Flex Filament Globelamp 220-240V 4W 200lm E27 G125 | Gold 2100K Dimmable"},"content":{"rendered":"","protected":false},"excerpt":{"rendered":"<p>Ampoule \u00e0 filament LED E27 d'ambiance avec un filament LED boucl\u00e9 de Calex. Le r\u00e9sultat est une lampe tr\u00e8s esth\u00e9tique. L'ampoule est utilis\u00e9e comme lumi\u00e8re d'ambiance. La lumi\u00e8re est tr\u00e8s chaude.<br \/>\nLe verre de la lampe LED G125 a une teinte dor\u00e9e\/ambre. La lumi\u00e8re est de 2100 Kelvin.<br \/>\nEnti\u00e8rement en verre et \u00e0 intensit\u00e9 variable. Avec la derni\u00e8re technologie de filament.<\/p>\n<p><strong>Fiche produit<\/strong><br \/>\n<strong><a href=\"https:\/\/eprel.ec.europa.eu\/fiches\/lightsources\/Fiche_625862_NL.pdf\">FR<\/a>\u00a0|\u00a0<a href=\"https:\/\/eprel.ec.europa.eu\/fiches\/lightsources\/Fiche_625862_FR.pdf\">FR\u00a0<\/a>|\u00a0<a href=\"https:\/\/eprel.ec.europa.eu\/fiches\/lightsources\/Fiche_625862_EN.pdf\">ET\u00a0<\/a>|\u00a0<a href=\"https:\/\/eprel.ec.europa.eu\/fiches\/lightsources\/Fiche_625862_DE.pdf\">LE<\/a><\/strong><\/p>","protected":false},"featured_media":80785,"comment_status":"closed","ping_status":"closed","template":"","meta":{"_seopress_robots_primary_cat":"","_seopress_titles_title":"","_seopress_titles_desc":"","_seopress_robots_index":""},"product_brand":[],"product_cat":[268,111,20,19],"product_tag":[719],"class_list":{"0":"post-80784","1":"product","2":"type-product","3":"status-publish","4":"has-post-thumbnail","6":"product_cat-led-filament-lampen","7":"product_cat-led-lamp-e27","8":"product_cat-led-lampen","9":"product_cat-producten","10":"product_tag-g125-led","12":"first","13":"instock","14":"taxable","15":"shipping-taxable","16":"purchasable","17":"product-type-simple"},"_links":{"self":[{"href":"https:\/\/ledshoponline.be\/fr\/wp-json\/wp\/v2\/product\/80784","targetHints":{"allow":["GET"]}}],"collection":[{"href":"https:\/\/ledshoponline.be\/fr\/wp-json\/wp\/v2\/product"}],"about":[{"href":"https:\/\/ledshoponline.be\/fr\/wp-json\/wp\/v2\/types\/product"}],"replies":[{"embeddable":true,"href":"https:\/\/ledshoponline.be\/fr\/wp-json\/wp\/v2\/comments?post=80784"}],"version-history":[{"count":0,"href":"https:\/\/ledshoponline.be\/fr\/wp-json\/wp\/v2\/product\/80784\/revisions"}],"wp:featuredmedia":[{"embeddable":true,"href":"https:\/\/ledshoponline.be\/fr\/wp-json\/wp\/v2\/media\/80785"}],"wp:attachment":[{"href":"https:\/\/ledshoponline.be\/fr\/wp-json\/wp\/v2\/media?parent=80784"}],"wp:term":[{"taxonomy":"product_brand","embeddable":true,"href":"https:\/\/ledshoponline.be\/fr\/wp-json\/wp\/v2\/product_brand?post=80784"},{"taxonomy":"product_cat","embeddable":true,"href":"https:\/\/ledshoponline.be\/fr\/wp-json\/wp\/v2\/product_cat?post=80784"},{"taxonomy":"product_tag","embeddable":true,"href":"https:\/\/ledshoponline.be\/fr\/wp-json\/wp\/v2\/product_tag?post=80784"}],"curies":[{"name":"wp","href":"https:\/\/api.w.org\/{rel}","templated":true}]}}