{"id":77737,"date":"2019-04-01T06:04:07","date_gmt":"2019-04-01T06:04:07","guid":{"rendered":"https:\/\/hlncaxea.a2hosted.com\/?post_type=product&#038;p=77737"},"modified":"2026-02-14T14:33:40","modified_gmt":"2026-02-14T14:33:40","slug":"10-pcs-led-g4-gu4-halogen-remplacement-15w-led-bulb-yarled-12v-ac-dc","status":"publish","type":"product","link":"https:\/\/ledshoponline.be\/fr\/shop\/producten\/led-lampen\/led-lamp-g4-gu4-12v\/10-stuks-led-g4-gu4-halogeen-vervanger-15w-led-lamp-yarled-12v-ac-dc\/","title":{"rendered":"10 stuks LED G4 (GU4) halogeen vervanger 1,5 W LED lampe YARLED 12v AC\/DC"},"content":{"rendered":"<p class=\"whitespace-pre-wrap break-words\">Transformez votre \u00e9clairage avec ces <strong>Lampes LED \u00e0 haute efficacit\u00e9 \u00e9nerg\u00e9tique de YarLED<\/strong>. Avec un ensemble de <strong>10 unit\u00e9s<\/strong> et un <strong>lumi\u00e8re blanche chaude<\/strong>Ces ampoules G4\/GU4 remplacent parfaitement les spots halog\u00e8nes traditionnels. Gr\u00e2ce \u00e0 la <strong>dimensions compactes<\/strong> ils s'adaptent \u00e0 pratiquement tous les luminaires existants dot\u00e9s d'un raccord G4 ou GU4.<\/p>\r\n<p class=\"whitespace-pre-wrap break-words\">\u2728 <strong>Caract\u00e9ristiques des lampes LED G4\/GU4<\/strong> \u2714 <strong>Lot de 10 pi\u00e8ces<\/strong> - id\u00e9al pour remplacer plusieurs lampes en m\u00eame temps<br \/>\u2714 <strong>Lumi\u00e8re blanche chaude (2700K)<\/strong> - un \u00e9clairage d'ambiance confortable<br \/>\u2714 <strong>Consommation de 1,5 W<\/strong> - remplace les lampes halog\u00e8nes traditionnelles de 10-15W<br \/>\u2714 <strong>Compatible 12V AC\/DC<\/strong> - fonctionne avec le courant alternatif et le courant continu<br \/>\u2714 <strong>Taille compacte<\/strong> - s'adapte aux luminaires G4\/GU4 existants<\/p>\r\n<p class=\"whitespace-pre-wrap break-words\">\ud83d\udd06 <strong>Efficace et polyvalent<\/strong> \u2714 <strong>Jusqu'\u00e0 90% d'\u00e9conomie d'\u00e9nergie<\/strong> par rapport aux lampes halog\u00e8nes<br \/>\u2714 <strong>Longue dur\u00e9e de vie<\/strong> de plus de 15 000 heures de combustion<br \/>\u2714 <strong>Pleine luminosit\u00e9 instantan\u00e9e<\/strong> sans temps de chauffage<br \/>\u2714 <strong>Large champ d'application<\/strong>: cuisine, salle de bain, salle de s\u00e9jour et plus encore<\/p>\r\n<p class=\"whitespace-pre-wrap break-words\">\ud83d\udca1 <strong>Am\u00e9liorez votre \u00e9clairage d\u00e8s aujourd'hui avec cette alternative \u00e0 l'halog\u00e8ne, abordable et \u00e9conome en \u00e9nergie, que sont les LED !<\/strong><\/p>\r\n<p><strong><br \/>Conseil :<\/strong>\u00a0Remplacez vos anciens blocs d'alimentation par nos blocs d'alimentation LED pour une dur\u00e9e de vie plus longue. Ils sont \u00e9galement plus \u00e9conomiques.<\/p>\r\n\r\n\r\n\r\n<p><strong>Vos lumi\u00e8res clignotent-elles ?<\/strong><br \/>Remplacez votre alimentation par une alimentation LED. Vous pouvez trouver ce type de transformateur\/alimentation \u00e0 l'adresse suivante\u00a0<a href=\"https:\/\/ledshoponline.be\/fr\/produits-2\/accessoires-2\/trafos-a-led-12v-24v-2\/\">accessoires<\/a>.<\/p>\r\n\r\n\r\n\r\n<p>&nbsp;<\/p>","protected":false},"excerpt":{"rendered":"<p>\u2705 <strong>Avantages sociaux : <\/strong>10 pi\u00e8ces.<br \/>\u2705 <strong>Purification :<\/strong> A peine 1,5 W.<br \/><strong>\u2705 S\u00fbr : <\/strong>Il n'est pas chaud.<\/p>\n<p><strong>Fiche produit<\/strong> <br \/><strong><a href=\"https:\/\/eprel.ec.europa.eu\/fiches\/lightsources\/Fiche_761339_NL.pdf\">FR<\/a>\u00a0|\u00a0<a href=\"https:\/\/eprel.ec.europa.eu\/fiches\/lightsources\/Fiche_761339_FR.pdf\">FR\u00a0<\/a>|\u00a0<a href=\"https:\/\/eprel.ec.europa.eu\/fiches\/lightsources\/Fiche_761339_EN.pdf\">ET\u00a0<\/a>|\u00a0<a href=\"https:\/\/eprel.ec.europa.eu\/fiches\/lightsources\/Fiche_761339_DE.pdf\">LE<\/a><\/strong><\/p>","protected":false},"featured_media":533859,"comment_status":"closed","ping_status":"closed","template":"","meta":{"_seopress_robots_primary_cat":"none","_seopress_titles_title":"","_seopress_titles_desc":"","_seopress_robots_index":""},"product_brand":[],"product_cat":[21,20,369,132,19],"product_tag":[370,23,206],"class_list":{"0":"post-77737","1":"product","2":"type-product","3":"status-publish","4":"has-post-thumbnail","6":"product_cat-led-lamp-g4-gu4-12v","7":"product_cat-led-lampen","8":"product_cat-led-spot-gu4-mr11-12v","9":"product_cat-led-spots","10":"product_cat-producten","11":"product_tag-g4","12":"product_tag-g4-led","13":"product_tag-yarled","15":"first","16":"instock","17":"sale","18":"taxable","19":"shipping-taxable","20":"purchasable","21":"product-type-simple"},"_links":{"self":[{"href":"https:\/\/ledshoponline.be\/fr\/wp-json\/wp\/v2\/product\/77737","targetHints":{"allow":["GET"]}}],"collection":[{"href":"https:\/\/ledshoponline.be\/fr\/wp-json\/wp\/v2\/product"}],"about":[{"href":"https:\/\/ledshoponline.be\/fr\/wp-json\/wp\/v2\/types\/product"}],"replies":[{"embeddable":true,"href":"https:\/\/ledshoponline.be\/fr\/wp-json\/wp\/v2\/comments?post=77737"}],"version-history":[{"count":1,"href":"https:\/\/ledshoponline.be\/fr\/wp-json\/wp\/v2\/product\/77737\/revisions"}],"predecessor-version":[{"id":697433,"href":"https:\/\/ledshoponline.be\/fr\/wp-json\/wp\/v2\/product\/77737\/revisions\/697433"}],"wp:featuredmedia":[{"embeddable":true,"href":"https:\/\/ledshoponline.be\/fr\/wp-json\/wp\/v2\/media\/533859"}],"wp:attachment":[{"href":"https:\/\/ledshoponline.be\/fr\/wp-json\/wp\/v2\/media?parent=77737"}],"wp:term":[{"taxonomy":"product_brand","embeddable":true,"href":"https:\/\/ledshoponline.be\/fr\/wp-json\/wp\/v2\/product_brand?post=77737"},{"taxonomy":"product_cat","embeddable":true,"href":"https:\/\/ledshoponline.be\/fr\/wp-json\/wp\/v2\/product_cat?post=77737"},{"taxonomy":"product_tag","embeddable":true,"href":"https:\/\/ledshoponline.be\/fr\/wp-json\/wp\/v2\/product_tag?post=77737"}],"curies":[{"name":"wp","href":"https:\/\/api.w.org\/{rel}","templated":true}]}}