{"id":76103,"date":"2019-03-04T08:12:51","date_gmt":"2019-03-04T08:12:51","guid":{"rendered":"https:\/\/hlncaxea.a2hosted.com\/?post_type=product&#038;p=76103"},"modified":"2025-09-03T15:42:40","modified_gmt":"2025-09-03T15:42:40","slug":"projecteur-led-100w-cold-white-ip65-avec-capteur-remplace-800w","status":"publish","type":"product","link":"https:\/\/ledshoponline.be\/fr\/shop\/producten\/armaturen\/buitenverlichting\/led-breedstraler-100w-koud-wit-ip65-met-sensor-vervangt-800w\/","title":{"rendered":"Projecteur LED 100W blanc froid IP65 avec capteur (remplace 800w)"},"content":{"rendered":"<p>Ce projecteur LED avec capteur dispose de trois boutons diff\u00e9rents pour ajuster les r\u00e9glages :<\/p>\n<ul>\n<li><strong>Nombre de m\u00e8tres<\/strong>: permet de r\u00e9gler la distance de d\u00e9tection du projecteur \u00e0 LED avec capteur. R\u00e9glable de 3 \u00e0 10 m\u00e8tres<\/li>\n<li><strong>L'heure<\/strong>: R\u00e9gler la dur\u00e9e pendant laquelle la lampe de chantier LED doit rester allum\u00e9e lorsque quelqu'un quitte la zone de d\u00e9tection.<\/li>\n<li><strong>Quantit\u00e9 de lumi\u00e8re<\/strong>: D\u00e9finit l'intensit\u00e9 avec laquelle le faisceau large de la LED doit briller lorsque quelqu'un marche dans la zone de d\u00e9tection.<\/li>\n<\/ul>","protected":false},"excerpt":{"rendered":"<p><strong>Projecteur LED avec d\u00e9tecteur de mouvement<\/strong><br \/>\nUn design intelligent et \u00e9l\u00e9gant. Le projecteur LED est \u00e9quip\u00e9 d'un d\u00e9tecteur de mouvement qui peut atteindre une distance de 10 m\u00e8tres.<\/p>\n<p><strong>Fiche produit<\/strong><br \/>\n<strong><a href=\"https:\/\/eprel.ec.europa.eu\/fiches\/lightsources\/Fiche_1045495_NL.pdf\">FR<\/a>\u00a0|\u00a0<a href=\"https:\/\/eprel.ec.europa.eu\/fiches\/lightsources\/Fiche_1045495_FR.pdf\">FR\u00a0<\/a>|\u00a0<a href=\"https:\/\/eprel.ec.europa.eu\/fiches\/lightsources\/Fiche_1045495_EN.pdf\">ET\u00a0<\/a>|\u00a0<a href=\"https:\/\/eprel.ec.europa.eu\/fiches\/lightsources\/Fiche_1045495_DE.pdf\">LE<\/a><\/strong><\/p>","protected":false},"featured_media":76104,"comment_status":"closed","ping_status":"closed","template":"","meta":{"_seopress_robots_primary_cat":"none","_seopress_titles_title":"","_seopress_titles_desc":"","_seopress_robots_index":""},"product_brand":[],"product_cat":[87,90,243,242],"product_tag":[837,631,632,633],"class_list":{"0":"post-76103","1":"product","2":"type-product","3":"status-publish","4":"has-post-thumbnail","6":"product_cat-armaturen","7":"product_cat-buitenverlichting","8":"product_cat-led-schijnwerpers","9":"product_cat-pro-led-verlichting","10":"product_tag-100w-led-straler","11":"product_tag-led-200w","12":"product_tag-led-breedstraler","13":"product_tag-led-floodlight","15":"first","16":"instock","17":"sale","18":"taxable","19":"shipping-taxable","20":"purchasable","21":"product-type-simple"},"_links":{"self":[{"href":"https:\/\/ledshoponline.be\/fr\/wp-json\/wp\/v2\/product\/76103","targetHints":{"allow":["GET"]}}],"collection":[{"href":"https:\/\/ledshoponline.be\/fr\/wp-json\/wp\/v2\/product"}],"about":[{"href":"https:\/\/ledshoponline.be\/fr\/wp-json\/wp\/v2\/types\/product"}],"replies":[{"embeddable":true,"href":"https:\/\/ledshoponline.be\/fr\/wp-json\/wp\/v2\/comments?post=76103"}],"version-history":[{"count":1,"href":"https:\/\/ledshoponline.be\/fr\/wp-json\/wp\/v2\/product\/76103\/revisions"}],"predecessor-version":[{"id":619065,"href":"https:\/\/ledshoponline.be\/fr\/wp-json\/wp\/v2\/product\/76103\/revisions\/619065"}],"wp:featuredmedia":[{"embeddable":true,"href":"https:\/\/ledshoponline.be\/fr\/wp-json\/wp\/v2\/media\/76104"}],"wp:attachment":[{"href":"https:\/\/ledshoponline.be\/fr\/wp-json\/wp\/v2\/media?parent=76103"}],"wp:term":[{"taxonomy":"product_brand","embeddable":true,"href":"https:\/\/ledshoponline.be\/fr\/wp-json\/wp\/v2\/product_brand?post=76103"},{"taxonomy":"product_cat","embeddable":true,"href":"https:\/\/ledshoponline.be\/fr\/wp-json\/wp\/v2\/product_cat?post=76103"},{"taxonomy":"product_tag","embeddable":true,"href":"https:\/\/ledshoponline.be\/fr\/wp-json\/wp\/v2\/product_tag?post=76103"}],"curies":[{"name":"wp","href":"https:\/\/api.w.org\/{rel}","templated":true}]}}