{"id":76022,"date":"2019-03-02T16:15:29","date_gmt":"2019-03-02T16:15:29","guid":{"rendered":"https:\/\/hlncaxea.a2hosted.com\/?post_type=product&#038;p=76022"},"modified":"2025-03-09T19:43:18","modified_gmt":"2025-03-09T19:43:18","slug":"1-gradateur-10v-pour-les-faces-avant-led-a-gradation","status":"publish","type":"product","link":"https:\/\/ledshoponline.be\/fr\/shop\/producten\/toebehoren\/12v-24v-led-dimmers\/1-10v-dimmer-voor-dimbare-led-panelen-frontje\/","title":{"rendered":"0-10V variateur pour LED dimmable panneaux + du panneau avant"},"content":{"rendered":"<p>Variateur mural 10v adapt\u00e9 aux panneaux LED graduables sur notre site.  Ce variateur permet une gradation progressive avec une plage d'au moins 90% sans scintillement.<\/p>\n<p>Ce variateur est destin\u00e9 \u00e0 \u00eatre encastr\u00e9 dans un mur. Les fa\u00e7ades sont interchangeables avec <strong>JUNG \/ GIRA \/ BERKER \/ PEHA <strong>\/<\/strong> etc ( Pas pour Niko)<\/strong>\u00a0D\u00e9sormais, il n'y a plus de probl\u00e8me pour avoir sa propre fa\u00e7ade assortie \u00e0 l'appareillage \u00e9lectrique !<\/p>\n<ul>\n<li>Protection par fusible contre les surtensions et les courts-circuits<\/li>\n<li>Charge : 40mA - Convient pour un maximum de 30 panneaux LED.<\/li>\n<li>INCLUANT :\u00a0<em>fa\u00e7ade universelle blanche !<\/em><\/li>\n<\/ul>","protected":false},"excerpt":{"rendered":"<p>10v Muur dimmer geschikt voor dimbare LED panelen op onze site. \u00a0Met deze dimmer is het mogelijk traploos te kunnen<\/p>","protected":false},"featured_media":76023,"comment_status":"closed","ping_status":"closed","template":"","meta":{"_seopress_robots_primary_cat":"","_seopress_titles_title":"","_seopress_titles_desc":"","_seopress_robots_index":""},"product_brand":[],"product_cat":[44,86,259,42],"product_tag":[],"class_list":{"0":"post-76022","1":"product","2":"type-product","3":"status-publish","4":"has-post-thumbnail","6":"product_cat-12v-24v-led-dimmers","7":"product_cat-230v-led-dimmers","8":"product_cat-led-panelen","9":"product_cat-toebehoren","11":"first","12":"instock","13":"taxable","14":"shipping-taxable","15":"purchasable","16":"product-type-simple"},"_links":{"self":[{"href":"https:\/\/ledshoponline.be\/fr\/wp-json\/wp\/v2\/product\/76022","targetHints":{"allow":["GET"]}}],"collection":[{"href":"https:\/\/ledshoponline.be\/fr\/wp-json\/wp\/v2\/product"}],"about":[{"href":"https:\/\/ledshoponline.be\/fr\/wp-json\/wp\/v2\/types\/product"}],"replies":[{"embeddable":true,"href":"https:\/\/ledshoponline.be\/fr\/wp-json\/wp\/v2\/comments?post=76022"}],"version-history":[{"count":0,"href":"https:\/\/ledshoponline.be\/fr\/wp-json\/wp\/v2\/product\/76022\/revisions"}],"wp:featuredmedia":[{"embeddable":true,"href":"https:\/\/ledshoponline.be\/fr\/wp-json\/wp\/v2\/media\/76023"}],"wp:attachment":[{"href":"https:\/\/ledshoponline.be\/fr\/wp-json\/wp\/v2\/media?parent=76022"}],"wp:term":[{"taxonomy":"product_brand","embeddable":true,"href":"https:\/\/ledshoponline.be\/fr\/wp-json\/wp\/v2\/product_brand?post=76022"},{"taxonomy":"product_cat","embeddable":true,"href":"https:\/\/ledshoponline.be\/fr\/wp-json\/wp\/v2\/product_cat?post=76022"},{"taxonomy":"product_tag","embeddable":true,"href":"https:\/\/ledshoponline.be\/fr\/wp-json\/wp\/v2\/product_tag?post=76022"}],"curies":[{"name":"wp","href":"https:\/\/api.w.org\/{rel}","templated":true}]}}