{"id":76015,"date":"2019-03-02T13:30:46","date_gmt":"2019-03-02T13:30:46","guid":{"rendered":"https:\/\/hlncaxea.a2hosted.com\/?post_type=product&#038;p=76015"},"modified":"2025-03-09T19:43:17","modified_gmt":"2025-03-09T19:43:17","slug":"gradateur-a-coupe-de-phase-pour-lampes-led-230v-0-150w","status":"publish","type":"product","link":"https:\/\/ledshoponline.be\/fr\/shop\/producten\/toebehoren\/230v-led-dimmers\/trailing-edge-fase-afsnijding-dimmer-voor-230v-led-lampen-0-150w\/","title":{"rendered":"Trailing Edge - gradateur \u00e0 coupure de phase pour lampes LED 230v 0-150w + panneau avant"},"content":{"rendered":"<p>Ce variateur convient \u00e0 toutes les lampes LED 230v dimmables de notre site. Ce variateur permet une gradation progressive avec une plage d'au moins 90% sans scintillement. M\u00eame 1 n'est pas un probl\u00e8me.<\/p>\n<p>Ce variateur est destin\u00e9 \u00e0 \u00eatre encastr\u00e9 dans un mur. Les fa\u00e7ades sont interchangeables avec <strong>JUNG \/ GIRA \/ BERKER \/ PEHA \/ etc.<\/strong> D\u00e9sormais, il n'y a plus de probl\u00e8me pour avoir sa propre fa\u00e7ade assortie \u00e0 l'appareillage \u00e9lectrique !<\/p>\n<ul>\n<li><span style=\"color: #ff0000;\">Protection par fusible contre les surtensions et les courts-circuits<\/span><\/li>\n<li><span style=\"color: #ff0000;\">Charge : minimum 1 watt, maximum 150Watt<\/span><\/li>\n<li><span style=\"color: #ff0000;\">Lampes LED dimmables sur coupure de phase (max 150W, max 15 lampes LED)<\/span><\/li>\n<\/ul>\n<h3>Ce variateur permet de faire varier parfaitement l'intensit\u00e9 lumineuse d'un seul projecteur !<\/h3>\n<p>Les lampes LED adapt\u00e9es \u00e0 ce variateur LED sont toutes les lampes LED (avec ou sans transformateur) qui fonctionnent en coupure de phase (trailing edge\/RC\/tronic). Il s'agit notamment des marques suivantes de lampes LED :<br \/>\n-IKEA<br \/>\n-Philips<br \/>\n-Osram<br \/>\n-Megaman<br \/>\n-Calex<br \/>\n-EcoBright<\/p>\n<p>\u2713 Convient pour 0-150W<br \/>\n\u2713 Convient pour\u00a0<strong>tous<\/strong>\u00a0marques de cadres de recouvrement<br \/>\n\u2713 Convient aux bo\u00eetes d'encastrement avec ou sans trous de vis<br \/>\n\u2713 Gradation et stabilit\u00e9 optimales de la lumi\u00e8re<br \/>\n\u2713 Protection contre les pics de tension et les signaux parasites<br \/>\n\u2713 Gradation silencieuse<br \/>\n\u2713 Ventilation optimale<br \/>\nConvient pour la commutation dans les h\u00f4tels<br \/>\n\u2713 Fusible rempla\u00e7able<br \/>\n\u2713 Fourni avec un fusible suppl\u00e9mentaire<\/p>","protected":false},"excerpt":{"rendered":"<p>Variateur \u00e0 coupure de phase (trailing edge\/RC\/tronic) pour lampes LED 230v. 0-150W avec fa\u00e7ade blanche.<br \/>\nLe variateur fonctionne avec des marques telles que Philips - Osram - Megaman - Calex - EcoBright.<br \/>\nPeut \u00e9galement \u00eatre utilis\u00e9 pour la commutation.<\/p>","protected":false},"featured_media":76016,"comment_status":"closed","ping_status":"closed","template":"","meta":{"_seopress_robots_primary_cat":"","_seopress_titles_title":"","_seopress_titles_desc":"","_seopress_robots_index":""},"product_brand":[],"product_cat":[86,42],"product_tag":[777,263,836],"class_list":{"0":"post-76015","1":"product","2":"type-product","3":"status-publish","4":"has-post-thumbnail","6":"product_cat-230v-led-dimmers","7":"product_cat-toebehoren","8":"product_tag-230v-led-dimmer","9":"product_tag-led-dimmer","10":"product_tag-led-dimmer-fase-aansnijding","12":"first","13":"instock","14":"taxable","15":"shipping-taxable","16":"purchasable","17":"product-type-simple"},"_links":{"self":[{"href":"https:\/\/ledshoponline.be\/fr\/wp-json\/wp\/v2\/product\/76015","targetHints":{"allow":["GET"]}}],"collection":[{"href":"https:\/\/ledshoponline.be\/fr\/wp-json\/wp\/v2\/product"}],"about":[{"href":"https:\/\/ledshoponline.be\/fr\/wp-json\/wp\/v2\/types\/product"}],"replies":[{"embeddable":true,"href":"https:\/\/ledshoponline.be\/fr\/wp-json\/wp\/v2\/comments?post=76015"}],"version-history":[{"count":0,"href":"https:\/\/ledshoponline.be\/fr\/wp-json\/wp\/v2\/product\/76015\/revisions"}],"wp:featuredmedia":[{"embeddable":true,"href":"https:\/\/ledshoponline.be\/fr\/wp-json\/wp\/v2\/media\/76016"}],"wp:attachment":[{"href":"https:\/\/ledshoponline.be\/fr\/wp-json\/wp\/v2\/media?parent=76015"}],"wp:term":[{"taxonomy":"product_brand","embeddable":true,"href":"https:\/\/ledshoponline.be\/fr\/wp-json\/wp\/v2\/product_brand?post=76015"},{"taxonomy":"product_cat","embeddable":true,"href":"https:\/\/ledshoponline.be\/fr\/wp-json\/wp\/v2\/product_cat?post=76015"},{"taxonomy":"product_tag","embeddable":true,"href":"https:\/\/ledshoponline.be\/fr\/wp-json\/wp\/v2\/product_tag?post=76015"}],"curies":[{"name":"wp","href":"https:\/\/api.w.org\/{rel}","templated":true}]}}