{"id":75511,"date":"2019-02-19T22:21:18","date_gmt":"2019-02-19T22:21:18","guid":{"rendered":"https:\/\/hlncaxea.a2hosted.com\/?post_type=product&#038;p=75511"},"modified":"2025-08-26T15:23:14","modified_gmt":"2025-08-26T15:23:14","slug":"e27-filament-led-bulb-12w-dimmable-high-lumen-1521lm","status":"publish","type":"product","link":"https:\/\/ledshoponline.be\/fr\/shop\/producten\/led-lampen\/led-filament-lampen\/e27-filament-led-lamp-12w-dimbaar-hoge-lumen-1521lm\/","title":{"rendered":"Ampoule LED \u00e0 filament E27 12W dimmable high lumen 1521LM"},"content":{"rendered":"<h2 style=\"text-align: left;\">L'ampoule LED E27 Filament est-elle dimmable ?<\/h2>\n<p>Oui, cette lampe \u00e0 filament LED est dimmable.<br \/>\nV\u00e9rifiez bien sur vos variateurs de lumi\u00e8re actuels la puissance minimale qu'ils requi\u00e8rent pour varier correctement.<\/p>\n<h2>Assurance qualit\u00e9 ?<\/h2>\n<p>Les ampoules \u00e0 filament Yarled contiennent des LED saphir de la meilleure qualit\u00e9.<br \/>\nPour maintenir les lampes \u00e0 une temp\u00e9rature agr\u00e9able, elles sont remplies d'un gaz r\u00e9frig\u00e9rant.<br \/>\nCela garantit d\u00e9j\u00e0 une dur\u00e9e de vie \u00e9lev\u00e9e.<\/p>","protected":false},"excerpt":{"rendered":"<p>L'ampoule LED \u00e0 filament int\u00e9gral 12W avec culot E27 est une belle ampoule LED et est \u00e9galement dimmable. L'ampoule \u00e9met une belle lumi\u00e8re chaude (2700k). L'ampoule remplace une ampoule \u00e0 incandescence de 100W.<\/p>\n<p><strong>Fiche produit<\/strong><br \/>\n<strong><a href=\"https:\/\/eprel.ec.europa.eu\/fiches\/lightsources\/Fiche_904511_NL.pdf\">FR<\/a>\u00a0|\u00a0<a href=\"https:\/\/eprel.ec.europa.eu\/fiches\/lightsources\/Fiche_904511_FR.pdf\">FR\u00a0<\/a>|\u00a0<a href=\"https:\/\/eprel.ec.europa.eu\/fiches\/lightsources\/Fiche_904511_EN.pdf\">ET\u00a0<\/a>|\u00a0<a href=\"https:\/\/eprel.ec.europa.eu\/fiches\/lightsources\/Fiche_904511_DE.pdf\">LE<\/a><\/strong><\/p>","protected":false},"featured_media":75512,"comment_status":"closed","ping_status":"closed","template":"","meta":{"_seopress_robots_primary_cat":"none","_seopress_titles_title":"","_seopress_titles_desc":"","_seopress_robots_index":""},"product_brand":[],"product_cat":[268,111,20,19],"product_tag":[531,532,533],"class_list":{"0":"post-75511","1":"product","2":"type-product","3":"status-publish","4":"has-post-thumbnail","6":"product_cat-led-filament-lampen","7":"product_cat-led-lamp-e27","8":"product_cat-led-lampen","9":"product_cat-producten","10":"product_tag-75w-gloeilamp","11":"product_tag-8w-e27","12":"product_tag-8w-led-filament","14":"first","15":"instock","16":"sale","17":"taxable","18":"shipping-taxable","19":"purchasable","20":"product-type-simple"},"_links":{"self":[{"href":"https:\/\/ledshoponline.be\/fr\/wp-json\/wp\/v2\/product\/75511","targetHints":{"allow":["GET"]}}],"collection":[{"href":"https:\/\/ledshoponline.be\/fr\/wp-json\/wp\/v2\/product"}],"about":[{"href":"https:\/\/ledshoponline.be\/fr\/wp-json\/wp\/v2\/types\/product"}],"replies":[{"embeddable":true,"href":"https:\/\/ledshoponline.be\/fr\/wp-json\/wp\/v2\/comments?post=75511"}],"version-history":[{"count":1,"href":"https:\/\/ledshoponline.be\/fr\/wp-json\/wp\/v2\/product\/75511\/revisions"}],"predecessor-version":[{"id":616383,"href":"https:\/\/ledshoponline.be\/fr\/wp-json\/wp\/v2\/product\/75511\/revisions\/616383"}],"wp:featuredmedia":[{"embeddable":true,"href":"https:\/\/ledshoponline.be\/fr\/wp-json\/wp\/v2\/media\/75512"}],"wp:attachment":[{"href":"https:\/\/ledshoponline.be\/fr\/wp-json\/wp\/v2\/media?parent=75511"}],"wp:term":[{"taxonomy":"product_brand","embeddable":true,"href":"https:\/\/ledshoponline.be\/fr\/wp-json\/wp\/v2\/product_brand?post=75511"},{"taxonomy":"product_cat","embeddable":true,"href":"https:\/\/ledshoponline.be\/fr\/wp-json\/wp\/v2\/product_cat?post=75511"},{"taxonomy":"product_tag","embeddable":true,"href":"https:\/\/ledshoponline.be\/fr\/wp-json\/wp\/v2\/product_tag?post=75511"}],"curies":[{"name":"wp","href":"https:\/\/api.w.org\/{rel}","templated":true}]}}