{"id":74568,"date":"2019-02-01T17:09:59","date_gmt":"2019-02-01T17:09:59","guid":{"rendered":"https:\/\/hlncaxea.a2hosted.com\/?post_type=product&#038;p=74568"},"modified":"2025-03-26T18:04:03","modified_gmt":"2025-03-26T18:04:03","slug":"refrigerateur-e14-ampoule-led-18w-matt-15w-160lm-2700k","status":"publish","type":"product","link":"https:\/\/ledshoponline.be\/fr\/shop\/producten\/led-lampen\/led-filament-lampen\/koelkast-e14-led-lampje-18w-mat-15w-160lm-2700k\/","title":{"rendered":"R\u00e9frig\u00e9rateur Ampoule LED E14 1,8W mat - 15W - 160lm - 2700k"},"content":{"rendered":"","protected":false},"excerpt":{"rendered":"<p>L'ampoule LED pour r\u00e9frig\u00e9rateur est particuli\u00e8rement puissante pour sa taille et le rendement lumineux est presque identique \u00e0 celui des ampoules conventionnelles de cette taille. Convient \u00e0 tous les r\u00e9frig\u00e9rateurs.<\/p>","protected":false},"featured_media":74569,"comment_status":"closed","ping_status":"closed","template":"","meta":{"_seopress_robots_primary_cat":"","_seopress_titles_title":"","_seopress_titles_desc":"","_seopress_robots_index":""},"product_brand":[],"product_cat":[268,295,20],"product_tag":[808],"class_list":{"0":"post-74568","1":"product","2":"type-product","3":"status-publish","4":"has-post-thumbnail","6":"product_cat-led-filament-lampen","7":"product_cat-led-lamp-e14","8":"product_cat-led-lampen","9":"product_tag-led-koelkast","11":"first","12":"instock","13":"sale","14":"taxable","15":"shipping-taxable","16":"purchasable","17":"product-type-simple"},"_links":{"self":[{"href":"https:\/\/ledshoponline.be\/fr\/wp-json\/wp\/v2\/product\/74568","targetHints":{"allow":["GET"]}}],"collection":[{"href":"https:\/\/ledshoponline.be\/fr\/wp-json\/wp\/v2\/product"}],"about":[{"href":"https:\/\/ledshoponline.be\/fr\/wp-json\/wp\/v2\/types\/product"}],"replies":[{"embeddable":true,"href":"https:\/\/ledshoponline.be\/fr\/wp-json\/wp\/v2\/comments?post=74568"}],"version-history":[{"count":0,"href":"https:\/\/ledshoponline.be\/fr\/wp-json\/wp\/v2\/product\/74568\/revisions"}],"wp:featuredmedia":[{"embeddable":true,"href":"https:\/\/ledshoponline.be\/fr\/wp-json\/wp\/v2\/media\/74569"}],"wp:attachment":[{"href":"https:\/\/ledshoponline.be\/fr\/wp-json\/wp\/v2\/media?parent=74568"}],"wp:term":[{"taxonomy":"product_brand","embeddable":true,"href":"https:\/\/ledshoponline.be\/fr\/wp-json\/wp\/v2\/product_brand?post=74568"},{"taxonomy":"product_cat","embeddable":true,"href":"https:\/\/ledshoponline.be\/fr\/wp-json\/wp\/v2\/product_cat?post=74568"},{"taxonomy":"product_tag","embeddable":true,"href":"https:\/\/ledshoponline.be\/fr\/wp-json\/wp\/v2\/product_tag?post=74568"}],"curies":[{"name":"wp","href":"https:\/\/api.w.org\/{rel}","templated":true}]}}