{"id":74389,"date":"2019-01-28T16:43:50","date_gmt":"2019-01-28T16:43:50","guid":{"rendered":"https:\/\/hlncaxea.a2hosted.com\/?post_type=product&#038;p=74389"},"modified":"2025-03-09T19:43:12","modified_gmt":"2025-03-09T19:43:12","slug":"r63-led-spot-reflector-9-5w-54w-3000k-dimmable-2","status":"publish","type":"product","link":"https:\/\/ledshoponline.be\/fr\/shop\/producten\/led-spots\/led-spot-e27-230v\/r63-led-spot-reflector-9-5w-54w-3000k-dimbaar\/","title":{"rendered":"R63 LED spot r\u00e9flecteur 9,5W (54W) 3000k - dimmable"},"content":{"rendered":"<p>Vous cherchez le moyen id\u00e9al d'\u00e9clairer votre maison avec efficacit\u00e9 et style ? Ne cherchez pas plus loin ! Notre r\u00e9flecteur spot \u00e0 LED R63 est la solution qu'il vous faut. Avec une puissance \u00e9tonnante de 9,5 watts et un incroyable rendement lumineux de 54 watts, ce spot LED \u00e0 intensit\u00e9 variable offre une atmosph\u00e8re chaleureuse et invitante dans votre maison.<\/p>\n\n\n\n<p>Les avantages de notre spot LED R63 sont nombreux. Gr\u00e2ce \u00e0 sa technologie moderne, il consomme beaucoup moins d'\u00e9nergie que les ampoules traditionnelles, ce qui vous permet d'\u00e9conomiser jusqu'\u00e0 80% sur votre facture d'\u00e9nergie. De plus, il dure beaucoup plus longtemps, ce qui signifie que vous n'aurez jamais \u00e0 vous soucier des remplacements fr\u00e9quents. Elle est donc non seulement respectueuse de l'environnement, mais elle vous permet \u00e9galement d'\u00e9conomiser du temps et de l'argent.<\/p>\n\n\n\n<p>La temp\u00e9rature de couleur chaude de 3 000 K offre un \u00e9clairage agr\u00e9able et confortable dans toutes les pi\u00e8ces. Qu'il s'agisse du salon, de la cuisine ou de la chambre \u00e0 coucher, ce spot LED cr\u00e9e l'atmosph\u00e8re parfaite pour la d\u00e9tente ou le confort. Et gr\u00e2ce \u00e0 la possibilit\u00e9 de r\u00e9gler la luminosit\u00e9, vous pouvez toujours choisir le r\u00e9glage qui convient le mieux \u00e0 vos besoins.<\/p>\n\n\n\n<p>L'installation est facile et rapide, ce qui vous permet d'en profiter imm\u00e9diatement. Et gr\u00e2ce \u00e0 la longue dur\u00e9e de vie de ce projecteur LED, vous n'aurez pas \u00e0 vous soucier de l'entretien pendant des ann\u00e9es.<\/p>\n\n\n\n<p>Pr\u00eat \u00e0 transformer votre maison avec un \u00e9clairage \u00e9conome en \u00e9nergie et \u00e9l\u00e9gant ? Commandez d\u00e8s maintenant notre r\u00e9flecteur spot LED R63 et faites briller vos espaces. Illuminez votre vie avec la puissance des LED !<\/p>","protected":false},"excerpt":{"rendered":"<p><strong>Fiche produit<\/strong><br \/>\n<strong><a href=\"https:\/\/eprel.ec.europa.eu\/informationsheet\/Fiche_1114155_NL.pdf\">FR<\/a>\u00a0|\u00a0<a href=\"https:\/\/eprel.ec.europa.eu\/informationsheet\/Fiche_1114155_FR.pdf\">FR\u00a0<\/a>|\u00a0<a href=\"https:\/\/eprel.ec.europa.eu\/informationsheet\/Fiche_1114155_EN.pdf\">ET\u00a0<\/a>|\u00a0<a href=\"https:\/\/eprel.ec.europa.eu\/informationsheet\/Fiche_1114155_DE.pdf\">LE<\/a><\/strong><\/p>","protected":false},"featured_media":74390,"comment_status":"closed","ping_status":"closed","template":"","meta":{"_seopress_robots_primary_cat":"","_seopress_titles_title":"","_seopress_titles_desc":"","_seopress_robots_index":""},"product_brand":[],"product_cat":[530,725,132,19,112],"product_tag":[],"class_list":{"0":"post-74389","1":"product","2":"type-product","3":"status-publish","4":"has-post-thumbnail","6":"product_cat-deals","7":"product_cat-led-spot-e27-230v","8":"product_cat-led-spots","9":"product_cat-producten","10":"product_cat-stock-opruiming","12":"first","13":"instock","14":"sale","15":"taxable","16":"shipping-taxable","17":"purchasable","18":"product-type-simple"},"_links":{"self":[{"href":"https:\/\/ledshoponline.be\/fr\/wp-json\/wp\/v2\/product\/74389","targetHints":{"allow":["GET"]}}],"collection":[{"href":"https:\/\/ledshoponline.be\/fr\/wp-json\/wp\/v2\/product"}],"about":[{"href":"https:\/\/ledshoponline.be\/fr\/wp-json\/wp\/v2\/types\/product"}],"replies":[{"embeddable":true,"href":"https:\/\/ledshoponline.be\/fr\/wp-json\/wp\/v2\/comments?post=74389"}],"version-history":[{"count":0,"href":"https:\/\/ledshoponline.be\/fr\/wp-json\/wp\/v2\/product\/74389\/revisions"}],"wp:featuredmedia":[{"embeddable":true,"href":"https:\/\/ledshoponline.be\/fr\/wp-json\/wp\/v2\/media\/74390"}],"wp:attachment":[{"href":"https:\/\/ledshoponline.be\/fr\/wp-json\/wp\/v2\/media?parent=74389"}],"wp:term":[{"taxonomy":"product_brand","embeddable":true,"href":"https:\/\/ledshoponline.be\/fr\/wp-json\/wp\/v2\/product_brand?post=74389"},{"taxonomy":"product_cat","embeddable":true,"href":"https:\/\/ledshoponline.be\/fr\/wp-json\/wp\/v2\/product_cat?post=74389"},{"taxonomy":"product_tag","embeddable":true,"href":"https:\/\/ledshoponline.be\/fr\/wp-json\/wp\/v2\/product_tag?post=74389"}],"curies":[{"name":"wp","href":"https:\/\/api.w.org\/{rel}","templated":true}]}}