{"id":72533,"date":"2019-01-21T17:48:18","date_gmt":"2019-01-21T17:48:18","guid":{"rendered":"https:\/\/hlncaxea.a2hosted.com\/?post_type=product&#038;p=72533"},"modified":"2025-03-09T19:43:11","modified_gmt":"2025-03-09T19:43:11","slug":"projecteur-led-50w-6000k-avec-detecteur-de-mouvement","status":"publish","type":"product","link":"https:\/\/ledshoponline.be\/fr\/shop\/producten\/armaturen\/buitenverlichting\/led-breedstraler-50w-6000k-met-bewegingssensor\/","title":{"rendered":"Projecteur LED 50W 6000K avec d\u00e9tecteur de mouvement"},"content":{"rendered":"<p><strong>Port\u00e9e du capteur de mouvement : 10m<\/strong><\/p>\n<p>Remplacer vos anciens projecteurs halog\u00e8nes \/ lampes de chantier par des projecteurs \u00e0 LED est une n\u00e9cessit\u00e9. La consommation est jusqu'\u00e0 10 fois inf\u00e9rieure, ce qui permet de r\u00e9aliser des \u00e9conomies consid\u00e9rables. Jusqu'\u00e0 300 \u20ac par an.<\/p>\n<p><img decoding=\"async\" class=\"size-full wp-image-18534\" src=\"https:\/\/ledshoponline.be\/wp-content\/uploads\/2016\/01\/unnamed-Sensor-instellingen.png\" alt=\"R\u00e9glages du capteur\" width=\"510\" height=\"250\"><\/p>","protected":false},"excerpt":{"rendered":"<p>Projecteur LED \u00e0 large faisceau avec d\u00e9tecteur de mouvement. Remplace un projecteur halog\u00e8ne de 450w.<br \/>\nLe capteur d\u00e9tecte les mouvements dans un rayon de 10 m\u00e8tres. Utilis\u00e9 couramment comme lampe d'effroi. C\u00e2ble \u00e0 3 fils d'environ 15 cm.<\/p>","protected":false},"featured_media":72534,"comment_status":"closed","ping_status":"closed","template":"","meta":{"_seopress_robots_primary_cat":"","_seopress_titles_title":"","_seopress_titles_desc":"","_seopress_robots_index":""},"product_brand":[],"product_cat":[87,90,243,242,19],"product_tag":[689,612,613,690,691],"class_list":{"0":"post-72533","1":"product","2":"type-product","3":"status-publish","4":"has-post-thumbnail","6":"product_cat-armaturen","7":"product_cat-buitenverlichting","8":"product_cat-led-schijnwerpers","9":"product_cat-pro-led-verlichting","10":"product_cat-producten","11":"product_tag-50w-led-bouwlamp","12":"product_tag-bouwlamp-led","13":"product_tag-breesstraler","14":"product_tag-led-schijnwerper","15":"product_tag-led-schijnwerper-50w","17":"first","18":"instock","19":"taxable","20":"shipping-taxable","21":"purchasable","22":"product-type-simple"},"_links":{"self":[{"href":"https:\/\/ledshoponline.be\/fr\/wp-json\/wp\/v2\/product\/72533","targetHints":{"allow":["GET"]}}],"collection":[{"href":"https:\/\/ledshoponline.be\/fr\/wp-json\/wp\/v2\/product"}],"about":[{"href":"https:\/\/ledshoponline.be\/fr\/wp-json\/wp\/v2\/types\/product"}],"replies":[{"embeddable":true,"href":"https:\/\/ledshoponline.be\/fr\/wp-json\/wp\/v2\/comments?post=72533"}],"version-history":[{"count":0,"href":"https:\/\/ledshoponline.be\/fr\/wp-json\/wp\/v2\/product\/72533\/revisions"}],"wp:featuredmedia":[{"embeddable":true,"href":"https:\/\/ledshoponline.be\/fr\/wp-json\/wp\/v2\/media\/72534"}],"wp:attachment":[{"href":"https:\/\/ledshoponline.be\/fr\/wp-json\/wp\/v2\/media?parent=72533"}],"wp:term":[{"taxonomy":"product_brand","embeddable":true,"href":"https:\/\/ledshoponline.be\/fr\/wp-json\/wp\/v2\/product_brand?post=72533"},{"taxonomy":"product_cat","embeddable":true,"href":"https:\/\/ledshoponline.be\/fr\/wp-json\/wp\/v2\/product_cat?post=72533"},{"taxonomy":"product_tag","embeddable":true,"href":"https:\/\/ledshoponline.be\/fr\/wp-json\/wp\/v2\/product_tag?post=72533"}],"curies":[{"name":"wp","href":"https:\/\/api.w.org\/{rel}","templated":true}]}}