{"id":71914,"date":"2019-01-10T18:13:50","date_gmt":"2019-01-10T18:13:50","guid":{"rendered":"https:\/\/hlncaxea.a2hosted.com\/?post_type=product&#038;p=71914"},"modified":"2025-03-09T19:43:10","modified_gmt":"2025-03-09T19:43:10","slug":"mr16-gu5-3-12v-led-spot-reflector-5w-3-pack","status":"publish","type":"product","link":"https:\/\/ledshoponline.be\/fr\/shop\/producten\/led-spots\/led-spot-gu5-3-mr16-12v\/mr16-gu5-3-12v-led-spot-reflector-5w-3-pack\/","title":{"rendered":"MR16, GU5.3 12v LED spot reflector 6W 3 pack"},"content":{"rendered":"","protected":false},"excerpt":{"rendered":"<p>Spot LED 12v ac\/dc avec culot MR16 - GU5.3. L'aspect est identique \u00e0 celui d'un halog\u00e8ne classique. Mais consomme \u00e0 peine 6W en remplacement de 40w-50W. Fonctionne avec tous les transformateurs. La lumi\u00e8re est agr\u00e9able et chaude.<br \/>\nMaintenant dans un paquet avantageux de 3.<\/p>","protected":false},"featured_media":71915,"comment_status":"closed","ping_status":"closed","template":"","meta":{"_seopress_robots_primary_cat":"","_seopress_titles_title":"","_seopress_titles_desc":"","_seopress_robots_index":""},"product_brand":[],"product_cat":[197,132,19],"product_tag":[351,198],"class_list":{"0":"post-71914","1":"product","2":"type-product","3":"status-publish","4":"has-post-thumbnail","6":"product_cat-led-spot-gu5-3-mr16-12v","7":"product_cat-led-spots","8":"product_cat-producten","9":"product_tag-mr16-led-spot","10":"product_tag-segula","12":"first","13":"instock","14":"sale","15":"taxable","16":"shipping-taxable","17":"purchasable","18":"product-type-simple"},"_links":{"self":[{"href":"https:\/\/ledshoponline.be\/fr\/wp-json\/wp\/v2\/product\/71914","targetHints":{"allow":["GET"]}}],"collection":[{"href":"https:\/\/ledshoponline.be\/fr\/wp-json\/wp\/v2\/product"}],"about":[{"href":"https:\/\/ledshoponline.be\/fr\/wp-json\/wp\/v2\/types\/product"}],"replies":[{"embeddable":true,"href":"https:\/\/ledshoponline.be\/fr\/wp-json\/wp\/v2\/comments?post=71914"}],"version-history":[{"count":0,"href":"https:\/\/ledshoponline.be\/fr\/wp-json\/wp\/v2\/product\/71914\/revisions"}],"wp:featuredmedia":[{"embeddable":true,"href":"https:\/\/ledshoponline.be\/fr\/wp-json\/wp\/v2\/media\/71915"}],"wp:attachment":[{"href":"https:\/\/ledshoponline.be\/fr\/wp-json\/wp\/v2\/media?parent=71914"}],"wp:term":[{"taxonomy":"product_brand","embeddable":true,"href":"https:\/\/ledshoponline.be\/fr\/wp-json\/wp\/v2\/product_brand?post=71914"},{"taxonomy":"product_cat","embeddable":true,"href":"https:\/\/ledshoponline.be\/fr\/wp-json\/wp\/v2\/product_cat?post=71914"},{"taxonomy":"product_tag","embeddable":true,"href":"https:\/\/ledshoponline.be\/fr\/wp-json\/wp\/v2\/product_tag?post=71914"}],"curies":[{"name":"wp","href":"https:\/\/api.w.org\/{rel}","templated":true}]}}