{"id":66742,"date":"2018-12-07T17:40:56","date_gmt":"2018-12-07T17:40:56","guid":{"rendered":"https:\/\/hlncaxea.a2hosted.com\/?post_type=product&#038;p=66742"},"modified":"2025-03-09T19:43:07","modified_gmt":"2025-03-09T19:43:07","slug":"module-anti-scintillement-pour-led-2","status":"publish","type":"product","link":"https:\/\/ledshoponline.be\/fr\/shop\/producten\/toebehoren\/anti-flikker-module-voor-led\/","title":{"rendered":"Module anti-scintillement pour LED"},"content":{"rendered":"<p>Le module LED anti-flicker est plac\u00e9 \u00e0 la sortie d'un interrupteur et en parall\u00e8le avec l'\u00e9clairage LED. Ce module \u00e9vite le scintillement caus\u00e9 par les interrupteurs, en particulier ceux qui ont une petite veilleuse. L'\u00e9clairage LED n'a pas besoin de beaucoup de courant pour fonctionner. En pla\u00e7ant ce module adaptateur LED en parall\u00e8le, vous pouvez \u00e9viter le scintillement lorsque la lumi\u00e8re est allum\u00e9e.<\/p>","protected":false},"excerpt":{"rendered":"<p>Votre ampoule LED continue de s'allumer alors que l'interrupteur est \u00e9teint ? Cet appareil s'attaque \u00e0 ce probl\u00e8me. Le clignotement d\u00fb aux fluctuations du r\u00e9seau \u00e9lectrique est \u00e9galement r\u00e9solu par cet appareil.<\/p>","protected":false},"featured_media":66743,"comment_status":"closed","ping_status":"closed","template":"","meta":{"_seopress_robots_primary_cat":"","_seopress_titles_title":"","_seopress_titles_desc":"","_seopress_robots_index":""},"product_brand":[],"product_cat":[19,42],"product_tag":[],"class_list":{"0":"post-66742","1":"product","2":"type-product","3":"status-publish","4":"has-post-thumbnail","6":"product_cat-producten","7":"product_cat-toebehoren","9":"first","10":"outofstock","11":"taxable","12":"shipping-taxable","13":"purchasable","14":"product-type-simple"},"_links":{"self":[{"href":"https:\/\/ledshoponline.be\/fr\/wp-json\/wp\/v2\/product\/66742","targetHints":{"allow":["GET"]}}],"collection":[{"href":"https:\/\/ledshoponline.be\/fr\/wp-json\/wp\/v2\/product"}],"about":[{"href":"https:\/\/ledshoponline.be\/fr\/wp-json\/wp\/v2\/types\/product"}],"replies":[{"embeddable":true,"href":"https:\/\/ledshoponline.be\/fr\/wp-json\/wp\/v2\/comments?post=66742"}],"version-history":[{"count":0,"href":"https:\/\/ledshoponline.be\/fr\/wp-json\/wp\/v2\/product\/66742\/revisions"}],"wp:featuredmedia":[{"embeddable":true,"href":"https:\/\/ledshoponline.be\/fr\/wp-json\/wp\/v2\/media\/66743"}],"wp:attachment":[{"href":"https:\/\/ledshoponline.be\/fr\/wp-json\/wp\/v2\/media?parent=66742"}],"wp:term":[{"taxonomy":"product_brand","embeddable":true,"href":"https:\/\/ledshoponline.be\/fr\/wp-json\/wp\/v2\/product_brand?post=66742"},{"taxonomy":"product_cat","embeddable":true,"href":"https:\/\/ledshoponline.be\/fr\/wp-json\/wp\/v2\/product_cat?post=66742"},{"taxonomy":"product_tag","embeddable":true,"href":"https:\/\/ledshoponline.be\/fr\/wp-json\/wp\/v2\/product_tag?post=66742"}],"curies":[{"name":"wp","href":"https:\/\/api.w.org\/{rel}","templated":true}]}}