{"id":664111,"date":"2026-01-10T14:40:13","date_gmt":"2026-01-10T14:40:13","guid":{"rendered":"https:\/\/ledshoponline.be\/?post_type=product&#038;p=664111"},"modified":"2026-01-10T14:47:38","modified_gmt":"2026-01-10T14:47:38","slug":"ledtube-mains-t5-55cm-7w-1000lm-3000k-830-warm-white-g5-230v","status":"publish","type":"product","link":"https:\/\/ledshoponline.be\/fr\/shop\/producten\/led-tl-buizen\/ledtube-mains-t5-55cm-7w-1000lm-3000k-830-warm-wit-g5-230v\/","title":{"rendered":"LEDtube Secteur T5 55cm - 7W - 1000lm - 3000K (830) Blanc Chaud - G5 - 230V"},"content":{"rendered":"<h2 data-start=\"819\" data-end=\"865\">Des \u00e9conomies intelligentes sans compromis sur la lumi\u00e8re<\/h2>\n<p data-start=\"866\" data-end=\"1103\">Ce Philips MASTER LEDtube Mains T5 est un remplacement fiable des tubes fluorescents T5 traditionnels. Vous r\u00e9duisez instantan\u00e9ment votre consommation d'\u00e9nergie tout en b\u00e9n\u00e9ficiant d'un \u00e9clairage puissant. Id\u00e9al si vos lampes restent allum\u00e9es pendant de longues p\u00e9riodes chaque jour.<\/p>\n<h2 data-start=\"1105\" data-end=\"1160\">Lumi\u00e8re blanche chaude (3000K) pour une apparence agr\u00e9able<\/h2>\n<p data-start=\"1161\" data-end=\"1400\">La couleur de la lumi\u00e8re 3000K (code couleur 830) donne une atmosph\u00e8re chaude et agr\u00e9able, tout en \u00e9tant suffisamment lumineuse pour travailler agr\u00e9ablement. Ce tube convient donc aussi bien aux zones fonctionnelles qu'aux endroits o\u00f9 l'on privil\u00e9gie le confort.<\/p>\n<h2 data-start=\"1402\" data-end=\"1438\">Note : Version \u201cMains\u201d (230V)<\/h2>\n<p data-start=\"1439\" data-end=\"1687\">Il s'agit d'un <strong data-start=\"1450\" data-end=\"1480\">Secteur LED T5<\/strong>. Cela signifie qu'il est destin\u00e9 \u00e0 des luminaires adapt\u00e9s \u00e0 une connexion directe \u00e0 230V (ou correctement convertis). V\u00e9rifiez toujours votre luminaire ou faites-le installer par un installateur.<\/p>\n<h2 data-start=\"1689\" data-end=\"1704\">Applications<\/h2>\n<ul data-start=\"1705\" data-end=\"1835\">\n<li data-start=\"1705\" data-end=\"1729\">\n<p data-start=\"1707\" data-end=\"1729\">Bureau et espace de travail<\/p>\n<\/li>\n<li data-start=\"1730\" data-end=\"1762\">\n<p data-start=\"1732\" data-end=\"1762\">Couloir, cage d'escalier et buanderie<\/p>\n<\/li>\n<li data-start=\"1763\" data-end=\"1794\">\n<p data-start=\"1765\" data-end=\"1794\">Garage, remise et atelier<\/p>\n<\/li>\n<li data-start=\"1795\" data-end=\"1835\">\n<p data-start=\"1797\" data-end=\"1835\">Stockage, entrep\u00f4t et zone technique<\/p>\n<\/li>\n<\/ul>\n<hr data-start=\"1837\" data-end=\"1840\" \/>\n<h1 data-start=\"1842\" data-end=\"1857\">Sp\u00e9cifications<\/h1>\n<div class=\"TyagGW_tableContainer\">\n<div class=\"group TyagGW_tableWrapper flex flex-col-reverse w-fit\" tabindex=\"-1\">\n<table class=\"w-fit min-w-(--thread-content-width)\" data-start=\"1859\" data-end=\"2339\">\n<thead data-start=\"1859\" data-end=\"1879\">\n<tr data-start=\"1859\" data-end=\"1879\">\n<th data-start=\"1859\" data-end=\"1869\" data-col-size=\"sm\">Fonctionnalit\u00e9<\/th>\n<th data-start=\"1869\" data-end=\"1879\" data-col-size=\"sm\">Valeur<\/th>\n<\/tr>\n<\/thead>\n<tbody data-start=\"1890\" data-end=\"2339\">\n<tr data-start=\"1890\" data-end=\"1908\">\n<td data-start=\"1890\" data-end=\"1897\" data-col-size=\"sm\">Marque<\/td>\n<td data-col-size=\"sm\" data-start=\"1897\" data-end=\"1908\">Philips<\/td>\n<\/tr>\n<tr data-start=\"1909\" data-end=\"1944\">\n<td data-start=\"1909\" data-end=\"1917\" data-col-size=\"sm\">S\u00e9rie<\/td>\n<td data-col-size=\"sm\" data-start=\"1917\" data-end=\"1944\">MASTER LEDtube Secteur T5<\/td>\n<\/tr>\n<tr data-start=\"1945\" data-end=\"1962\">\n<td data-start=\"1945\" data-end=\"1956\" data-col-size=\"sm\">Puissance<\/td>\n<td data-col-size=\"sm\" data-start=\"1956\" data-end=\"1962\">7W<\/td>\n<\/tr>\n<tr data-start=\"1963\" data-end=\"1984\">\n<td data-start=\"1963\" data-end=\"1974\" data-col-size=\"sm\">Remplace<\/td>\n<td data-col-size=\"sm\" data-start=\"1974\" data-end=\"1984\">14W T5<\/td>\n<\/tr>\n<tr data-start=\"1985\" data-end=\"2013\">\n<td data-start=\"1985\" data-end=\"2002\" data-col-size=\"sm\">Puissance lumineuse<\/td>\n<td data-col-size=\"sm\" data-start=\"2002\" data-end=\"2013\">1000 lm<\/td>\n<\/tr>\n<tr data-start=\"2014\" data-end=\"2047\">\n<td data-start=\"2014\" data-end=\"2027\" data-col-size=\"sm\">Couleur claire<\/td>\n<td data-col-size=\"sm\" data-start=\"2027\" data-end=\"2047\">3000K - blanc chaud<\/td>\n<\/tr>\n<tr data-start=\"2048\" data-end=\"2067\">\n<td data-start=\"2048\" data-end=\"2060\" data-col-size=\"sm\">Code couleur<\/td>\n<td data-col-size=\"sm\" data-start=\"2060\" data-end=\"2067\">830<\/td>\n<\/tr>\n<tr data-start=\"2068\" data-end=\"2084\">\n<td data-start=\"2068\" data-end=\"2078\" data-col-size=\"sm\">Adaptation<\/td>\n<td data-col-size=\"sm\" data-start=\"2078\" data-end=\"2084\">G5<\/td>\n<\/tr>\n<tr data-start=\"2085\" data-end=\"2117\">\n<td data-start=\"2085\" data-end=\"2094\" data-col-size=\"sm\">Longueur<\/td>\n<td data-col-size=\"sm\" data-start=\"2094\" data-end=\"2117\">Classe 55cm \/ 600mm<\/td>\n<\/tr>\n<tr data-start=\"2118\" data-end=\"2142\">\n<td data-start=\"2118\" data-end=\"2134\" data-col-size=\"sm\">Angle du faisceau<\/td>\n<td data-col-size=\"sm\" data-start=\"2134\" data-end=\"2142\">200\u00b0<\/td>\n<\/tr>\n<tr data-start=\"2143\" data-end=\"2171\">\n<td data-start=\"2143\" data-end=\"2165\" data-col-size=\"sm\">Rendu des couleurs (CRI)<\/td>\n<td data-col-size=\"sm\" data-start=\"2165\" data-end=\"2171\">80<\/td>\n<\/tr>\n<tr data-start=\"2172\" data-end=\"2195\">\n<td data-start=\"2172\" data-end=\"2183\" data-col-size=\"sm\">Tension<\/td>\n<td data-col-size=\"sm\" data-start=\"2183\" data-end=\"2195\">220-240V<\/td>\n<\/tr>\n<tr data-start=\"2196\" data-end=\"2218\">\n<td data-start=\"2196\" data-end=\"2211\" data-col-size=\"sm\">Facteur de puissance<\/td>\n<td data-col-size=\"sm\" data-start=\"2211\" data-end=\"2218\">0.9<\/td>\n<\/tr>\n<tr data-start=\"2219\" data-end=\"2236\">\n<td data-start=\"2219\" data-end=\"2229\" data-col-size=\"sm\">Dimmable<\/td>\n<td data-col-size=\"sm\" data-start=\"2229\" data-end=\"2236\">Non<\/td>\n<\/tr>\n<tr data-start=\"2237\" data-end=\"2264\">\n<td data-start=\"2237\" data-end=\"2250\" data-col-size=\"sm\">Dur\u00e9e de vie<\/td>\n<td data-col-size=\"sm\" data-start=\"2250\" data-end=\"2264\">50 000 heures<\/td>\n<\/tr>\n<tr data-start=\"2265\" data-end=\"2286\">\n<td data-start=\"2265\" data-end=\"2276\" data-col-size=\"sm\">Garantie<\/td>\n<td data-col-size=\"sm\" data-start=\"2276\" data-end=\"2286\">5 ans<\/td>\n<\/tr>\n<tr data-start=\"2287\" data-end=\"2315\">\n<td data-start=\"2287\" data-end=\"2303\" data-col-size=\"sm\">Num\u00e9ro d'article<\/td>\n<td data-col-size=\"sm\" data-start=\"2303\" data-end=\"2315\">PH311695<\/td>\n<\/tr>\n<tr data-start=\"2316\" data-end=\"2339\">\n<td data-start=\"2316\" data-end=\"2322\" data-col-size=\"sm\">EAN<\/td>\n<td data-col-size=\"sm\" data-start=\"2322\" data-end=\"2339\">8720169311695<\/td>\n<\/tr>\n<\/tbody>\n<\/table>\n<\/div>\n<\/div>\n<hr data-start=\"2341\" data-end=\"2344\" \/>\n<h1 data-start=\"2346\" data-end=\"2367\">Questions fr\u00e9quemment pos\u00e9es<\/h1>\n<p data-start=\"2369\" data-end=\"2560\"><strong data-start=\"2369\" data-end=\"2402\">Est-ce que cela conviendra \u00e0 mon luminaire T5 ?<\/strong><br data-start=\"2402\" data-end=\"2405\" \/>Ce tube est dot\u00e9 d'un <strong data-start=\"2425\" data-end=\"2439\">Raccord G5<\/strong> et est destin\u00e9 \u00e0 la <strong data-start=\"2454\" data-end=\"2475\">Classe 55cm\/600mm<\/strong>. V\u00e9rifiez la longueur et l'ad\u00e9quation de l'appareil avec les besoins de l'utilisateur. <strong data-start=\"2533\" data-end=\"2549\">R\u00e9seau (230V)<\/strong> ou la conversion.<\/p>\n<p data-start=\"2562\" data-end=\"2623\"><strong data-start=\"2562\" data-end=\"2589\">Cette LED T5 est-elle dimmable ?<\/strong><br data-start=\"2589\" data-end=\"2592\" \/>Non, ce mod\u00e8le n'est pas dimmable.<\/p>\n<p data-start=\"2625\" data-end=\"2776\"><strong data-start=\"2625\" data-end=\"2671\">Quelle est la diff\u00e9rence entre 3000K et 4000K ?<\/strong><br data-start=\"2671\" data-end=\"2674\" \/>3000K est plus chaud et plus agr\u00e9able, 4000K est plus neutre\/refroidissant et est plus souvent choisi comme v\u00e9ritable \u201clumi\u00e8re de travail\u201d.<\/p>","protected":false},"excerpt":{"rendered":"<p><span style=\"font-size: 10pt;\">Remplacez votre tube fluorescent T5 par un tube LED T5 Philips \u00e9conome en \u00e9nergie, dot\u00e9 d'une lumi\u00e8re blanc chaud (3000K) et d'un puissant rendement lumineux de 1000 lumens. Parfait pour les espaces de travail, les couloirs, les entrep\u00f4ts et l'\u00e9clairage g\u00e9n\u00e9ral.<\/span><\/p>\n<ul>\n<li data-start=\"556\" data-end=\"605\">\n<p data-start=\"558\" data-end=\"605\"><strong data-start=\"558\" data-end=\"577\">Remplace le T5 14W<\/strong> avec seulement <strong data-start=\"590\" data-end=\"605\">Consommation de 7W<\/strong><\/p>\n<\/li>\n<li data-start=\"606\" data-end=\"648\">\n<p data-start=\"608\" data-end=\"648\"><strong data-start=\"608\" data-end=\"622\">1000 lumens<\/strong> lumi\u00e8re claire et uniforme<\/p>\n<\/li>\n<li data-start=\"649\" data-end=\"700\">\n<p data-start=\"651\" data-end=\"700\"><strong data-start=\"651\" data-end=\"675\">3000K blanc chaud (830)<\/strong>Confortable et pas frileux<\/p>\n<\/li>\n<li data-start=\"701\" data-end=\"743\">\n<p data-start=\"703\" data-end=\"743\"><strong data-start=\"703\" data-end=\"721\">Tr\u00e8s efficace<\/strong> (beaucoup de lumi\u00e8re par watt)<\/p>\n<\/li>\n<li data-start=\"744\" data-end=\"789\">\n<p data-start=\"746\" data-end=\"789\"><strong data-start=\"746\" data-end=\"766\">Longue dur\u00e9e de vie<\/strong>: remplac\u00e9s moins souvent<\/p>\n<\/li>\n<\/ul>","protected":false},"featured_media":664113,"comment_status":"closed","ping_status":"closed","template":"","meta":{"_seopress_robots_primary_cat":"49","_seopress_titles_title":"","_seopress_titles_desc":"","_seopress_robots_index":""},"product_brand":[],"product_cat":[50,854,49],"product_tag":[408,409,218],"class_list":{"0":"post-664111","1":"product","2":"type-product","3":"status-publish","4":"has-post-thumbnail","6":"product_cat-60cm-led-tl","7":"product_cat-led-t5-tubes-armaturen","8":"product_cat-led-tl-buizen","9":"product_tag-60cm-led-tl","10":"product_tag-led-buis","11":"product_tag-led-tl","13":"first","14":"instock","15":"taxable","16":"shipping-taxable","17":"purchasable","18":"product-type-simple"},"_links":{"self":[{"href":"https:\/\/ledshoponline.be\/fr\/wp-json\/wp\/v2\/product\/664111","targetHints":{"allow":["GET"]}}],"collection":[{"href":"https:\/\/ledshoponline.be\/fr\/wp-json\/wp\/v2\/product"}],"about":[{"href":"https:\/\/ledshoponline.be\/fr\/wp-json\/wp\/v2\/types\/product"}],"replies":[{"embeddable":true,"href":"https:\/\/ledshoponline.be\/fr\/wp-json\/wp\/v2\/comments?post=664111"}],"version-history":[{"count":1,"href":"https:\/\/ledshoponline.be\/fr\/wp-json\/wp\/v2\/product\/664111\/revisions"}],"predecessor-version":[{"id":664116,"href":"https:\/\/ledshoponline.be\/fr\/wp-json\/wp\/v2\/product\/664111\/revisions\/664116"}],"wp:featuredmedia":[{"embeddable":true,"href":"https:\/\/ledshoponline.be\/fr\/wp-json\/wp\/v2\/media\/664113"}],"wp:attachment":[{"href":"https:\/\/ledshoponline.be\/fr\/wp-json\/wp\/v2\/media?parent=664111"}],"wp:term":[{"taxonomy":"product_brand","embeddable":true,"href":"https:\/\/ledshoponline.be\/fr\/wp-json\/wp\/v2\/product_brand?post=664111"},{"taxonomy":"product_cat","embeddable":true,"href":"https:\/\/ledshoponline.be\/fr\/wp-json\/wp\/v2\/product_cat?post=664111"},{"taxonomy":"product_tag","embeddable":true,"href":"https:\/\/ledshoponline.be\/fr\/wp-json\/wp\/v2\/product_tag?post=664111"}],"curies":[{"name":"wp","href":"https:\/\/api.w.org\/{rel}","templated":true}]}}