{"id":65527,"date":"2025-01-01T19:07:00","date_gmt":"2025-01-01T19:07:00","guid":{"rendered":"https:\/\/hlncaxea.a2hosted.com\/?post_type=product&#038;p=65527"},"modified":"2025-03-25T18:39:07","modified_gmt":"2025-03-25T18:39:07","slug":"ampoule-led-e27-125mm-2300k-6w-filament-dimmable-g125","status":"publish","type":"product","link":"https:\/\/ledshoponline.be\/fr\/shop\/producten\/led-lampen\/led-filament-lampen\/e27-led-bol-125mm-2300k-6w-filament-dimbaar-g125\/","title":{"rendered":"Ampoule LED E27 125mm 2300k 4.5W filament dimmable G125"},"content":{"rendered":"<blockquote><p>Une ampoule LED attrayante qui diffuse une belle lumi\u00e8re chaude \u00e0 360\u00b0.<br \/>\nId\u00e9al pour la restauration et l'usage domestique.<\/p><\/blockquote>","protected":false},"excerpt":{"rendered":"<p>Lampe globe E27 led G125 qui ressemble \u00e0 l'ampoule globe d'origine. Lumi\u00e8re chaude 2300k.<br \/>\nEnti\u00e8rement en verre et \u00e0 intensit\u00e9 variable. Avec la derni\u00e8re technologie de filament.<\/p>\n<p><strong>Fiche produit<\/strong><br \/>\n<strong><a href=\"https:\/\/eprel.ec.europa.eu\/fiches\/lightsources\/Fiche_625902_NL.pdf\">FR<\/a>\u00a0|\u00a0<a href=\"https:\/\/eprel.ec.europa.eu\/fiches\/lightsources\/Fiche_625902_FR.pdf\">FR\u00a0<\/a>|\u00a0<a href=\"https:\/\/eprel.ec.europa.eu\/fiches\/lightsources\/Fiche_625902_EN.pdf\">ET\u00a0<\/a>|\u00a0<a href=\"https:\/\/eprel.ec.europa.eu\/fiches\/lightsources\/Fiche_625902_DE.pdf\">LE<\/a><\/strong><\/p>","protected":false},"featured_media":65528,"comment_status":"closed","ping_status":"closed","template":"","meta":{"_seopress_robots_primary_cat":"none","_seopress_titles_title":"","_seopress_titles_desc":"","_seopress_robots_index":""},"product_brand":[],"product_cat":[530,268,111,20,19,112],"product_tag":[719],"class_list":{"0":"post-65527","1":"product","2":"type-product","3":"status-publish","4":"has-post-thumbnail","6":"product_cat-deals","7":"product_cat-led-filament-lampen","8":"product_cat-led-lamp-e27","9":"product_cat-led-lampen","10":"product_cat-producten","11":"product_cat-stock-opruiming","12":"product_tag-g125-led","14":"first","15":"instock","16":"sale","17":"taxable","18":"shipping-taxable","19":"purchasable","20":"product-type-simple"},"_links":{"self":[{"href":"https:\/\/ledshoponline.be\/fr\/wp-json\/wp\/v2\/product\/65527","targetHints":{"allow":["GET"]}}],"collection":[{"href":"https:\/\/ledshoponline.be\/fr\/wp-json\/wp\/v2\/product"}],"about":[{"href":"https:\/\/ledshoponline.be\/fr\/wp-json\/wp\/v2\/types\/product"}],"replies":[{"embeddable":true,"href":"https:\/\/ledshoponline.be\/fr\/wp-json\/wp\/v2\/comments?post=65527"}],"version-history":[{"count":0,"href":"https:\/\/ledshoponline.be\/fr\/wp-json\/wp\/v2\/product\/65527\/revisions"}],"wp:featuredmedia":[{"embeddable":true,"href":"https:\/\/ledshoponline.be\/fr\/wp-json\/wp\/v2\/media\/65528"}],"wp:attachment":[{"href":"https:\/\/ledshoponline.be\/fr\/wp-json\/wp\/v2\/media?parent=65527"}],"wp:term":[{"taxonomy":"product_brand","embeddable":true,"href":"https:\/\/ledshoponline.be\/fr\/wp-json\/wp\/v2\/product_brand?post=65527"},{"taxonomy":"product_cat","embeddable":true,"href":"https:\/\/ledshoponline.be\/fr\/wp-json\/wp\/v2\/product_cat?post=65527"},{"taxonomy":"product_tag","embeddable":true,"href":"https:\/\/ledshoponline.be\/fr\/wp-json\/wp\/v2\/product_tag?post=65527"}],"curies":[{"name":"wp","href":"https:\/\/api.w.org\/{rel}","templated":true}]}}