{"id":641273,"date":"2025-12-17T16:54:13","date_gmt":"2025-12-17T16:54:13","guid":{"rendered":"https:\/\/ledshoponline.be\/?post_type=product&#038;p=641273"},"modified":"2025-12-17T16:56:08","modified_gmt":"2025-12-17T16:56:08","slug":"bande-de-led-rgb-24v-300-smd-5050-leds-ip44-5m","status":"publish","type":"product","link":"https:\/\/ledshoponline.be\/fr\/shop\/producten\/led-strips\/led-strips-24v\/rgb-led-strip-24v-300-smd-5050-leds-ip44-5m\/","title":{"rendered":"Bande LED RVB 24V, 300 SMD 5050 LEDs IP44 5m"},"content":{"rendered":"<p><span style=\"font-family: verdana, geneva;\">Nous avons mis au point un rev\u00eatement sp\u00e9cial qui r\u00e9siste aux rayons UV et aux temp\u00e9ratures tr\u00e8s froides (antigel) et qui pr\u00e9vient \u00e9galement le vieillissement du silicone (anti-\u00e2ge). <\/span><br \/><span style=\"font-family: verdana, geneva;\">Les bandes sont r\u00e9sistantes aux \u00e9claboussures et \u00e0 la poussi\u00e8re selon la norme IP44.<\/span><\/p>\r\n\r\n\r\n\r\n<p><span style=\"font-family: verdana, geneva;\">Vous pouvez couper les bandes de 5 cm !<\/span><\/p>\r\n\r\n\r\n\r\n<p><strong>Pour faire fonctionner les bandes LED RVB, vous aurez besoin d'un transformateur\/alimentation 12v et d'un contr\u00f4leur RVB. Voir les accessoires<\/strong><\/p>\r\n\r\n\r\n\r\n<p>&nbsp;<\/p>","protected":false},"excerpt":{"rendered":"<p>Bande LED RVB 24V, 300 SMD 5050 LEDs r\u00e9sistantes aux \u00e9claboussures.<\/p>","protected":false},"featured_media":16897,"comment_status":"closed","ping_status":"closed","template":"","meta":{"_seopress_robots_primary_cat":"none","_seopress_titles_title":"","_seopress_titles_desc":"","_seopress_robots_index":""},"product_brand":[],"product_cat":[422,19],"product_tag":[92],"class_list":{"0":"post-641273","1":"product","2":"type-product","3":"status-publish","4":"has-post-thumbnail","6":"product_cat-led-strips-24v","7":"product_cat-producten","8":"product_tag-rgb-led-strip","10":"first","11":"instock","12":"sale","13":"taxable","14":"shipping-taxable","15":"purchasable","16":"product-type-simple"},"_links":{"self":[{"href":"https:\/\/ledshoponline.be\/fr\/wp-json\/wp\/v2\/product\/641273","targetHints":{"allow":["GET"]}}],"collection":[{"href":"https:\/\/ledshoponline.be\/fr\/wp-json\/wp\/v2\/product"}],"about":[{"href":"https:\/\/ledshoponline.be\/fr\/wp-json\/wp\/v2\/types\/product"}],"replies":[{"embeddable":true,"href":"https:\/\/ledshoponline.be\/fr\/wp-json\/wp\/v2\/comments?post=641273"}],"version-history":[{"count":1,"href":"https:\/\/ledshoponline.be\/fr\/wp-json\/wp\/v2\/product\/641273\/revisions"}],"predecessor-version":[{"id":641274,"href":"https:\/\/ledshoponline.be\/fr\/wp-json\/wp\/v2\/product\/641273\/revisions\/641274"}],"wp:featuredmedia":[{"embeddable":true,"href":"https:\/\/ledshoponline.be\/fr\/wp-json\/wp\/v2\/media\/16897"}],"wp:attachment":[{"href":"https:\/\/ledshoponline.be\/fr\/wp-json\/wp\/v2\/media?parent=641273"}],"wp:term":[{"taxonomy":"product_brand","embeddable":true,"href":"https:\/\/ledshoponline.be\/fr\/wp-json\/wp\/v2\/product_brand?post=641273"},{"taxonomy":"product_cat","embeddable":true,"href":"https:\/\/ledshoponline.be\/fr\/wp-json\/wp\/v2\/product_cat?post=641273"},{"taxonomy":"product_tag","embeddable":true,"href":"https:\/\/ledshoponline.be\/fr\/wp-json\/wp\/v2\/product_tag?post=641273"}],"curies":[{"name":"wp","href":"https:\/\/api.w.org\/{rel}","templated":true}]}}