{"id":633346,"date":"2025-11-12T21:16:59","date_gmt":"2025-11-12T21:16:59","guid":{"rendered":"https:\/\/ledshoponline.be\/?post_type=product&#038;p=633346"},"modified":"2026-02-05T17:18:26","modified_gmt":"2026-02-05T17:18:26","slug":"panneau-chauffant-infrarouge-intelligent-avec-controle-par-application-500w","status":"publish","type":"product","link":"https:\/\/ledshoponline.be\/fr\/shop\/huis-keuken\/bureau\/slimme-infrarood-paneelverwarming-met-app-bediening-500w\/","title":{"rendered":"Panneau chauffant infrarouge intelligent - avec App Control - 500W - adapt\u00e9 \u00e0 la salle de bain"},"content":{"rendered":"<div class=\"relative my-1 min-h-6\">\n<div class=\"origin-top-start relative flex flex-col gap-2 overflow-x-clip\">\n<div class=\"relative w-full text-start\">\n<div class=\"flex w-full flex-col items-start justify-between text-start flex-row\">\n<h2 data-start=\"834\" data-end=\"889\">Un chauffage intelligent, silencieux et \u00e9l\u00e9gant pour toutes les pi\u00e8ces<\/h2>\n<p data-start=\"891\" data-end=\"1117\">Vous ne voulez plus allumer tout votre syst\u00e8me de chauffage pour une seule pi\u00e8ce ? Avec le <strong data-start=\"973\" data-end=\"1020\">Calex Smart Panneau chauffant infrarouge 500W<\/strong> Chauffe votre foyer exactement l\u00e0 o\u00f9 vous vous trouvez : salle de bains, bureau \u00e0 domicile, chambre \u00e0 coucher ou salle de loisirs.<\/p>\n<p data-start=\"1119\" data-end=\"1438\">La chaleur infrarouge chauffe principalement <strong data-start=\"1164\" data-end=\"1186\">personnes et objets<\/strong> au lieu de l'air. Cela rend rapidement la pi\u00e8ce confortable, m\u00eame avec un r\u00e9glage de thermostat plus bas. Combin\u00e9 aux commandes de l'application intelligente, vous obtenez un syst\u00e8me de chauffage et de ventilation \u00e0 la fois simple et efficace. <strong data-start=\"1358\" data-end=\"1407\">un mode de chauffage moderne et respectueux de l'\u00e9nergie<\/strong> - sans bruit, sans agitation.<\/p>\n<hr data-start=\"1440\" data-end=\"1443\" \/>\n<h2 data-start=\"1445\" data-end=\"1482\">Les principaux avantages en un coup d'\u0153il<\/h2>\n<h3 data-start=\"1484\" data-end=\"1527\">Chaleur infrarouge directement perceptible<\/h3>\n<ul data-start=\"1528\" data-end=\"1690\">\n<li data-start=\"1528\" data-end=\"1561\">\n<p data-start=\"1530\" data-end=\"1561\">Chaleur agr\u00e9able et naturelle<\/p>\n<\/li>\n<li data-start=\"1562\" data-end=\"1618\">\n<p data-start=\"1564\" data-end=\"1618\">Moins d'air sec que dans de nombreux po\u00eales traditionnels<\/p>\n<\/li>\n<li data-start=\"1619\" data-end=\"1690\">\n<p data-start=\"1621\" data-end=\"1690\">Id\u00e9al en tant que <strong data-start=\"1632\" data-end=\"1649\">chauffage suppl\u00e9mentaire<\/strong> ou pour des pi\u00e8ces de petite ou moyenne taille<\/p>\n<\/li>\n<\/ul>\n<h3 data-start=\"1692\" data-end=\"1743\">\ud83d\udcf1 2. Smart \u00e0 contr\u00f4ler via l'appli Calex Smart<\/h3>\n<p data-start=\"1744\" data-end=\"1807\">Associez le panneau \u00e0 l'application et r\u00e9glez tout comme vous le souhaitez :<\/p>\n<ul data-start=\"1809\" data-end=\"2073\">\n<li data-start=\"1809\" data-end=\"1875\">\n<p data-start=\"1811\" data-end=\"1875\">Horaires quotidiens et hebdomadaires (par exemple, r\u00e9chauffer la salle de bains tous les matins)<\/p>\n<\/li>\n<li data-start=\"1876\" data-end=\"1939\">\n<p data-start=\"1878\" data-end=\"1939\">Comptes \u00e0 rebours (arr\u00eat automatique apr\u00e8s un certain temps)<\/p>\n<\/li>\n<li data-start=\"1940\" data-end=\"2004\">\n<p data-start=\"1942\" data-end=\"2004\">Regroupement avec d'autres appareils Calex dans des \u201cpi\u00e8ces\u201d et des \u201csc\u00e8nes\u201d<\/p>\n<\/li>\n<li data-start=\"2005\" data-end=\"2073\">\n<p data-start=\"2007\" data-end=\"2073\">T\u00e9l\u00e9commande : allumez le chauffage avant d'arriver \u00e0 la maison<\/p>\n<\/li>\n<\/ul>\n<h3 data-start=\"2075\" data-end=\"2135\">\ud83d\udca7 3. R\u00e9sistant aux \u00e9claboussures (IPX4) - parfait pour la salle de bains<\/h3>\n<p data-start=\"2136\" data-end=\"2336\">Gr\u00e2ce \u00e0 la <strong data-start=\"2147\" data-end=\"2167\">Protection IPX4<\/strong> le panneau peut \u00eatre utilis\u00e9 dans des pi\u00e8ces humides telles que la salle de bain, la buanderie ou la cuisine (sous r\u00e9serve des zones d'installation et des r\u00e8gles de s\u00e9curit\u00e9 applicables).<\/p>\n<h3 data-start=\"2338\" data-end=\"2375\">\ud83d\udd07 4. Compl\u00e8tement silencieux et inodore<\/h3>\n<ul data-start=\"2376\" data-end=\"2524\">\n<li data-start=\"2376\" data-end=\"2408\">\n<p data-start=\"2378\" data-end=\"2408\">Pas de ventilateur, pas de bourdonnement<\/p>\n<\/li>\n<li data-start=\"2409\" data-end=\"2450\">\n<p data-start=\"2411\" data-end=\"2450\">Pas de mouvement d'air ou de courant d'air<\/p>\n<\/li>\n<li data-start=\"2451\" data-end=\"2524\">\n<p data-start=\"2453\" data-end=\"2524\">Id\u00e9al pour <strong data-start=\"2465\" data-end=\"2479\">chambre \u00e0 coucher<\/strong>, <strong data-start=\"2481\" data-end=\"2502\">chambre b\u00e9b\u00e9\/enfant<\/strong> et <strong data-start=\"2506\" data-end=\"2522\">bureau \u00e0 domicile<\/strong><\/p>\n<\/li>\n<\/ul>\n<h3 data-start=\"2526\" data-end=\"2567\">\ud83e\uddf1 5. Design \u00e9l\u00e9gant et peu encombrant<\/h3>\n<ul data-start=\"2568\" data-end=\"2715\">\n<li data-start=\"2568\" data-end=\"2610\">\n<p data-start=\"2570\" data-end=\"2610\">Panneau mince de <strong data-start=\"2587\" data-end=\"2608\">530 x 825 x 40 mm<\/strong><\/p>\n<\/li>\n<li data-start=\"2611\" data-end=\"2666\">\n<p data-start=\"2613\" data-end=\"2666\">Design neutre s'adaptant \u00e0 presque tous les int\u00e9rieurs<\/p>\n<\/li>\n<li data-start=\"2667\" data-end=\"2715\">\n<p data-start=\"2669\" data-end=\"2715\">Y compris <strong data-start=\"2679\" data-end=\"2689\">pieds<\/strong> pour un positionnement stable<\/p>\n<\/li>\n<\/ul>\n<hr data-start=\"2717\" data-end=\"2720\" \/>\n<h2 data-start=\"2722\" data-end=\"2772\">O\u00f9 pouvez-vous utiliser ce panneau infrarouge de 500 W ?<\/h2>\n<p data-start=\"2774\" data-end=\"2881\">Ce panneau chauffant est id\u00e9al si <strong data-start=\"2810\" data-end=\"2836\">chauffage d'appoint cibl\u00e9<\/strong> ou pour des espaces plus petits (bien isol\u00e9s) :<\/p>\n<ul data-start=\"2883\" data-end=\"3220\">\n<li data-start=\"2883\" data-end=\"2965\">\n<p data-start=\"2885\" data-end=\"2965\">\ud83d\udec1 <strong data-start=\"2888\" data-end=\"2900\">Salle de bains<\/strong> - atteint rapidement une temp\u00e9rature agr\u00e9able pendant la douche ou la pr\u00e9paration<\/p>\n<\/li>\n<li data-start=\"2966\" data-end=\"3045\">\n<p data-start=\"2968\" data-end=\"3045\">\ud83e\uddd1\u200d\ud83d\udcbb <strong data-start=\"2974\" data-end=\"2990\">Bureau \u00e0 domicile<\/strong> - r\u00e9chauffer le lieu de travail sans chauffer l'ensemble du sol<\/p>\n<\/li>\n<li data-start=\"3046\" data-end=\"3108\">\n<p data-start=\"3048\" data-end=\"3108\">\ud83d\udecf\ufe0f <strong data-start=\"3052\" data-end=\"3066\">Chambre \u00e0 coucher<\/strong> - r\u00e9chauffer bri\u00e8vement au coucher<\/p>\n<\/li>\n<li data-start=\"3109\" data-end=\"3168\">\n<p data-start=\"3111\" data-end=\"3168\">\ud83e\uddfa <strong data-start=\"3114\" data-end=\"3135\">Buanderie\/local de rangement<\/strong> - un peu plus de confort<\/p>\n<\/li>\n<li data-start=\"3169\" data-end=\"3220\">\n<p data-start=\"3171\" data-end=\"3220\">\ud83c\udfe1 <strong data-start=\"3174\" data-end=\"3218\">Chalet, tiny house, studio ou hobby room<\/strong><\/p>\n<\/li>\n<\/ul>\n<hr data-start=\"3222\" data-end=\"3225\" \/>\n<h2 data-start=\"3227\" data-end=\"3260\">Comment fonctionne le chauffage infrarouge ?<\/h2>\n<p data-start=\"3262\" data-end=\"3329\">Le chauffage infrarouge fonctionne diff\u00e9remment du chauffage par convection classique :<\/p>\n<ul data-start=\"3331\" data-end=\"3566\">\n<li data-start=\"3331\" data-end=\"3392\">\n<p data-start=\"3333\" data-end=\"3392\">\u00c9preuves \u00e9liminatoires <strong data-start=\"3342\" data-end=\"3377\">les surfaces, les meubles et les personnes<\/strong> directement<\/p>\n<\/li>\n<li data-start=\"3393\" data-end=\"3444\">\n<p data-start=\"3395\" data-end=\"3444\">La pi\u00e8ce est chaude et confortable, plus rapide<\/p>\n<\/li>\n<li data-start=\"3445\" data-end=\"3500\">\n<p data-start=\"3447\" data-end=\"3500\">Moins de circulation d'air \u2192 moins de poussi\u00e8re tourbillonnante<\/p>\n<\/li>\n<li data-start=\"3501\" data-end=\"3566\">\n<p data-start=\"3503\" data-end=\"3566\">Id\u00e9al en tant que <strong data-start=\"3514\" data-end=\"3532\">chauffage par zone<\/strong>: ne chauffer que l\u00e0 o\u00f9 l'on se trouve<\/p>\n<\/li>\n<\/ul>\n<p data-start=\"3568\" data-end=\"3701\">R\u00e9sultat : un <strong data-start=\"3583\" data-end=\"3610\">sensation de chaleur confortable<\/strong> sans devoir n\u00e9cessairement chauffer toute la pi\u00e8ce \u00e0 une temp\u00e9rature \u00e9lev\u00e9e.<\/p>\n<hr data-start=\"3703\" data-end=\"3706\" \/>\n<h2 data-start=\"3708\" data-end=\"3732\">Installation et utilisation<\/h2>\n<blockquote data-start=\"3734\" data-end=\"3854\">\n<p data-start=\"3736\" data-end=\"3854\">En cas de doute, faites toujours r\u00e9aliser ou v\u00e9rifier l'installation \u00e9lectrique par un professionnel, en particulier dans la salle de bains.<\/p>\n<\/blockquote>\n<ul data-start=\"3856\" data-end=\"4336\">\n<li data-start=\"3856\" data-end=\"3996\">\n<p data-start=\"3858\" data-end=\"3873\"><strong data-start=\"3858\" data-end=\"3871\">Placement<\/strong><\/p>\n<ul data-start=\"3876\" data-end=\"3996\">\n<li data-start=\"3876\" data-end=\"3938\">\n<p data-start=\"3878\" data-end=\"3938\">Utilisation autonome gr\u00e2ce \u00e0 l'adaptateur inclus dans l'emballage. <strong data-start=\"3926\" data-end=\"3936\">pieds<\/strong><\/p>\n<\/li>\n<li data-start=\"3941\" data-end=\"3996\">\n<p data-start=\"3943\" data-end=\"3996\">Peut \u00eatre plac\u00e9 \u00e0 un endroit fixe dans la pi\u00e8ce<\/p>\n<\/li>\n<\/ul>\n<\/li>\n<li data-start=\"3998\" data-end=\"4123\">\n<p data-start=\"4000\" data-end=\"4017\"><strong data-start=\"4000\" data-end=\"4015\">Connexion<\/strong><\/p>\n<ul data-start=\"4020\" data-end=\"4123\">\n<li data-start=\"4020\" data-end=\"4067\">\n<p data-start=\"4022\" data-end=\"4067\">Fonctionne sur la base d'une norme <strong data-start=\"4041\" data-end=\"4065\">Tension d'alimentation 220-240V<\/strong><\/p>\n<\/li>\n<li data-start=\"4070\" data-end=\"4123\">\n<p data-start=\"4072\" data-end=\"4123\">Se brancher et s'appairer avec l'application<\/p>\n<\/li>\n<\/ul>\n<\/li>\n<li data-start=\"4125\" data-end=\"4336\">\n<p data-start=\"4127\" data-end=\"4152\"><strong data-start=\"4127\" data-end=\"4150\">Appairage avec l'application<\/strong><\/p>\n<ol data-start=\"4155\" data-end=\"4336\">\n<li data-start=\"4155\" data-end=\"4222\">\n<p data-start=\"4158\" data-end=\"4222\">T\u00e9l\u00e9charger le <strong data-start=\"4170\" data-end=\"4189\">Application Calex Smart<\/strong> sur l'App Store ou Google Play<\/p>\n<\/li>\n<li data-start=\"4225\" data-end=\"4265\">\n<p data-start=\"4228\" data-end=\"4265\">Connectez-vous \u00e0 votre r\u00e9seau Wi-Fi<\/p>\n<\/li>\n<li data-start=\"4268\" data-end=\"4336\">\n<p data-start=\"4271\" data-end=\"4336\">Donner un nom logique au panneau (par exemple, \u201cChauffage de la salle de bains\u201d).<\/p>\n<\/li>\n<\/ol>\n<\/li>\n<\/ul>\n<hr data-start=\"4338\" data-end=\"4341\" \/>\n<h2 data-start=\"4343\" data-end=\"4370\">Sp\u00e9cifications techniques<\/h2>\n<ul data-start=\"4372\" data-end=\"4785\">\n<li data-start=\"4372\" data-end=\"4391\">\n<p data-start=\"4374\" data-end=\"4391\"><strong data-start=\"4374\" data-end=\"4383\">Marque :<\/strong> Calex<\/p>\n<\/li>\n<li data-start=\"4392\" data-end=\"4440\">\n<p data-start=\"4394\" data-end=\"4440\"><strong data-start=\"4394\" data-end=\"4410\">Type de produit :<\/strong> Panneau chauffant infrarouge intelligent<\/p>\n<\/li>\n<li data-start=\"4441\" data-end=\"4463\">\n<p data-start=\"4443\" data-end=\"4463\"><strong data-start=\"4443\" data-end=\"4456\">Puissance :<\/strong> 500W<\/p>\n<\/li>\n<li data-start=\"4464\" data-end=\"4508\">\n<p data-start=\"4466\" data-end=\"4508\"><strong data-start=\"4466\" data-end=\"4488\">Dimensions du panneau :<\/strong> 530 \u00d7 825 \u00d7 40 mm<\/p>\n<\/li>\n<li data-start=\"4509\" data-end=\"4558\">\n<p data-start=\"4511\" data-end=\"4558\"><strong data-start=\"4511\" data-end=\"4534\">Classe de protection :<\/strong> IPX4 (r\u00e9sistant aux \u00e9claboussures)<\/p>\n<\/li>\n<li data-start=\"4559\" data-end=\"4594\">\n<p data-start=\"4561\" data-end=\"4594\"><strong data-start=\"4561\" data-end=\"4573\">La nutrition :<\/strong> 220-240V ~ 50\/60Hz<\/p>\n<\/li>\n<li data-start=\"4595\" data-end=\"4645\">\n<p data-start=\"4597\" data-end=\"4645\"><strong data-start=\"4597\" data-end=\"4611\">Fonctionnement :<\/strong> Application Calex Smart (iOS &amp; Android)<\/p>\n<\/li>\n<li data-start=\"4646\" data-end=\"4701\">\n<p data-start=\"4648\" data-end=\"4701\"><strong data-start=\"4648\" data-end=\"4660\">Utilisation :<\/strong> Chauffage int\u00e9rieur, auxiliaire \/ de zone<\/p>\n<\/li>\n<li data-start=\"4702\" data-end=\"4734\">\n<p data-start=\"4704\" data-end=\"4734\"><strong data-start=\"4704\" data-end=\"4714\">Couleur :<\/strong> neutre\/moderne<\/p>\n<\/li>\n<li data-start=\"4735\" data-end=\"4758\">\n<p data-start=\"4737\" data-end=\"4758\"><strong data-start=\"4737\" data-end=\"4745\">SKU :<\/strong> 5702000300<\/p>\n<\/li>\n<li data-start=\"4759\" data-end=\"4785\">\n<p data-start=\"4761\" data-end=\"4785\"><strong data-start=\"4761\" data-end=\"4769\">EAN :<\/strong> 8712879159070<\/p>\n<\/li>\n<\/ul>\n<p data-start=\"4787\" data-end=\"4882\">Vous pouvez tabuler ce bloc dans votre magasin en tant que \u201cSp\u00e9cifications\u201d pour une meilleure lisibilit\u00e9.<\/p>\n<hr data-start=\"4884\" data-end=\"4887\" \/>\n<h2 data-start=\"4889\" data-end=\"4917\">Foire aux questions (FAQ)<\/h2>\n<p data-start=\"4919\" data-end=\"5187\"><strong data-start=\"4919\" data-end=\"4958\">1. La puissance de 500 W est-elle suffisante pour mon espace ?<\/strong><br data-start=\"4958\" data-end=\"4961\" \/>500W est id\u00e9al si <strong data-start=\"4980\" data-end=\"4997\">chauffage suppl\u00e9mentaire<\/strong> ou pour les petites pi\u00e8ces bien isol\u00e9es. Pour les pi\u00e8ces plus grandes, utilisez ce panneau comme chauffage de zone cibl\u00e9 (par exemple, pr\u00e8s du canap\u00e9 ou du bureau), ou combinez plusieurs panneaux.<\/p>\n<hr data-start=\"5189\" data-end=\"5192\" \/>\n<p data-start=\"5194\" data-end=\"5465\"><strong data-start=\"5194\" data-end=\"5251\">2. Puis-je utiliser le panneau en toute s\u00e9curit\u00e9 dans la salle de bains ?<\/strong><br data-start=\"5251\" data-end=\"5254\" \/>Oui, gr\u00e2ce \u00e0 la <strong data-start=\"5269\" data-end=\"5289\">Protection IPX4<\/strong> le panneau est prot\u00e9g\u00e9 contre les \u00e9claboussures et convient aux pi\u00e8ces humides. Cependant, veillez toujours \u00e0 la position correcte en fonction des zones de salle de bains applicables et consultez un \u00e9lectricien en cas de doute.<\/p>\n<hr data-start=\"5467\" data-end=\"5470\" \/>\n<p data-start=\"5472\" data-end=\"5663\"><strong data-start=\"5472\" data-end=\"5511\">3. Fonctionne-t-il \u00e9galement sans smartphone ?<\/strong><br data-start=\"5511\" data-end=\"5514\" \/>Oui, une fois le panneau allum\u00e9, il chauffe simplement. Avec l'application, vous b\u00e9n\u00e9ficiez de fonctions intelligentes telles que des minuteries, des programmes et une commande \u00e0 distance.<\/p>\n<hr data-start=\"5665\" data-end=\"5668\" \/>\n<p data-start=\"5670\" data-end=\"5909\"><strong data-start=\"5670\" data-end=\"5728\">4. Puis-je contr\u00f4ler plusieurs appareils Calex en m\u00eame temps ?<\/strong><br data-start=\"5728\" data-end=\"5731\" \/>Oui, dans l'application Calex Smart, vous pouvez regrouper plusieurs appareils dans des pi\u00e8ces et des sc\u00e8nes. Par exemple, vous pouvez contr\u00f4ler \u00e0 la fois l'\u00e9clairage et le chauffage de votre salle de bain ou de votre bureau \u00e0 domicile.<\/p>\n<hr data-start=\"5911\" data-end=\"5914\" \/>\n<p data-start=\"5916\" data-end=\"6097\"><strong data-start=\"5916\" data-end=\"5958\">5. Ai-je besoin d'un hub\/gateway suppl\u00e9mentaire ?<\/strong><br data-start=\"5958\" data-end=\"5961\" \/>L'application Calex Smart fonctionne par wifi. En r\u00e8gle g\u00e9n\u00e9rale, ce mod\u00e8le ne n\u00e9cessite pas de concentrateur s\u00e9par\u00e9 ; vous le reliez directement \u00e0 votre r\u00e9seau via l'appli.<\/p>\n<\/div>\n<\/div>\n<\/div>\n<\/div>","protected":false},"excerpt":{"rendered":"<ul data-start=\"353\" data-end=\"764\">\n<li data-start=\"353\" data-end=\"429\">\n<p data-start=\"355\" data-end=\"429\">\ud83d\udd25 <strong data-start=\"358\" data-end=\"393\">Chaleur infrarouge instantan\u00e9ment perceptible<\/strong> - comme si le soleil brillait sur votre peau<\/p>\n<\/li>\n<li data-start=\"430\" data-end=\"512\">\n<p data-start=\"432\" data-end=\"512\">\ud83d\udcf1 <strong data-start=\"435\" data-end=\"465\">Contr\u00f4le total via l'application<\/strong> - des minuteries, des horaires et des zones en un coup d'\u0153il<\/p>\n<\/li>\n<li data-start=\"513\" data-end=\"600\">\n<p data-start=\"515\" data-end=\"600\">\ud83d\udca7 <strong data-start=\"518\" data-end=\"543\">R\u00e9sistant aux \u00e9claboussures (IPX4)<\/strong> - convient aux pi\u00e8ces humides telles que les salles de bains et les cuisines<\/p>\n<\/li>\n<li data-start=\"601\" data-end=\"669\">\n<p data-start=\"603\" data-end=\"669\">\ud83d\udd07 <strong data-start=\"606\" data-end=\"626\">Silencieux et inodore<\/strong> - id\u00e9al pour la chambre \u00e0 coucher et le bureau \u00e0 domicile<\/p>\n<\/li>\n<li data-start=\"670\" data-end=\"764\">\n<p data-start=\"672\" data-end=\"764\">\u26a1 <strong data-start=\"674\" data-end=\"708\">Chauffage \u00e9lectrique auxiliaire de 500W<\/strong> - parfait comme source de chaleur suppl\u00e9mentaire intelligente et \u00e9conome en \u00e9nergie<\/p>\n<\/li>\n<\/ul>\n<p data-start=\"766\" data-end=\"827\">Dimensions du panneau : <strong data-start=\"785\" data-end=\"827\">530 \u00d7 825 \u00d7 40 mm - 500W, pieds inclus<\/strong><\/p>","protected":false},"featured_media":633348,"comment_status":"closed","ping_status":"closed","template":"","meta":{"_seopress_robots_primary_cat":"none","_seopress_titles_title":"Slimme Calex verwarming: stijlvol en energiezuinig","_seopress_titles_desc":"Ervaar razendsnelle en energiezuinige warmte met Calex's stijlvolle zwarte glaspaneel. Bediening via app, veilige technologie en perfecte design fit!","_seopress_robots_index":""},"product_brand":[],"product_cat":[1016,530,1015,19,514,112,1111],"product_tag":[],"class_list":{"0":"post-633346","1":"product","2":"type-product","3":"status-publish","4":"has-post-thumbnail","6":"product_cat-bureau","7":"product_cat-deals","8":"product_cat-huis-keuken","9":"product_cat-producten","10":"product_cat-smart-home","11":"product_cat-stock-opruiming","12":"product_cat-verwarming","14":"first","15":"instock","16":"taxable","17":"shipping-taxable","18":"purchasable","19":"product-type-simple"},"_links":{"self":[{"href":"https:\/\/ledshoponline.be\/fr\/wp-json\/wp\/v2\/product\/633346","targetHints":{"allow":["GET"]}}],"collection":[{"href":"https:\/\/ledshoponline.be\/fr\/wp-json\/wp\/v2\/product"}],"about":[{"href":"https:\/\/ledshoponline.be\/fr\/wp-json\/wp\/v2\/types\/product"}],"replies":[{"embeddable":true,"href":"https:\/\/ledshoponline.be\/fr\/wp-json\/wp\/v2\/comments?post=633346"}],"version-history":[{"count":3,"href":"https:\/\/ledshoponline.be\/fr\/wp-json\/wp\/v2\/product\/633346\/revisions"}],"predecessor-version":[{"id":682956,"href":"https:\/\/ledshoponline.be\/fr\/wp-json\/wp\/v2\/product\/633346\/revisions\/682956"}],"wp:featuredmedia":[{"embeddable":true,"href":"https:\/\/ledshoponline.be\/fr\/wp-json\/wp\/v2\/media\/633348"}],"wp:attachment":[{"href":"https:\/\/ledshoponline.be\/fr\/wp-json\/wp\/v2\/media?parent=633346"}],"wp:term":[{"taxonomy":"product_brand","embeddable":true,"href":"https:\/\/ledshoponline.be\/fr\/wp-json\/wp\/v2\/product_brand?post=633346"},{"taxonomy":"product_cat","embeddable":true,"href":"https:\/\/ledshoponline.be\/fr\/wp-json\/wp\/v2\/product_cat?post=633346"},{"taxonomy":"product_tag","embeddable":true,"href":"https:\/\/ledshoponline.be\/fr\/wp-json\/wp\/v2\/product_tag?post=633346"}],"curies":[{"name":"wp","href":"https:\/\/api.w.org\/{rel}","templated":true}]}}