{"id":632151,"date":"2025-11-03T20:45:42","date_gmt":"2025-11-03T20:45:42","guid":{"rendered":"https:\/\/ledshoponline.be\/?post_type=product&#038;p=632151"},"modified":"2026-03-06T11:09:48","modified_gmt":"2026-03-06T11:09:48","slug":"smart-panel-heater-1400w-black","status":"publish","type":"product","link":"https:\/\/ledshoponline.be\/fr\/shop\/huis-keuken\/bureau\/smart-panel-heater-1400w-black\/","title":{"rendered":"Panneau chauffant intelligent - 1400W - Noir"},"content":{"rendered":"<div class=\"relative my-1 min-h-6\">\n<div class=\"origin-top-start relative flex flex-col gap-2 overflow-x-clip\">\n<div class=\"relative w-full text-start\">\n<div class=\"flex w-full flex-col items-start justify-between text-start flex-row\">Slimme, snelle en stijlvolle warmte in je hele huis<\/div>\n<\/div>\n<\/div>\n<\/div>\n<div class=\"min-h-8 text-message relative flex w-full flex-col items-end gap-2 text-start break-words whitespace-normal [.text-message+&amp;]:mt-1\" dir=\"auto\" data-message-author-role=\"assistant\" data-message-id=\"e906031d-6ccd-47b8-919d-89aff24f8974\" data-message-model-slug=\"gpt-5-thinking\">\n<div class=\"flex w-full flex-col gap-1 empty:hidden first:pt-[1px]\">\n<div class=\"markdown prose dark:prose-invert w-full break-words dark markdown-new-styling\">\n<p data-start=\"100\" data-end=\"290\">Breng comfort, design \u00e9n slimme technologie samen met de <strong data-start=\"157\" data-end=\"191\">Calex Smart Panel Heater 1400W<\/strong>. Dit luxe zwarte glaspaneel verwarmt je ruimte niet alleen stijlvol, maar ook extreem effici\u00ebnt.<\/p>\n<p data-start=\"292\" data-end=\"509\">Wat deze heater \u00e9cht uniek maakt?<br data-start=\"325\" data-end=\"328\" \/>\ud83d\udc49 De <strong data-start=\"334\" data-end=\"401\">combinatie van infraroodpaneel \u00e9n elektrisch verwarmingselement<\/strong>.<br data-start=\"402\" data-end=\"405\" \/>Daardoor wordt je ruimte <strong data-start=\"430\" data-end=\"460\">optimaal \u00e9n supersnel warm<\/strong> \u2013 je voelt het verschil binnen enkele minuten.<\/p>\n<h3 data-start=\"511\" data-end=\"554\">Waarom je deze Calex heater wilt hebben<\/h3>\n<ul data-start=\"556\" data-end=\"1488\">\n<li data-start=\"556\" data-end=\"710\">\n<p data-start=\"558\" data-end=\"710\">\ud83d\udd25 <strong data-start=\"561\" data-end=\"580\">Razendsnel warm<\/strong><br data-start=\"580\" data-end=\"583\" \/>Door de unieke mix van infraroodwarmte en elektrisch verwarmen stijgt de temperatuur snel \u00e9n gelijkmatig in de hele ruimte.<\/p>\n<\/li>\n<li data-start=\"712\" data-end=\"985\">\n<p data-start=\"714\" data-end=\"985\">\ud83d\udca1 <strong data-start=\"717\" data-end=\"754\">Slim te bedienen via app &amp; spraak<\/strong><br data-start=\"754\" data-end=\"757\" \/>Verbind de heater met de <strong data-start=\"784\" data-end=\"803\">Calex Smart-app<\/strong> en bedien \u2018m vanaf je smartphone. In- en uitschakelen, temperatuur instellen, tijdschema\u2019s maken \u2013 alles regel je op afstand. Werkt ook met <strong data-start=\"944\" data-end=\"964\">Google Assistant<\/strong> en <strong data-start=\"968\" data-end=\"984\">Amazon Alexa<\/strong>.<\/p>\n<\/li>\n<li data-start=\"987\" data-end=\"1156\">\n<p data-start=\"989\" data-end=\"1156\">\ud83d\udcb6 <strong data-start=\"992\" data-end=\"1021\">Energiezuiniger verwarmen<\/strong><br data-start=\"1021\" data-end=\"1024\" \/>Stel de temperatuur precies in zoals jij wilt en verwarm gericht. Geen onnodige verspilling, w\u00e9l slimme controle over je verbruik.<\/p>\n<\/li>\n<li data-start=\"1158\" data-end=\"1329\">\n<p data-start=\"1160\" data-end=\"1329\">\ud83d\udee1\ufe0f <strong data-start=\"1164\" data-end=\"1187\">Veilig en zorgeloos<\/strong><br data-start=\"1187\" data-end=\"1190\" \/>Voorzien van <strong data-start=\"1205\" data-end=\"1235\">oververhittingsbeveiliging<\/strong> en <strong data-start=\"1239\" data-end=\"1260\">kantelbeveiliging<\/strong>. Valt hij om of wordt hij te heet? Dan schakelt hij automatisch uit.<\/p>\n<\/li>\n<li data-start=\"1331\" data-end=\"1488\">\n<p data-start=\"1333\" data-end=\"1488\">\u2728 <strong data-start=\"1335\" data-end=\"1362\">Modern zwart glaspaneel<\/strong><br data-start=\"1362\" data-end=\"1365\" \/>Het strakke, zwarte design past perfect in moderne interieurs. Ideaal voor woonkamer, slaapkamer, bureau of thuiskantoor.<\/p>\n<\/li>\n<\/ul>\n<h3 data-start=\"1490\" data-end=\"1518\">Perfect voor elke ruimte<\/h3>\n<ul data-start=\"1520\" data-end=\"1757\">\n<li data-start=\"1520\" data-end=\"1566\">\n<p data-start=\"1522\" data-end=\"1566\">Ideaal voor kleine tot middelgrote ruimtes<\/p>\n<\/li>\n<li data-start=\"1567\" data-end=\"1603\">\n<p data-start=\"1569\" data-end=\"1603\">Als bijverwarming op koude dagen<\/p>\n<\/li>\n<li data-start=\"1604\" data-end=\"1692\">\n<p data-start=\"1606\" data-end=\"1692\">Om gericht te verwarmen in plaats van de volledige centrale verwarming aan te zetten<\/p>\n<\/li>\n<li data-start=\"1693\" data-end=\"1757\">\n<p data-start=\"1695\" data-end=\"1757\">Perfect voor thuiswerkplek, studio, slaapkamer of hobbykamer<\/p>\n<\/li>\n<\/ul>\n<h3 data-start=\"1759\" data-end=\"1786\">Belangrijkste kenmerken<\/h3>\n<ul data-start=\"1788\" data-end=\"2105\">\n<li data-start=\"1788\" data-end=\"1811\">\n<p data-start=\"1790\" data-end=\"1811\">Vermogen: <strong data-start=\"1800\" data-end=\"1809\">1400W<\/strong><\/p>\n<\/li>\n<li data-start=\"1812\" data-end=\"1837\">\n<p data-start=\"1814\" data-end=\"1837\">Kleur: <strong data-start=\"1821\" data-end=\"1835\">Zwart glas<\/strong><\/p>\n<\/li>\n<li data-start=\"1838\" data-end=\"1915\">\n<p data-start=\"1840\" data-end=\"1915\">Unieke <strong data-start=\"1847\" data-end=\"1913\">combinatie van infraroodpaneel + elektrisch verwarmingselement<\/strong><\/p>\n<\/li>\n<li data-start=\"1916\" data-end=\"1986\">\n<p data-start=\"1918\" data-end=\"1986\">Bediening via <strong data-start=\"1932\" data-end=\"1951\">Calex Smart-app<\/strong>, Google Assistant &amp; Amazon Alexa<\/p>\n<\/li>\n<li data-start=\"1987\" data-end=\"2041\">\n<p data-start=\"1989\" data-end=\"2041\">Instelbare temperatuur (comfortabel en nauwkeurig)<\/p>\n<\/li>\n<li data-start=\"2042\" data-end=\"2105\">\n<p data-start=\"2044\" data-end=\"2105\">Inclusief veiligheid: oververhittings- en kantelbeveiliging<\/p>\n<\/li>\n<\/ul>\n<hr data-start=\"2107\" data-end=\"2110\" \/>\n<p data-start=\"2112\" data-end=\"2313\"><strong data-start=\"2112\" data-end=\"2123\">Kortom:<\/strong><br data-start=\"2123\" data-end=\"2126\" \/>Zoek je een <strong data-start=\"2138\" data-end=\"2178\">slimme, veilige en stijlvolle heater<\/strong> die je ruimte <strong data-start=\"2193\" data-end=\"2219\">snel en aangenaam warm<\/strong> maakt?<br data-start=\"2226\" data-end=\"2229\" \/>Dan is de <strong data-start=\"2239\" data-end=\"2281\">Calex Smart Panel Heater 1400W \u2013 Zwart<\/strong> precies wat je nodig hebt. \ud83d\udd25\ud83d\udda4<\/p>\n<\/div>\n<\/div>\n<\/div>\n","protected":false},"excerpt":{"rendered":"<p>\u2705 Combinaison unique de <strong data-start=\"19\" data-end=\"45\">infrarouge + \u00e9lectrique<\/strong> pour une chaleur optimale<br \/>\n\u2705 <strong data-start=\"71\" data-end=\"89\">Chaleur ultra-rapide<\/strong> et id\u00e9al comme chauffage d'appoint intelligent<br \/>\n\u2705 Fonctionnement via <strong data-start=\"143\" data-end=\"162\">Application Calex Smart<\/strong>, Assistant Google et Alexa<br \/>\n\u2705 \u00c9l\u00e9gant <strong data-start=\"202\" data-end=\"222\">panneau de verre noir<\/strong> avec fonctions de s\u00e9curit\u00e9 int\u00e9gr\u00e9es<\/p>","protected":false},"featured_media":632152,"comment_status":"closed","ping_status":"closed","template":"","meta":{"_seopress_robots_primary_cat":"none","_seopress_titles_title":"Slimme Calex verwarming: stijlvol en energiezuinig","_seopress_titles_desc":"Ervaar razendsnelle en energiezuinige warmte met Calex's stijlvolle zwarte glaspaneel. Bediening via app, veilige technologie en perfecte design fit!","_seopress_robots_index":""},"product_brand":[],"product_cat":[1016,530,1015,19,514,112,1111],"product_tag":[],"class_list":{"0":"post-632151","1":"product","2":"type-product","3":"status-publish","4":"has-post-thumbnail","6":"product_cat-bureau","7":"product_cat-deals","8":"product_cat-huis-keuken","9":"product_cat-producten","10":"product_cat-smart-home","11":"product_cat-stock-opruiming","12":"product_cat-verwarming","14":"first","15":"instock","16":"taxable","17":"shipping-taxable","18":"purchasable","19":"product-type-simple"},"_links":{"self":[{"href":"https:\/\/ledshoponline.be\/fr\/wp-json\/wp\/v2\/product\/632151","targetHints":{"allow":["GET"]}}],"collection":[{"href":"https:\/\/ledshoponline.be\/fr\/wp-json\/wp\/v2\/product"}],"about":[{"href":"https:\/\/ledshoponline.be\/fr\/wp-json\/wp\/v2\/types\/product"}],"replies":[{"embeddable":true,"href":"https:\/\/ledshoponline.be\/fr\/wp-json\/wp\/v2\/comments?post=632151"}],"version-history":[{"count":1,"href":"https:\/\/ledshoponline.be\/fr\/wp-json\/wp\/v2\/product\/632151\/revisions"}],"predecessor-version":[{"id":632157,"href":"https:\/\/ledshoponline.be\/fr\/wp-json\/wp\/v2\/product\/632151\/revisions\/632157"}],"wp:featuredmedia":[{"embeddable":true,"href":"https:\/\/ledshoponline.be\/fr\/wp-json\/wp\/v2\/media\/632152"}],"wp:attachment":[{"href":"https:\/\/ledshoponline.be\/fr\/wp-json\/wp\/v2\/media?parent=632151"}],"wp:term":[{"taxonomy":"product_brand","embeddable":true,"href":"https:\/\/ledshoponline.be\/fr\/wp-json\/wp\/v2\/product_brand?post=632151"},{"taxonomy":"product_cat","embeddable":true,"href":"https:\/\/ledshoponline.be\/fr\/wp-json\/wp\/v2\/product_cat?post=632151"},{"taxonomy":"product_tag","embeddable":true,"href":"https:\/\/ledshoponline.be\/fr\/wp-json\/wp\/v2\/product_tag?post=632151"}],"curies":[{"name":"wp","href":"https:\/\/api.w.org\/{rel}","templated":true}]}}