{"id":625834,"date":"2025-10-01T13:44:04","date_gmt":"2025-10-01T13:44:04","guid":{"rendered":"https:\/\/ledshoponline.be\/?post_type=product&#038;p=625834"},"modified":"2025-10-01T13:53:42","modified_gmt":"2025-10-01T13:53:42","slug":"spot-led-encastre-7w-dimmable-cct-3000k-4000k-6500k","status":"publish","type":"product","link":"https:\/\/ledshoponline.be\/fr\/shop\/producten\/armaturen\/inbouwspots\/led-inbouwspot-7w-dimbaar-cct-3000k-4000k-6500k\/","title":{"rendered":"Downlight LED 7W Dimmable - CCT (3000K | 4000K | 6500K)"},"content":{"rendered":"<h3 data-start=\"731\" data-end=\"781\">\u2705 Pourquoi choisir ce Downlight LED 7W ?<\/h3>\n<p data-start=\"782\" data-end=\"1107\">Ce mod\u00e8le moderne <strong data-start=\"795\" data-end=\"827\">Downlight LED (7W, dimmable)<\/strong> est la solution parfaite pour ceux qui souhaitent combiner atmosph\u00e8re et fonctionnalit\u00e9. Gr\u00e2ce \u00e0 la <strong data-start=\"914\" data-end=\"933\">Technologie CCT<\/strong> vous pouvez facilement choisir la couleur de lumi\u00e8re souhait\u00e9e : blanc chaud (3000K), blanc neutre (4000K) ou lumi\u00e8re du jour froide (6500K). Ainsi, vous adaptez toujours la lumi\u00e8re \u00e0 la pi\u00e8ce ou au moment.<\/p>\n<h3 data-start=\"1109\" data-end=\"1142\">\ud83d\udd0b Principaux avantages :<\/h3>\n<ul data-start=\"1143\" data-end=\"1559\">\n<li data-start=\"1143\" data-end=\"1239\">\n<p data-start=\"1145\" data-end=\"1239\"><strong data-start=\"1145\" data-end=\"1173\">Efficacit\u00e9 \u00e9nerg\u00e9tique et durabilit\u00e9<\/strong> - Consommation de seulement 7W avec un rendement lumineux \u00e9lev\u00e9 de 630 lumens<\/p>\n<\/li>\n<li data-start=\"1240\" data-end=\"1322\">\n<p data-start=\"1242\" data-end=\"1322\"><strong data-start=\"1242\" data-end=\"1273\">Couleur de lumi\u00e8re r\u00e9glable (CCT)<\/strong> - choisir entre une lumi\u00e8re blanche chaude, neutre ou froide<\/p>\n<\/li>\n<li data-start=\"1323\" data-end=\"1401\">\n<p data-start=\"1325\" data-end=\"1401\"><strong data-start=\"1325\" data-end=\"1345\">Enti\u00e8rement gradable<\/strong> - Cr\u00e9ez facilement l'atmosph\u00e8re appropri\u00e9e gr\u00e2ce \u00e0 un variateur de lumi\u00e8re LED<\/p>\n<\/li>\n<li data-start=\"1402\" data-end=\"1488\">\n<p data-start=\"1404\" data-end=\"1488\"><strong data-start=\"1404\" data-end=\"1430\">Installation simple<\/strong> - Taille de sciage standard \u00d870 mm, convient \u00e0 la plupart des plafonds<\/p>\n<\/li>\n<li data-start=\"1489\" data-end=\"1559\">\n<p data-start=\"1491\" data-end=\"1559\"><strong data-start=\"1491\" data-end=\"1511\">Longue dur\u00e9e de vie<\/strong> - jusqu'\u00e0 20 000 heures et 2 ans de garantie<\/p>\n<\/li>\n<\/ul>\n<h3 data-start=\"1561\" data-end=\"1585\">\ud83d\udee0\ufe0f Sp\u00e9cifications :<\/h3>\n<ul data-start=\"1586\" data-end=\"1876\">\n<li data-start=\"1586\" data-end=\"1602\">\n<p data-start=\"1588\" data-end=\"1602\">Consommation \u00e9lectrique : 7W<\/p>\n<\/li>\n<li data-start=\"1603\" data-end=\"1632\">\n<p data-start=\"1605\" data-end=\"1632\">Puissance lumineuse : 630 lumens<\/p>\n<\/li>\n<li data-start=\"1633\" data-end=\"1693\">\n<p data-start=\"1635\" data-end=\"1693\">Temp\u00e9rature de couleur : 3000K \/ 4000K \/ 6500K (CCT r\u00e9glable)<\/p>\n<\/li>\n<li data-start=\"1694\" data-end=\"1731\">\n<p data-start=\"1696\" data-end=\"1731\">Taille de coupe : 70 mm | Diam\u00e8tre : 85 mm<\/p>\n<\/li>\n<li data-start=\"1732\" data-end=\"1755\">\n<p data-start=\"1734\" data-end=\"1755\">Hauteur d'installation : 43 mm<\/p>\n<\/li>\n<li data-start=\"1756\" data-end=\"1778\">\n<p data-start=\"1758\" data-end=\"1778\">Angle de rayonnement : 38\u00b0.<\/p>\n<\/li>\n<li data-start=\"1779\" data-end=\"1819\">\n<p data-start=\"1781\" data-end=\"1819\">IRC : &gt;80 (rendu naturel des couleurs)<\/p>\n<\/li>\n<li data-start=\"1820\" data-end=\"1849\">\n<p data-start=\"1822\" data-end=\"1849\">IP20 (pour les pi\u00e8ces s\u00e8ches)<\/p>\n<\/li>\n<li data-start=\"1850\" data-end=\"1876\">\n<p data-start=\"1852\" data-end=\"1876\">Dur\u00e9e de vie : 20 000 heures<\/p>\n<\/li>\n<\/ul>\n<h3 data-start=\"1878\" data-end=\"1905\">\ud83c\udf1f O\u00f9 utiliser ?<\/h3>\n<p data-start=\"1906\" data-end=\"1958\">Le pr\u00e9sent <strong data-start=\"1911\" data-end=\"1938\">Downlights LED \u00e0 gradation<\/strong> Sont id\u00e9ales pour :<\/p>\n<ul data-start=\"1959\" data-end=\"2062\">\n<li data-start=\"1959\" data-end=\"1981\">\n<p data-start=\"1961\" data-end=\"1981\">Salon et cuisine<\/p>\n<\/li>\n<li data-start=\"1982\" data-end=\"2002\">\n<p data-start=\"1984\" data-end=\"2002\">Chambre et couloir<\/p>\n<\/li>\n<li data-start=\"2003\" data-end=\"2025\">\n<p data-start=\"2005\" data-end=\"2025\">Bureaux et magasins<\/p>\n<\/li>\n<li data-start=\"2026\" data-end=\"2062\">\n<p data-start=\"2028\" data-end=\"2062\">H\u00f4tels, restaurants ou salles d'exposition<\/p>\n<\/li>\n<\/ul>\n<p data-start=\"2064\" data-end=\"2199\">Gr\u00e2ce \u00e0 la couleur r\u00e9glable de la lumi\u00e8re, ils conviennent \u00e0 la fois aux <strong data-start=\"2126\" data-end=\"2155\">un \u00e9clairage d'ambiance confortable<\/strong> en ce qui concerne <strong data-start=\"2165\" data-end=\"2196\">\u00e9clairage de travail fonctionnel<\/strong>.<\/p>","protected":false},"excerpt":{"rendered":"<p>En mat\u00e9riau blanc mat. Pilote LED inclus. La taille de coupe est de \u00d870 mm.<\/p>\n<p>\ud83d\udc49 Commandez votre <strong data-start=\"2265\" data-end=\"2302\">Downlight LED 7W dimmable avec CCT<\/strong> et profitez d'un \u00e9clairage \u00e9conome en \u00e9nergie, durable et atmosph\u00e9rique dans chaque pi\u00e8ce !<\/p>","protected":false},"featured_media":625839,"comment_status":"closed","ping_status":"closed","template":"","meta":{"_seopress_robots_primary_cat":"none","_seopress_titles_title":"","_seopress_titles_desc":"","_seopress_robots_index":""},"product_brand":[],"product_cat":[87,88,455,132,19],"product_tag":[571,457],"class_list":{"0":"post-625834","1":"product","2":"type-product","3":"status-publish","4":"has-post-thumbnail","6":"product_cat-armaturen","7":"product_cat-inbouwspots","8":"product_cat-led-downlights","9":"product_cat-led-spots","10":"product_cat-producten","11":"product_tag-led-downlight","12":"product_tag-led-inbouwspot","14":"first","15":"instock","16":"taxable","17":"shipping-taxable","18":"purchasable","19":"product-type-simple"},"_links":{"self":[{"href":"https:\/\/ledshoponline.be\/fr\/wp-json\/wp\/v2\/product\/625834","targetHints":{"allow":["GET"]}}],"collection":[{"href":"https:\/\/ledshoponline.be\/fr\/wp-json\/wp\/v2\/product"}],"about":[{"href":"https:\/\/ledshoponline.be\/fr\/wp-json\/wp\/v2\/types\/product"}],"replies":[{"embeddable":true,"href":"https:\/\/ledshoponline.be\/fr\/wp-json\/wp\/v2\/comments?post=625834"}],"version-history":[{"count":1,"href":"https:\/\/ledshoponline.be\/fr\/wp-json\/wp\/v2\/product\/625834\/revisions"}],"predecessor-version":[{"id":625841,"href":"https:\/\/ledshoponline.be\/fr\/wp-json\/wp\/v2\/product\/625834\/revisions\/625841"}],"wp:featuredmedia":[{"embeddable":true,"href":"https:\/\/ledshoponline.be\/fr\/wp-json\/wp\/v2\/media\/625839"}],"wp:attachment":[{"href":"https:\/\/ledshoponline.be\/fr\/wp-json\/wp\/v2\/media?parent=625834"}],"wp:term":[{"taxonomy":"product_brand","embeddable":true,"href":"https:\/\/ledshoponline.be\/fr\/wp-json\/wp\/v2\/product_brand?post=625834"},{"taxonomy":"product_cat","embeddable":true,"href":"https:\/\/ledshoponline.be\/fr\/wp-json\/wp\/v2\/product_cat?post=625834"},{"taxonomy":"product_tag","embeddable":true,"href":"https:\/\/ledshoponline.be\/fr\/wp-json\/wp\/v2\/product_tag?post=625834"}],"curies":[{"name":"wp","href":"https:\/\/api.w.org\/{rel}","templated":true}]}}