{"id":624679,"date":"2025-09-24T08:11:14","date_gmt":"2025-09-24T08:11:14","guid":{"rendered":"https:\/\/ledshoponline.be\/?post_type=product&#038;p=624679"},"modified":"2025-10-26T13:08:11","modified_gmt":"2025-10-26T13:08:11","slug":"lampadaire-intelligent-lampadaire-rgbic-eclairage-dambiance-140cm-de-haut","status":"publish","type":"product","link":"https:\/\/ledshoponline.be\/fr\/shop\/producten\/armaturen\/vloer-tafellampen\/smart-vloerlamp-rgbic-staande-lamp-sfeerverlichting-140cm-hoog\/","title":{"rendered":"Lampe de sol intelligente - RGBIC - Lampe de sol - Eclairage d'ambiance - 140cm de haut"},"content":{"rendered":"<p>Le lampadaire intelligent Calex apporte une atmosph\u00e8re et une exp\u00e9rience \u00e0 n'importe quelle pi\u00e8ce. Gr\u00e2ce \u00e0 la <strong data-start=\"327\" data-end=\"348\">Technologie RGBIC<\/strong> Cr\u00e9ez des effets d'\u00e9clairage uniques avec plusieurs couleurs simultan\u00e9ment. Parfait pour votre salon, votre installation de jeu ou votre coin de divertissement. Contr\u00f4lez tout en toute simplicit\u00e9 gr\u00e2ce au <strong data-start=\"501\" data-end=\"520\">Application Calex Smart<\/strong>, ou l'associer \u00e0 Razer Chroma pour une exp\u00e9rience de jeu ultime.<\/p>\n<h2 data-start=\"609\" data-end=\"625\">Avantages \u2728<\/h2>\n<ul data-start=\"626\" data-end=\"992\">\n<li data-start=\"626\" data-end=\"701\">\n<p data-start=\"628\" data-end=\"701\"><strong data-start=\"628\" data-end=\"650\">16 millions de couleurs<\/strong> - des possibilit\u00e9s infinies pour une ambiance parfaite<\/p>\n<\/li>\n<li data-start=\"702\" data-end=\"772\">\n<p data-start=\"704\" data-end=\"772\"><strong data-start=\"704\" data-end=\"725\">Technologie RGBIC<\/strong> - afficher plusieurs couleurs simultan\u00e9ment dans une seule lampe<\/p>\n<\/li>\n<li data-start=\"773\" data-end=\"846\">\n<p data-start=\"775\" data-end=\"846\"><strong data-start=\"775\" data-end=\"800\">Application et commande vocale<\/strong> - via l'application Calex Smart, Google Home et Alexa<\/p>\n<\/li>\n<li data-start=\"847\" data-end=\"922\">\n<p data-start=\"849\" data-end=\"922\"><strong data-start=\"849\" data-end=\"870\">Int\u00e9gration des jeux<\/strong> - r\u00e9agit \u00e0 votre musique ou \u00e0 vos jeux avec Razer Chroma<\/p>\n<\/li>\n<li data-start=\"923\" data-end=\"992\">\n<p data-start=\"925\" data-end=\"992\"><strong data-start=\"925\" data-end=\"948\">Placement flexible<\/strong> - en pose libre ou en montage mural<\/p>\n<\/li>\n<\/ul>\n<hr data-start=\"994\" data-end=\"997\" \/>\n<h2 data-start=\"999\" data-end=\"1019\">Sp\u00e9cifications \u26a1<\/h2>\n<ul data-start=\"1020\" data-end=\"1238\">\n<li data-start=\"1020\" data-end=\"1038\">\n<p data-start=\"1022\" data-end=\"1038\">Hauteur : 140 cm<\/p>\n<\/li>\n<li data-start=\"1039\" data-end=\"1059\">\n<p data-start=\"1041\" data-end=\"1059\">Pied : 23 \u00d7 23 cm<\/p>\n<\/li>\n<li data-start=\"1060\" data-end=\"1087\">\n<p data-start=\"1062\" data-end=\"1087\">Temp\u00e9rature de couleur : RGBIC<\/p>\n<\/li>\n<li data-start=\"1088\" data-end=\"1112\">\n<p data-start=\"1090\" data-end=\"1112\">Tension : 220-240V AC<\/p>\n<\/li>\n<li data-start=\"1113\" data-end=\"1149\">\n<p data-start=\"1115\" data-end=\"1149\">Dur\u00e9e de vie : jusqu'\u00e0 30 000 heures<\/p>\n<\/li>\n<li data-start=\"1150\" data-end=\"1187\">\n<p data-start=\"1152\" data-end=\"1187\">Mat\u00e9riau : ABS, m\u00e9tal, plastique<\/p>\n<\/li>\n<li data-start=\"1188\" data-end=\"1208\">\n<p data-start=\"1190\" data-end=\"1208\">Garantie : 2 ans<\/p>\n<\/li>\n<li data-start=\"1209\" data-end=\"1238\">\n<p data-start=\"1211\" data-end=\"1238\">Pour une utilisation \u00e0 l'int\u00e9rieur (IP20)<\/p>\n<\/li>\n<\/ul>\n<hr data-start=\"1240\" data-end=\"1243\" \/>\n<h2 data-start=\"1245\" data-end=\"1263\">Dans la bo\u00eete \ud83d\udce6<\/h2>\n<ul data-start=\"1264\" data-end=\"1378\">\n<li data-start=\"1264\" data-end=\"1295\">\n<p data-start=\"1266\" data-end=\"1295\">Calex Smart Floor Lamp RGBIC<\/p>\n<\/li>\n<li data-start=\"1296\" data-end=\"1315\">\n<p data-start=\"1298\" data-end=\"1315\">Adaptateur \u00e9lectrique<\/p>\n<\/li>\n<li data-start=\"1316\" data-end=\"1362\">\n<p data-start=\"1318\" data-end=\"1362\">Supports de fixation murale + mat\u00e9riel de fixation<\/p>\n<\/li>\n<li data-start=\"1363\" data-end=\"1378\">\n<p data-start=\"1365\" data-end=\"1378\">Manuel<\/p>\n<\/li>\n<\/ul>\n<hr data-start=\"1380\" data-end=\"1383\" \/>\n<p data-start=\"1385\" data-end=\"1487\">\ud83d\udc49 Commander le <strong data-start=\"1410\" data-end=\"1441\">Calex Smart Floor Lamp RGBIC<\/strong> et transformez votre espace en une v\u00e9ritable exp\u00e9rience !<\/p>","protected":false},"excerpt":{"rendered":"<p><strong>Fiche technique du produit : <\/strong><strong><a href=\"https:\/\/eprel.ec.europa.eu\/fiches\/lightsources\/Fiche_1563452_NL.pdf\">FR\u00a0<\/a>|\u00a0<a href=\"https:\/\/eprel.ec.europa.eu\/fiches\/lightsources\/Fiche_1563452_FR.pdf\">FR\u00a0<\/a>|\u00a0<a href=\"https:\/\/eprel.ec.europa.eu\/fiches\/lightsources\/Fiche_1563452_EN.pdf\">ET\u00a0<\/a>|\u00a0<a href=\"https:\/\/eprel.ec.europa.eu\/fiches\/lightsources\/Fiche_1563452_DE.pdf\">LE<\/a><\/strong><\/p>","protected":false},"featured_media":624681,"comment_status":"closed","ping_status":"closed","template":"","meta":{"_seopress_robots_primary_cat":"none","_seopress_titles_title":"","_seopress_titles_desc":"","_seopress_robots_index":""},"product_brand":[],"product_cat":[87,20,19,514,153,109],"product_tag":[230,929],"class_list":{"0":"post-624679","1":"product","2":"type-product","3":"status-publish","4":"has-post-thumbnail","6":"product_cat-armaturen","7":"product_cat-led-lampen","8":"product_cat-producten","9":"product_cat-smart-home","10":"product_cat-vloer-tafellampen","11":"product_cat-wandlampen","12":"product_tag-230v-ledstrip","13":"product_tag-led-slang","15":"first","16":"instock","17":"sale","18":"taxable","19":"shipping-taxable","20":"purchasable","21":"product-type-simple"},"_links":{"self":[{"href":"https:\/\/ledshoponline.be\/fr\/wp-json\/wp\/v2\/product\/624679","targetHints":{"allow":["GET"]}}],"collection":[{"href":"https:\/\/ledshoponline.be\/fr\/wp-json\/wp\/v2\/product"}],"about":[{"href":"https:\/\/ledshoponline.be\/fr\/wp-json\/wp\/v2\/types\/product"}],"replies":[{"embeddable":true,"href":"https:\/\/ledshoponline.be\/fr\/wp-json\/wp\/v2\/comments?post=624679"}],"version-history":[{"count":2,"href":"https:\/\/ledshoponline.be\/fr\/wp-json\/wp\/v2\/product\/624679\/revisions"}],"predecessor-version":[{"id":630178,"href":"https:\/\/ledshoponline.be\/fr\/wp-json\/wp\/v2\/product\/624679\/revisions\/630178"}],"wp:featuredmedia":[{"embeddable":true,"href":"https:\/\/ledshoponline.be\/fr\/wp-json\/wp\/v2\/media\/624681"}],"wp:attachment":[{"href":"https:\/\/ledshoponline.be\/fr\/wp-json\/wp\/v2\/media?parent=624679"}],"wp:term":[{"taxonomy":"product_brand","embeddable":true,"href":"https:\/\/ledshoponline.be\/fr\/wp-json\/wp\/v2\/product_brand?post=624679"},{"taxonomy":"product_cat","embeddable":true,"href":"https:\/\/ledshoponline.be\/fr\/wp-json\/wp\/v2\/product_cat?post=624679"},{"taxonomy":"product_tag","embeddable":true,"href":"https:\/\/ledshoponline.be\/fr\/wp-json\/wp\/v2\/product_tag?post=624679"}],"curies":[{"name":"wp","href":"https:\/\/api.w.org\/{rel}","templated":true}]}}