{"id":598768,"date":"2025-07-02T16:02:20","date_gmt":"2025-07-02T16:02:20","guid":{"rendered":"https:\/\/ledshoponline.be\/?post_type=product&#038;p=598768"},"modified":"2025-08-24T10:15:27","modified_gmt":"2025-08-24T10:15:27","slug":"calex-smart-outdoor-camera-set","status":"publish","type":"product","link":"https:\/\/ledshoponline.be\/fr\/shop\/camerabewaking\/calex-smart-outdoor-camera-set\/","title":{"rendered":"Calex Smart Outdoor Camera Set"},"content":{"rendered":"<h3 data-start=\"217\" data-end=\"265\">\ud83d\udee1\ufe0f S\u00e9curit\u00e9 ext\u00e9rieure compl\u00e8te en un seul ensemble<\/h3>\n<p data-start=\"266\" data-end=\"529\"><strong data-start=\"266\" data-end=\"325\">Calex Smart Outdoor Camera Set (2 pcs - r\u00e9solution 2K)<\/strong><br data-start=\"325\" data-end=\"328\" \/>S\u00e9curisez votre jardin, votre all\u00e9e ou votre maison gr\u00e2ce \u00e0 des vid\u00e9os d'une grande nettet\u00e9, de jour comme de nuit. Ces cam\u00e9ras d'ext\u00e9rieur intelligentes offrent une <strong data-start=\"456\" data-end=\"468\">Image 2K<\/strong>Les notifications intelligentes et la facilit\u00e9 d'utilisation via votre smartphone.<\/p>\n<hr data-start=\"531\" data-end=\"534\" \/>\n<h3 data-start=\"536\" data-end=\"564\">\ud83d\udce6 Que contient l'ensemble ?<\/h3>\n<ul data-start=\"565\" data-end=\"857\">\n<li data-start=\"565\" data-end=\"621\">\n<p data-start=\"567\" data-end=\"621\"><strong data-start=\"567\" data-end=\"619\">2 cam\u00e9ras ext\u00e9rieures avec une r\u00e9solution de 2K (2304\u00d71296)<\/strong><\/p>\n<\/li>\n<li data-start=\"622\" data-end=\"693\">\n<p data-start=\"624\" data-end=\"693\"><strong data-start=\"624\" data-end=\"651\">Vision nocturne jusqu'\u00e0 10 m\u00e8tres<\/strong> pour une surveillance fiable dans l'obscurit\u00e9<\/p>\n<\/li>\n<li data-start=\"694\" data-end=\"745\">\n<p data-start=\"696\" data-end=\"745\"><strong data-start=\"696\" data-end=\"743\">D\u00e9tection de mouvement avec notifications instantan\u00e9es<\/strong><\/p>\n<\/li>\n<li data-start=\"746\" data-end=\"808\">\n<p data-start=\"748\" data-end=\"808\"><strong data-start=\"748\" data-end=\"771\">Audio bidirectionnel<\/strong>: parler et \u00e9couter par l'interm\u00e9diaire de votre t\u00e9l\u00e9phone<\/p>\n<\/li>\n<li data-start=\"809\" data-end=\"857\">\n<p data-start=\"811\" data-end=\"857\"><strong data-start=\"811\" data-end=\"827\">Options de stockage<\/strong>: Cloud et microSD (jusqu'\u00e0 128 Go)<\/p>\n<\/li>\n<\/ul>\n<hr data-start=\"859\" data-end=\"862\" \/>\n<h3 data-start=\"864\" data-end=\"908\">\ud83d\udcf1 Tout contr\u00f4ler via l'application Calex Smart App<\/h3>\n<p data-start=\"909\" data-end=\"1151\">\u2714\ufe0f Visualisation en direct avec une image 2K d'une grande nettet\u00e9<br data-start=\"949\" data-end=\"952\" \/>\u2714\ufe0f D\u00e9finir des zones de mouvement et recevoir des notifications<br data-start=\"1001\" data-end=\"1004\" \/>\u2714\ufe0f Rewind &amp; view recordings<br data-start=\"1038\" data-end=\"1041\" \/>\u2714\ufe0f Compatible avec <strong data-start=\"1059\" data-end=\"1079\">Assistant Google<\/strong> &amp; <strong data-start=\"1082\" data-end=\"1098\">Amazon Alexa<\/strong><br data-start=\"1098\" data-end=\"1101\" \/>\u2714\ufe0f Aucun hub suppl\u00e9mentaire n'est n\u00e9cessaire - fonctionne sur WiFi (2,4 GHz)<\/p>\n<hr data-start=\"1153\" data-end=\"1156\" \/>\n<h3 data-start=\"1158\" data-end=\"1187\">\ud83c\udf26\ufe0f Con\u00e7u pour une utilisation en ext\u00e9rieur<\/h3>\n<p data-start=\"1188\" data-end=\"1319\">Le bo\u00eetier robuste et \u00e9tanche (classement IP) prot\u00e8ge contre la pluie, le vent et la poussi\u00e8re - id\u00e9al pour toutes les saisons et tous les types d'habitation.<\/p>\n<hr data-start=\"1321\" data-end=\"1324\" \/>\n<h3 data-start=\"1326\" data-end=\"1358\">\ud83d\udd27 Installation Plug &amp; Play<\/h3>\n<p data-start=\"1359\" data-end=\"1501\">Fixez, connectez et s\u00e9curisez : avec les fixations incluses et l'application intuitive, votre set est pr\u00eat \u00e0 l'emploi en quelques minutes.<\/p>\n<hr data-start=\"1503\" data-end=\"1506\" \/>\n<h3 data-start=\"1508\" data-end=\"1545\">\u2705 Pourquoi choisir cet ensemble 2K ?<\/h3>\n<div class=\"_tableContainer_80l1q_1\">\n<div class=\"_tableWrapper_80l1q_14 group flex w-fit flex-col-reverse\" tabindex=\"-1\">\n<table class=\"w-fit min-w-(--thread-content-width)\" data-start=\"1547\" data-end=\"2089\">\n<thead data-start=\"1547\" data-end=\"1625\">\n<tr data-start=\"1547\" data-end=\"1625\">\n<th data-start=\"1547\" data-end=\"1575\" data-col-size=\"sm\">Avantage<\/th>\n<th data-start=\"1575\" data-end=\"1625\" data-col-size=\"md\">Explication<\/th>\n<\/tr>\n<\/thead>\n<tbody data-start=\"1705\" data-end=\"2089\">\n<tr data-start=\"1705\" data-end=\"1785\">\n<td data-start=\"1705\" data-end=\"1733\" data-col-size=\"sm\"><strong data-start=\"1707\" data-end=\"1732\">R\u00e9solution 2K Ultra HD<\/strong><\/td>\n<td data-col-size=\"md\" data-start=\"1733\" data-end=\"1785\">Plus de d\u00e9tails qu'en Full HD, parfait pour la reconnaissance<\/td>\n<\/tr>\n<tr data-start=\"1786\" data-end=\"1864\">\n<td data-start=\"1786\" data-end=\"1814\" data-col-size=\"sm\"><strong data-start=\"1788\" data-end=\"1813\">Conception r\u00e9sistante aux intemp\u00e9ries<\/strong><\/td>\n<td data-col-size=\"md\" data-start=\"1814\" data-end=\"1864\">R\u00e9sistant \u00e0 la pluie et au vent (certification IP)<\/td>\n<\/tr>\n<tr data-start=\"1865\" data-end=\"1943\">\n<td data-start=\"1865\" data-end=\"1893\" data-col-size=\"sm\"><strong data-start=\"1867\" data-end=\"1887\">Notifications intelligentes<\/strong><\/td>\n<td data-col-size=\"md\" data-start=\"1893\" data-end=\"1943\">D\u00e9tection de mouvement ? Vous \u00eates le premier \u00e0 le savoir<\/td>\n<\/tr>\n<tr data-start=\"1944\" data-end=\"2022\">\n<td data-start=\"1944\" data-end=\"1976\" data-col-size=\"sm\"><strong data-start=\"1946\" data-end=\"1975\">Communication bidirectionnelle<\/strong><\/td>\n<td data-col-size=\"md\" data-start=\"1976\" data-end=\"2022\">R\u00e9pondre directement via le microphone et le haut-parleur<\/td>\n<\/tr>\n<tr data-start=\"2023\" data-end=\"2089\">\n<td data-start=\"2023\" data-end=\"2051\" data-col-size=\"sm\"><strong data-start=\"2025\" data-end=\"2045\">Stockage flexible<\/strong><\/td>\n<td data-col-size=\"md\" data-start=\"2051\" data-end=\"2089\">Cloud + carte SD locale (jusqu'\u00e0 128 Go)<\/td>\n<\/tr>\n<\/tbody>\n<\/table>\n<div class=\"sticky end-(--thread-content-margin) h-0 self-end select-none\">\n<div class=\"absolute end-0 flex items-end\"><\/div>\n<\/div>\n<\/div>\n<\/div>\n<hr data-start=\"2091\" data-end=\"2094\" \/>\n<h3 data-start=\"2096\" data-end=\"2116\">\ud83c\udfaf Parfait pour :<\/h3>\n<ul data-start=\"2117\" data-end=\"2248\">\n<li data-start=\"2117\" data-end=\"2150\">\n<p data-start=\"2119\" data-end=\"2150\">Voie d'acc\u00e8s, jardins avant et arri\u00e8re<\/p>\n<\/li>\n<li data-start=\"2151\" data-end=\"2173\">\n<p data-start=\"2153\" data-end=\"2173\">Maison de jardin ou garage<\/p>\n<\/li>\n<li data-start=\"2174\" data-end=\"2210\">\n<p data-start=\"2176\" data-end=\"2210\">Locaux commerciaux et zones de stationnement<\/p>\n<\/li>\n<li data-start=\"2211\" data-end=\"2248\">\n<p data-start=\"2213\" data-end=\"2248\">R\u00e9sidence secondaire ou de vacances<\/p>\n<\/li>\n<\/ul>\n<hr data-start=\"2250\" data-end=\"2253\" \/>\n<h3 data-start=\"2255\" data-end=\"2292\">\ud83d\udecd\ufe0f Plus de s\u00e9curit\u00e9. Plus de tranquillit\u00e9 d'esprit.<\/h3>\n<p data-start=\"2293\" data-end=\"2432\">Avec la <strong data-start=\"2300\" data-end=\"2339\">Calex Smart Outdoor Camera Set (2K)<\/strong> vous b\u00e9n\u00e9ficiez d'une solution de s\u00e9curit\u00e9 professionnelle - sans frais d'abonnement ni tracas.<\/p>\n<p data-start=\"2434\" data-end=\"2504\">\ud83d\udc49 <strong data-start=\"2437\" data-end=\"2504\">Commandez d\u00e8s aujourd'hui et gardez un \u0153il sur tout, o\u00f9 que vous soyez.<\/strong><\/p>","protected":false},"excerpt":{"rendered":"<p>\u2705 Contr\u00f4le par application avec Calex Smart<br \/>\n\u2705 2K Video<br \/>\nStockage dans le nuage et sur carte SD<br \/>\n\u2705 Spotlight<br \/>\n\u2705 Pan Tilt<\/p>","protected":false},"featured_media":598769,"comment_status":"closed","ping_status":"closed","template":"","meta":{"_seopress_robots_primary_cat":"none","_seopress_titles_title":"Slimme binnenbeveiliging: Calex Camera Set (2 stuks)","_seopress_titles_desc":"Houd je interieur veilig met Calex Smart Indoor Camera\u2019s. Haarscherpe Full HD beelden, bewegingsdetectie en app-bediening, overal verbonden.","_seopress_robots_index":""},"product_brand":[],"product_cat":[889,514,998],"product_tag":[],"class_list":{"0":"post-598768","1":"product","2":"type-product","3":"status-publish","4":"has-post-thumbnail","6":"product_cat-camerabewaking","7":"product_cat-smart-home","8":"product_cat-tuin","10":"first","11":"instock","12":"sale","13":"taxable","14":"shipping-taxable","15":"purchasable","16":"product-type-simple"},"_links":{"self":[{"href":"https:\/\/ledshoponline.be\/fr\/wp-json\/wp\/v2\/product\/598768","targetHints":{"allow":["GET"]}}],"collection":[{"href":"https:\/\/ledshoponline.be\/fr\/wp-json\/wp\/v2\/product"}],"about":[{"href":"https:\/\/ledshoponline.be\/fr\/wp-json\/wp\/v2\/types\/product"}],"replies":[{"embeddable":true,"href":"https:\/\/ledshoponline.be\/fr\/wp-json\/wp\/v2\/comments?post=598768"}],"version-history":[{"count":1,"href":"https:\/\/ledshoponline.be\/fr\/wp-json\/wp\/v2\/product\/598768\/revisions"}],"predecessor-version":[{"id":598775,"href":"https:\/\/ledshoponline.be\/fr\/wp-json\/wp\/v2\/product\/598768\/revisions\/598775"}],"wp:featuredmedia":[{"embeddable":true,"href":"https:\/\/ledshoponline.be\/fr\/wp-json\/wp\/v2\/media\/598769"}],"wp:attachment":[{"href":"https:\/\/ledshoponline.be\/fr\/wp-json\/wp\/v2\/media?parent=598768"}],"wp:term":[{"taxonomy":"product_brand","embeddable":true,"href":"https:\/\/ledshoponline.be\/fr\/wp-json\/wp\/v2\/product_brand?post=598768"},{"taxonomy":"product_cat","embeddable":true,"href":"https:\/\/ledshoponline.be\/fr\/wp-json\/wp\/v2\/product_cat?post=598768"},{"taxonomy":"product_tag","embeddable":true,"href":"https:\/\/ledshoponline.be\/fr\/wp-json\/wp\/v2\/product_tag?post=598768"}],"curies":[{"name":"wp","href":"https:\/\/api.w.org\/{rel}","templated":true}]}}