{"id":598760,"date":"2025-07-02T15:57:43","date_gmt":"2025-07-02T15:57:43","guid":{"rendered":"https:\/\/ledshoponline.be\/?post_type=product&#038;p=598760"},"modified":"2025-08-24T10:20:22","modified_gmt":"2025-08-24T10:20:22","slug":"calex-smart-indoor-camera-set","status":"publish","type":"product","link":"https:\/\/ledshoponline.be\/fr\/shop\/camerabewaking\/calex-smart-binnen-camera-set\/","title":{"rendered":"Calex Smart Indoor Camera Set"},"content":{"rendered":"<h3 data-start=\"126\" data-end=\"170\">\ud83c\udfe0 S\u00e9curit\u00e9 int\u00e9rieure intelligente dans un ensemble de prestations<\/h3>\n<p data-start=\"171\" data-end=\"433\"><strong data-start=\"171\" data-end=\"214\">Calex Smart Indoor Camera Set (2 pi\u00e8ces)<\/strong><br data-start=\"214\" data-end=\"217\" \/>Gardez un \u0153il sur votre maison, votre bureau ou la chambre de vos enfants 24h\/24 et 7j\/7 gr\u00e2ce \u00e0 ces cam\u00e9ras d'int\u00e9rieur compactes et intelligentes. Avec une qualit\u00e9 d'image nette, la d\u00e9tection de mouvement et le contr\u00f4le par application, vous \u00eates toujours connect\u00e9 \u00e0 ce qui compte vraiment.<\/p>\n<hr data-start=\"435\" data-end=\"438\" \/>\n<h3 data-start=\"440\" data-end=\"473\">\ud83d\udcf8 Qu'est-ce qui fait que cet ensemble est id\u00e9al ?<\/h3>\n<ul data-start=\"475\" data-end=\"786\">\n<li data-start=\"475\" data-end=\"539\">\n<p data-start=\"477\" data-end=\"539\"><strong data-start=\"477\" data-end=\"497\">Image d'une grande nettet\u00e9<\/strong>Vision nocturne : 2K avec vision nocturne infrarouge<\/p>\n<\/li>\n<li data-start=\"540\" data-end=\"602\">\n<p data-start=\"542\" data-end=\"602\"><strong data-start=\"542\" data-end=\"562\">Notifications intelligentes<\/strong>Notifications instantan\u00e9es en cas de mouvement : notifications push instantan\u00e9es en cas de mouvement<\/p>\n<\/li>\n<li data-start=\"603\" data-end=\"666\">\n<p data-start=\"605\" data-end=\"666\"><strong data-start=\"605\" data-end=\"628\">Audio bidirectionnel<\/strong>La cam\u00e9ra : \u00e9couter et parler \u00e0 travers l'appareil photo<\/p>\n<\/li>\n<li data-start=\"667\" data-end=\"721\">\n<p data-start=\"669\" data-end=\"721\"><strong data-start=\"669\" data-end=\"696\">Stockage dans le nuage ou sur microSD<\/strong>Les services d'aide \u00e0 l'enfance : Choisissez ce qui vous convient<\/p>\n<\/li>\n<li data-start=\"722\" data-end=\"786\">\n<p data-start=\"724\" data-end=\"786\"><strong data-start=\"724\" data-end=\"743\">Design discret<\/strong>: Compact et discret dans tous les int\u00e9rieurs<\/p>\n<\/li>\n<\/ul>\n<hr data-start=\"788\" data-end=\"791\" \/>\n<h3 data-start=\"793\" data-end=\"843\">\ud83d\udcf1 Tout est sous contr\u00f4le avec l'application Calex Smart App<\/h3>\n<p data-start=\"845\" data-end=\"1036\">\u2714\ufe0f Visualiser les images en direct<br data-start=\"868\" data-end=\"871\" \/>\u2714\ufe0f Mise en place de zones de mouvement<br data-start=\"898\" data-end=\"901\" \/>\u2714\ufe0f Regarder les enregistrements<br data-start=\"923\" data-end=\"926\" \/>\u2714\ufe0f Compatible avec <strong data-start=\"944\" data-end=\"964\">Assistant Google<\/strong> et <strong data-start=\"968\" data-end=\"984\">Amazon Alexa<\/strong><br data-start=\"984\" data-end=\"987\" \/>\u2714\ufe0f Fonctionne sur WiFi (2.4GHz) - aucun hub suppl\u00e9mentaire n'est n\u00e9cessaire<\/p>\n<hr data-start=\"1038\" data-end=\"1041\" \/>\n<h3 data-start=\"1043\" data-end=\"1076\">\u2699\ufe0f Facile \u00e0 installer<\/h3>\n<p data-start=\"1077\" data-end=\"1091\">Plug &amp; Play :<\/p>\n<ol data-start=\"1092\" data-end=\"1208\">\n<li data-start=\"1092\" data-end=\"1131\">\n<p data-start=\"1095\" data-end=\"1131\">Brancher l'appareil photo<\/p>\n<\/li>\n<li data-start=\"1132\" data-end=\"1166\">\n<p data-start=\"1135\" data-end=\"1166\">Appairage via l'application Calex Smart<\/p>\n<\/li>\n<li data-start=\"1167\" data-end=\"1208\">\n<p data-start=\"1170\" data-end=\"1208\">En quelques minutes, vous \u00eates connect\u00e9<\/p>\n<\/li>\n<\/ol>\n<hr data-start=\"1210\" data-end=\"1213\" \/>\n<h3 data-start=\"1215\" data-end=\"1235\">\ud83e\udde0 Parfait pour :<\/h3>\n<ul data-start=\"1237\" data-end=\"1347\">\n<li data-start=\"1237\" data-end=\"1264\">\n<p data-start=\"1239\" data-end=\"1264\">Salon ou chambre \u00e0 coucher<\/p>\n<\/li>\n<li data-start=\"1265\" data-end=\"1289\">\n<p data-start=\"1267\" data-end=\"1289\">Chambre de b\u00e9b\u00e9 ou d'enfant<\/p>\n<\/li>\n<li data-start=\"1290\" data-end=\"1313\">\n<p data-start=\"1292\" data-end=\"1313\">Bureau ou lieu de travail<\/p>\n<\/li>\n<li data-start=\"1314\" data-end=\"1347\">\n<p data-start=\"1316\" data-end=\"1347\">Garder un \u0153il sur les animaux domestiques<\/p>\n<\/li>\n<\/ul>\n<hr data-start=\"1349\" data-end=\"1352\" \/>\n<h3 data-start=\"1354\" data-end=\"1385\">\ud83d\udd27 Sp\u00e9cifications techniques<\/h3>\n<div class=\"_tableContainer_80l1q_1\">\n<div class=\"_tableWrapper_80l1q_14 group flex w-fit flex-col-reverse\" tabindex=\"-1\">\n<table class=\"w-fit min-w-(--thread-content-width)\" data-start=\"1387\" data-end=\"1888\">\n<thead data-start=\"1387\" data-end=\"1441\">\n<tr data-start=\"1387\" data-end=\"1441\">\n<th data-start=\"1387\" data-end=\"1406\" data-col-size=\"sm\">Fonctionnalit\u00e9<\/th>\n<th data-start=\"1406\" data-end=\"1441\" data-col-size=\"sm\">D\u00e9tail<\/th>\n<\/tr>\n<\/thead>\n<tbody data-start=\"1497\" data-end=\"1888\">\n<tr data-start=\"1497\" data-end=\"1551\">\n<td data-start=\"1497\" data-end=\"1516\" data-col-size=\"sm\">R\u00e9solution<\/td>\n<td data-col-size=\"sm\" data-start=\"1516\" data-end=\"1551\">2K<\/td>\n<\/tr>\n<tr data-start=\"1552\" data-end=\"1606\">\n<td data-start=\"1552\" data-end=\"1571\" data-col-size=\"sm\">Vision nocturne<\/td>\n<td data-col-size=\"sm\" data-start=\"1571\" data-end=\"1606\">Oui, infrarouge jusqu'\u00e0 \u00b110 m\u00e8tres<\/td>\n<\/tr>\n<tr data-start=\"1607\" data-end=\"1665\">\n<td data-start=\"1607\" data-end=\"1626\" data-col-size=\"sm\">Audio<\/td>\n<td data-col-size=\"sm\" data-start=\"1626\" data-end=\"1665\">Audio bidirectionnel (microphone + haut-parleur)<\/td>\n<\/tr>\n<tr data-start=\"1666\" data-end=\"1720\">\n<td data-start=\"1666\" data-end=\"1685\" data-col-size=\"sm\">Stockage<\/td>\n<td data-col-size=\"sm\" data-start=\"1685\" data-end=\"1720\">Cloud + microSD (en option)<\/td>\n<\/tr>\n<tr data-start=\"1721\" data-end=\"1775\">\n<td data-start=\"1721\" data-end=\"1740\" data-col-size=\"sm\">Connexion via<\/td>\n<td data-col-size=\"sm\" data-start=\"1740\" data-end=\"1775\">WiFi 2.4GHz<\/td>\n<\/tr>\n<tr data-start=\"1776\" data-end=\"1832\">\n<td data-start=\"1776\" data-end=\"1795\" data-col-size=\"sm\">Contr\u00f4les<\/td>\n<td data-col-size=\"sm\" data-start=\"1795\" data-end=\"1832\">Calex Smart App + commande vocale<\/td>\n<\/tr>\n<tr data-start=\"1833\" data-end=\"1888\">\n<td data-start=\"1833\" data-end=\"1852\" data-col-size=\"sm\">Dimensions<\/td>\n<td data-col-size=\"sm\" data-start=\"1852\" data-end=\"1888\">Conception compacte (environ 11 cm de haut)<\/td>\n<\/tr>\n<\/tbody>\n<\/table>\n<div class=\"sticky end-(--thread-content-margin) h-0 self-end select-none\">\n<div class=\"absolute end-0 flex items-end\"><\/div>\n<\/div>\n<\/div>\n<\/div>\n<hr data-start=\"1890\" data-end=\"1893\" \/>\n<h3 data-start=\"1895\" data-end=\"1940\">\u2705 Surveillance compl\u00e8te, d\u00e8s la sortie de la bo\u00eete<\/h3>\n<p data-start=\"1941\" data-end=\"2080\">Que vous souhaitiez rendre votre maison plus s\u00fbre ou la surveiller, ce kit offre une s\u00e9curit\u00e9 intelligente \u00e0 un prix abordable.<\/p>\n<p data-start=\"2082\" data-end=\"2158\">\ud83d\udc49 <strong data-start=\"2085\" data-end=\"2098\">Commander<\/strong> et gardez toujours le contr\u00f4le de votre environnement, o\u00f9 que vous soyez.<\/p>","protected":false},"excerpt":{"rendered":"<p>\u2705 Contr\u00f4le par application avec Calex Smart<br \/>\n\u2705 2K Video<br \/>\nStockage dans le nuage et sur carte SD<br \/>\n\u2705 Spotlight<\/p>","protected":false},"featured_media":598761,"comment_status":"closed","ping_status":"closed","template":"","meta":{"_seopress_robots_primary_cat":"none","_seopress_titles_title":"Slimme binnenbeveiliging: Calex Camera Set (2 stuks)","_seopress_titles_desc":"Houd je interieur veilig met Calex Smart Indoor Camera\u2019s. Haarscherpe Full HD beelden, bewegingsdetectie en app-bediening, overal verbonden.","_seopress_robots_index":""},"product_brand":[],"product_cat":[889,514],"product_tag":[],"class_list":{"0":"post-598760","1":"product","2":"type-product","3":"status-publish","4":"has-post-thumbnail","6":"product_cat-camerabewaking","7":"product_cat-smart-home","9":"first","10":"instock","11":"sale","12":"taxable","13":"shipping-taxable","14":"purchasable","15":"product-type-simple"},"_links":{"self":[{"href":"https:\/\/ledshoponline.be\/fr\/wp-json\/wp\/v2\/product\/598760","targetHints":{"allow":["GET"]}}],"collection":[{"href":"https:\/\/ledshoponline.be\/fr\/wp-json\/wp\/v2\/product"}],"about":[{"href":"https:\/\/ledshoponline.be\/fr\/wp-json\/wp\/v2\/types\/product"}],"replies":[{"embeddable":true,"href":"https:\/\/ledshoponline.be\/fr\/wp-json\/wp\/v2\/comments?post=598760"}],"version-history":[{"count":1,"href":"https:\/\/ledshoponline.be\/fr\/wp-json\/wp\/v2\/product\/598760\/revisions"}],"predecessor-version":[{"id":598767,"href":"https:\/\/ledshoponline.be\/fr\/wp-json\/wp\/v2\/product\/598760\/revisions\/598767"}],"wp:featuredmedia":[{"embeddable":true,"href":"https:\/\/ledshoponline.be\/fr\/wp-json\/wp\/v2\/media\/598761"}],"wp:attachment":[{"href":"https:\/\/ledshoponline.be\/fr\/wp-json\/wp\/v2\/media?parent=598760"}],"wp:term":[{"taxonomy":"product_brand","embeddable":true,"href":"https:\/\/ledshoponline.be\/fr\/wp-json\/wp\/v2\/product_brand?post=598760"},{"taxonomy":"product_cat","embeddable":true,"href":"https:\/\/ledshoponline.be\/fr\/wp-json\/wp\/v2\/product_cat?post=598760"},{"taxonomy":"product_tag","embeddable":true,"href":"https:\/\/ledshoponline.be\/fr\/wp-json\/wp\/v2\/product_tag?post=598760"}],"curies":[{"name":"wp","href":"https:\/\/api.w.org\/{rel}","templated":true}]}}