{"id":598750,"date":"2025-07-02T15:49:09","date_gmt":"2025-07-02T15:49:09","guid":{"rendered":"https:\/\/ledshoponline.be\/?post_type=product&#038;p=598750"},"modified":"2025-10-16T15:08:56","modified_gmt":"2025-10-16T15:08:56","slug":"calex-smart-outdoor-security-start-package-smart-doorbell-outdoor-camera","status":"publish","type":"product","link":"https:\/\/ledshoponline.be\/fr\/shop\/camerabewaking\/calex-smart-buiten-beveiliging-start-pakket-smart-deurbel-buitencamera\/","title":{"rendered":"Calex Smart Outdoor Security Starter Package - Sonnette intelligente et cam\u00e9ra ext\u00e9rieure"},"content":{"rendered":"<h3 data-start=\"82\" data-end=\"137\">\ud83c\udfe1 Prot\u00e9gez votre maison - de la porte d'entr\u00e9e \u00e0 l'arri\u00e8re-cour<\/h3>\n<p data-start=\"138\" data-end=\"416\">Rendez votre maison plus intelligente et plus s\u00fbre avec le <strong data-start=\"180\" data-end=\"224\">Calex Smart Outdoor Security Starter Set<\/strong>. Ce kit de s\u00e9curit\u00e9 complet au design noir \u00e9l\u00e9gant contient tout ce dont vous avez besoin pour surveiller votre maison 24 heures sur 24 et 7 jours sur 7 : un <strong data-start=\"350\" data-end=\"374\">Sonnette vid\u00e9o 2K<\/strong> et un <strong data-start=\"382\" data-end=\"415\">Cam\u00e9ra de s\u00e9curit\u00e9 ext\u00e9rieure 2K<\/strong>.<\/p>\n<hr data-start=\"418\" data-end=\"421\" \/>\n<h3 data-start=\"423\" data-end=\"453\">\ud83d\udcf8 What's in the set ?<\/h3>\n<ul data-start=\"454\" data-end=\"830\">\n<li data-start=\"454\" data-end=\"577\">\n<p data-start=\"456\" data-end=\"577\"><strong data-start=\"456\" data-end=\"478\">Sonnette vid\u00e9o 2K<\/strong> avec angle de vision de 140\u00b0, vision nocturne et audio bidirectionnel - voyez et parlez aux visiteurs o\u00f9 que vous soyez<\/p>\n<\/li>\n<li data-start=\"578\" data-end=\"707\">\n<p data-start=\"580\" data-end=\"707\"><strong data-start=\"580\" data-end=\"611\">Cam\u00e9ra de s\u00e9curit\u00e9 ext\u00e9rieure 2K<\/strong> avec vision nocturne IR puissante, d\u00e9tection de mouvement et bo\u00eetier \u00e9tanche (certification IP)<\/p>\n<\/li>\n<li data-start=\"708\" data-end=\"758\">\n<p data-start=\"710\" data-end=\"758\"><strong data-start=\"710\" data-end=\"730\">Notifications intelligentes<\/strong> en cas de mouvement ou de sonnerie<\/p>\n<\/li>\n<li data-start=\"759\" data-end=\"830\">\n<p data-start=\"761\" data-end=\"830\"><strong data-start=\"761\" data-end=\"790\">Communication bidirectionnelle<\/strong> par l'interm\u00e9diaire d'un microphone et d'un haut-parleur int\u00e9gr\u00e9s<\/p>\n<\/li>\n<\/ul>\n<hr data-start=\"832\" data-end=\"835\" \/>\n<h3 data-start=\"837\" data-end=\"882\">\ud83d\udcf1 Contr\u00f4le total via votre smartphone<\/h3>\n<p data-start=\"883\" data-end=\"1124\">Contr\u00f4lez facilement les deux appareils via le <strong data-start=\"923\" data-end=\"942\">Calex Smart App<\/strong>:<br data-start=\"943\" data-end=\"946\" \/>\u2714\ufe0f Regarder des images en direct ou des enregistrements<br data-start=\"978\" data-end=\"981\" \/>\u2714\ufe0f Recevoir des notifications push sur les mouvements<br data-start=\"1018\" data-end=\"1021\" \/>\u2714\ufe0f D\u00e9finir des routines ou des zones de d\u00e9tection<br data-start=\"1057\" data-end=\"1060\" \/>\u2714\ufe0f Fonctionne en toute transparence avec <strong data-start=\"1082\" data-end=\"1102\">Assistant Google<\/strong> et <strong data-start=\"1106\" data-end=\"1122\">Amazon Alexa<\/strong><\/p>\n<p data-start=\"1126\" data-end=\"1181\">Aucun hub suppl\u00e9mentaire n'est n\u00e9cessaire - fonctionne directement sur WiFi (2,4 GHz).<\/p>\n<hr data-start=\"1183\" data-end=\"1186\" \/>\n<h3 data-start=\"1188\" data-end=\"1224\">\u2699\ufe0f Installation tr\u00e8s facile<\/h3>\n<p data-start=\"1225\" data-end=\"1279\">Les deux appareils sont con\u00e7us pour <strong data-start=\"1261\" data-end=\"1276\">plug and play<\/strong>:<\/p>\n<ul data-start=\"1280\" data-end=\"1384\">\n<li data-start=\"1280\" data-end=\"1319\">\n<p data-start=\"1282\" data-end=\"1319\">Assembler avec les mat\u00e9riaux fournis<\/p>\n<\/li>\n<li data-start=\"1320\" data-end=\"1351\">\n<p data-start=\"1322\" data-end=\"1351\">Connectez-vous \u00e0 votre r\u00e9seau WiFi<\/p>\n<\/li>\n<li data-start=\"1352\" data-end=\"1384\">\n<p data-start=\"1354\" data-end=\"1384\">Tout configurer via l'application<\/p>\n<\/li>\n<\/ul>\n<p data-start=\"1386\" data-end=\"1436\">En quelques minutes, votre maison est intelligemment s\u00e9curis\u00e9e.<\/p>\n<hr data-start=\"1438\" data-end=\"1441\" \/>\n<h3 data-start=\"1443\" data-end=\"1486\">\u2705 Pourquoi choisir ce kit de d\u00e9marrage ?<\/h3>\n<ul data-start=\"1487\" data-end=\"1760\">\n<li data-start=\"1487\" data-end=\"1540\">\n<p data-start=\"1489\" data-end=\"1540\"><strong data-start=\"1489\" data-end=\"1510\">Couverture compl\u00e8te<\/strong> de la porte d'entr\u00e9e et du jardin<\/p>\n<\/li>\n<li data-start=\"1541\" data-end=\"1587\">\n<p data-start=\"1543\" data-end=\"1587\"><strong data-start=\"1543\" data-end=\"1563\">Image d'une grande nettet\u00e9<\/strong>Qualit\u00e9 2K<\/p>\n<\/li>\n<li data-start=\"1588\" data-end=\"1646\">\n<p data-start=\"1590\" data-end=\"1646\"><strong data-start=\"1590\" data-end=\"1616\">Robuste et fiable<\/strong>Vision nocturne et protection contre les intemp\u00e9ries<\/p>\n<\/li>\n<li data-start=\"1647\" data-end=\"1706\">\n<p data-start=\"1649\" data-end=\"1706\"><strong data-start=\"1649\" data-end=\"1668\">Caract\u00e9ristiques intelligentes<\/strong>: commande vocale, notifications et bien d'autres choses encore<\/p>\n<\/li>\n<li data-start=\"1707\" data-end=\"1760\">\n<p data-start=\"1709\" data-end=\"1760\"><strong data-start=\"1709\" data-end=\"1740\">Finition noire \u00e9l\u00e9gante<\/strong> s'adapte \u00e0 toutes les fa\u00e7ades<\/p>\n<\/li>\n<\/ul>\n<hr data-start=\"1762\" data-end=\"1765\" \/>\n<h3 data-start=\"1767\" data-end=\"1803\">\ud83d\udd27 Caract\u00e9ristiques principales<\/h3>\n<div class=\"_tableContainer_80l1q_1\">\n<div class=\"_tableWrapper_80l1q_14 group flex w-fit flex-col-reverse\" tabindex=\"-1\">\n<table class=\"w-fit min-w-(--thread-content-width)\" data-start=\"1804\" data-end=\"2225\">\n<thead data-start=\"1804\" data-end=\"1839\">\n<tr data-start=\"1804\" data-end=\"1839\">\n<th data-start=\"1804\" data-end=\"1822\" data-col-size=\"sm\">Section<\/th>\n<th data-start=\"1822\" data-end=\"1839\" data-col-size=\"md\">Caract\u00e9ristiques<\/th>\n<\/tr>\n<\/thead>\n<tbody data-start=\"1878\" data-end=\"2225\">\n<tr data-start=\"1878\" data-end=\"1936\">\n<td data-start=\"1878\" data-end=\"1897\" data-col-size=\"sm\">Sonnette vid\u00e9o<\/td>\n<td data-col-size=\"md\" data-start=\"1897\" data-end=\"1936\">2K, angle de 140\u00b0, vision nocturne, audio<\/td>\n<\/tr>\n<tr data-start=\"1937\" data-end=\"1994\">\n<td data-start=\"1937\" data-end=\"1956\" data-col-size=\"sm\">Cam\u00e9ra ext\u00e9rieure<\/td>\n<td data-col-size=\"md\" data-start=\"1956\" data-end=\"1994\">R\u00e9solution 2K, IR, \u00e9tanch\u00e9it\u00e9 IP<\/td>\n<\/tr>\n<tr data-start=\"1995\" data-end=\"2060\">\n<td data-start=\"1995\" data-end=\"2014\" data-col-size=\"sm\">Stockage<\/td>\n<td data-col-size=\"md\" data-start=\"2014\" data-end=\"2060\">Cloud + microSD (carte vendue s\u00e9par\u00e9ment)<\/td>\n<\/tr>\n<tr data-start=\"2061\" data-end=\"2109\">\n<td data-start=\"2061\" data-end=\"2080\" data-col-size=\"sm\">Connectivit\u00e9<\/td>\n<td data-col-size=\"md\" data-start=\"2080\" data-end=\"2109\">WiFi 2.4 GHz, contr\u00f4le des applications<\/td>\n<\/tr>\n<tr data-start=\"2110\" data-end=\"2164\">\n<td data-start=\"2110\" data-end=\"2129\" data-col-size=\"sm\">Compatibilit\u00e9<\/td>\n<td data-col-size=\"md\" data-start=\"2129\" data-end=\"2164\">Google Assistant et Amazon Alexa<\/td>\n<\/tr>\n<tr data-start=\"2165\" data-end=\"2225\">\n<td data-start=\"2165\" data-end=\"2184\" data-col-size=\"sm\">Installation<\/td>\n<td data-col-size=\"md\" data-start=\"2184\" data-end=\"2225\">Simple, y compris le mat\u00e9riel de montage<\/td>\n<\/tr>\n<\/tbody>\n<\/table>\n<div class=\"sticky end-(--thread-content-margin) h-0 self-end select-none\">\n<div class=\"absolute end-0 flex items-end\"><\/div>\n<\/div>\n<\/div>\n<\/div>\n<hr data-start=\"2227\" data-end=\"2230\" \/>\n<h3 data-start=\"2232\" data-end=\"2280\">\ud83d\udee1\ufe0f S\u00e9curit\u00e9 intelligente. Tranquillit\u00e9 d'esprit instantan\u00e9e.<\/h3>\n<p data-start=\"2281\" data-end=\"2448\">Pr\u00eat pour une maison plus s\u00fbre ? Commandez le <strong data-start=\"2324\" data-end=\"2368\">Calex Smart Outdoor Security Starter Set<\/strong> et d\u00e9couvrez le confort d'une s\u00e9curit\u00e9 intelligente, de jour comme de nuit, \u00e0 la maison comme en d\u00e9placement.<\/p>","protected":false},"excerpt":{"rendered":"<p>\u2705 Contr\u00f4le par application avec Calex Smart<br \/>\n\u2705 2K Video<br \/>\nStockage dans le nuage et sur carte SD<br \/>\n\u2705 Advantage pack Smart Doorbell + Camera<\/p>","protected":false},"featured_media":628190,"comment_status":"closed","ping_status":"closed","template":"","meta":{"_seopress_robots_primary_cat":"none","_seopress_titles_title":"","_seopress_titles_desc":"","_seopress_robots_index":""},"product_brand":[],"product_cat":[889,514],"product_tag":[],"class_list":{"0":"post-598750","1":"product","2":"type-product","3":"status-publish","4":"has-post-thumbnail","6":"product_cat-camerabewaking","7":"product_cat-smart-home","9":"first","10":"instock","11":"sale","12":"taxable","13":"shipping-taxable","14":"purchasable","15":"product-type-simple"},"_links":{"self":[{"href":"https:\/\/ledshoponline.be\/fr\/wp-json\/wp\/v2\/product\/598750","targetHints":{"allow":["GET"]}}],"collection":[{"href":"https:\/\/ledshoponline.be\/fr\/wp-json\/wp\/v2\/product"}],"about":[{"href":"https:\/\/ledshoponline.be\/fr\/wp-json\/wp\/v2\/types\/product"}],"replies":[{"embeddable":true,"href":"https:\/\/ledshoponline.be\/fr\/wp-json\/wp\/v2\/comments?post=598750"}],"version-history":[{"count":4,"href":"https:\/\/ledshoponline.be\/fr\/wp-json\/wp\/v2\/product\/598750\/revisions"}],"predecessor-version":[{"id":628192,"href":"https:\/\/ledshoponline.be\/fr\/wp-json\/wp\/v2\/product\/598750\/revisions\/628192"}],"wp:featuredmedia":[{"embeddable":true,"href":"https:\/\/ledshoponline.be\/fr\/wp-json\/wp\/v2\/media\/628190"}],"wp:attachment":[{"href":"https:\/\/ledshoponline.be\/fr\/wp-json\/wp\/v2\/media?parent=598750"}],"wp:term":[{"taxonomy":"product_brand","embeddable":true,"href":"https:\/\/ledshoponline.be\/fr\/wp-json\/wp\/v2\/product_brand?post=598750"},{"taxonomy":"product_cat","embeddable":true,"href":"https:\/\/ledshoponline.be\/fr\/wp-json\/wp\/v2\/product_cat?post=598750"},{"taxonomy":"product_tag","embeddable":true,"href":"https:\/\/ledshoponline.be\/fr\/wp-json\/wp\/v2\/product_tag?post=598750"}],"curies":[{"name":"wp","href":"https:\/\/api.w.org\/{rel}","templated":true}]}}