{"id":598737,"date":"2025-07-02T15:40:25","date_gmt":"2025-07-02T15:40:25","guid":{"rendered":"https:\/\/ledshoponline.be\/?post_type=product&#038;p=598737"},"modified":"2025-08-24T10:21:45","modified_gmt":"2025-08-24T10:21:45","slug":"smart-hex-triangle-wall-light-rgbic-white","status":"publish","type":"product","link":"https:\/\/ledshoponline.be\/fr\/shop\/producten\/armaturen\/wandlampen\/smart-hex-driehoek-wandlamp-rgbic-wit\/","title":{"rendered":"Lampe murale Smart Hex Triangle - RGBIC - Blanc"},"content":{"rendered":"<h3 data-start=\"128\" data-end=\"180\">\ud83c\udfa8 Transformez votre mur en une \u0153uvre d'art lumineuse<\/h3>\n<p data-start=\"181\" data-end=\"247\"><strong data-start=\"181\" data-end=\"247\">Calex Smart Triangle Wall Lights - Lot de 9 panneaux LED RGBIC<\/strong><\/p>\n<p data-start=\"249\" data-end=\"544\">Apportez de la vie, de la couleur et de la personnalit\u00e9 \u00e0 n'importe quelle pi\u00e8ce gr\u00e2ce \u00e0 cet \u00e9clairage mural modulaire et intelligent. Que vous souhaitiez que votre <strong data-start=\"358\" data-end=\"374\">configuration de jeu<\/strong>, <strong data-start=\"376\" data-end=\"389\">salle de s\u00e9jour<\/strong>, <strong data-start=\"391\" data-end=\"398\">salle<\/strong> ou <strong data-start=\"402\" data-end=\"416\">chambre \u00e0 coucher<\/strong> une atmosph\u00e8re unique - avec le <strong data-start=\"454\" data-end=\"490\">Calex Smart Triangle Wall Lights<\/strong> vous cr\u00e9ez un accroche-regard adapt\u00e9 \u00e0 chaque humeur.<\/p>\n<h4 data-start=\"546\" data-end=\"584\">\ud83d\udca1 \u00c9clairage dynamique RGBIC<\/h4>\n<p data-start=\"585\" data-end=\"845\">Gr\u00e2ce \u00e0 des <strong data-start=\"606\" data-end=\"627\">Technologie RGBIC<\/strong> Profitez de gradations de couleurs douces, d'effets de lumi\u00e8re puls\u00e9e ou, au contraire, de tonalit\u00e9s calmes et apaisantes. Vous avez le choix entre <strong data-start=\"737\" data-end=\"769\">des millions de combinaisons de couleurs<\/strong> et personnalisez votre \u00e9clairage dans les moindres d\u00e9tails, directement depuis votre smartphone.<\/p>\n<h4 data-start=\"847\" data-end=\"887\">\ud83d\udcf1 Contr\u00f4le intelligent - application et voix<\/h4>\n<p data-start=\"888\" data-end=\"1119\">Contr\u00f4lez tout facilement gr\u00e2ce \u00e0 l'interface <strong data-start=\"918\" data-end=\"937\">Calex Smart App<\/strong> (WiFi et Bluetooth) :<br data-start=\"957\" data-end=\"960\" \/>\u2714\ufe0f Choisissez vos couleurs pr\u00e9f\u00e9r\u00e9es<br data-start=\"988\" data-end=\"991\" \/>\u2714\ufe0f R\u00e9gler la luminosit\u00e9<br data-start=\"1012\" data-end=\"1015\" \/>\u2714\ufe0f D\u00e9finir des minuteries ou des routines<br data-start=\"1044\" data-end=\"1047\" \/>\u2714\ufe0f Op\u00e9rer avec votre <strong data-start=\"1064\" data-end=\"1072\">vote<\/strong> via <strong data-start=\"1077\" data-end=\"1097\">Assistant Google<\/strong> ou <strong data-start=\"1101\" data-end=\"1117\">Amazon Alexa<\/strong><\/p>\n<h4 data-start=\"1121\" data-end=\"1161\">\ud83e\uddf2 Conception modulaire et extensible<\/h4>\n<p data-start=\"1162\" data-end=\"1439\">Les panneaux se connectent magn\u00e9tiquement, ce qui vous permet de les placer dans la forme que vous souhaitez. Utilisez les <strong data-start=\"1258\" data-end=\"1298\">bandes adh\u00e9sives ou vis fournies<\/strong> pour les fixer solidement. Avec le <strong data-start=\"1334\" data-end=\"1357\">C\u00e2ble de 4 m\u00e8tres de long<\/strong> vous b\u00e9n\u00e9ficiez d'une libert\u00e9 maximale en mati\u00e8re de conception. Vous avez termin\u00e9 avec 9 panneaux ? Agrandissez-les facilement !<\/p>\n<hr data-start=\"1441\" data-end=\"1444\" \/>\n<h3 data-start=\"1446\" data-end=\"1480\">\ud83d\udd27 Les sp\u00e9cifications en un coup d'\u0153il :<\/h3>\n<ul data-start=\"1481\" data-end=\"1749\">\n<li data-start=\"1481\" data-end=\"1539\">\n<p data-start=\"1483\" data-end=\"1539\"><strong data-start=\"1483\" data-end=\"1506\">9 panneaux LED RGBIC<\/strong> avec un large angle de rayonnement (120\u00b0)<\/p>\n<\/li>\n<li data-start=\"1540\" data-end=\"1608\">\n<p data-start=\"1542\" data-end=\"1608\"><strong data-start=\"1542\" data-end=\"1562\">Contr\u00f4les intelligents<\/strong> via WiFi, Bluetooth et voix (Google\/Alexa)<\/p>\n<\/li>\n<li data-start=\"1609\" data-end=\"1660\">\n<p data-start=\"1611\" data-end=\"1660\"><strong data-start=\"1611\" data-end=\"1631\">Longue dur\u00e9e de vie<\/strong> jusqu'\u00e0 25 000 heures<\/p>\n<\/li>\n<li data-start=\"1661\" data-end=\"1704\">\n<p data-start=\"1663\" data-end=\"1704\"><strong data-start=\"1663\" data-end=\"1687\">Faible consommation d'\u00e9nergie<\/strong>: seulement 18,8 W<\/p>\n<\/li>\n<li data-start=\"1705\" data-end=\"1749\">\n<p data-start=\"1707\" data-end=\"1749\"><strong data-start=\"1707\" data-end=\"1733\">Installation simple<\/strong> - plug and play<\/p>\n<\/li>\n<\/ul>\n<hr data-start=\"1751\" data-end=\"1754\" \/>\n<p data-start=\"1756\" data-end=\"1885\">\u2728 <strong data-start=\"1758\" data-end=\"1813\">Cr\u00e9ez une atmosph\u00e8re qui vous ressemble. Tous les jours.<\/strong><br data-start=\"1813\" data-end=\"1816\" \/>\ud83d\udc49 Commandez d\u00e8s aujourd'hui et transformez votre mur en une exp\u00e9rience d'\u00e9clairage unique.<\/p>","protected":false},"excerpt":{"rendered":"<p>\u2705 Contr\u00f4le via l'application Calex Smart<br \/>\n\u2705 \u00c9clairage RGBIC<br \/>\n\u2705 Extensible<\/p>","protected":false},"featured_media":598742,"comment_status":"closed","ping_status":"closed","template":"","meta":{"_seopress_robots_primary_cat":"none","_seopress_titles_title":"","_seopress_titles_desc":"","_seopress_robots_index":""},"product_brand":[],"product_cat":[530,1015,19,514,109],"product_tag":[],"class_list":{"0":"post-598737","1":"product","2":"type-product","3":"status-publish","4":"has-post-thumbnail","6":"product_cat-deals","7":"product_cat-huis-keuken","8":"product_cat-producten","9":"product_cat-smart-home","10":"product_cat-wandlampen","12":"first","13":"instock","14":"sale","15":"taxable","16":"shipping-taxable","17":"purchasable","18":"product-type-simple"},"_links":{"self":[{"href":"https:\/\/ledshoponline.be\/fr\/wp-json\/wp\/v2\/product\/598737","targetHints":{"allow":["GET"]}}],"collection":[{"href":"https:\/\/ledshoponline.be\/fr\/wp-json\/wp\/v2\/product"}],"about":[{"href":"https:\/\/ledshoponline.be\/fr\/wp-json\/wp\/v2\/types\/product"}],"replies":[{"embeddable":true,"href":"https:\/\/ledshoponline.be\/fr\/wp-json\/wp\/v2\/comments?post=598737"}],"version-history":[{"count":2,"href":"https:\/\/ledshoponline.be\/fr\/wp-json\/wp\/v2\/product\/598737\/revisions"}],"predecessor-version":[{"id":598747,"href":"https:\/\/ledshoponline.be\/fr\/wp-json\/wp\/v2\/product\/598737\/revisions\/598747"}],"wp:featuredmedia":[{"embeddable":true,"href":"https:\/\/ledshoponline.be\/fr\/wp-json\/wp\/v2\/media\/598742"}],"wp:attachment":[{"href":"https:\/\/ledshoponline.be\/fr\/wp-json\/wp\/v2\/media?parent=598737"}],"wp:term":[{"taxonomy":"product_brand","embeddable":true,"href":"https:\/\/ledshoponline.be\/fr\/wp-json\/wp\/v2\/product_brand?post=598737"},{"taxonomy":"product_cat","embeddable":true,"href":"https:\/\/ledshoponline.be\/fr\/wp-json\/wp\/v2\/product_cat?post=598737"},{"taxonomy":"product_tag","embeddable":true,"href":"https:\/\/ledshoponline.be\/fr\/wp-json\/wp\/v2\/product_tag?post=598737"}],"curies":[{"name":"wp","href":"https:\/\/api.w.org\/{rel}","templated":true}]}}