{"id":584712,"date":"2025-06-14T11:29:53","date_gmt":"2025-06-14T11:29:53","guid":{"rendered":"https:\/\/ledshoponline.be\/?post_type=product&#038;p=584712"},"modified":"2025-10-15T07:20:29","modified_gmt":"2025-10-15T07:20:29","slug":"lampe-de-jardin-solaire-led-torche-de-jardin-solaire-noire-2-pcs","status":"publish","type":"product","link":"https:\/\/ledshoponline.be\/fr\/shop\/producten\/armaturen\/buitenverlichting\/led-solar-lamp-op-zonne-energie-tuinlamp-solar-tuinfakkels-zwart-2-stuks\/","title":{"rendered":"Lampe solaire LED \u00e0 \u00e9nergie solaire - Lampe de jardin\/Torche solaire de jardin - Noir - 2 pi\u00e8ces"},"content":{"rendered":"<h2 data-start=\"86\" data-end=\"108\">\ud83c\udf1f Productoverzicht<\/h2>\r\n<p data-start=\"110\" data-end=\"773\"><strong data-start=\"110\" data-end=\"119\">Naam:<\/strong> Aigostar LED Solar lamp \u2013 Zonne-energie \u2013 Stekers 69,5\u202fcm \u2013 set van 2 \u2013 Zwart<br data-start=\"197\" data-end=\"200\" \/><strong data-start=\"200\" data-end=\"221\">IP-classificatie:<\/strong> IP44 (spatwaterbestendig)<br data-start=\"285\" data-end=\"288\" \/><strong data-start=\"288\" data-end=\"309\">Kleurtemperatuur:<\/strong> Ongeveer 1800\u202fK (zacht warm licht) <br data-start=\"382\" data-end=\"385\" \/><strong data-start=\"385\" data-end=\"411\">Afmetingen (lichtkap):<\/strong> 12,5\u202f\u00d7\u202f12,5\u202f\u00d7\u202f69,5\u202fcm <br data-start=\"471\" data-end=\"474\" \/><strong data-start=\"474\" data-end=\"495\">Verlichtingshoek:<\/strong> 360\u00b0 <br data-start=\"538\" data-end=\"541\" \/><strong data-start=\"541\" data-end=\"556\">Oplaadtijd:<\/strong> Circa 5\u202fuur in de zon <br data-start=\"616\" data-end=\"619\" \/><strong data-start=\"619\" data-end=\"633\">Brandduur:<\/strong> Tot 8\u202fuur bij volle lading <br data-start=\"698\" data-end=\"701\" \/><strong data-start=\"701\" data-end=\"709\">Set:<\/strong> 2 stuks zwart kunststof<\/p>\r\n<hr data-start=\"775\" data-end=\"778\" \/>\r\n<h2 data-start=\"780\" data-end=\"812\">\u2705 Belangrijkste eigenschappen<\/h2>\r\n<ul data-start=\"814\" data-end=\"1107\">\r\n<li data-start=\"814\" data-end=\"895\">\r\n<p data-start=\"816\" data-end=\"895\"><span class=\"relative -mx-px my-[-0.2rem] rounded px-px py-[0.2rem] transition-colors duration-100 ease-in-out\"><strong data-start=\"0\" data-end=\"24\" data-is-only-node=\"\">Automatische werking<\/strong>: lichtsensor schakelt de lamp in bij schemer en uit bij zonsopgang<\/span><\/p>\r\n<\/li>\r\n<li data-start=\"896\" data-end=\"979\">\r\n<p data-start=\"898\" data-end=\"979\"><span class=\"relative -mx-px my-[-0.2rem] rounded px-px py-[0.2rem] transition-colors duration-100 ease-in-out\"><strong data-start=\"0\" data-end=\"24\" data-is-only-node=\"\">Warm, sfeervol licht<\/strong>: met 1800\u202fK cre\u00ebert de lamp een knusse ambiance in je tuin \u2019s avonds<\/span><\/p>\r\n<\/li>\r\n<li data-start=\"980\" data-end=\"1063\">\r\n<p data-start=\"982\" data-end=\"1063\"><span class=\"relative -mx-px my-[-0.2rem] rounded px-px py-[0.2rem] transition-colors duration-100 ease-in-out\"><strong data-start=\"0\" data-end=\"17\" data-is-only-node=\"\">Weerbestendig<\/strong>: IP44-certificering betekent bescherming tegen spatwater, regen en milde vorst<\/span><\/p>\r\n<\/li>\r\n<li data-start=\"1064\" data-end=\"1107\">\r\n<p data-start=\"1066\" data-end=\"1107\"><span class=\"relative -mx-px my-[-0.2rem] rounded px-px py-[0.2rem] transition-colors duration-100 ease-in-out\"><strong data-start=\"0\" data-end=\"26\" data-is-only-node=\"\">Eenvoudige installatie<\/strong>: prik de grondspies in gazon, aarde of terrasrand en klaar<\/span><\/p>\r\n<\/li>\r\n<\/ul>\r\n<hr data-start=\"1109\" data-end=\"1112\" \/>\r\n<h2 data-start=\"1114\" data-end=\"1132\">\ud83c\udfaf Perfect voor<\/h2>\r\n<ul data-start=\"1134\" data-end=\"1265\">\r\n<li data-start=\"1134\" data-end=\"1177\">\r\n<p data-start=\"1136\" data-end=\"1177\"><span class=\"relative -mx-px my-[-0.2rem] rounded px-px py-[0.2rem] transition-colors duration-100 ease-in-out\">Het cre\u00ebren van <strong data-start=\"16\" data-end=\"42\">sfeervolle verlichting<\/strong> langs tuinpaden, borders of opritten<\/span><\/p>\r\n<\/li>\r\n<li data-start=\"1178\" data-end=\"1221\">\r\n<p data-start=\"1180\" data-end=\"1221\"><span class=\"relative -mx-px my-[-0.2rem] rounded px-px py-[0.2rem] transition-colors duration-100 ease-in-out\"><strong data-start=\"0\" data-end=\"27\" data-is-only-node=\"\">Veiligheidsdoorlichting<\/strong> zonder stroomgebruik<\/span><\/p>\r\n<\/li>\r\n<li data-start=\"1222\" data-end=\"1265\">\r\n<p data-start=\"1224\" data-end=\"1265\"><span class=\"relative -mx-px my-[-0.2rem] rounded px-px py-[0.2rem] transition-colors duration-100 ease-in-out\">Een <strong data-start=\"4\" data-end=\"31\">duurzame lichtoplossing<\/strong>: geen elektriciteitskabels, geen extra kosten<\/span><\/p>\r\n<\/li>\r\n<\/ul>\r\n<hr data-start=\"1402\" data-end=\"1405\" \/>\r\n<h2 data-start=\"1407\" data-end=\"1431\">\ud83d\udcdd Gebruikerservaring<\/h2>\r\n<ul data-start=\"1433\" data-end=\"1559\">\r\n<li data-start=\"1433\" data-end=\"1476\">\r\n<p data-start=\"1435\" data-end=\"1476\"><span class=\"relative -mx-px my-[-0.2rem] rounded px-px py-[0.2rem] transition-colors duration-100 ease-in-out\"><strong data-start=\"0\" data-end=\"21\" data-is-only-node=\"\">Sterke pluspunten<\/strong>: gebruikers waarderen het \u201cmooie warme licht\u201d en het \u201cmooi uitzicht langs paden\u201d.<\/span><\/p>\r\n<\/li>\r\n<li data-start=\"1477\" data-end=\"1559\">\r\n<p data-start=\"1479\" data-end=\"1559\"><span class=\"relative -mx-px my-[-0.2rem] rounded px-px py-[0.2rem] transition-colors duration-100 ease-in-out\"><strong data-start=\"0\" data-end=\"10\" data-is-only-node=\"\">Let op<\/strong>: juiste plaatsing in zonlicht is cruciaal voor optimale werking; teveel schaduw kan prestaties verminderen<\/span> .<\/p>\r\n<\/li>\r\n<\/ul>\r\n<hr data-start=\"1561\" data-end=\"1564\" \/>\r\n<h2 data-start=\"1566\" data-end=\"1588\">\ud83d\udccc Aanraders &amp; tips<\/h2>\r\n<ol data-start=\"1590\" data-end=\"1971\">\r\n<li data-start=\"1590\" data-end=\"1684\">\r\n<p data-start=\"1593\" data-end=\"1684\"><strong data-start=\"1593\" data-end=\"1626\">Plaats ze op een zonnige plek<\/strong> voor maximale laadduur (5\u202fuur zon levert ~8\u202fuur licht).<\/p>\r\n<\/li>\r\n<li data-start=\"1685\" data-end=\"1759\">\r\n<p data-start=\"1688\" data-end=\"1759\"><strong data-start=\"1688\" data-end=\"1725\">Reinig het zonnepaneel regelmatig<\/strong> om rendement niet te verliezen.<\/p>\r\n<\/li>\r\n<li data-start=\"1760\" data-end=\"1865\">\r\n<p data-start=\"1763\" data-end=\"1865\"><strong data-start=\"1763\" data-end=\"1789\">Afwisseling in bundels<\/strong>: combineer deze met kortere 30\u201340\u202fcm varianten voor gelaagde verlichting.<\/p>\r\n<\/li>\r\n<li data-start=\"1866\" data-end=\"1971\">\r\n<p data-start=\"1869\" data-end=\"1971\"><strong data-start=\"1869\" data-end=\"1883\">Wintertips<\/strong>: IP44 biedt basisbescherming; in strenge vorst kun je ze best binnen legen of afdekken.<\/p>\r\n<\/li>\r\n<\/ol>\r\n<!-- \/wp:post-content -->\r\n\r\n<!-- wp:woocommerce\/handpicked-products {\"products\":[446256]} \/-->","protected":false},"excerpt":{"rendered":"<p class=\"\" data-start=\"100\" data-end=\"161\">\ud83c\udf1e <strong data-start=\"103\" data-end=\"129\">Alimentation solaire<\/strong> - Aucun c\u00e2ble ni alimentation \u00e9lectrique n'est n\u00e9cessaire<br \/>\ud83d\udca1 <strong data-start=\"167\" data-end=\"198\">Capteur de marche\/arr\u00eat automatique<\/strong> - S'allume automatiquement \u00e0 la tomb\u00e9e de la nuit<br \/>\ud83c\udf27\ufe0f <strong data-start=\"241\" data-end=\"273\">Conception \u00e9tanche (IP44)<\/strong> - Id\u00e9al pour tout espace ext\u00e9rieur<\/p>","protected":false},"featured_media":584723,"comment_status":"closed","ping_status":"closed","template":"","meta":{"_seopress_robots_primary_cat":"none","_seopress_titles_title":"Duurzame verlichting: Calex Asti Solar Wandlamp Zwart","_seopress_titles_desc":"Moderne buitenverlichting op zonne-energie. Stijlvol, draadloos en energiezuinig. Bestel de Calex Asti wandlamp nu voor een duurzame tuinverlichting!","_seopress_robots_index":""},"product_brand":[],"product_cat":[87,90,20,19,998,109],"product_tag":[],"class_list":{"0":"post-584712","1":"product","2":"type-product","3":"status-publish","4":"has-post-thumbnail","6":"product_cat-armaturen","7":"product_cat-buitenverlichting","8":"product_cat-led-lampen","9":"product_cat-producten","10":"product_cat-tuin","11":"product_cat-wandlampen","13":"first","14":"outofstock","15":"sale","16":"taxable","17":"shipping-taxable","18":"purchasable","19":"product-type-simple"},"_links":{"self":[{"href":"https:\/\/ledshoponline.be\/fr\/wp-json\/wp\/v2\/product\/584712","targetHints":{"allow":["GET"]}}],"collection":[{"href":"https:\/\/ledshoponline.be\/fr\/wp-json\/wp\/v2\/product"}],"about":[{"href":"https:\/\/ledshoponline.be\/fr\/wp-json\/wp\/v2\/types\/product"}],"replies":[{"embeddable":true,"href":"https:\/\/ledshoponline.be\/fr\/wp-json\/wp\/v2\/comments?post=584712"}],"version-history":[{"count":4,"href":"https:\/\/ledshoponline.be\/fr\/wp-json\/wp\/v2\/product\/584712\/revisions"}],"predecessor-version":[{"id":584732,"href":"https:\/\/ledshoponline.be\/fr\/wp-json\/wp\/v2\/product\/584712\/revisions\/584732"}],"wp:featuredmedia":[{"embeddable":true,"href":"https:\/\/ledshoponline.be\/fr\/wp-json\/wp\/v2\/media\/584723"}],"wp:attachment":[{"href":"https:\/\/ledshoponline.be\/fr\/wp-json\/wp\/v2\/media?parent=584712"}],"wp:term":[{"taxonomy":"product_brand","embeddable":true,"href":"https:\/\/ledshoponline.be\/fr\/wp-json\/wp\/v2\/product_brand?post=584712"},{"taxonomy":"product_cat","embeddable":true,"href":"https:\/\/ledshoponline.be\/fr\/wp-json\/wp\/v2\/product_cat?post=584712"},{"taxonomy":"product_tag","embeddable":true,"href":"https:\/\/ledshoponline.be\/fr\/wp-json\/wp\/v2\/product_tag?post=584712"}],"curies":[{"name":"wp","href":"https:\/\/api.w.org\/{rel}","templated":true}]}}