{"id":584689,"date":"2025-06-14T11:17:08","date_gmt":"2025-06-14T11:17:08","guid":{"rendered":"https:\/\/ledshoponline.be\/shop\/niet-gecategoriseerd\/aluminium-telescopische-ladder-44m\/"},"modified":"2025-06-14T11:17:08","modified_gmt":"2025-06-14T11:17:08","slug":"echelle-telescopique-en-aluminium-44m-2","status":"publish","type":"product","link":"https:\/\/ledshoponline.be\/fr\/shop\/producten\/gereedschap\/ladders\/aluminium-telescopische-ladder-44m\/","title":{"rendered":"\u00c9chelle t\u00e9lescopique en aluminium - 4.4M"},"content":{"rendered":"<p><span style=\"font-size:18px\"><strong>Herzberg HG-5440 : \u00c9chelle t\u00e9lescopique en aluminium - 4.4M<\/strong><\/span><\/p>\n<p>&nbsp;<\/p>\n<p> <span style=\"font-size:14px\">L'\u00e9chelle t\u00e9lescopique en aluminium Herzberg HG-5440 - 4,40 m est une \u00e9chelle tr\u00e8s pratique et robuste qui r\u00e9pond \u00e0 la norme EN131 pour une s\u00e9curit\u00e9 et des performances exceptionnelles. Fabriqu\u00e9e en alliage 6061 d'ing\u00e9nierie a\u00e9rospatiale avec une finition anodis\u00e9e lisse, cette \u00e9chelle garantit durabilit\u00e9 et robustesse pour tous vos besoins en mati\u00e8re d'acc\u00e8s vertical. Pesant seulement 17 kg, elle est incroyablement l\u00e9g\u00e8re et facile \u00e0 transporter, ce qui en fait le compagnon id\u00e9al pour tous les travaux, qu'ils soient industriels, commerciaux ou domestiques. Gr\u00e2ce \u00e0 sa conception compacte, il est facile \u00e0 ranger et prend peu de place avec une largeur de seulement 54 cm, ce qui lui permet de trouver sa place dans la voiture.<\/span><\/p>\n<p> <span style=\"font-size:14px\">L'\u00e9chelle Herzberg HG-5440 a une conception ergonomique avec des sections verrouillables ind\u00e9pendamment, ce qui facilite le r\u00e9glage de l'\u00e9chelle \u00e0 la hauteur souhait\u00e9e. \u00c9quip\u00e9e d'une suspension en \u00e9lastom\u00e8re, elle offre un support stable et \u00e9quilibr\u00e9 sur diff\u00e9rents terrains, m\u00eame sur des surfaces rugueuses. Un m\u00e9canisme astucieux assure une r\u00e9tractation en douceur de l'\u00e9chelle pour une utilisation s\u00fbre et sans effort. Cette \u00e9chelle privil\u00e9gie la s\u00e9curit\u00e9 et l'efficacit\u00e9, ce qui la rend id\u00e9ale pour changer les lampes, peindre les murs, nettoyer les fen\u00eatres et entretenir les goutti\u00e8res, en particulier dans les endroits difficiles d'acc\u00e8s.<\/span><\/p>\n<p> <span style=\"font-size:14px\">L'\u00e9chelle t\u00e9lescopique en aluminium Herzberg HG-5440 - 4,40 m est non seulement fiable et polyvalente, mais aussi rentable. Fabriqu\u00e9e \u00e0 partir d'un alliage 6061 d'ing\u00e9nierie a\u00e9rospatiale, elle offre un rapport qualit\u00e9-prix imbattable, combinant un savoir-faire de qualit\u00e9 et un design bien pens\u00e9. L'\u00e9chelle convient \u00e0 un large \u00e9ventail d'applications, des projets industriels aux r\u00e9parations domestiques. La base antid\u00e9rapante sp\u00e9cialement moul\u00e9e garantit la stabilit\u00e9 pendant l'utilisation, pour que vous puissiez travailler en hauteur en toute confiance.<\/span><\/p>\n<p> <span style=\"font-size:14px\">Avec son syst\u00e8me de verrouillage intelligent et sa barre stabilisatrice pour un soutien ferme, cette \u00e9chelle garantit la s\u00e9curit\u00e9 et la stabilit\u00e9 et r\u00e9duit le risque d'accident. Le verrouillage des marches en cas de d\u00e9faillance ajoute un niveau de s\u00e9curit\u00e9 suppl\u00e9mentaire, vous donnant confiance dans toutes les t\u00e2ches que vous effectuez. La poign\u00e9e de transport int\u00e9gr\u00e9e et la sangle de verrouillage robuste facilitent le transport et le rangement de l'\u00e9chelle lorsqu'elle n'est pas utilis\u00e9e.<\/span><\/p>\n<p> <span style=\"font-size:14px\">Que vous soyez un entrepreneur professionnel ou un bricoleur, l'\u00e9chelle t\u00e9lescopique en aluminium Herzberg HG-5440 - 4,40 m est l'outil id\u00e9al \u00e0 ajouter \u00e0 votre arsenal. Elle est con\u00e7ue pour r\u00e9sister \u00e0 une utilisation intensive et pour offrir une commodit\u00e9 ultime pour une vari\u00e9t\u00e9 de t\u00e2ches. Investissez dans cette \u00e9chelle de qualit\u00e9 sup\u00e9rieure et d\u00e9couvrez la commodit\u00e9 et l'efficacit\u00e9 qu'elle apporte \u00e0 vos t\u00e2ches quotidiennes. Qu'il s'agisse de travaux industriels ou de t\u00e2ches m\u00e9nag\u00e8res, cette \u00e9chelle vous garantit des performances et une fiabilit\u00e9 exceptionnelles.<\/span><\/p>\n<p>&nbsp;<\/p>\n<p>&nbsp;<\/p>\n<p><span style=\"font-size:14px\"><strong>Caract\u00e9ristiques :&nbsp;<\/strong><\/span><\/p>\n<ul>\n<li><span style=\"font-size:14px\"><strong>Pratique et robuste : <\/strong>L'\u00e9chelle t\u00e9lescopique Herzberg HG-5440 est con\u00e7ue pour \u00eatre l'une des \u00e9chelles les plus pratiques et les plus robustes au monde. Elle r\u00e9pond \u00e0 la norme EN131 pour une s\u00e9curit\u00e9 et des performances exceptionnelles. Elle convient donc aussi bien aux bricoleurs occasionnels qu'aux professionnels de la construction.<\/span><\/li>\n<li><span style=\"font-size:14px\"><strong>Alliage 6061 de conception a\u00e9rospatiale : <\/strong>Fabriqu\u00e9e \u00e0 partir d'un alliage 6061 de haute qualit\u00e9 con\u00e7u pour l'a\u00e9rospatiale, cette \u00e9chelle est con\u00e7ue pour durer. La finition anodis\u00e9e lisse garantit sa durabilit\u00e9 et sa solidit\u00e9, ce qui la rend fiable pour tous vos besoins en mati\u00e8re d'acc\u00e8s vertical.<\/span><\/li>\n<li><span style=\"font-size:14px\"><strong>L\u00e9ger et portable : <\/strong>Pesant seulement 17 kg, cette \u00e9chelle est incroyablement l\u00e9g\u00e8re et facile \u00e0 transporter. Sa taille compacte la rend pratique \u00e0 ranger et facile \u00e0 transporter sur n'importe quel chantier.<\/span><\/li>\n<li><span style=\"font-size:14px\"><strong>Conception ergonomique : <\/strong>L'\u00e9chelle Herzberg HG-5440 a une conception ergonomique avec des sections verrouillables ind\u00e9pendamment, ce qui facilite le r\u00e9glage de l'\u00e9chelle \u00e0 la hauteur souhait\u00e9e. La suspension en \u00e9lastom\u00e8re assure un soutien stable et \u00e9quilibr\u00e9 sur diff\u00e9rents terrains, m\u00eame sur des surfaces rugueuses.<\/span><\/li>\n<li><span style=\"font-size:14px\"><strong>M\u00e9canisme de r\u00e9traction simple : <\/strong>L'\u00e9chelle est \u00e9quip\u00e9e d'un m\u00e9canisme intelligent qui assure une r\u00e9traction en douceur de l'\u00e9chelle pour une utilisation s\u00fbre et sans effort. Le syst\u00e8me de r\u00e9traction est con\u00e7u pour une utilisation s\u00fbre et sans effort.<\/span><\/li>\n<li><span style=\"font-size:14px\"><strong>Applications polyvalentes : <\/strong>Cette \u00e9chelle est parfaite pour une utilisation industrielle, commerciale et domestique. Qu'il s'agisse de changer des lampes, de peindre des murs, de nettoyer des fen\u00eatres ou d'effectuer d'autres t\u00e2ches en hauteur, cette \u00e9chelle est un outil fiable et polyvalent.<\/span><\/li>\n<li><span style=\"font-size:14px\"><strong>Base moul\u00e9e antid\u00e9rapante :<\/strong> La base antid\u00e9rapante en fonte sp\u00e9ciale de l'\u00e9chelle garantit la stabilit\u00e9 et la s\u00e9curit\u00e9 pendant l'utilisation, afin que vous puissiez travailler en hauteur en toute confiance.<\/span><\/li>\n<li><span style=\"font-size:14px\"><strong>Syst\u00e8me de verrouillage intelligent :<\/strong> Le syst\u00e8me de verrouillage astucieux de l'\u00e9chelle et la barre stabilisatrice assurent un soutien ferme et r\u00e9duisent le risque d'accident pendant l'utilisation.<\/span><\/li>\n<li><span style=\"font-size:14px\"><strong>Transport et stockage faciles : <\/strong>L'\u00e9chelle est \u00e9quip\u00e9e d'une poign\u00e9e de transport int\u00e9gr\u00e9e et d'une sangle de verrouillage robuste pour faciliter le transport et le stockage lorsqu'elle n'est pas utilis\u00e9e.<\/span><\/li>\n<li><span style=\"font-size:14px\"><strong>Hauteur maximale de 4,40 m :<\/strong> Avec une hauteur maximale de 4,40 m, cette \u00e9chelle t\u00e9lescopique offre une port\u00e9e suffisante pour effectuer diff\u00e9rentes t\u00e2ches, ce qui la rend adapt\u00e9e \u00e0 un large \u00e9ventail d'applications.<\/span><\/li>\n<li><span style=\"font-size:14px\"><strong>Convient \u00e0 une utilisation industrielle et domestique :<\/strong> Que vous soyez un entrepreneur professionnel ou un bricoleur, l'\u00e9chelle t\u00e9lescopique Herzberg HG-5440 est l'outil parfait \u00e0 ajouter \u00e0 votre arsenal. Con\u00e7ue pour un usage intensif, elle offre le summum de la commodit\u00e9 pour une vari\u00e9t\u00e9 de t\u00e2ches.<\/span><\/li>\n<li><span style=\"font-size:14px\"><strong>Un rapport qualit\u00e9-prix imbattable : <\/strong>Fabriqu\u00e9e avec des mat\u00e9riaux de haute qualit\u00e9 et con\u00e7ue pour offrir des performances exceptionnelles, cette \u00e9chelle offre un rapport qualit\u00e9-prix imbattable, ce qui en fait un investissement rentable pour n'importe quel projet.<\/span><\/li>\n<\/ul>\n<p>&nbsp;<\/p>\n<p>&nbsp;<\/p>\n<p><span style=\"font-size:14px\"><strong>Sp\u00e9cifications :<\/strong><\/span><\/p>\n<ul>\n<li><span style=\"font-size:14px\">Marque : Herzberg<\/span><\/li>\n<li><span style=\"font-size:14px\">Mod\u00e8le : HG-5440<\/span><\/li>\n<li><span style=\"font-size:14px\">Mat\u00e9riau : Alliage 6061 \u00e0 ing\u00e9nierie spatiale<\/span><\/li>\n<li><span style=\"font-size:14px\">Couleur : argent<\/span><\/li>\n<li><span style=\"font-size:14px\">Hauteur maximale : 4,40 m\u00e8tres<\/span><\/li>\n<li><span style=\"font-size:14px\">Distance entre les marches : 300 mm<\/span><\/li>\n<li><span style=\"font-size:14px\">Capacit\u00e9 de charge maximale : 150 kg<\/span><\/li>\n<li><span style=\"font-size:14px\">Poids : 17 kg<\/span><\/li>\n<li><span style=\"font-size:14px\">Largeur (pli\u00e9e) : 54 cm<\/span><\/li>\n<li><span style=\"font-size:14px\">Syst\u00e8me de verrouillage : M\u00e9canisme de verrouillage intelligent<\/span><\/li>\n<li><span style=\"font-size:14px\">Conception du pied : pied sp\u00e9cial antid\u00e9rapant moul\u00e9<\/span><\/li>\n<li><span style=\"font-size:14px\">Suspension : suspension \u00e9lastom\u00e8re pour la stabilit\u00e9<\/span><\/li>\n<li><span style=\"font-size:14px\">Application : usage industriel, commercial et domestique<\/span><\/li>\n<li><span style=\"font-size:14px\">Certification : Conforme \u00e0 la norme EN131<\/span><\/li>\n<li><span style=\"font-size:14px\">Transport : Poign\u00e9e de transport int\u00e9gr\u00e9e et sangle de verrouillage robuste pour faciliter le transport et le stockage.<\/span><\/li>\n<li><span style=\"font-size:14px\">Polyvalence : \u00e9chelle polyvalente robuste avec option d'\u00e9chelle \u00e0 tr\u00e9teaux \u00e0 angles multiples<\/span><\/li>\n<li><span style=\"font-size:14px\">S\u00e9curit\u00e9 : conception tr\u00e8s solide, robuste et s\u00fbre<\/span><\/li>\n<li><span style=\"font-size:14px\">Stabilisation : La barre de stabilisation offre un soutien ferme<\/span><\/li>\n<li><span style=\"font-size:14px\">R\u00e9tractable : Pour plus de s\u00e9curit\u00e9, les marches se verrouillent en glissant.<\/span><\/li>\n<li><span style=\"font-size:14px\">Utilisation : convient pour l'int\u00e9rieur et l'ext\u00e9rieur<\/span><\/li>\n<li><span style=\"font-size:14px\">Portabilit\u00e9 : l\u00e9ger et facile \u00e0 ranger<\/span><\/li>\n<li><span style=\"font-size:14px\">Durabilit\u00e9 : Fabriqu\u00e9 \u00e0 partir de mat\u00e9riaux de haute qualit\u00e9 pour une performance durable<\/span><\/li>\n<li><span style=\"font-size:14px\">Conception : construction ergonomique pour une utilisation ais\u00e9e<\/span><\/li>\n<li><span style=\"font-size:14px\">Application : Convient pour changer les lampes, peindre les murs, nettoyer les fen\u00eatres et diverses autres t\u00e2ches en hauteur. Id\u00e9al pour les endroits difficiles \u00e0 atteindre.<\/span><\/li>\n<li><span style=\"font-size:14px\">Entretien : facile \u00e0 nettoyer et \u00e0 entretenir<\/span><\/li>\n<li><span style=\"font-size:14px\">Valeur : Un rapport qualit\u00e9-prix imbattable gr\u00e2ce \u00e0 une construction et des performances de haute qualit\u00e9.<\/span><\/li>\n<\/ul>","protected":false},"excerpt":{"rendered":"<p>Herzberg HG-5440: Aluminium telescopische ladder &#8211; 4,4M &nbsp; Maak kennis met de Herzberg HG-5440: Aluminium Telescopische Ladder &#8211; 4.40M, een<\/p>","protected":false},"featured_media":584690,"comment_status":"open","ping_status":"closed","template":"","meta":{"_seopress_robots_primary_cat":"","_seopress_titles_title":"","_seopress_titles_desc":"","_seopress_robots_index":""},"product_brand":[],"product_cat":[1019],"product_tag":[],"class_list":{"0":"post-584689","1":"product","2":"type-product","3":"status-publish","4":"has-post-thumbnail","6":"product_cat-ladders","8":"first","9":"instock","10":"taxable","11":"shipping-taxable","12":"purchasable","13":"product-type-simple"},"_links":{"self":[{"href":"https:\/\/ledshoponline.be\/fr\/wp-json\/wp\/v2\/product\/584689","targetHints":{"allow":["GET"]}}],"collection":[{"href":"https:\/\/ledshoponline.be\/fr\/wp-json\/wp\/v2\/product"}],"about":[{"href":"https:\/\/ledshoponline.be\/fr\/wp-json\/wp\/v2\/types\/product"}],"replies":[{"embeddable":true,"href":"https:\/\/ledshoponline.be\/fr\/wp-json\/wp\/v2\/comments?post=584689"}],"version-history":[{"count":0,"href":"https:\/\/ledshoponline.be\/fr\/wp-json\/wp\/v2\/product\/584689\/revisions"}],"wp:featuredmedia":[{"embeddable":true,"href":"https:\/\/ledshoponline.be\/fr\/wp-json\/wp\/v2\/media\/584690"}],"wp:attachment":[{"href":"https:\/\/ledshoponline.be\/fr\/wp-json\/wp\/v2\/media?parent=584689"}],"wp:term":[{"taxonomy":"product_brand","embeddable":true,"href":"https:\/\/ledshoponline.be\/fr\/wp-json\/wp\/v2\/product_brand?post=584689"},{"taxonomy":"product_cat","embeddable":true,"href":"https:\/\/ledshoponline.be\/fr\/wp-json\/wp\/v2\/product_cat?post=584689"},{"taxonomy":"product_tag","embeddable":true,"href":"https:\/\/ledshoponline.be\/fr\/wp-json\/wp\/v2\/product_tag?post=584689"}],"curies":[{"name":"wp","href":"https:\/\/api.w.org\/{rel}","templated":true}]}}