{"id":584684,"date":"2025-06-14T11:13:15","date_gmt":"2025-06-14T11:13:15","guid":{"rendered":"https:\/\/ledshoponline.be\/shop\/niet-gecategoriseerd\/multifunctionele-aluminium-telescopische-uitschuifladder-3-8m\/"},"modified":"2025-08-24T10:23:34","modified_gmt":"2025-08-24T10:23:34","slug":"echelle-telescopique-multifonctionnelle-en-aluminium-3-8m","status":"publish","type":"product","link":"https:\/\/ledshoponline.be\/fr\/shop\/producten\/gereedschap\/ladders\/multifunctionele-aluminium-telescopische-uitschuifladder-3-8m\/","title":{"rendered":"Echelle t\u00e9lescopique multifonctionnelle en aluminium - 3.8M"},"content":{"rendered":"<p><span style=\"font-size: 18px;\"><strong>Herzberg HG-5380 : Echelle t\u00e9lescopique multifonctionnelle en aluminium - 3.8M<\/strong><\/span><\/p>\n<p>&nbsp;<\/p>\n<p>&nbsp;<\/p>\n<p>&nbsp;<\/p>\n<p><span style=\"font-size: 14px;\">D\u00e9couvrez la commodit\u00e9 et la fiabilit\u00e9 de l'\u00e9chelle t\u00e9lescopique multifonctionnelle en aluminium Herzberg HG-5380 - 3,8 m, un outil polyvalent con\u00e7u pour servir les bricoleurs avec pr\u00e9cision. Cette \u00e9chelle t\u00e9lescopique a une hauteur de 3,80 m\u00e8tres et r\u00e9pond \u00e0 la norme EN131, \u00e9tablissant un nouveau standard en mati\u00e8re de facilit\u00e9 d'utilisation et de robustesse. Que vous soyez un ouvrier du b\u00e2timent chevronn\u00e9 ou un simple bricoleur, cette \u00e9chelle est un compl\u00e9ment indispensable \u00e0 votre bo\u00eete \u00e0 outils.<\/span><\/p>\n<p>&nbsp;<\/p>\n<p><span style=\"font-size: 14px;\">De conception ergonomique, l'\u00e9chelle Herzberg HG-5380 est pliable et compacte, ce qui facilite la logistique et le transport. Pesant seulement 11 kg, cette \u00e9chelle est facile \u00e0 transporter et \u00e0 man\u0153uvrer, ce qui vous \u00e9vite d'\u00eatre g\u00ean\u00e9 par un \u00e9quipement encombrant. Sa largeur de 47 cm une fois repli\u00e9e permet un rangement efficace, ce qui en fait une solution peu encombrante pour la maison, les ateliers ou les v\u00e9hicules.<\/span><\/p>\n<p>&nbsp;<\/p>\n<p><span style=\"font-size: 14px;\">La s\u00e9curit\u00e9 et la performance sont au c\u0153ur de la conception du Herzberg HG-5380, qui offre une grande tranquillit\u00e9 d'esprit lors de l'ex\u00e9cution de diverses t\u00e2ches. La construction robuste, soutenue par des suspensions en \u00e9lastom\u00e8re, assure une exp\u00e9rience stable et s\u00fbre, r\u00e9duisant le besoin d'un support externe. Que vous peigniez des murs, posiez des fen\u00eatres, fassiez des r\u00e9parations ou acc\u00e9diez \u00e0 des endroits difficiles d'acc\u00e8s, la fiabilit\u00e9 de cette \u00e9chelle ne vous laissera jamais tomber.<\/span><\/p>\n<p>&nbsp;<\/p>\n<p><span style=\"font-size: 14px;\">Fabriqu\u00e9 en aluminium anodis\u00e9 de haute qualit\u00e9, le Herzberg HG-5380 est con\u00e7u pour r\u00e9sister \u00e0 l'\u00e9preuve du temps et fonctionner de mani\u00e8re optimale sur tous les types de terrains. Son rapport qualit\u00e9-prix imbattable vous permet de tirer le meilleur parti de votre investissement et constitue une solution rentable pour tous vos besoins en mati\u00e8re d'\u00e9l\u00e9vation.<\/span><\/p>\n<p>&nbsp;<\/p>\n<p><span style=\"font-size: 14px;\">D\u00e9couvrez la facilit\u00e9 et l'efficacit\u00e9 du travail avec cette \u00e9chelle t\u00e9lescopique de 3,8 m, con\u00e7ue pour s'adapter \u00e0 diff\u00e9rents angles, hauteurs et environnements. Avec une \u00e9paisseur de 1,3 mm pour l'aluminium et chaque marche, et \u00e9quip\u00e9e de pieds antid\u00e9rapants, d'une charni\u00e8re de 2,6 mm d'\u00e9paisseur et d'une capacit\u00e9 de charge maximale de 150 kg, elle offre une exp\u00e9rience compl\u00e8te et s\u00fbre \u00e0 l'utilisateur.<\/span><\/p>\n<p>&nbsp;<\/p>\n<p><span style=\"font-size: 14px;\">L'\u00e9chelle t\u00e9lescopique multifonctionnelle Herzberg HG-5380 en aluminium - 3,8 m est un compagnon indispensable pour tout projet de bricolage, offrant une polyvalence et une facilit\u00e9 d'utilisation in\u00e9gal\u00e9es. Que ce soit \u00e0 l'int\u00e9rieur ou \u00e0 l'ext\u00e9rieur, elle garantit un travail efficace et sans effort, augmentant votre productivit\u00e9 et vous permettant d'\u00e9conomiser du temps et des efforts pr\u00e9cieux.<\/span><\/p>\n<p>&nbsp;<\/p>\n<p><span style=\"font-size: 14px;\">Am\u00e9liorez votre jeu d'\u00e9chelle avec cette solution l\u00e9g\u00e8re et facilement transportable qui se loge parfaitement dans le coffre de votre voiture et vous donne la libert\u00e9 de vous attaquer \u00e0 n'importe quelle t\u00e2che, quel que soit l'endroit o\u00f9 vous vous trouvez. D\u00e9couvrez la commodit\u00e9 de cette \u00e9chelle t\u00e9lescopique exceptionnelle et profitez de ses performances sans faille et de sa durabilit\u00e9 in\u00e9gal\u00e9e.<\/span><\/p>\n<p>&nbsp;<\/p>\n<p>&nbsp;<\/p>\n<p><strong><span style=\"font-size: 14px;\">Caract\u00e9ristiques :<\/span><\/strong><\/p>\n<ul>\n<li><span style=\"font-size: 14px;\">Longueur r\u00e9glable : l'\u00e9chelle est extensible jusqu'\u00e0 3,8 m\u00e8tres, offrant des options de hauteur polyvalentes pour diff\u00e9rentes t\u00e2ches et environnements de travail.<\/span><\/li>\n<li><span style=\"font-size: 14px;\">Construction robuste : Fabriqu\u00e9 en aluminium anodis\u00e9 de haute qualit\u00e9 d'une \u00e9paisseur de 1,3 mm, il garantit la durabilit\u00e9 et la solidit\u00e9 des performances \u00e0 long terme.<\/span><\/li>\n<li><span style=\"font-size: 14px;\">Surface s\u00fbre : \u00e9quip\u00e9e de pieds antid\u00e9rapants, pour une meilleure stabilit\u00e9 et pour \u00e9viter tout glissement accidentel pendant l'utilisation.<\/span><\/li>\n<li><span style=\"font-size: 14px;\">\u00c9chelle \u00e0 angles multiples : Elle est flexible et s'adapte \u00e0 diff\u00e9rents angles, ce qui vous permet d'atteindre facilement les zones difficiles d'acc\u00e8s.<\/span><\/li>\n<li><span style=\"font-size: 14px;\">R\u00e9glage facile : La charni\u00e8re de 2,6 mm d'\u00e9paisseur permet d'ajuster en douceur et en toute s\u00e9curit\u00e9 la longueur de l'\u00e9chelle \u00e0 vos besoins sp\u00e9cifiques.<\/span><\/li>\n<li><span style=\"font-size: 14px;\">Conception peu encombrante : cette \u00e9chelle pliable et compacte prend peu de place, ce qui la rend facile \u00e0 ranger dans les maisons, les ateliers ou les v\u00e9hicules.<\/span><\/li>\n<li><span style=\"font-size: 14px;\">Capacit\u00e9 de charge maximale : Avec une capacit\u00e9 de charge allant jusqu'\u00e0 150 kg, cette \u00e9chelle permet d'effectuer des t\u00e2ches lourdes et offre un soutien fiable.<\/span><\/li>\n<li><span style=\"font-size: 14px;\">Portable et l\u00e9g\u00e8re : Pesant seulement 11 kg, cette \u00e9chelle est facilement transportable, ce qui facilite son transport et son utilisation dans diff\u00e9rents endroits.<\/span><\/li>\n<li><span style=\"font-size: 14px;\">Utilisation \u00e0 l'int\u00e9rieur et \u00e0 l'ext\u00e9rieur : Con\u00e7u pour des applications int\u00e9rieures et ext\u00e9rieures, il est id\u00e9al pour un large \u00e9ventail de projets.<\/span><\/li>\n<li><span style=\"font-size: 14px;\">Ergonomique et convivial : con\u00e7u avec des suspensions en \u00e9lastom\u00e8re pour une meilleure stabilit\u00e9 et une plus grande facilit\u00e9 d'utilisation, il ne n\u00e9cessite qu'un soutien externe minimal.<\/span><\/li>\n<li><span style=\"font-size: 14px;\">Syst\u00e8me de verrouillage s\u00fbr : le m\u00e9canisme de verrouillage astucieux de l'\u00e9chelle garantit la s\u00e9curit\u00e9 pendant l'utilisation et facilite la r\u00e9traction en douceur pour le rangement.<\/span><\/li>\n<li><span style=\"font-size: 14px;\">Applications polyvalentes : Convient \u00e0 diverses t\u00e2ches telles que la peinture, le nettoyage, la r\u00e9paration et l'acc\u00e8s aux zones difficiles \u00e0 atteindre, ce qui en fait un outil polyvalent pour tout projet de bricolage.<\/span><\/li>\n<\/ul>\n<p><span style=\"font-size: 14px;\"><strong>Sp\u00e9cifications :<\/strong><\/span><\/p>\n<ul>\n<li>Nom de marque : Herzberg<\/li>\n<li><span style=\"font-size: 14px;\">Mod\u00e8le : HG-5380<\/span><\/li>\n<li><span style=\"font-size: 14px;\">Couleur : Chrome<\/span><\/li>\n<li><span style=\"font-size: 14px;\">Mat\u00e9riau : Alliage d'aluminium anodis\u00e9<\/span><\/li>\n<li><span style=\"font-size: 14px;\">\u00c9paisseur : 1,3 mm<\/span><\/li>\n<li><span style=\"font-size: 14px;\">Longueur maximale : 3,8 m\u00e8tres<\/span><\/li>\n<li><span style=\"font-size: 14px;\">Distance entre chaque marche : 300 mm<\/span><\/li>\n<li><span style=\"font-size: 14px;\">\u00c9paisseur de la charni\u00e8re : 2,6 mm<\/span><\/li>\n<li><span style=\"font-size: 14px;\">Capacit\u00e9 de charge : Maximum 150 kg<\/span><\/li>\n<li><span style=\"font-size: 14px;\">Poids : 11 kg<\/span><\/li>\n<li><span style=\"font-size: 14px;\">Dimensions pli\u00e9es : 47 cm (largeur) x hauteur (variable en fonction de la r\u00e9traction)<\/span><\/li>\n<li><span style=\"font-size: 14px;\">Pieds : Pieds antid\u00e9rapants pour une meilleure stabilit\u00e9<\/span><\/li>\n<li><span style=\"font-size: 14px;\">Ajustement : \u00e9chelle \u00e0 tr\u00e9teaux multi-angles avec poign\u00e9e r\u00e9glable pour \u00e9tendre l'\u00e9chelle<\/span><\/li>\n<li><span style=\"font-size: 14px;\">M\u00e9canisme de verrouillage : Syst\u00e8me de verrouillage avec grille coulissante pour un pliage s\u00fbr des marches.<\/span><\/li>\n<li><span style=\"font-size: 14px;\">Portabilit\u00e9 : se range facilement dans le coffre de la voiture et peut \u00eatre stock\u00e9 n'importe o\u00f9 dans la maison.<\/span><\/li>\n<li><span style=\"font-size: 14px;\">Utilisation : Convient aux applications int\u00e9rieures et ext\u00e9rieures<\/span><\/li>\n<li><span style=\"font-size: 14px;\">Caract\u00e9ristiques de s\u00e9curit\u00e9 : Suspension en \u00e9lastom\u00e8re pour un positionnement stable et s\u00fbr<\/span><\/li>\n<li><span style=\"font-size: 14px;\">Convivialit\u00e9 : l\u00e9ger et facilement transportable pour une utilisation ais\u00e9e<\/span><\/li>\n<li><span style=\"font-size: 14px;\">Applications : Id\u00e9al pour diverses t\u00e2ches telles que la peinture, le nettoyage, la r\u00e9paration et l'acc\u00e8s aux zones difficiles \u00e0 atteindre.<\/span><\/li>\n<li><span style=\"font-size: 14px;\">Conformit\u00e9 : normalis\u00e9 selon la norme EN131 pour la s\u00e9curit\u00e9 et l'assurance des performances<\/span><\/li>\n<\/ul>\n<p>&nbsp;<\/p>","protected":false},"excerpt":{"rendered":"<p>Herzberg HG-5380: Multifunctionele Aluminium Telescopische Uitschuifladder &#8211; 3.8M &nbsp; &nbsp; &nbsp; Ontdek het gemak en de betrouwbaarheid van de Herzberg<\/p>","protected":false},"featured_media":584685,"comment_status":"closed","ping_status":"closed","template":"","meta":{"_seopress_robots_primary_cat":"none","_seopress_titles_title":"","_seopress_titles_desc":"","_seopress_robots_index":""},"product_brand":[],"product_cat":[1019],"product_tag":[],"class_list":{"0":"post-584684","1":"product","2":"type-product","3":"status-publish","4":"has-post-thumbnail","6":"product_cat-ladders","8":"first","9":"instock","10":"taxable","11":"shipping-taxable","12":"purchasable","13":"product-type-simple"},"_links":{"self":[{"href":"https:\/\/ledshoponline.be\/fr\/wp-json\/wp\/v2\/product\/584684","targetHints":{"allow":["GET"]}}],"collection":[{"href":"https:\/\/ledshoponline.be\/fr\/wp-json\/wp\/v2\/product"}],"about":[{"href":"https:\/\/ledshoponline.be\/fr\/wp-json\/wp\/v2\/types\/product"}],"replies":[{"embeddable":true,"href":"https:\/\/ledshoponline.be\/fr\/wp-json\/wp\/v2\/comments?post=584684"}],"version-history":[{"count":1,"href":"https:\/\/ledshoponline.be\/fr\/wp-json\/wp\/v2\/product\/584684\/revisions"}],"predecessor-version":[{"id":615232,"href":"https:\/\/ledshoponline.be\/fr\/wp-json\/wp\/v2\/product\/584684\/revisions\/615232"}],"wp:featuredmedia":[{"embeddable":true,"href":"https:\/\/ledshoponline.be\/fr\/wp-json\/wp\/v2\/media\/584685"}],"wp:attachment":[{"href":"https:\/\/ledshoponline.be\/fr\/wp-json\/wp\/v2\/media?parent=584684"}],"wp:term":[{"taxonomy":"product_brand","embeddable":true,"href":"https:\/\/ledshoponline.be\/fr\/wp-json\/wp\/v2\/product_brand?post=584684"},{"taxonomy":"product_cat","embeddable":true,"href":"https:\/\/ledshoponline.be\/fr\/wp-json\/wp\/v2\/product_cat?post=584684"},{"taxonomy":"product_tag","embeddable":true,"href":"https:\/\/ledshoponline.be\/fr\/wp-json\/wp\/v2\/product_tag?post=584684"}],"curies":[{"name":"wp","href":"https:\/\/api.w.org\/{rel}","templated":true}]}}