{"id":584651,"date":"2025-06-14T10:47:14","date_gmt":"2025-06-14T10:47:14","guid":{"rendered":"https:\/\/ledshoponline.be\/shop\/niet-gecategoriseerd\/royalty-line-rl-wdvc30-nat-en-droogzuiger-1400w\/"},"modified":"2025-06-14T10:47:14","modified_gmt":"2025-06-14T10:47:14","slug":"royalty-line-rl-wdvc30-aspirateur-eau-et-poussieres-1400w","status":"publish","type":"product","link":"https:\/\/ledshoponline.be\/fr\/shop\/producten\/gereedschap\/royalty-line-rl-wdvc30-nat-en-droogzuiger-1400w\/","title":{"rendered":"Royalty Line RL-WDVC30 : Aspirateur eau et poussi\u00e8re 1400W"},"content":{"rendered":"<p><span style=\"font-size:18px\"><strong>Royalty Line RL-WDVC30 : Aspirateur eau et poussi\u00e8re 1400W<\/strong><\/span><\/p>\n<p>&nbsp;<\/p>\n<p><span style=\"font-size:14px\">Le Royalty Line RL-WDVC30 est un aspirateur eau et poussi\u00e8res puissant qui peut effectuer rapidement et facilement les t\u00e2ches de nettoyage les plus laborieuses. Cet aspirateur est \u00e9quip\u00e9 d'un moteur de 1400 W, ce qui signifie qu'il peut \u00e9liminer la poussi\u00e8re et la salet\u00e9 de vos tapis, sols et tissus d'ameublement avec facilit\u00e9.<\/span><\/p>\n<p>&nbsp;<\/p>\n<p><span style=\"font-size:14px\">Cet aspirateur est largement utilisable gr\u00e2ce \u00e0 sa tension de 230V50\/60Hz, ce qui le rend utilisable dans les maisons, les bureaux et les garages. Le syst\u00e8me de filtrage \u00e0 plusieurs niveaux de l'aspirateur maintient la poussi\u00e8re et les autres particules en suspension l\u00e0 o\u00f9 elles doivent \u00eatre : \u00e0 l'int\u00e9rieur de l'aspirateur, o\u00f9 elles ne peuvent pas retourner dans l'environnement.<\/span><\/p>\n<p> <span style=\"font-size:14px\">Avec sa grande capacit\u00e9 de 30 litres, le Royalty Line RL-WDVC30 vous permet de nettoyer davantage sans avoir \u00e0 vous arr\u00eater pour remplir le r\u00e9servoir. De plus, il dispose d'une commande d'aspiration qui vous permet d'ajuster le flux d'air \u00e0 vos besoins.<\/span><\/p>\n<p>&nbsp;<\/p>\n<p><span style=\"font-size:14px\">En outre, l'aspirateur est dot\u00e9 d'une fonction de soufflerie pratique qui vous permet de nettoyer les endroits inaccessibles.<\/span><\/p>\n<p><span style=\"font-size:14px\">En r\u00e9sum\u00e9, le Royalty Line RL-WDVC30 est un excellent aspirateur qui peut \u00eatre utilis\u00e9 sur des surfaces s\u00e8ches et humides.<\/span><\/p>\n<p>&nbsp;<\/p>\n<p>&nbsp;<\/p>\n<p><strong><span style=\"font-size:14px\">Caract\u00e9ristiques :<\/span><\/strong><\/p>\n<ul>\n<li><span style=\"font-size:14px\">Aspirateur eau et poussi\u00e8re<\/span><\/li>\n<li><span style=\"font-size:14px\">Puissance : 1400W Max<\/span><\/li>\n<li><span style=\"font-size:14px\">Tension : 230V~50\/60Hz<\/span><\/li>\n<li><span style=\"font-size:14px\">Filtrage multicouche<\/span><\/li>\n<li><span style=\"font-size:14px\">Capacit\u00e9 de 30 litres<\/span><\/li>\n<li><span style=\"font-size:14px\">Contr\u00f4le du d\u00e9bit d'air<\/span><\/li>\n<li><span style=\"font-size:14px\">Fonction sp\u00e9ciale de soufflage d'air<\/span><\/li>\n<li><span style=\"font-size:14px\">Nettoie facilement les solides et les liquides<\/span><\/li>\n<li><span style=\"font-size:14px\">Syst\u00e8me de filtres multiples<\/span><\/li>\n<li><span style=\"font-size:14px\">Avec une fonction sp\u00e9ciale de soufflage d'air<\/span><\/li>\n<li><span style=\"font-size:14px\">Position d'arr\u00eat pratique<\/span><\/li>\n<li><span style=\"font-size:14px\">Contr\u00f4le compact du d\u00e9bit d'air sur la poign\u00e9e<\/span><\/li>\n<li><span style=\"font-size:14px\">Roues arri\u00e8re de grand diam\u00e8tre pour faciliter les d\u00e9placements et l'utilisation<\/span><\/li>\n<\/ul>","protected":false},"excerpt":{"rendered":"<p>Royalty Line RL-WDVC30: Nat- en droogzuiger 1400W &nbsp; De Royalty Line RL-WDVC30 is een krachtige nat\/droog stofzuiger die zelfs de<\/p>","protected":false},"featured_media":584652,"comment_status":"open","ping_status":"closed","template":"","meta":{"_seopress_robots_primary_cat":"","_seopress_titles_title":"","_seopress_titles_desc":"","_seopress_robots_index":""},"product_brand":[],"product_cat":[128],"product_tag":[],"class_list":{"0":"post-584651","1":"product","2":"type-product","3":"status-publish","4":"has-post-thumbnail","6":"product_cat-gereedschap","8":"first","9":"outofstock","10":"taxable","11":"shipping-taxable","12":"purchasable","13":"product-type-simple"},"_links":{"self":[{"href":"https:\/\/ledshoponline.be\/fr\/wp-json\/wp\/v2\/product\/584651","targetHints":{"allow":["GET"]}}],"collection":[{"href":"https:\/\/ledshoponline.be\/fr\/wp-json\/wp\/v2\/product"}],"about":[{"href":"https:\/\/ledshoponline.be\/fr\/wp-json\/wp\/v2\/types\/product"}],"replies":[{"embeddable":true,"href":"https:\/\/ledshoponline.be\/fr\/wp-json\/wp\/v2\/comments?post=584651"}],"version-history":[{"count":0,"href":"https:\/\/ledshoponline.be\/fr\/wp-json\/wp\/v2\/product\/584651\/revisions"}],"wp:featuredmedia":[{"embeddable":true,"href":"https:\/\/ledshoponline.be\/fr\/wp-json\/wp\/v2\/media\/584652"}],"wp:attachment":[{"href":"https:\/\/ledshoponline.be\/fr\/wp-json\/wp\/v2\/media?parent=584651"}],"wp:term":[{"taxonomy":"product_brand","embeddable":true,"href":"https:\/\/ledshoponline.be\/fr\/wp-json\/wp\/v2\/product_brand?post=584651"},{"taxonomy":"product_cat","embeddable":true,"href":"https:\/\/ledshoponline.be\/fr\/wp-json\/wp\/v2\/product_cat?post=584651"},{"taxonomy":"product_tag","embeddable":true,"href":"https:\/\/ledshoponline.be\/fr\/wp-json\/wp\/v2\/product_tag?post=584651"}],"curies":[{"name":"wp","href":"https:\/\/api.w.org\/{rel}","templated":true}]}}