{"id":584648,"date":"2025-06-14T10:45:55","date_gmt":"2025-06-14T10:45:55","guid":{"rendered":"https:\/\/ledshoponline.be\/shop\/niet-gecategoriseerd\/herzberg-hg-5002-aluminium-vouwladder-voor-meerdere-orientaties\/"},"modified":"2025-06-14T10:45:55","modified_gmt":"2025-06-14T10:45:55","slug":"herzberg-hg-5002-echelle-pliante-en-aluminium-pour-orientations-multiples","status":"publish","type":"product","link":"https:\/\/ledshoponline.be\/fr\/shop\/producten\/gereedschap\/ladders\/herzberg-hg-5002-aluminium-vouwladder-voor-meerdere-orientaties\/","title":{"rendered":"Herzberg HG-5002 : \u00e9chelle pliante en aluminium pour orientations multiples"},"content":{"rendered":"<p><span style=\"font-size:14px\"><font style=\"vertical-align: inherit\"><font style=\"vertical-align: inherit\">L'\u00e9chelle pliante en aluminium Herzberg HG-5002 est la solution id\u00e9ale pour effectuer un grand nombre de t\u00e2ches avec facilit\u00e9 et polyvalence. Fabriqu\u00e9e en aluminium de haute qualit\u00e9, cette \u00e9chelle a une \u00e9paisseur robuste de 1,2 mm, des barreaux carr\u00e9s et des tubes de support, garantissant stabilit\u00e9 et s\u00e9curit\u00e9. <\/font><font style=\"vertical-align: inherit\">L'\u00e9chelle est conforme \u00e0 la norme EN131, qui garantit une qualit\u00e9 et des performances exceptionnelles.<\/font><\/font><\/span><\/p>\n<p> <span style=\"font-size:14px\"><font style=\"vertical-align: inherit\"><font style=\"vertical-align: inherit\">Ce qui distingue vraiment cette \u00e9chelle, c'est la grande charni\u00e8re qui augmente la capacit\u00e9 de charge et la durabilit\u00e9, soutenue par six verrous de s\u00e9curit\u00e9 qui vous permettent d'ajuster la forme de l'\u00e9chelle rapidement et en toute s\u00e9curit\u00e9. <\/font><font style=\"vertical-align: inherit\">Plus de crainte de glisser gr\u00e2ce \u00e0 la semelle en caoutchouc antid\u00e9rapante de l'\u00e9chelle qui assure une prise ferme pendant l'utilisation.<\/font><\/font><\/span><\/p>\n<p> <span style=\"font-size:14px\"><font style=\"vertical-align: inherit\"><font style=\"vertical-align: inherit\">Cette \u00e9chelle est votre compagnon polyvalent et peut \u00eatre transform\u00e9e en diff\u00e9rentes configurations, notamment en \u00e9chafaudage, en \u00e9chelle inclin\u00e9e et en escabeau, pour r\u00e9pondre aux diff\u00e9rentes exigences en mati\u00e8re de hauteur et aux besoins des projets. <\/font><font style=\"vertical-align: inherit\">Avec une capacit\u00e9 de charge maximale de 150 kg et un espacement pratique de 280 mm entre chaque marche, cette \u00e9chelle est \u00e0 la fois robuste et efficace.<\/font><\/font><\/span><\/p>\n<p> <span style=\"font-size:14px\"><font style=\"vertical-align: inherit\"><font style=\"vertical-align: inherit\">Fabriqu\u00e9 en aluminium a\u00e9ronautique, il est parfait pour un large \u00e9ventail de t\u00e2ches, de la d\u00e9coration et du nettoyage des fen\u00eatres aux travaux sur les toits et les balcons, en passant par la peinture et toutes sortes de travaux de bricolage. <\/font><font style=\"vertical-align: inherit\">Soyez assur\u00e9 qu'il r\u00e9pond \u00e0 la norme d'essai rigoureuse EN 131-Part 4:2007, ce qui vous garantit une qualit\u00e9 sup\u00e9rieure.<\/font><\/font><\/span><\/p>\n<p> <span style=\"font-size:14px\"><font style=\"vertical-align: inherit\"><font style=\"vertical-align: inherit\">L'\u00e9chelle multifonction en aluminium Herzberg HG-5002 est la r\u00e9ponse \u00e0 toutes les t\u00e2ches, offrant durabilit\u00e9, polyvalence et s\u00e9curit\u00e9. <\/font><font style=\"vertical-align: inherit\">Assemblage facile gr\u00e2ce aux serrures et aux charni\u00e8res pour une plus grande s\u00e9curit\u00e9. <\/font><font style=\"vertical-align: inherit\">Dites adieu aux glissades gr\u00e2ce \u00e0 la base antid\u00e9rapante de l'\u00e9chelle, qui garantit votre tranquillit\u00e9 d'esprit lors de tout projet.<\/font><\/font><\/span><\/p>\n<p> <span style=\"font-size:14px\"><font style=\"vertical-align: inherit\"><font style=\"vertical-align: inherit\">D\u00e9couvrez l'\u00e9chelle multifonction en aluminium Herzberg HG-5002 et profitez de ses capacit\u00e9s pour travailler sans effort, en toute s\u00e9curit\u00e9 et de mani\u00e8re polyvalente. <\/font><font style=\"vertical-align: inherit\">Parfaite pour une utilisation domestique ou professionnelle, cette \u00e9chelle s'ajuste en sept formations diff\u00e9rentes pour r\u00e9pondre aux besoins uniques de votre projet. <\/font><font style=\"vertical-align: inherit\">Ajoutez-le \u00e0 votre bo\u00eete \u00e0 outils d\u00e8s aujourd'hui et donnez une nouvelle dimension \u00e0 vos travaux de bricolage et \u00e0 vos t\u00e2ches professionnelles.<\/font><\/font><\/span><\/p>\n<p>&nbsp;<\/p>\n<p>&nbsp;<\/p>\n<p>&nbsp;<\/p>\n<p><span style=\"font-size:14px\"><strong><font style=\"vertical-align: inherit\"><font style=\"vertical-align: inherit\">Caract\u00e9ristiques :&nbsp;<\/font><\/font><\/strong><\/span><\/p>\n<ul>\n<li><span style=\"font-size:14px\"><strong><font style=\"vertical-align: inherit\"><font style=\"vertical-align: inherit\">Construction robuste en aluminium :<\/font><\/font><\/strong><font style=\"vertical-align: inherit\"><font style=\"vertical-align: inherit\"> Fabriqu\u00e9e en aluminium de haute qualit\u00e9 avec une \u00e9paisseur substantielle de 1,2 mm, cette \u00e9chelle est con\u00e7ue pour \u00eatre robuste et stable. <\/font><font style=\"vertical-align: inherit\">Il r\u00e9siste aux rigueurs de diff\u00e9rentes t\u00e2ches et sera votre compagnon fiable pendant des ann\u00e9es.<\/font><\/font><\/span><\/li>\n<li><span style=\"font-size:14px\"><strong><font style=\"vertical-align: inherit\"><font style=\"vertical-align: inherit\">Fonctionnalit\u00e9 polyvalente :<\/font><\/font><\/strong><font style=\"vertical-align: inherit\"><font style=\"vertical-align: inherit\"> Le Herzberg HG-5002 n'est pas utilis\u00e9 sur l'\u00e9chelle ; <\/font><font style=\"vertical-align: inherit\">c'est un outil polyvalent qui s'adapte aux besoins sp\u00e9cifiques de votre projet. <\/font><font style=\"vertical-align: inherit\">Avec sept configurations diff\u00e9rentes \u00e0 votre disposition, y compris des positions d'\u00e9chafaudage, d'appentis et d'escabeau, vous pouvez effectuer sans effort un large \u00e9ventail de travaux, de la peinture de murs \u00e9lev\u00e9s \u00e0 l'acc\u00e8s aux toits ou aux plafonds. <\/font><font style=\"vertical-align: inherit\">Cette adaptabilit\u00e9 en fait un compl\u00e9ment indispensable \u00e0 votre bo\u00eete \u00e0 outils.<\/font><\/font><\/span><\/li>\n<li><span style=\"font-size:14px\"><strong><font style=\"vertical-align: inherit\"><font style=\"vertical-align: inherit\">Conforme \u00e0 la norme EN131 :<\/font><\/font><\/strong><font style=\"vertical-align: inherit\"><font style=\"vertical-align: inherit\"> La s\u00e9curit\u00e9 est primordiale et cette \u00e9chelle est con\u00e7ue pour votre bien-\u00eatre. <\/font><font style=\"vertical-align: inherit\">Il est conforme \u00e0 la norme EN131, ce qui vous garantit qu'il r\u00e9pond aux normes de qualit\u00e9 et de s\u00e9curit\u00e9 les plus strictes. <\/font><font style=\"vertical-align: inherit\">Cette certification vous permet d'avoir l'esprit tranquille lors de vos projets, sachant que vous utilisez une \u00e9chelle construite selon les normes industrielles les plus strictes.<\/font><\/font><\/span><\/li>\n<li><span style=\"font-size:14px\"><strong><font style=\"vertical-align: inherit\"><font style=\"vertical-align: inherit\">Excellente connexion avec les serrures de s\u00e9curit\u00e9 :<\/font><\/font><\/strong><font style=\"vertical-align: inherit\"><font style=\"vertical-align: inherit\"> L'\u00e9chelle est dot\u00e9e d'une grande articulation robuste soutenue par six verrous de s\u00e9curit\u00e9. <\/font><font style=\"vertical-align: inherit\">Cette conception garantit que la forme de l'\u00e9chelle reste stable et s\u00fbre pendant l'utilisation, \u00e9vitant ainsi les oscillations ou l'instabilit\u00e9. <\/font><font style=\"vertical-align: inherit\">Vous pouvez compter sur l'int\u00e9grit\u00e9 structurelle de l'\u00e9chelle m\u00eame lors de t\u00e2ches difficiles.<\/font><\/font><\/span><\/li>\n<li><span style=\"font-size:14px\"><strong><font style=\"vertical-align: inherit\"><font style=\"vertical-align: inherit\">Semelle en caoutchouc antid\u00e9rapante :<\/font><\/font><\/strong><font style=\"vertical-align: inherit\"><font style=\"vertical-align: inherit\"> La s\u00e9curit\u00e9 passe avant tout. <\/font><font style=\"vertical-align: inherit\">Les pieds de l'\u00e9chelle sont dot\u00e9s d'une semelle en caoutchouc antid\u00e9rapante. <\/font><font style=\"vertical-align: inherit\">Cela \u00e9vite tout glissement ind\u00e9sirable et garantit une prise s\u00fbre et stable sur diff\u00e9rentes surfaces. <\/font><font style=\"vertical-align: inherit\">Vous pouvez travailler en hauteur en toute confiance sans craindre les accidents dus aux glissades.<\/font><\/font><\/span><\/li>\n<li><span style=\"font-size:14px\"><strong><font style=\"vertical-align: inherit\"><font style=\"vertical-align: inherit\">Conception efficace en 12 \u00e9tapes :<\/font><\/font><\/strong><font style=\"vertical-align: inherit\"><font style=\"vertical-align: inherit\"> Avec 12 marches r\u00e9guli\u00e8rement espac\u00e9es et une distance pratique de 280 mm entre chaque marche, cette \u00e9chelle est con\u00e7ue pour la commodit\u00e9 et l'efficacit\u00e9. <\/font><font style=\"vertical-align: inherit\">La mont\u00e9e et la descente deviennent plus confortables, ce qui vous permet d'\u00e9conomiser du temps et des efforts lors de vos projets.<\/font><\/font><\/span><\/li>\n<li><span style=\"font-size:14px\"><strong><font style=\"vertical-align: inherit\"><font style=\"vertical-align: inherit\">Aluminium de qualit\u00e9 a\u00e9ronautique :<\/font><\/font><\/strong><font style=\"vertical-align: inherit\"><font style=\"vertical-align: inherit\"> Un alliage d'aluminium de qualit\u00e9 a\u00e9ronautique a \u00e9t\u00e9 utilis\u00e9 pour la construction de l'\u00e9chelle. <\/font><font style=\"vertical-align: inherit\">Ce choix de mat\u00e9riau assure non seulement une r\u00e9sistance exceptionnelle, mais aussi une longue dur\u00e9e de vie de l'\u00e9chelle. <\/font><font style=\"vertical-align: inherit\">Vous investissez dans un outil qui est fait pour durer.<\/font><\/font><\/span><\/li>\n<li><span style=\"font-size:14px\"><strong><font style=\"vertical-align: inherit\"><font style=\"vertical-align: inherit\">Assemblage rapide et facile :<\/font><\/font><\/strong><font style=\"vertical-align: inherit\"><font style=\"vertical-align: inherit\"> Le temps est pr\u00e9cieux et cette \u00e9chelle a \u00e9t\u00e9 con\u00e7ue dans cet esprit. <\/font><font style=\"vertical-align: inherit\">Le montage et le d\u00e9montage de l'\u00e9chelle sont rapides et sans effort. <\/font><font style=\"vertical-align: inherit\">Vous pouvez consacrer plus de temps \u00e0 vos projets et moins de temps \u00e0 l'installation de l'\u00e9chelle.<\/font><\/font><\/span><\/li>\n<li><span style=\"font-size:14px\"><strong><font style=\"vertical-align: inherit\"><font style=\"vertical-align: inherit\">Applications polyvalentes :<\/font><\/font><\/strong><font style=\"vertical-align: inherit\"><font style=\"vertical-align: inherit\"> Que vous nettoyiez des vitres, peigniez des murs ou travailliez sur des toits et des balcons, cette \u00e9chelle est votre partenaire polyvalent. <\/font><font style=\"vertical-align: inherit\">Il s'adapte \u00e0 un large \u00e9ventail de t\u00e2ches, \u00e9liminant le besoin d'\u00e9chelles multiples et simplifiant votre bo\u00eete \u00e0 outils.<\/font><\/font><\/span><\/li>\n<li><span style=\"font-size:14px\"><strong><font style=\"vertical-align: inherit\"><font style=\"vertical-align: inherit\">Durabilit\u00e9 professionnelle :<\/font><\/font><\/strong><font style=\"vertical-align: inherit\"><font style=\"vertical-align: inherit\"> Con\u00e7ue pour supporter de lourdes charges, cette \u00e9chelle a une capacit\u00e9 de charge maximale de 150 kg. <\/font><font style=\"vertical-align: inherit\">Cette remarquable capacit\u00e9 de charge vous permet de vous en servir pour toute une s\u00e9rie de projets, qu'il s'agisse de travaux de bricolage ou de t\u00e2ches professionnelles. <\/font><font style=\"vertical-align: inherit\">C'est un choix robuste et fiable pour tous vos travaux en hauteur.<\/font><\/font><\/span><\/li>\n<\/ul>\n<p>&nbsp;<\/p>\n<p> <span style=\"font-size:14px\"><strong><font style=\"vertical-align: inherit\"><font style=\"vertical-align: inherit\">Sp\u00e9cifications :&nbsp;<\/font><\/font><\/strong><\/span><\/p>\n<ul>\n<li><span style=\"font-size:14px\"><font style=\"vertical-align: inherit\"><font style=\"vertical-align: inherit\">Nom de marque : Herzberg<\/font><\/font><\/span><\/li>\n<li><span style=\"font-size:14px\"><font style=\"vertical-align: inherit\"><font style=\"vertical-align: inherit\">Couleur : Chrome<\/font><\/font><\/span><\/li>\n<li><span style=\"font-size:14px\"><font style=\"vertical-align: inherit\"><font style=\"vertical-align: inherit\">Mat\u00e9riau : Alliage d'aluminium<\/font><\/font><\/span><\/li>\n<li><span style=\"font-size:14px\"><font style=\"vertical-align: inherit\"><font style=\"vertical-align: inherit\">Taille : 38cm x 28cm x 93cm<\/font><\/font><\/span><\/li>\n<li><span style=\"font-size:14px\"><font style=\"vertical-align: inherit\"><font style=\"vertical-align: inherit\">Orientation : 7 esp\u00e8ces<\/font><\/font><\/span><\/li>\n<li><span style=\"font-size:14px\"><font style=\"vertical-align: inherit\"><font style=\"vertical-align: inherit\">Poids : 11,6 kg<\/font><\/font><\/span><\/li>\n<li><span style=\"font-size:14px\"><font style=\"vertical-align: inherit\"><font style=\"vertical-align: inherit\">Capacit\u00e9 de charge : 150 kg<\/font><\/font><\/span><\/li>\n<li><span style=\"font-size:14px\"><font style=\"vertical-align: inherit\"><font style=\"vertical-align: inherit\">Nombre de marches : 12 marches<\/font><\/font><\/span><\/li>\n<li><span style=\"font-size:14px\"><font style=\"vertical-align: inherit\"><font style=\"vertical-align: inherit\">Hauteur de l'\u00e9chelle droite : 3,7 m<\/font><\/font><\/span><\/li>\n<li><span style=\"font-size:14px\"><font style=\"vertical-align: inherit\"><font style=\"vertical-align: inherit\">Hauteur de l'escabeau : 1,80 m<\/font><\/font><\/span><\/li>\n<li><span style=\"font-size:14px\"><font style=\"vertical-align: inherit\"><font style=\"vertical-align: inherit\">Hauteur de l'\u00e9chafaudage : 1m<\/font><\/font><\/span><\/li>\n<li><span style=\"font-size:14px\"><font style=\"vertical-align: inherit\"><font style=\"vertical-align: inherit\">Pli\u00e9 : 1.01m<\/font><\/font><\/span><\/li>\n<li><span style=\"font-size:14px\"><font style=\"vertical-align: inherit\"><font style=\"vertical-align: inherit\">Espacement des marches : 280mm<\/font><\/font><\/span><\/li>\n<li><span style=\"font-size:14px\"><font style=\"vertical-align: inherit\"><font style=\"vertical-align: inherit\">\u00c9paisseur des marches : 1,2 mm<\/font><\/font><\/span><\/li>\n<li><span style=\"font-size:14px\"><font style=\"vertical-align: inherit\"><font style=\"vertical-align: inherit\">Certification : certifi\u00e9 EN 131<\/font><\/font><\/span><\/li>\n<\/ul>","protected":false},"excerpt":{"rendered":"<p>Maak kennis met de Herzberg HG-5002 aluminum vouwladder, uw ultieme oplossing om een \u200b\u200bbreed scala aan taken met gemak en<\/p>","protected":false},"featured_media":584649,"comment_status":"open","ping_status":"closed","template":"","meta":{"_seopress_robots_primary_cat":"","_seopress_titles_title":"","_seopress_titles_desc":"","_seopress_robots_index":""},"product_brand":[],"product_cat":[1019],"product_tag":[],"class_list":{"0":"post-584648","1":"product","2":"type-product","3":"status-publish","4":"has-post-thumbnail","6":"product_cat-ladders","8":"first","9":"instock","10":"taxable","11":"shipping-taxable","12":"purchasable","13":"product-type-simple"},"_links":{"self":[{"href":"https:\/\/ledshoponline.be\/fr\/wp-json\/wp\/v2\/product\/584648","targetHints":{"allow":["GET"]}}],"collection":[{"href":"https:\/\/ledshoponline.be\/fr\/wp-json\/wp\/v2\/product"}],"about":[{"href":"https:\/\/ledshoponline.be\/fr\/wp-json\/wp\/v2\/types\/product"}],"replies":[{"embeddable":true,"href":"https:\/\/ledshoponline.be\/fr\/wp-json\/wp\/v2\/comments?post=584648"}],"version-history":[{"count":0,"href":"https:\/\/ledshoponline.be\/fr\/wp-json\/wp\/v2\/product\/584648\/revisions"}],"wp:featuredmedia":[{"embeddable":true,"href":"https:\/\/ledshoponline.be\/fr\/wp-json\/wp\/v2\/media\/584649"}],"wp:attachment":[{"href":"https:\/\/ledshoponline.be\/fr\/wp-json\/wp\/v2\/media?parent=584648"}],"wp:term":[{"taxonomy":"product_brand","embeddable":true,"href":"https:\/\/ledshoponline.be\/fr\/wp-json\/wp\/v2\/product_brand?post=584648"},{"taxonomy":"product_cat","embeddable":true,"href":"https:\/\/ledshoponline.be\/fr\/wp-json\/wp\/v2\/product_cat?post=584648"},{"taxonomy":"product_tag","embeddable":true,"href":"https:\/\/ledshoponline.be\/fr\/wp-json\/wp\/v2\/product_tag?post=584648"}],"curies":[{"name":"wp","href":"https:\/\/api.w.org\/{rel}","templated":true}]}}