{"id":584645,"date":"2025-06-14T10:45:09","date_gmt":"2025-06-14T10:45:09","guid":{"rendered":"https:\/\/ledshoponline.be\/shop\/niet-gecategoriseerd\/herzberg-hg-8028-75-75l-kruiwagen-kiepwagen\/"},"modified":"2025-06-14T15:59:12","modified_gmt":"2025-06-14T15:59:12","slug":"herzberg-hg-8028-75-brouette-75l-camion-benne","status":"publish","type":"product","link":"https:\/\/ledshoponline.be\/fr\/shop\/tuin\/herzberg-hg-8028-75-75l-kruiwagen-kiepwagen\/","title":{"rendered":"Herzberg HG-8028-75 : Benne roulante 75L"},"content":{"rendered":"<p><span style=\"font-size: 14px;\">Voici la Herzberg HG-8028-75, une solution r\u00e9volutionnaire pour le transport lourd. Cette brouette de 75 litres \u00e9tablit une nouvelle norme d'efficacit\u00e9 pour les t\u00e2ches de jardinage et de transport. Avec une capacit\u00e9 maximale robuste de 250 kg et \u00e9quip\u00e9e de pneus tout-terrain, elle garantit facilit\u00e9 d'utilisation et polyvalence. Fabriqu\u00e9e \u00e0 partir d'un cadre en acier peint par poudrage de haute qualit\u00e9 et de polyplastique haute densit\u00e9, cette brouette offre une construction durable et robuste, ce qui la rend id\u00e9ale pour les t\u00e2ches quotidiennes de chargement dans les jardins ou pour tout projet de transport.<\/span><\/p>\n<p><span style=\"font-size: 14px;\">La conception innovante \u00e0 quatre roues assure un poids \u00e9quilibr\u00e9 et uniform\u00e9ment r\u00e9parti pour des charges stables. Avec un cadre m\u00e9tallique rectangulaire robuste, l'installation est un jeu d'enfant, avec une meilleure maniabilit\u00e9 et la capacit\u00e9 de n\u00e9gocier sans effort des virages serr\u00e9s. Le polyplastique de haute qualit\u00e9 est non seulement durable et facile \u00e0 nettoyer, mais il est \u00e9galement con\u00e7u pour r\u00e9sister \u00e0 la salet\u00e9, au gravier, au paillis ou aux plantes. La grande garde au sol permet au chariot de franchir facilement les obstacles courants.<\/span><\/p>\n<p><span style=\"font-size: 14px;\">La poign\u00e9e souple et rembourr\u00e9e de ce chariot assure une prise en main confortable, de sorte que vous n'avez pas \u00e0 vous fatiguer pendant les longues s\u00e9ances de transport. Le chariot a un poids de charge et une capacit\u00e9 de stockage excellents et est fabriqu\u00e9 avec des mat\u00e9riaux robustes et de haute qualit\u00e9 pour une plus grande durabilit\u00e9. Le m\u00e9canisme de d\u00e9verrouillage facile et l'assemblage simple font de ce chariot un choix pratique et convivial.<\/span><\/p>\n<p><span style=\"font-size: 14px;\">La Herzberg HG-8028-75 impressionne \u00e9galement par son grand rayon de braquage, sa garde au sol importante et son plateau en poly\u00e9thyl\u00e8ne r\u00e9sistant \u00e0 la rouille pour une longue dur\u00e9e de vie. Les pneus tout-terrain de 10 pouces garantissent des performances fluides et fiables, tandis que la poign\u00e9e extra-longue se replie sans effort pour un rangement pratique. Am\u00e9liorez votre exp\u00e9rience de transport avec la brouette Herzberg HG-8028-75 - un m\u00e9lange parfait de durabilit\u00e9, d'innovation et de performance in\u00e9gal\u00e9e pour tous vos besoins de jardinage et de transport.<\/span><\/p>\n<p>&nbsp;<\/p>\n<p>&nbsp;<\/p>\n<p><span style=\"font-size: 14px;\"><strong>Caract\u00e9ristiques :<\/strong><\/span><\/p>\n<ul>\n<li><span style=\"font-size: 14px;\"><strong>Poids de chargement important et grande capacit\u00e9 de stockage : <\/strong>Le Herzberg HG-8028-75 a non seulement une capacit\u00e9 de transport impressionnante, mais aussi un poids de charge et une capacit\u00e9 de stockage exceptionnels, ce qui en fait un outil de travail fiable pour une grande vari\u00e9t\u00e9 de mat\u00e9riaux et de t\u00e2ches.<\/span><\/li>\n<li><span style=\"font-size: 14px;\"><strong>Conception robuste et mat\u00e9riaux de haute qualit\u00e9 :<\/strong> Fabriqu\u00e9 avec des mat\u00e9riaux robustes, notamment un cadre en acier de haute qualit\u00e9 rev\u00eatu de poudre et un plateau en polypropyl\u00e8ne haute densit\u00e9, ce chariot est con\u00e7u pour r\u00e9sister aux rigueurs d'une utilisation intensive, ce qui lui assure une longue dur\u00e9e de vie et une grande long\u00e9vit\u00e9.<\/span><\/li>\n<li><span style=\"font-size: 14px;\"><strong>La poign\u00e9e extra-longue peut \u00eatre pli\u00e9e pour faciliter le rangement : <\/strong>La poign\u00e9e extra-longue facilite non seulement un remorquage confortable, mais se plie \u00e9galement sans effort pour un rangement compact. Cette caract\u00e9ristique en fait un excellent choix pour les utilisateurs disposant d'un espace de stockage limit\u00e9.<\/span><\/li>\n<li><span style=\"font-size: 14px;\"><strong>Stabilit\u00e9 sur quatre roues :<\/strong> La conception innovante des quatre roues est une caract\u00e9ristique cl\u00e9 qui contribue \u00e0 la stabilit\u00e9 du chariot. Elle assure une r\u00e9partition \u00e9quilibr\u00e9e du poids et fournit une base stable pour un transport s\u00fbr et efficace. Cette conception est particuli\u00e8rement avantageuse sur les terrains accident\u00e9s ou avec des charges plus lourdes.<\/span><\/li>\n<li><span style=\"font-size: 14px;\"><strong>Assemblage facile : H<\/strong>e cadre m\u00e9tallique rectangulaire et robuste augmente non seulement la stabilit\u00e9 du chariot, mais facilite \u00e9galement le processus d'assemblage. Les utilisateurs peuvent assembler rapidement le chariot, de sorte qu'il peut \u00eatre utilis\u00e9 imm\u00e9diatement sans proc\u00e9dures d'installation compliqu\u00e9es.<\/span><\/li>\n<li><span style=\"font-size: 14px;\"><strong>M\u00e9canisme de d\u00e9verrouillage facile : <\/strong>Le m\u00e9canisme de d\u00e9chargement facile du chariot est une caract\u00e9ristique qui permet de gagner du temps et de simplifier le d\u00e9chargement. Cette conception conviviale am\u00e9liore l'efficacit\u00e9 globale des t\u00e2ches, rationalise votre flux de travail et vous fait gagner un temps pr\u00e9cieux.<\/span><\/li>\n<li><span style=\"font-size: 14px;\"><strong>Poign\u00e9e rembourr\u00e9e :<\/strong> La poign\u00e9e souple et rembourr\u00e9e est un ajout judicieux qui privil\u00e9gie le confort de l'utilisateur lors d'une utilisation prolong\u00e9e. Cette caract\u00e9ristique minimise la fatigue des mains et assure une prise en main confortable pour les professionnels de l'entretien des pelouses comme pour les jardiniers ordinaires.<\/span><\/li>\n<li><span style=\"font-size: 14px;\"><strong>Large garde au sol : <\/strong>La garde au sol g\u00e9n\u00e9reuse du chariot est une caract\u00e9ristique pratique qui permet une navigation fluide autour des obstacles. Cette adaptabilit\u00e9 aux diff\u00e9rents terrains am\u00e9liore la convivialit\u00e9 g\u00e9n\u00e9rale, ce qui rend le chariot bien adapt\u00e9 aux environnements ext\u00e9rieurs comportant des obstacles courants.<\/span><\/li>\n<li><span style=\"font-size: 14px;\"><strong>Lit en poly\u00e9thyl\u00e8ne r\u00e9sistant \u00e0 la rouille :<\/strong> Le lit en poly\u00e9thyl\u00e8ne r\u00e9sistant \u00e0 la rouille t\u00e9moigne de la durabilit\u00e9 du chariot. Con\u00e7ue pour r\u00e9sister \u00e0 de lourdes charges et \u00e0 l'exposition \u00e0 diff\u00e9rents mat\u00e9riaux tels que la terre, le gravier, le paillis ou les plantes, cette plate-forme en poly\u00e9thyl\u00e8ne garantit une longue dur\u00e9e de vie et des performances durables.<\/span><\/li>\n<li><span style=\"font-size: 14px;\"><strong>Stockage compact :<\/strong> La poign\u00e9e extra-longue qui se plie sans effort est une solution de rangement peu encombrante. Cette conception augmente la convivialit\u00e9 du chariot en minimisant l'espace de stockage n\u00e9cessaire, ce qui en fait un choix pratique pour les utilisateurs disposant d'une capacit\u00e9 de stockage limit\u00e9e.<\/span><\/li>\n<li><span style=\"font-size: 14px;\"><strong>Pneumatiques pour tous les terrains : <\/strong>Les pneus tout-terrain de 10 pouces permettent \u00e0 ce chariot de rouler sur n'importe quelle surface. Qu'il s'agisse de rouler sur du gravier, de l'herbe ou un sol irr\u00e9gulier, les pneus offrent des performances fluides et fiables, ce qui en fait un choix id\u00e9al pour les applications ext\u00e9rieures polyvalentes.<\/span><\/li>\n<\/ul>\n<p>&nbsp;<\/p>\n<p><span style=\"font-size: 14px;\"><strong>Sp\u00e9cifications :<\/strong><\/span><\/p>\n<ul>\n<li><span style=\"font-size: 14px;\">Marque : Herzberg<\/span><\/li>\n<li><span style=\"font-size: 14px;\">Couleur : vert<\/span><\/li>\n<li><span style=\"font-size: 14px;\">Mat\u00e9riau de la bo\u00eete : plastique poly de haute qualit\u00e9<\/span><\/li>\n<li><span style=\"font-size: 14px;\">Mat\u00e9riau du cadre : acier poudr\u00e9 de haute qualit\u00e9<\/span><\/li>\n<li><span style=\"font-size: 14px;\">Capacit\u00e9 de transport normale : 75 L<\/span><\/li>\n<li><span style=\"font-size: 14px;\">Capacit\u00e9 de transport maximale : 250 kg<\/span><\/li>\n<li><span style=\"font-size: 14px;\">Dimensions totales : 109cm x 51cm x 94 cm<\/span><\/li>\n<li><span style=\"font-size: 14px;\">Dimensions du lit : 92cm x 49cm x 21cm\u00a0<\/span><\/li>\n<li><span style=\"font-size: 14px;\">Poids du produit : 14,50 kg<\/span><\/li>\n<li><span style=\"font-size: 14px;\">Pneumatiques : pneus de 10 pouces<\/span><\/li>\n<\/ul>","protected":false},"excerpt":{"rendered":"<p>Maak kennis met de Herzberg HG-8028-75, een revolutionaire oplossing voor zwaar transport. Deze 75 liter kruiwagen zet een nieuwe standaard<\/p>","protected":false},"featured_media":584646,"comment_status":"closed","ping_status":"closed","template":"","meta":{"_seopress_robots_primary_cat":"none","_seopress_titles_title":"","_seopress_titles_desc":"","_seopress_robots_index":""},"product_brand":[],"product_cat":[998],"product_tag":[],"class_list":{"0":"post-584645","1":"product","2":"type-product","3":"status-publish","4":"has-post-thumbnail","6":"product_cat-tuin","8":"first","9":"instock","10":"taxable","11":"shipping-taxable","12":"purchasable","13":"product-type-simple"},"_links":{"self":[{"href":"https:\/\/ledshoponline.be\/fr\/wp-json\/wp\/v2\/product\/584645","targetHints":{"allow":["GET"]}}],"collection":[{"href":"https:\/\/ledshoponline.be\/fr\/wp-json\/wp\/v2\/product"}],"about":[{"href":"https:\/\/ledshoponline.be\/fr\/wp-json\/wp\/v2\/types\/product"}],"replies":[{"embeddable":true,"href":"https:\/\/ledshoponline.be\/fr\/wp-json\/wp\/v2\/comments?post=584645"}],"version-history":[{"count":1,"href":"https:\/\/ledshoponline.be\/fr\/wp-json\/wp\/v2\/product\/584645\/revisions"}],"predecessor-version":[{"id":584776,"href":"https:\/\/ledshoponline.be\/fr\/wp-json\/wp\/v2\/product\/584645\/revisions\/584776"}],"wp:featuredmedia":[{"embeddable":true,"href":"https:\/\/ledshoponline.be\/fr\/wp-json\/wp\/v2\/media\/584646"}],"wp:attachment":[{"href":"https:\/\/ledshoponline.be\/fr\/wp-json\/wp\/v2\/media?parent=584645"}],"wp:term":[{"taxonomy":"product_brand","embeddable":true,"href":"https:\/\/ledshoponline.be\/fr\/wp-json\/wp\/v2\/product_brand?post=584645"},{"taxonomy":"product_cat","embeddable":true,"href":"https:\/\/ledshoponline.be\/fr\/wp-json\/wp\/v2\/product_cat?post=584645"},{"taxonomy":"product_tag","embeddable":true,"href":"https:\/\/ledshoponline.be\/fr\/wp-json\/wp\/v2\/product_tag?post=584645"}],"curies":[{"name":"wp","href":"https:\/\/api.w.org\/{rel}","templated":true}]}}