{"id":584643,"date":"2025-06-14T10:44:12","date_gmt":"2025-06-14T10:44:12","guid":{"rendered":"https:\/\/ledshoponline.be\/shop\/niet-gecategoriseerd\/nordic-master-nac-9000-4-in-1-airconditioner-met-9000-btu-koelvermogen-en-wifi\/"},"modified":"2025-06-26T04:14:01","modified_gmt":"2025-06-26T04:14:01","slug":"climatiseur-4-en-1-nordic-master-nac-9000-avec-capacite-de-refroidissement-de-9000-btu-et-wifi","status":"publish","type":"product","link":"https:\/\/ledshoponline.be\/fr\/shop\/producten\/nordic-master-nac-9000-4-in-1-airconditioner-met-9000-btu-koelvermogen-en-wifi\/","title":{"rendered":"Nordic Master NAC-9000 : Climatiseur 4-en-1 avec capacit\u00e9 de refroidissement de 9000 BTU et WIFI"},"content":{"rendered":"<p><span style=\"font-size: 18px;\"><strong>Nordic Master NAC-9000 : Climatiseur 4-en-1 avec capacit\u00e9 de refroidissement de 9000 BTU et WIFI<\/strong><\/span><\/p>\n<p>&nbsp;<\/p>\n<p>&nbsp;<\/p>\n<p><span style=\"font-size: 14px;\">Le Nordic Master NAC-9000 est un climatiseur 4 en 1 multifonctionnel d'une capacit\u00e9 de 9000 BTU con\u00e7u pour un refroidissement efficace. Gr\u00e2ce \u00e0 ses fonctions avanc\u00e9es et \u00e0 sa connectivit\u00e9 Wi-Fi pratique, ce petit appareil offre un contr\u00f4le pr\u00e9cis et un confort accru.<\/span><\/p>\n<p><span style=\"font-size: 14px;\">Avec le NAC-9000, vous avez un contr\u00f4le total sur votre int\u00e9rieur. Vous pouvez contr\u00f4ler la vitesse du ventilateur, activer le chauffage, le refroidissement ou la d\u00e9shumidification et r\u00e9gler la temp\u00e9rature souhait\u00e9e depuis n'importe quel endroit de votre maison gr\u00e2ce \u00e0 l'application Wi-Fi sp\u00e9cialis\u00e9e. Gr\u00e2ce \u00e0 l'\u00e9cran LED num\u00e9rique, vous pouvez facilement v\u00e9rifier les r\u00e9glages et les ajuster en fonction de vos pr\u00e9f\u00e9rences.<\/span><\/p>\n<p><span style=\"font-size: 14px;\">Le NAC-9000 est un appareil pratique dot\u00e9 de commandes \u00e9lectroniques, d'une minuterie et d'un mode veille. Alors que le mode sommeil modifie automatiquement la temp\u00e9rature pour une nuit de sommeil agr\u00e9able et \u00e9conome en \u00e9nergie, la minuterie vous permet de programmer le fonctionnement du climatiseur en fonction de vos pr\u00e9f\u00e9rences. De plus, le m\u00e9canisme d'\u00e9vaporation automatique ne n\u00e9cessite pas d'\u00e9vacuation manuelle de l'eau, ce qui accro\u00eet l'efficacit\u00e9 et la commodit\u00e9 de l'appareil.<\/span><\/p>\n<p>&nbsp;<\/p>\n<p><span style=\"font-size: 14px;\">Le NAC-9000 est dot\u00e9 de commandes \u00e9lectroniques, d'une minuterie et d'un mode veille con\u00e7us pour faciliter l'utilisation. Le mode sommeil modifie automatiquement la temp\u00e9rature pour un sommeil r\u00e9parateur, tandis que la minuterie vous permet de programmer le fonctionnement du climatiseur en fonction de vos pr\u00e9f\u00e9rences. La technologie d'\u00e9vaporation automatique \u00e9limine la n\u00e9cessit\u00e9 d'une \u00e9vacuation manuelle de l'eau, ce qui rend l'appareil plus efficace et plus pratique.<\/span><\/p>\n<p>&nbsp;<\/p>\n<p><span style=\"font-size: 14px;\">Dot\u00e9 d'un ventilateur \u00e0 deux vitesses, le NAC-9000 offre un d\u00e9bit d'air r\u00e9glable en fonction de vos go\u00fbts. L'appareil est tr\u00e8s mobile gr\u00e2ce aux roulettes incluses, ce qui vous permet de le d\u00e9placer \u00e0 votre guise. Le NAC-9000 offre un refroidissement efficace et personnalisable, que vous soyez dans le salon, la chambre ou le bureau.<\/span><\/p>\n<p><span style=\"font-size: 14px;\">Les caract\u00e9ristiques impressionnantes du Nordic Master NAC-9000 comprennent une capacit\u00e9 de refroidissement de 9000 Btu\/h et une capacit\u00e9 de chauffage de 7000 Btu\/h. Il fonctionne \u00e0 une fr\u00e9quence de 50 Hz et \u00e0 une tension nominale de 220-240 V CA. Le climatiseur a un courant de refroidissement robuste de 4,5A et un courant de chauffage de 3,8A. Sa petite taille et son indice de protection IPX1 lui permettent de s'adapter \u00e0 des pi\u00e8ces de tailles et d'environnements diff\u00e9rents.<\/span><\/p>\n<p><span style=\"font-size: 14px;\">Le NAC-9000 a \u00e9t\u00e9 con\u00e7u dans un souci de s\u00e9curit\u00e9, comme en t\u00e9moigne le m\u00e9canisme d'arr\u00eat automatique lorsque le r\u00e9servoir est plein, ce qui \u00e9vite toute fuite d'eau. Fabriqu\u00e9 en 2022, il porte un num\u00e9ro de s\u00e9rie sp\u00e9cial qui permet de l'identifier.<\/span><\/p>\n<p>&nbsp;<\/p>\n<p><span style=\"font-size: 14px;\">D\u00e9couvrez le confort et la commodit\u00e9 du Nordic Master NAC-9000, le climatiseur 4 en 1 ultime qui combine un puissant syst\u00e8me de refroidissement, de chauffage, de d\u00e9shumidification et une connectivit\u00e9 Wi-Fi intelligente dans un seul appareil mince. Contr\u00f4lez le climat int\u00e9rieur et cr\u00e9ez facilement un espace de vie confortable.<\/span><\/p>\n<p>&nbsp;<\/p>\n<p>&nbsp;<\/p>\n<p>&nbsp;<\/p>\n<p><strong><span style=\"font-size: 14px;\">Caract\u00e9ristiques :<\/span><\/strong><\/p>\n<ul>\n<li><span style=\"font-size: 14px;\"><strong>Grande capacit\u00e9 avec une taille compacte : <\/strong>Cet appareil polyvalent combine une grande capacit\u00e9 de refroidissement, de chauffage et de d\u00e9shumidification avec un design compact et peu encombrant, ce qui le rend id\u00e9al pour des pi\u00e8ces de diff\u00e9rentes tailles.<\/span><\/li>\n<li><span style=\"font-size: 14px;\"><strong>T\u00e9l\u00e9commande : <\/strong>Contr\u00f4lez enti\u00e8rement les fonctions du ventilateur depuis n'importe quel endroit de la pi\u00e8ce gr\u00e2ce \u00e0 la t\u00e9l\u00e9commande fournie, ou g\u00e9rez facilement les param\u00e8tres via l'application Wi-Fi sur votre smartphone ou votre tablette.<\/span><\/li>\n<li><span style=\"font-size: 14px;\"><strong>R\u00e9glage et affichage de la temp\u00e9rature :<\/strong> R\u00e9glez facilement la temp\u00e9rature souhait\u00e9e pour votre confort et v\u00e9rifiez la temp\u00e9rature actuelle sur l'\u00e9cran digital LED.<\/span><\/li>\n<li><span style=\"font-size: 14px;\"><strong>Contr\u00f4le \u00e9lectronique avec minuterie int\u00e9gr\u00e9e et mode veille :<\/strong> Contr\u00f4lez avec pr\u00e9cision le fonctionnement du ventilateur gr\u00e2ce aux commandes \u00e9lectroniques, y compris une fonction de minuterie int\u00e9gr\u00e9e pour un fonctionnement programm\u00e9. Activez le mode veille pour un refroidissement ou un chauffage silencieux et \u00e9conome en \u00e9nergie pendant la nuit.<\/span><\/li>\n<li><span style=\"font-size: 14px;\"><strong>Syst\u00e8me d'\u00e9vaporation automatique : <\/strong>Le syst\u00e8me d'\u00e9vaporation automatique am\u00e9liore l'efficacit\u00e9 en \u00e9vaporant automatiquement l'humidit\u00e9 condens\u00e9e, ce qui \u00e9limine la n\u00e9cessit\u00e9 de vider manuellement le r\u00e9servoir d'eau.<\/span><\/li>\n<li><span style=\"font-size: 14px;\"><strong>Arr\u00eat automatique lorsque le r\u00e9servoir est plein : <\/strong>Lorsque le r\u00e9servoir d'eau de l'appareil atteint sa capacit\u00e9 maximale, l'arr\u00eat automatique est activ\u00e9 pour \u00e9viter le d\u00e9bordement de l'eau et garantir un fonctionnement sans probl\u00e8me.<\/span><\/li>\n<li><span style=\"font-size: 14px;\"><strong>Red\u00e9marrage automatique : <\/strong>En cas de coupure de courant, le ventilateur red\u00e9marre automatiquement avec les param\u00e8tres pr\u00e9c\u00e9demment r\u00e9gl\u00e9s, pour un confort et une commodit\u00e9 continus.<\/span><\/li>\n<li><span style=\"font-size: 14px;\"><strong>Fonction de d\u00e9givrage :<\/strong> Le ventilateur est dot\u00e9 d'une fonction de d\u00e9givrage con\u00e7ue pour fonctionner \u00e0 des temp\u00e9ratures ambiantes basses, emp\u00eachant la formation de givre et maintenant des performances optimales.<\/span><\/li>\n<li><span style=\"font-size: 14px;\"><strong>Contr\u00f4le via la t\u00e9l\u00e9commande et l'application Wi-Fi :<\/strong> Contr\u00f4lez les fonctions et les r\u00e9glages du ventilateur avec la t\u00e9l\u00e9commande incluse ou via l'application Wi-Fi sur votre appareil intelligent pour plus de flexibilit\u00e9 et de commodit\u00e9.<\/span><\/li>\n<li><span style=\"font-size: 14px;\"><strong>Ventilateur \u00e0 2 vitesses : <\/strong>Choisissez entre deux vitesses de ventilation pour r\u00e9pondre \u00e0 vos pr\u00e9f\u00e9rences en mati\u00e8re de refroidissement, de chauffage ou de d\u00e9shumidification, pour un flux d'air adapt\u00e9 \u00e0 votre confort.<\/span><\/li>\n<li><span style=\"font-size: 14px;\"><strong>Roues pour une mobilit\u00e9 ais\u00e9e :<\/strong> Le ventilateur est \u00e9quip\u00e9 de roulettes pour une mobilit\u00e9 sans effort, ce qui vous permet de le d\u00e9placer facilement d'une pi\u00e8ce \u00e0 l'autre selon vos besoins.<\/span><\/li>\n<\/ul>\n<p>&nbsp;<\/p>\n<p>&nbsp;<\/p>\n<p><strong><span style=\"font-size: 14px;\">Sp\u00e9cifications :<\/span><\/strong><\/p>\n<ul>\n<li><span style=\"font-size: 14px;\">Marque : Nordic Master<\/span><\/li>\n<li><span style=\"font-size: 14px;\">Couleur : blanc<\/span><\/li>\n<li><span style=\"font-size: 14px;\">Mat\u00e9riau : ABS<\/span><\/li>\n<li><span style=\"font-size: 14px;\">Fonctionnalit\u00e9 : refroidissement, chauffage et d\u00e9shumidification<\/span><\/li>\n<li><span style=\"font-size: 14px;\">Options de contr\u00f4le : T\u00e9l\u00e9commande, application Wi-Fi<\/span><\/li>\n<li><span style=\"font-size: 14px;\">R\u00e9glage et affichage de la temp\u00e9rature : Oui<\/span><\/li>\n<li><span style=\"font-size: 14px;\">Type d'affichage : affichage num\u00e9rique \u00e0 LED<\/span><\/li>\n<li><span style=\"font-size: 14px;\">Commandes : Commandes \u00e9lectroniques, minuterie int\u00e9gr\u00e9e, mode veille<\/span><\/li>\n<li><span style=\"font-size: 14px;\">Syst\u00e8me d'\u00e9vaporation automatique : oui<\/span><\/li>\n<li><span style=\"font-size: 14px;\">Arr\u00eat automatique : Oui (lorsque le r\u00e9servoir est plein)<\/span><\/li>\n<li><span style=\"font-size: 14px;\">Red\u00e9marrage automatique : Oui (en cas de panne de courant)<\/span><\/li>\n<li><span style=\"font-size: 14px;\">Fonction de d\u00e9givrage : Oui (\u00e0 basse temp\u00e9rature ambiante)<\/span><\/li>\n<li><span style=\"font-size: 14px;\">Vitesses du ventilateur : 2 vitesses<\/span><\/li>\n<li><span style=\"font-size: 14px;\">Mobilit\u00e9 : Roues pour faciliter les d\u00e9placements<\/span><\/li>\n<li><span style=\"font-size: 14px;\">Mod\u00e8le : NAC-9000 \/ OL-BKYR26-A010E<\/span><\/li>\n<li><span style=\"font-size: 14px;\">Capacit\u00e9 de refroidissement : 9000 Btu\/h<\/span><\/li>\n<li><span style=\"font-size: 14px;\">Capacit\u00e9 de chauffage : 7000 Btu\/h<\/span><\/li>\n<li><span style=\"font-size: 14px;\">Tension nominale : AC220-240V<\/span><\/li>\n<li><span style=\"font-size: 14px;\">Fr\u00e9quence nominale : 50Hz<\/span><\/li>\n<li><span style=\"font-size: 14px;\">Puissance de refroidissement nominale : 1005W<\/span><\/li>\n<li><span style=\"font-size: 14px;\">Courant de refroidissement nominal : 4,5A<\/span><\/li>\n<li><span style=\"font-size: 14px;\">Puissance calorifique nominale : 835 W<\/span><\/li>\n<li><span style=\"font-size: 14px;\">Courant de chauffage nominal : 3,8A<\/span><\/li>\n<li><span style=\"font-size: 14px;\">Valeur IP::IPX1<\/span><\/li>\n<li><span style=\"font-size: 14px;\">Niveau sonore : &lt;65dB(A)<\/span><\/li>\n<li><span style=\"font-size: 14px;\">Charge de r\u00e9frig\u00e9rant : R290 170g<\/span><\/li>\n<li><span style=\"font-size: 14px;\">Poids net : 23 kg<\/span><\/li>\n<li><span style=\"font-size: 14px;\">Pression de fonctionnement maximale du c\u00f4t\u00e9 aspiration\/sortie : 0,7MPa\/3,2MPa<\/span><\/li>\n<li><span style=\"font-size: 14px;\">Pression maximale admissible du c\u00f4t\u00e9 haute\/basse pression : 3,2MPa<\/span><\/li>\n<li><span style=\"font-size: 14px;\">Pression maximale autoris\u00e9e pour l'\u00e9changeur de chaleur : 3,2MPa<\/span><\/li>\n<li><span style=\"font-size: 14px;\">Ann\u00e9e de production : 2022<\/span><\/li>\n<\/ul>\n<p>&nbsp;<\/p>\n<p><span style=\"font-size: 14px;\"><strong>Avertissement :<\/strong> <em>Veuillez noter que pour une performance et une efficacit\u00e9 optimales, le Nordic Master NAC-9000 doit \u00eatre utilis\u00e9 dans des pi\u00e8ces dont la surface au sol est sup\u00e9rieure \u00e0 9 m2.<\/em><\/span><\/p>","protected":false},"excerpt":{"rendered":"<p>Nordic Master NAC-9000: 4-in-1 Airconditioner met 9000 BTU koelvermogen en WIFI &nbsp; &nbsp; De Nordic Master NAC-9000 is een multifunctionele<\/p>","protected":false},"featured_media":584644,"comment_status":"closed","ping_status":"closed","template":"","meta":{"_seopress_robots_primary_cat":"none","_seopress_titles_title":"","_seopress_titles_desc":"","_seopress_robots_index":""},"product_brand":[],"product_cat":[19],"product_tag":[],"class_list":{"0":"post-584643","1":"product","2":"type-product","3":"status-publish","4":"has-post-thumbnail","6":"product_cat-producten","8":"first","9":"outofstock","10":"sale","11":"taxable","12":"shipping-taxable","13":"purchasable","14":"product-type-simple"},"_links":{"self":[{"href":"https:\/\/ledshoponline.be\/fr\/wp-json\/wp\/v2\/product\/584643","targetHints":{"allow":["GET"]}}],"collection":[{"href":"https:\/\/ledshoponline.be\/fr\/wp-json\/wp\/v2\/product"}],"about":[{"href":"https:\/\/ledshoponline.be\/fr\/wp-json\/wp\/v2\/types\/product"}],"replies":[{"embeddable":true,"href":"https:\/\/ledshoponline.be\/fr\/wp-json\/wp\/v2\/comments?post=584643"}],"version-history":[{"count":1,"href":"https:\/\/ledshoponline.be\/fr\/wp-json\/wp\/v2\/product\/584643\/revisions"}],"predecessor-version":[{"id":596372,"href":"https:\/\/ledshoponline.be\/fr\/wp-json\/wp\/v2\/product\/584643\/revisions\/596372"}],"wp:featuredmedia":[{"embeddable":true,"href":"https:\/\/ledshoponline.be\/fr\/wp-json\/wp\/v2\/media\/584644"}],"wp:attachment":[{"href":"https:\/\/ledshoponline.be\/fr\/wp-json\/wp\/v2\/media?parent=584643"}],"wp:term":[{"taxonomy":"product_brand","embeddable":true,"href":"https:\/\/ledshoponline.be\/fr\/wp-json\/wp\/v2\/product_brand?post=584643"},{"taxonomy":"product_cat","embeddable":true,"href":"https:\/\/ledshoponline.be\/fr\/wp-json\/wp\/v2\/product_cat?post=584643"},{"taxonomy":"product_tag","embeddable":true,"href":"https:\/\/ledshoponline.be\/fr\/wp-json\/wp\/v2\/product_tag?post=584643"}],"curies":[{"name":"wp","href":"https:\/\/api.w.org\/{rel}","templated":true}]}}