{"id":584641,"date":"2025-06-14T10:43:11","date_gmt":"2025-06-14T10:43:11","guid":{"rendered":"https:\/\/ledshoponline.be\/shop\/niet-gecategoriseerd\/powertech-pt-2000-draagbare-benzinegenerator-650w\/"},"modified":"2025-06-14T10:43:11","modified_gmt":"2025-06-14T10:43:11","slug":"powertech-pt-2000-generateur-portable-a-essence-650w","status":"publish","type":"product","link":"https:\/\/ledshoponline.be\/fr\/shop\/producten\/powertech-pt-2000-draagbare-benzinegenerator-650w\/","title":{"rendered":"Powertech PT-2000 : G\u00e9n\u00e9rateur portable \u00e0 essence - 650W"},"content":{"rendered":"<p><span style=\"font-size:18px\"><strong>Powertech PT-2000 : G\u00e9n\u00e9rateur portable \u00e0 essence <\/strong><\/span><\/p>\n<p>&nbsp;<\/p>\n<p><span style=\"font-size:14px\">Voici le Powertech PT-2000 : g\u00e9n\u00e9rateur portable \u00e0 essence, une solution \u00e9lectrique fiable et polyvalente con\u00e7ue pour r\u00e9pondre \u00e0 tous vos besoins en mati\u00e8re d'\u00e9lectricit\u00e9. Que vous fassiez du camping, que vous viviez une aventure en caravane ou que vous organisiez un petit \u00e9v\u00e9nement, ce g\u00e9n\u00e9rateur \u00e0 onduleur compact et l\u00e9ger vous fournira l'\u00e9nergie dont vous avez besoin.<\/span><\/p>\n<p>&nbsp;<\/p>\n<p><span style=\"font-size:14px\">Dot\u00e9 d'un moteur robuste et d'une source d'alimentation impressionnante de 650 watts, le PT-2000 offre des performances efficaces sans sacrifier la durabilit\u00e9. Son fonctionnement silencieux le rend parfait pour une utilisation domestique, les f\u00eates de jardin et les march\u00e9s, vous permettant d'alimenter vos appareils \u00e9lectriques sans perturber la paix et la tranquillit\u00e9.<\/span><\/p>\n<p>&nbsp;<\/p>\n<p><span style=\"font-size:14px\">Le d\u00e9marrage du PT-2000 est un jeu d'enfant gr\u00e2ce \u00e0 sa nouvelle technologie de d\u00e9marrage, qui garantit une puissance instantan\u00e9e lorsque vous en avez besoin. La faible consommation de carburant du g\u00e9n\u00e9rateur garantit une longue dur\u00e9e de fonctionnement (jusqu'\u00e0 15 heures), ce qui le rend id\u00e9al pour les activit\u00e9s de plein air prolong\u00e9es. Et avec un r\u00e9servoir d'une capacit\u00e9 d'environ 4,1 litres, vous pouvez profiter d'une puissance continue sans avoir \u00e0 vous soucier des ravitaillements fr\u00e9quents.<\/span><\/p>\n<p>&nbsp;<\/p>\n<p><span style=\"font-size:14px\">La s\u00e9curit\u00e9 est primordiale et le PT-2000 est con\u00e7u avec plusieurs dispositifs de protection. Le syst\u00e8me de refroidissement emp\u00eache la surchauffe et assure une longue dur\u00e9e de vie au moteur. De plus, le g\u00e9n\u00e9rateur est \u00e9quip\u00e9 d'une protection contre l'\u00e9bullition, qui s'arr\u00eate automatiquement lorsque le niveau de carburant est bas, prot\u00e9geant ainsi le moteur et p\u00e9rennisant votre investissement.<\/span><\/p>\n<p>&nbsp;<\/p>\n<p><span style=\"font-size:14px\">Le Powertech PT-2000 n'est pas seulement puissant, il est aussi tr\u00e8s pratique. Son design compact et sa construction l\u00e9g\u00e8re le rendent facile \u00e0 transporter et \u00e0 ranger. Gr\u00e2ce \u00e0 la prise unique, vous pouvez facilement connecter vos appareils \u00e9lectriques et alimenter plusieurs gadgets en m\u00eame temps.<\/span><\/p>\n<p>&nbsp;<\/p>\n<p><span style=\"font-size:14px\">Profitez de la libert\u00e9 d'une alimentation \u00e9lectrique fiable et pratique, o\u00f9 que vos aventures vous m\u00e8nent, gr\u00e2ce au g\u00e9n\u00e9rateur \u00e0 essence portable PT-2000 de Powertech. Que vous exploriez le plein air, que vous organisiez un rassemblement ou que vous cherchiez simplement une source d'\u00e9nergie de secours pour votre maison, le PT-2000 est le compagnon id\u00e9al pour tous vos besoins en \u00e9nergie. Am\u00e9liorez vos exp\u00e9riences en plein air d\u00e8s aujourd'hui et ne restez plus jamais dans l'obscurit\u00e9. Procurez-vous le PT-2000 de Powertech et d\u00e9couvrez la v\u00e9ritable essence de l'alimentation portable.<\/span><\/p>\n<p>&nbsp;<\/p>\n<p> <span style=\"font-size:14px\"><strong>Caract\u00e9ristiques :<\/strong><\/span><\/p>\n<ul>\n<li><span style=\"font-size:14px\">Technologie d'onduleur efficace : le PT-2000 utilise une technologie d'onduleur avanc\u00e9e pour une sortie d'alimentation stable et propre, id\u00e9ale pour les appareils \u00e9lectroniques sensibles tels que les ordinateurs portables et les smartphones.<\/span><\/li>\n<li><span style=\"font-size:14px\">Des performances respectueuses de l'environnement : Gr\u00e2ce \u00e0 sa faible consommation de carburant et \u00e0 sa conception \u00e9conome en \u00e9nergie, ce g\u00e9n\u00e9rateur est respectueux de l'environnement et r\u00e9duit l'empreinte carbone pendant son fonctionnement.<\/span><\/li>\n<li><span style=\"font-size:14px\">Puissance de sortie polyvalente : Le PT-2000 a une puissance de sortie maximale de 650 watts et une puissance nominale de 550 watts, ce qui lui permet de s'adapter \u00e0 une large gamme d'appareils.<\/span><\/li>\n<li><span style=\"font-size:14px\">Utilisation polyvalente : que ce soit pour le camping, les \u00e9v\u00e9nements en plein air, les chantiers de construction ou l'alimentation de secours, ce g\u00e9n\u00e9rateur vous conviendra parfaitement.<\/span><\/li>\n<li><span style=\"font-size:14px\">Moteur 2 temps efficace : \u00e9quip\u00e9 d'un moteur 2 temps puissant et durable, le PT-2000 garantit des performances fiables, m\u00eame pour les t\u00e2ches les plus exigeantes.<\/span><\/li>\n<li><span style=\"font-size:14px\">Qualit\u00e9 de construction solide : fabriqu\u00e9 avec des mat\u00e9riaux de haute qualit\u00e9, notamment un int\u00e9rieur en acier inoxydable de qualit\u00e9 alimentaire 304, le PT-2000 garantit une durabilit\u00e9 et une longue dur\u00e9e de vie.<\/span><\/li>\n<li><span style=\"font-size:14px\">Entretien facile : la conception simple du g\u00e9n\u00e9rateur et ses pi\u00e8ces faciles \u00e0 nettoyer facilitent l'entretien et garantissent un fonctionnement sans probl\u00e8me.<\/span><\/li>\n<li><span style=\"font-size:14px\">Poign\u00e9e Cool-Touch : La poign\u00e9e du PT-2000 est con\u00e7ue avec un rev\u00eatement antid\u00e9rapant qui reste froid pendant l'utilisation, pour une utilisation s\u00fbre et confortable.<\/span><\/li>\n<li><span style=\"font-size:14px\">R\u00e9sistance \u00e0 l'eau : la r\u00e9sistance \u00e0 l'eau IPX3 prot\u00e8ge le g\u00e9n\u00e9rateur contre les \u00e9claboussures l\u00e9g\u00e8res et garantit sa fiabilit\u00e9 lors d'une utilisation en ext\u00e9rieur.<\/span><\/li>\n<li><span style=\"font-size:14px\">Arr\u00eat automatique : Le PT-2000 est dot\u00e9 d'une fonction d'arr\u00eat automatique qui s'active lorsque le carburant vient \u00e0 manquer, prot\u00e9geant ainsi le g\u00e9n\u00e9rateur et \u00e9vitant tout dommage.<\/span><\/li>\n<li><span style=\"font-size:14px\">Support linguistique : le g\u00e9n\u00e9rateur est livr\u00e9 avec un manuel en anglais afin que les utilisateurs puissent facilement comprendre l'installation et le fonctionnement.<\/span><\/li>\n<li><span style=\"font-size:14px\">Emballage pratique : le PT-2000 est soigneusement emball\u00e9 pour \u00eatre livr\u00e9 en toute s\u00e9curit\u00e9 et pr\u00eat \u00e0 l'emploi.<\/span><\/li>\n<\/ul>\n<p>&nbsp;<\/p>\n<p><strong><span style=\"font-size:14px\">Sp\u00e9cifications :&nbsp;<\/span><\/strong><\/p>\n<ul>\n<li><span style=\"font-size:14px\">Marque : Powertech<\/span><\/li>\n<li><span style=\"font-size:14px\">Mod\u00e8le : PT-2000<\/span><\/li>\n<li><span style=\"font-size:14px\">Couleur : rouge<\/span><\/li>\n<li><span style=\"font-size:14px\">Type de moteur : 1 cylindre \u00e0 2 temps<\/span><\/li>\n<li><span style=\"font-size:14px\">Type de carburant : essence<\/span><\/li>\n<li><span style=\"font-size:14px\">Puissance du moteur : 1,1 kW (1,5 hp)<\/span><\/li>\n<li><span style=\"font-size:14px\">Rapport de m\u00e9lange : 1:25<\/span><\/li>\n<li><span style=\"font-size:14px\">Volume de fonctionnement : 53 dB<\/span><\/li>\n<li><span style=\"font-size:14px\">LPA (niveau de pression acoustique) : 73 dB (A)<\/span><\/li>\n<li><span style=\"font-size:14px\">LWA (niveau de puissance acoustique) : 94 dB (A)<\/span><\/li>\n<li><span style=\"font-size:14px\">Capacit\u00e9 du r\u00e9servoir : environ 4,1 litres (dur\u00e9e de fonctionnement : environ 15 heures)<\/span><\/li>\n<li><span style=\"font-size:14px\">Puissance de cr\u00eate : 650 watts<\/span><\/li>\n<li><span style=\"font-size:14px\">Puissance nominale : 550 watts<\/span><\/li>\n<li><span style=\"font-size:14px\">Fr\u00e9quence : 50Hz<\/span><\/li>\n<li><span style=\"font-size:14px\">Tension : 230V<\/span><\/li>\n<li><span style=\"font-size:14px\">Nombre de prises : 1<\/span><\/li>\n<li><span style=\"font-size:14px\">Syst\u00e8me de refroidissement : g\u00e9n\u00e9rateur refroidi \u00e0 l'air<\/span><\/li>\n<li><span style=\"font-size:14px\">Manuel : anglais<\/span><\/li>\n<li><span style=\"font-size:14px\">Poids : 19 kilogrammes<\/span><\/li>\n<li><span style=\"font-size:14px\">Consommation de carburant : 25<\/span><\/li>\n<li><span style=\"font-size:14px\">Marquage CE : Oui<\/span><\/li>\n<li><span style=\"font-size:14px\">P\u00e9riode de garantie du fabricant : 1 an<\/span><\/li>\n<li><span style=\"font-size:14px\">Niveau sonore : 94 dB<\/span><\/li>\n<li><span style=\"font-size:14px\">Capacit\u00e9 : 4L<\/span><\/li>\n<li><span style=\"font-size:14px\">MPN (num\u00e9ro de pi\u00e8ce du fabricant) : PT2000<\/span><\/li>\n<li><span style=\"font-size:14px\">Largeur du produit : 30 cm<\/span><\/li>\n<li><span style=\"font-size:14px\">Poids du produit : 19 kg<\/span><\/li>\n<li><span style=\"font-size:14px\">Hauteur du produit : 43 cm<\/span><\/li>\n<li><span style=\"font-size:14px\">Longueur du produit : 48 cm<\/span><\/li>\n<\/ul>","protected":false},"excerpt":{"rendered":"<p>Powertech PT-2000: Draagbare benzinegenerator &nbsp; Maak kennis met de Powertech PT-2000: Draagbare Benzine Generator, een betrouwbare en veelzijdige stroomoplossing die<\/p>","protected":false},"featured_media":584642,"comment_status":"open","ping_status":"closed","template":"","meta":{"_seopress_robots_primary_cat":"","_seopress_titles_title":"","_seopress_titles_desc":"","_seopress_robots_index":""},"product_brand":[],"product_cat":[19],"product_tag":[],"class_list":{"0":"post-584641","1":"product","2":"type-product","3":"status-publish","4":"has-post-thumbnail","6":"product_cat-producten","8":"first","9":"outofstock","10":"taxable","11":"shipping-taxable","12":"purchasable","13":"product-type-simple"},"_links":{"self":[{"href":"https:\/\/ledshoponline.be\/fr\/wp-json\/wp\/v2\/product\/584641","targetHints":{"allow":["GET"]}}],"collection":[{"href":"https:\/\/ledshoponline.be\/fr\/wp-json\/wp\/v2\/product"}],"about":[{"href":"https:\/\/ledshoponline.be\/fr\/wp-json\/wp\/v2\/types\/product"}],"replies":[{"embeddable":true,"href":"https:\/\/ledshoponline.be\/fr\/wp-json\/wp\/v2\/comments?post=584641"}],"version-history":[{"count":0,"href":"https:\/\/ledshoponline.be\/fr\/wp-json\/wp\/v2\/product\/584641\/revisions"}],"wp:featuredmedia":[{"embeddable":true,"href":"https:\/\/ledshoponline.be\/fr\/wp-json\/wp\/v2\/media\/584642"}],"wp:attachment":[{"href":"https:\/\/ledshoponline.be\/fr\/wp-json\/wp\/v2\/media?parent=584641"}],"wp:term":[{"taxonomy":"product_brand","embeddable":true,"href":"https:\/\/ledshoponline.be\/fr\/wp-json\/wp\/v2\/product_brand?post=584641"},{"taxonomy":"product_cat","embeddable":true,"href":"https:\/\/ledshoponline.be\/fr\/wp-json\/wp\/v2\/product_cat?post=584641"},{"taxonomy":"product_tag","embeddable":true,"href":"https:\/\/ledshoponline.be\/fr\/wp-json\/wp\/v2\/product_tag?post=584641"}],"curies":[{"name":"wp","href":"https:\/\/api.w.org\/{rel}","templated":true}]}}