{"id":584639,"date":"2025-06-14T10:42:35","date_gmt":"2025-06-14T10:42:35","guid":{"rendered":"https:\/\/ledshoponline.be\/shop\/niet-gecategoriseerd\/bentheimer-br-308-30l-nat-en-droogzuiger-1500w-30l\/"},"modified":"2025-06-14T10:42:35","modified_gmt":"2025-06-14T10:42:35","slug":"bentheimer-br-308-30l-aspirateur-eau-et-sec-1500w-30l","status":"publish","type":"product","link":"https:\/\/ledshoponline.be\/fr\/shop\/producten\/bentheimer-br-308-30l-nat-en-droogzuiger-1500w-30l\/","title":{"rendered":"Bentheimer BR-308-30L : Aspirateur eau et poussi\u00e8re 1500W - 30L"},"content":{"rendered":"<p><span style=\"font-size:14px\">L'aspirateur eau et poussi\u00e8re Bentheimer BR-308-30L est une solution de nettoyage puissante de 1500 W con\u00e7ue pour les salissures humides et s\u00e8ches, avec une grande capacit\u00e9 de 30 litres pour une utilisation \u00e0 long terme. Le bo\u00eetier en acier inoxydable offre non seulement une durabilit\u00e9 et une finition chrom\u00e9e \u00e9l\u00e9gante, mais garantit \u00e9galement qu'il peut r\u00e9sister aux t\u00e2ches de nettoyage difficiles dans les maisons, les ateliers ou les garages. Avec une force de pression de 15 kPA et un syst\u00e8me de multifiltration, dont un filtre HEPA, cet aspirateur capture efficacement la poussi\u00e8re, la salet\u00e9 et les allerg\u00e8nes, favorisant ainsi un environnement int\u00e9rieur plus sain.<\/span><\/p>\n<p>&nbsp;<\/p>\n<p><span style=\"font-size:14px\">Le BR-308-30L se distingue par sa commodit\u00e9, avec son tuyau \u00e9lastique de 1,5 m\u00e8tre et son c\u00e2ble d'alimentation de 4 m\u00e8tres, qui facilitent la man\u0153uvre et l'acc\u00e8s aux grands espaces. La commande de d\u00e9bit d'air situ\u00e9e sur la poign\u00e9e permet un r\u00e9glage pr\u00e9cis de l'aspiration, ce qui rend l'appareil polyvalent pour diff\u00e9rentes surfaces, qu'il s'agisse de sols durs ou de moquettes. De plus, l'aspirateur est livr\u00e9 avec une s\u00e9rie d'accessoires, tels qu'une longue brosse carr\u00e9e, un suceur plat, des tubes en plastique, un filtre en \u00e9ponge et un sac \u00e0 poussi\u00e8re, qui vous permettent d'effectuer diff\u00e9rentes t\u00e2ches de nettoyage en toute simplicit\u00e9. L'indicateur de niveau de poussi\u00e8re vous avertit lorsqu'il est temps de vider le r\u00e9servoir, ce qui garantit des performances optimales.<\/span><\/p>\n<p>&nbsp;<\/p>\n<p><span style=\"font-size:14px\">Cet aspirateur est con\u00e7u pour \u00eatre \u00e0 la fois efficace et peu encombrant. Il est dot\u00e9 d'une position de stationnement qui permet de le ranger facilement en position verticale lorsqu'il n'est pas utilis\u00e9. La fonction de soufflerie ajoute de la polyvalence, vous permettant de souffler la poussi\u00e8re dans les zones difficiles d'acc\u00e8s ou de s\u00e9cher les surfaces humides. Avec un niveau sonore de 78 dB, il fonctionne relativement silencieusement pour sa puissance, garantissant un nettoyage efficace et convivial.<\/span><\/p>\n<p>&nbsp;<\/p>\n<p>&nbsp;<\/p>\n<p>&nbsp;<\/p>\n<p><strong><span style=\"font-size:14px\">Caract\u00e9ristiques :<\/span><\/strong><\/p>\n<ul>\n<li><span style=\"font-size:14px\"><strong>Moteur puissant de 1500W - <\/strong>L'aspirateur est \u00e9quip\u00e9 d'un moteur robuste de 1500 watts, qui offre une grande puissance d'aspiration pour nettoyer efficacement les taches humides et les salet\u00e9s s\u00e8ches. Ce niveau de puissance garantit un nettoyage complet et efficace sur une grande vari\u00e9t\u00e9 de surfaces, y compris les tapis, les sols durs et les tissus d'ameublement.<\/span><\/li>\n<li><span style=\"font-size:14px\"><strong>Grande capacit\u00e9 de d\u00e9poussi\u00e9rage de 30 litres -<\/strong> Con\u00e7u avec un grand r\u00e9servoir \u00e0 poussi\u00e8re de 30 litres, cet aspirateur peut contenir une quantit\u00e9 consid\u00e9rable de salet\u00e9s, de poussi\u00e8res et de d\u00e9chets liquides, ce qui r\u00e9duit la n\u00e9cessit\u00e9 de le vider fr\u00e9quemment. Cette caract\u00e9ristique est particuli\u00e8rement utile pour les grandes surfaces, les s\u00e9ances de nettoyage plus longues ou les t\u00e2ches difficiles, ce qui le rend id\u00e9al pour les maisons, les ateliers et les garages.<\/span><\/li>\n<li><span style=\"font-size:14px\"><strong>Bo\u00eetier en acier inoxydable -<\/strong> Fabriqu\u00e9 en acier inoxydable durable avec une finition chrom\u00e9e \u00e9l\u00e9gante, cet aspirateur peut r\u00e9sister \u00e0 une utilisation r\u00e9guli\u00e8re et \u00e0 des conditions de nettoyage difficiles. L'acier inoxydable ajoute non seulement une touche d'\u00e9l\u00e9gance moderne, mais il est \u00e9galement r\u00e9sistant \u00e0 la corrosion et \u00e0 l'usure, ce qui garantit des performances durables.<\/span><\/li>\n<li><span style=\"font-size:14px\"><strong>Syst\u00e8me de multifiltration avec filtre HEPA - <\/strong>\u00c9quip\u00e9 d'un syst\u00e8me de multifiltration avec un filtre HEPA tr\u00e8s efficace, cet aspirateur capture les fines particules de poussi\u00e8re, les allerg\u00e8nes et la salet\u00e9. Le filtre HEPA garantit que seul de l'air propre est renvoy\u00e9 dans l'environnement, favorisant ainsi un environnement int\u00e9rieur plus sain, ce qui est particuli\u00e8rement important pour les personnes souffrant d'allergies.<\/span><\/li>\n<li><span style=\"font-size:14px\"><strong>Contr\u00f4le du d\u00e9bit d'air sur la poign\u00e9e -<\/strong> L'aspirateur est \u00e9quip\u00e9 d'un interrupteur de contr\u00f4le du d\u00e9bit d'air, commod\u00e9ment situ\u00e9 sur la poign\u00e9e, qui vous permet de r\u00e9gler la puissance d'aspiration. Cette flexibilit\u00e9 est utile pour passer d'une surface \u00e0 l'autre, permettant un nettoyage en douceur des zones d\u00e9licates et une \u00e9limination maximale des salet\u00e9s tenaces.<\/span><\/li>\n<li><span style=\"font-size:14px\"><strong>Fonction de soufflerie -<\/strong> La fonction de soufflerie permet \u00e0 l'aspirateur de souffler de l'air pour d\u00e9poussi\u00e9rer les zones difficiles d'acc\u00e8s ou s\u00e9cher rapidement les surfaces humides apr\u00e8s le nettoyage. Cette polyvalence accrue \u00e9largit les possibilit\u00e9s d'utilisation de l'aspirateur au-del\u00e0 du simple passage de l'aspirateur, ce qui le rend adapt\u00e9 \u00e0 toute une s\u00e9rie de t\u00e2ches de nettoyage.<\/span><\/li>\n<li><span style=\"font-size:14px\"><strong>Indicateur de d\u00e9poussi\u00e9rage - <\/strong>L'indicateur de remplissage int\u00e9gr\u00e9 vous avertit lorsque le r\u00e9servoir de 30 litres atteint sa capacit\u00e9, ce qui vous permet de toujours conserver des performances d'aspiration optimales. Cette fonction vous permet de ne plus vous poser de questions sur l'entretien, de vider le r\u00e9servoir au bon moment et d'\u00e9viter une r\u00e9duction de la puissance d'aspiration.<\/span><\/li>\n<li><span style=\"font-size:14px\"><strong>Kit d'accessoires complet -<\/strong> Livr\u00e9 avec divers accessoires, notamment un tuyau \u00e9lastique, une longue brosse carr\u00e9e, un suceur plat, des tubes en plastique, un filtre en \u00e9ponge et un sac \u00e0 poussi\u00e8re. Cet ensemble complet d'accessoires permet \u00e0 l'aspirateur de s'adapter \u00e0 diff\u00e9rents besoins de nettoyage, qu'il s'agisse d'aspirer des coins \u00e9troits, de nettoyer des sols durs ou de s'attaquer \u00e0 des tissus d'ameublement.<\/span><\/li>\n<li><span style=\"font-size:14px\"><strong>Position de parking pour un rangement facile -<\/strong> Con\u00e7u avec une fonction de stationnement qui vous permet de ranger l'aspirateur en position verticale, \u00e9conomisant ainsi de l'espace pr\u00e9cieux dans vos espaces de rangement. Il est ainsi facile \u00e0 ranger lorsqu'il n'est pas utilis\u00e9 et facilement accessible pour la prochaine s\u00e9ance de nettoyage.<\/span><\/li>\n<li><span style=\"font-size:14px\"><strong>C\u00e2ble d'alimentation de 4M et tuyau \u00e9lastique de 1,5M - <\/strong>L'aspirateur est \u00e9quip\u00e9 d'un c\u00e2ble d'alimentation de 4 m\u00e8tres de long et d'un tuyau \u00e9lastique de 1,5 m\u00e8tre de long, offrant une plus grande port\u00e9e pour nettoyer de grandes surfaces sans avoir \u00e0 changer souvent de prise. Ce long c\u00e2ble et ce tuyau flexible vous permettent de man\u0153uvrer sans effort autour des meubles et des obstacles, ce qui augmente la facilit\u00e9 d'utilisation de l'aspirateur.<\/span><\/li>\n<\/ul>\n<p>&nbsp;<\/p>\n<p>&nbsp;<\/p>\n<p><span style=\"font-size:14px\"><strong>Sp\u00e9cifications :<\/strong><\/span><\/p>\n<ul>\n<li><span style=\"font-size:14px\">Marque : Bentheimer<\/span><\/li>\n<li><span style=\"font-size:14px\">Couleur : Chrome<\/span><\/li>\n<li><span style=\"font-size:14px\">Mat\u00e9riaux : Acier inoxydable<\/span><\/li>\n<li><span style=\"font-size:14px\">Tuyau \u00e9lastique : 1,5 m<\/span><\/li>\n<li><span style=\"font-size:14px\">Force de pression : 15 kPA<\/span><\/li>\n<li><span style=\"font-size:14px\">Bruit : 78 dB<\/span><\/li>\n<li><span style=\"font-size:14px\">C\u00e2ble d'alimentation : 4 m<\/span><\/li>\n<li><span style=\"font-size:14px\">Consommation \u00e9lectrique : 1500 W<\/span><\/li>\n<li><span style=\"font-size:14px\">Alimentation : AC 220-240 50\/60 Hz<\/span><\/li>\n<li><span style=\"font-size:14px\">Capacit\u00e9 d'empoussi\u00e8rement : 30 l<\/span><\/li>\n<li><span style=\"font-size:14px\">Efficacit\u00e9 et puissance \u00e9lev\u00e9es : OUI<\/span><\/li>\n<li><span style=\"font-size:14px\">Contr\u00f4le du d\u00e9bit d'air sur la poign\u00e9e : OUI<\/span><\/li>\n<li><span style=\"font-size:14px\">Syst\u00e8me de multifiltration : OUI<\/span><\/li>\n<li><span style=\"font-size:14px\">Indicateur de niveau de poussi\u00e8re : OUI<\/span><\/li>\n<li><span style=\"font-size:14px\">Fonction de soufflerie : OUI<\/span><\/li>\n<li><span style=\"font-size:14px\">Comprend : Tuyau \u00e9lastique, longue brosse carr\u00e9e, Kierzuigmond, tubes en plastique, filtre en \u00e9ponge, sac \u00e0 poussi\u00e8re.<\/span><\/li>\n<\/ul>","protected":false},"excerpt":{"rendered":"<p>De Bentheimer BR-308-30L Nat- en droogzuiger is een krachtige 1500W reinigingsoplossing die is ontworpen voor zowel natte als droge rommel,<\/p>","protected":false},"featured_media":584640,"comment_status":"open","ping_status":"closed","template":"","meta":{"_seopress_robots_primary_cat":"","_seopress_titles_title":"","_seopress_titles_desc":"","_seopress_robots_index":""},"product_brand":[],"product_cat":[19],"product_tag":[],"class_list":{"0":"post-584639","1":"product","2":"type-product","3":"status-publish","4":"has-post-thumbnail","6":"product_cat-producten","8":"first","9":"outofstock","10":"taxable","11":"shipping-taxable","12":"purchasable","13":"product-type-simple"},"_links":{"self":[{"href":"https:\/\/ledshoponline.be\/fr\/wp-json\/wp\/v2\/product\/584639","targetHints":{"allow":["GET"]}}],"collection":[{"href":"https:\/\/ledshoponline.be\/fr\/wp-json\/wp\/v2\/product"}],"about":[{"href":"https:\/\/ledshoponline.be\/fr\/wp-json\/wp\/v2\/types\/product"}],"replies":[{"embeddable":true,"href":"https:\/\/ledshoponline.be\/fr\/wp-json\/wp\/v2\/comments?post=584639"}],"version-history":[{"count":0,"href":"https:\/\/ledshoponline.be\/fr\/wp-json\/wp\/v2\/product\/584639\/revisions"}],"wp:featuredmedia":[{"embeddable":true,"href":"https:\/\/ledshoponline.be\/fr\/wp-json\/wp\/v2\/media\/584640"}],"wp:attachment":[{"href":"https:\/\/ledshoponline.be\/fr\/wp-json\/wp\/v2\/media?parent=584639"}],"wp:term":[{"taxonomy":"product_brand","embeddable":true,"href":"https:\/\/ledshoponline.be\/fr\/wp-json\/wp\/v2\/product_brand?post=584639"},{"taxonomy":"product_cat","embeddable":true,"href":"https:\/\/ledshoponline.be\/fr\/wp-json\/wp\/v2\/product_cat?post=584639"},{"taxonomy":"product_tag","embeddable":true,"href":"https:\/\/ledshoponline.be\/fr\/wp-json\/wp\/v2\/product_tag?post=584639"}],"curies":[{"name":"wp","href":"https:\/\/api.w.org\/{rel}","templated":true}]}}