{"id":571251,"date":"2025-05-14T07:40:45","date_gmt":"2025-05-14T07:40:45","guid":{"rendered":"https:\/\/ledshoponline.be\/?post_type=product&#038;p=571251"},"modified":"2025-05-15T15:50:19","modified_gmt":"2025-05-15T15:50:19","slug":"led-strip-wifi-controller-20a-zigbee-3-0-rf-2-4ghz-rgbcct-dim-12-24-48v","status":"publish","type":"product","link":"https:\/\/ledshoponline.be\/fr\/shop\/producten\/toebehoren\/230v-led-dimmers\/led-strip-wifi-controller-20a-zigbee-3-0-rf-2-4ghz-rgbcct-dim-12-24-48v\/","title":{"rendered":"Contr\u00f4leur de bande LED WiFi 20A - Zigbee 3.0 + RF 2.4GHz | RGB+CCT + DIM - 12\/24\/48V"},"content":{"rendered":"<p>Faites passer votre \u00e9clairage intelligent \u00e0 la vitesse sup\u00e9rieure gr\u00e2ce \u00e0 ce puissant <strong data-start=\"266\" data-end=\"295\">Contr\u00f4leur WiFi pour bande LED<\/strong>. Avec le soutien de <strong data-start=\"320\" data-end=\"334\">Zigbee 3.0<\/strong> et <strong data-start=\"338\" data-end=\"351\">RF 2.4GHz<\/strong>Ce contr\u00f4leur offre des options de contr\u00f4le polyvalentes via votre smartphone, des assistants vocaux ou une t\u00e9l\u00e9commande. Que vous souhaitiez cr\u00e9er un \u00e9clairage d'ambiance ou que vous ayez besoin d'un \u00e9clairage fonctionnel, ce contr\u00f4leur le permet.<\/p>\n<h4 data-start=\"590\" data-end=\"626\">\ud83d\udd27 <strong data-start=\"598\" data-end=\"626\">Caract\u00e9ristiques principales :<\/strong><\/h4>\n<ul data-start=\"627\" data-end=\"1025\">\n<li data-start=\"627\" data-end=\"706\">\n<p data-start=\"629\" data-end=\"706\"><strong data-start=\"629\" data-end=\"659\">Compatibilit\u00e9 Zigbee 3.0<\/strong> - S'int\u00e8gre parfaitement \u00e0 votre installation domestique intelligente.<\/p>\n<\/li>\n<li data-start=\"707\" data-end=\"779\">\n<p data-start=\"709\" data-end=\"779\"><strong data-start=\"709\" data-end=\"736\">Prise en charge RF 2.4GHz<\/strong> - Fonctionne avec une t\u00e9l\u00e9commande sans fil.<\/p>\n<\/li>\n<li data-start=\"780\" data-end=\"878\">\n<p data-start=\"782\" data-end=\"878\"><strong data-start=\"782\" data-end=\"798\">Puissance 20A<\/strong> - Convient aux bandes LED haute performance, y compris les variantes RVB+CCT et gradables.<\/p>\n<\/li>\n<li data-start=\"879\" data-end=\"970\">\n<p data-start=\"881\" data-end=\"970\"><strong data-start=\"881\" data-end=\"914\">Prise en charge 12V \/ 24V \/ 48V<\/strong> - Utilisation flexible pour diff\u00e9rentes installations.<\/p>\n<\/li>\n<li data-start=\"971\" data-end=\"1025\">\n<p data-start=\"973\" data-end=\"1025\"><strong data-start=\"973\" data-end=\"999\">Installation simple<\/strong> - Conception pr\u00eate \u00e0 l'emploi.<\/p>\n<\/li>\n<\/ul>\n<hr data-start=\"1027\" data-end=\"1030\" \/>\n<h4 data-start=\"1032\" data-end=\"1061\">\ud83d\udcf1 <strong data-start=\"1040\" data-end=\"1061\">Contr\u00f4les intelligents :<\/strong><\/h4>\n<ul data-start=\"1062\" data-end=\"1226\">\n<li data-start=\"1062\" data-end=\"1120\">\n<p data-start=\"1064\" data-end=\"1120\">Contr\u00f4le via des applications pour smartphone telles que Tuya ou Smart Life<\/p>\n<\/li>\n<li data-start=\"1121\" data-end=\"1177\">\n<p data-start=\"1123\" data-end=\"1177\">Contr\u00f4le vocal via Google Assistant ou Amazon Alexa<\/p>\n<\/li>\n<li data-start=\"1178\" data-end=\"1226\">\n<p data-start=\"1180\" data-end=\"1226\">D\u00e9finir des sc\u00e8nes, des horaires et des automatismes<\/p>\n<\/li>\n<\/ul>\n<hr data-start=\"1228\" data-end=\"1231\" \/>\n<h4 data-start=\"1233\" data-end=\"1271\">\ud83d\udee0\ufe0f <strong data-start=\"1242\" data-end=\"1271\">Caract\u00e9ristiques techniques :<\/strong><\/h4>\n<ul data-start=\"1272\" data-end=\"1507\">\n<li data-start=\"1272\" data-end=\"1315\">\n<p data-start=\"1274\" data-end=\"1315\"><strong data-start=\"1274\" data-end=\"1293\">Tension d'entr\u00e9e<\/strong>12V \/ 24V \/ 48V DC<\/p>\n<\/li>\n<li data-start=\"1316\" data-end=\"1347\">\n<p data-start=\"1318\" data-end=\"1347\"><strong data-start=\"1318\" data-end=\"1340\">Courant max.<\/strong>: 20A<\/p>\n<\/li>\n<li data-start=\"1348\" data-end=\"1401\">\n<p data-start=\"1350\" data-end=\"1401\"><strong data-start=\"1350\" data-end=\"1368\">Compatible avec<\/strong>: Bandes LED RVB, RVBW, RVB+CCT<\/p>\n<\/li>\n<li data-start=\"1402\" data-end=\"1454\">\n<p data-start=\"1404\" data-end=\"1454\"><strong data-start=\"1404\" data-end=\"1429\">Protocoles d'exploitation<\/strong>Zigbee 3.0, RF 2.4GHz<\/p>\n<\/li>\n<li data-start=\"1455\" data-end=\"1507\">\n<p data-start=\"1457\" data-end=\"1507\"><strong data-start=\"1457\" data-end=\"1476\">Taille compacte<\/strong> pour une int\u00e9gration facile<\/p>\n<\/li>\n<\/ul>","protected":false},"excerpt":{"rendered":"<p>Breng je slimme verlichting naar een hoger niveau met deze krachtige LED Strip WiFi Controller. Met ondersteuning voor Zigbee 3.0<\/p>","protected":false},"featured_media":571964,"comment_status":"closed","ping_status":"closed","template":"","meta":{"_seopress_robots_primary_cat":"none","_seopress_titles_title":"","_seopress_titles_desc":"Upgrade je verlichting met de LED Strip WiFi Controller 20A en ervaar het gemak van slimme, draadloze controle in huis of op kantoor.","_seopress_robots_index":""},"product_brand":[],"product_cat":[86,41,19,324,42],"product_tag":[174,173],"class_list":{"0":"post-571251","1":"product","2":"type-product","3":"status-publish","4":"has-post-thumbnail","6":"product_cat-230v-led-dimmers","7":"product_cat-led-strips-toebehoren","8":"product_cat-producten","9":"product_cat-rgb-controller-remote","10":"product_cat-toebehoren","11":"product_tag-12v-35w-led-voeding","12":"product_tag-mean-well","14":"first","15":"instock","16":"taxable","17":"shipping-taxable","18":"purchasable","19":"product-type-simple"},"_links":{"self":[{"href":"https:\/\/ledshoponline.be\/fr\/wp-json\/wp\/v2\/product\/571251","targetHints":{"allow":["GET"]}}],"collection":[{"href":"https:\/\/ledshoponline.be\/fr\/wp-json\/wp\/v2\/product"}],"about":[{"href":"https:\/\/ledshoponline.be\/fr\/wp-json\/wp\/v2\/types\/product"}],"replies":[{"embeddable":true,"href":"https:\/\/ledshoponline.be\/fr\/wp-json\/wp\/v2\/comments?post=571251"}],"version-history":[{"count":1,"href":"https:\/\/ledshoponline.be\/fr\/wp-json\/wp\/v2\/product\/571251\/revisions"}],"predecessor-version":[{"id":571254,"href":"https:\/\/ledshoponline.be\/fr\/wp-json\/wp\/v2\/product\/571251\/revisions\/571254"}],"wp:featuredmedia":[{"embeddable":true,"href":"https:\/\/ledshoponline.be\/fr\/wp-json\/wp\/v2\/media\/571964"}],"wp:attachment":[{"href":"https:\/\/ledshoponline.be\/fr\/wp-json\/wp\/v2\/media?parent=571251"}],"wp:term":[{"taxonomy":"product_brand","embeddable":true,"href":"https:\/\/ledshoponline.be\/fr\/wp-json\/wp\/v2\/product_brand?post=571251"},{"taxonomy":"product_cat","embeddable":true,"href":"https:\/\/ledshoponline.be\/fr\/wp-json\/wp\/v2\/product_cat?post=571251"},{"taxonomy":"product_tag","embeddable":true,"href":"https:\/\/ledshoponline.be\/fr\/wp-json\/wp\/v2\/product_tag?post=571251"}],"curies":[{"name":"wp","href":"https:\/\/api.w.org\/{rel}","templated":true}]}}