{"id":567648,"date":"2025-05-07T11:03:01","date_gmt":"2025-05-07T11:03:01","guid":{"rendered":"https:\/\/ledshoponline.be\/?post_type=product&#038;p=567648"},"modified":"2025-11-30T15:40:31","modified_gmt":"2025-11-30T15:40:31","slug":"calex-lucca-lampe-de-table-rechargeable-outdoor-black-5w-3-pcs","status":"publish","type":"product","link":"https:\/\/ledshoponline.be\/fr\/shop\/producten\/armaturen\/buitenverlichting\/calex-lucca-oplaadbare-tafellamp-outdoor-zwart-5w-3-stuks\/","title":{"rendered":"Calex Lucca Lampe de table rechargeable - Ext\u00e9rieur - Noir - 5W - 3 pi\u00e8ces"},"content":{"rendered":"<hr class=\"\" data-start=\"452\" data-end=\"455\" \/>\n<h3 class=\"\" data-start=\"457\" data-end=\"506\">\ud83d\udca1 Un \u00e9clairage \u00e9l\u00e9gant, partout et \u00e0 tout moment<\/h3>\n<p class=\"\" data-start=\"507\" data-end=\"849\">Faites l'exp\u00e9rience de la libert\u00e9 ultime avec le <strong data-start=\"538\" data-end=\"574\">Calex Lucca lampe de table rechargeable<\/strong>. Que vous pr\u00e9voyiez une soir\u00e9e agr\u00e9able sur la terrasse, que vous organisiez un pique-nique dans le parc ou que vous souhaitiez donner de l'ambiance \u00e0 votre salon : cette lampe LED sans fil est toujours pr\u00eate \u00e0 briller. Gr\u00e2ce \u00e0 son design moderne et \u00e0 sa taille compacte, elle s'int\u00e8gre parfaitement \u00e0 tous les int\u00e9rieurs et ext\u00e9rieurs.<\/p>\n<hr class=\"\" data-start=\"851\" data-end=\"854\" \/>\n<h3 class=\"\" data-start=\"856\" data-end=\"895\">Jusqu'\u00e0 10 heures d'\u00e9clairage avec une seule charge<\/h3>\n<p class=\"\" data-start=\"896\" data-end=\"1171\">\u00c9quip\u00e9 d'un puissant <strong data-start=\"923\" data-end=\"951\">Batterie Li-ion 5V, 1300 mAh<\/strong>La lampe d\u00e9livre jusqu'\u00e0 <strong data-start=\"976\" data-end=\"1012\">10 heures de lumi\u00e8re blanche chaude (35 lumens)<\/strong>. Id\u00e9al pour les soir\u00e9es sans prise de courant \u00e0 proximit\u00e9. Et la batterie est vide ? Il suffit de la recharger \u00e0 l'aide de l'adaptateur fourni. <strong data-start=\"1139\" data-end=\"1170\">C\u00e2ble USB-C de 1,5 m\u00e8tre de long<\/strong>.<\/p>\n<hr class=\"\" data-start=\"1173\" data-end=\"1176\" \/>\n<h3 class=\"\" data-start=\"1178\" data-end=\"1226\">\ud83c\udf26\ufe0f Adapt\u00e9 \u00e0 une utilisation en ext\u00e9rieur - IP54 Waterproof<\/h3>\n<p class=\"\" data-start=\"1227\" data-end=\"1419\">Le Calex Lucca est <strong data-start=\"1245\" data-end=\"1268\">Certifi\u00e9 IP54<\/strong> et donc \u00e0 l'abri des \u00e9claboussures et de la poussi\u00e8re. Parfaite comme lampe de table sur votre balcon, dans le jardin ou lors d'un barbecue. Pas d'inqui\u00e9tude \u00e0 avoir en cas de pluie ou de nuit humide.<\/p>\n<hr class=\"\" data-start=\"1421\" data-end=\"1424\" \/>\n<h3 class=\"\" data-start=\"1426\" data-end=\"1456\">\ud83d\udc46 Dimmable avec One Touch<\/h3>\n<p class=\"\" data-start=\"1457\" data-end=\"1640\">Contr\u00f4lez la lampe d'une simple pression. Gr\u00e2ce \u00e0 la <strong data-start=\"1510\" data-end=\"1526\">variateur \u00e0 effleurement<\/strong> vous pouvez facilement r\u00e9gler la luminosit\u00e9 \u00e0 votre convenance. De la lumi\u00e8re d'ambiance douce \u00e0 la lumi\u00e8re d'accentuation brillante, c'est vous qui d\u00e9cidez.<\/p>\n<hr class=\"\" data-start=\"1642\" data-end=\"1645\" \/>\n<h3 class=\"\" data-start=\"1647\" data-end=\"1669\">\ud83d\udcd0 Sp\u00e9cifications<\/h3>\n<div class=\"_tableContainer_16hzy_1\">\n<div class=\"_tableWrapper_16hzy_14 group flex w-fit flex-col-reverse\" tabindex=\"-1\">\n<table class=\"w-fit min-w-(--thread-content-width)\" data-start=\"1670\" data-end=\"2741\">\n<thead data-start=\"1670\" data-end=\"1732\">\n<tr data-start=\"1670\" data-end=\"1732\">\n<th data-start=\"1670\" data-end=\"1697\" data-col-size=\"sm\">Fonctionnalit\u00e9<\/th>\n<th data-start=\"1697\" data-end=\"1732\" data-col-size=\"sm\">Valeur<\/th>\n<\/tr>\n<\/thead>\n<tbody data-start=\"1797\" data-end=\"2741\">\n<tr data-start=\"1797\" data-end=\"1859\">\n<td data-start=\"1797\" data-end=\"1824\" data-col-size=\"sm\">Nom du produit<\/td>\n<td data-start=\"1824\" data-end=\"1859\" data-col-size=\"sm\">Calex Lucca Table Lamp Outdoor<\/td>\n<\/tr>\n<tr data-start=\"1860\" data-end=\"1922\">\n<td data-start=\"1860\" data-end=\"1887\" data-col-size=\"sm\">Couleur<\/td>\n<td data-start=\"1887\" data-end=\"1922\" data-col-size=\"sm\">Noir<\/td>\n<\/tr>\n<tr data-start=\"1923\" data-end=\"1985\">\n<td data-start=\"1923\" data-end=\"1950\" data-col-size=\"sm\">Couleur claire<\/td>\n<td data-start=\"1950\" data-end=\"1985\" data-col-size=\"sm\">Blanc chaud (3000K)<\/td>\n<\/tr>\n<tr data-start=\"1986\" data-end=\"2048\">\n<td data-start=\"1986\" data-end=\"2013\" data-col-size=\"sm\">Puissance lumineuse<\/td>\n<td data-start=\"2013\" data-end=\"2048\" data-col-size=\"sm\">35 lumens<\/td>\n<\/tr>\n<tr data-start=\"2049\" data-end=\"2111\">\n<td data-start=\"2049\" data-end=\"2076\" data-col-size=\"sm\">Puissance<\/td>\n<td data-start=\"2076\" data-end=\"2111\" data-col-size=\"sm\">5W<\/td>\n<\/tr>\n<tr data-start=\"2112\" data-end=\"2174\">\n<td data-start=\"2112\" data-end=\"2139\" data-col-size=\"sm\">Batterie<\/td>\n<td data-start=\"2139\" data-end=\"2174\" data-col-size=\"sm\">5V, 1300 mAh Li-ion<\/td>\n<\/tr>\n<tr data-start=\"2175\" data-end=\"2237\">\n<td data-start=\"2175\" data-end=\"2202\" data-col-size=\"sm\">Dur\u00e9e d'utilisation<\/td>\n<td data-start=\"2202\" data-end=\"2237\" data-col-size=\"sm\">Jusqu'\u00e0 10 heures<\/td>\n<\/tr>\n<tr data-start=\"2238\" data-end=\"2300\">\n<td data-start=\"2238\" data-end=\"2265\" data-col-size=\"sm\">Temps de charge<\/td>\n<td data-start=\"2265\" data-end=\"2300\" data-col-size=\"sm\">\u00b1 4 heures<\/td>\n<\/tr>\n<tr data-start=\"2301\" data-end=\"2363\">\n<td data-start=\"2301\" data-end=\"2328\" data-col-size=\"sm\">C\u00e2ble de chargement<\/td>\n<td data-start=\"2328\" data-end=\"2363\" data-col-size=\"sm\">1,5 m\u00e8tre USB-C (inclus)<\/td>\n<\/tr>\n<tr data-start=\"2364\" data-end=\"2426\">\n<td data-start=\"2364\" data-end=\"2391\" data-col-size=\"sm\">Dimmable<\/td>\n<td data-start=\"2391\" data-end=\"2426\" data-col-size=\"sm\">Oui, par commande tactile<\/td>\n<\/tr>\n<tr data-start=\"2427\" data-end=\"2489\">\n<td data-start=\"2427\" data-end=\"2454\" data-col-size=\"sm\">R\u00e9sistant \u00e0 l'eau<\/td>\n<td data-start=\"2454\" data-end=\"2489\" data-col-size=\"sm\">IP54 - r\u00e9sistant aux \u00e9claboussures et \u00e0 la poussi\u00e8re<\/td>\n<\/tr>\n<tr data-start=\"2490\" data-end=\"2552\">\n<td data-start=\"2490\" data-end=\"2517\" data-col-size=\"sm\">Dimensions<\/td>\n<td data-start=\"2517\" data-end=\"2552\" data-col-size=\"sm\">9,5 \u00d7 9,5 \u00d7 24 cm<\/td>\n<\/tr>\n<tr data-start=\"2553\" data-end=\"2615\">\n<td data-start=\"2553\" data-end=\"2580\" data-col-size=\"sm\">Poids<\/td>\n<td data-start=\"2580\" data-end=\"2615\" data-col-size=\"sm\">296 g<\/td>\n<\/tr>\n<tr data-start=\"2616\" data-end=\"2678\">\n<td data-start=\"2616\" data-end=\"2643\" data-col-size=\"sm\">Adaptation<\/td>\n<td data-start=\"2643\" data-end=\"2678\" data-col-size=\"sm\">LED int\u00e9gr\u00e9e<\/td>\n<\/tr>\n<tr data-start=\"2679\" data-end=\"2741\">\n<td data-start=\"2679\" data-end=\"2706\" data-col-size=\"sm\">SKU \/ EAN<\/td>\n<td data-start=\"2706\" data-end=\"2741\" data-col-size=\"sm\">4301002300 \/ 8712879161998<\/td>\n<\/tr>\n<\/tbody>\n<\/table>\n<div class=\"sticky end-(--thread-content-margin) h-0 self-end select-none\">\n<div class=\"absolute end-0 flex items-end\"><\/div>\n<\/div>\n<\/div>\n<\/div>\n<hr class=\"\" data-start=\"2743\" data-end=\"2746\" \/>\n<h3 class=\"\" data-start=\"2748\" data-end=\"2767\">\ud83c\udfaf Id\u00e9al pour :<\/h3>\n<ul data-start=\"2768\" data-end=\"2957\">\n<li class=\"\" data-start=\"2768\" data-end=\"2809\">\n<p class=\"\" data-start=\"2770\" data-end=\"2809\">D\u00e9coration de table sur votre terrasse ou balcon<\/p>\n<\/li>\n<li class=\"\" data-start=\"2810\" data-end=\"2862\">\n<p class=\"\" data-start=\"2812\" data-end=\"2862\">Eclairage d'ambiance pour le camping ou les pique-niques<\/p>\n<\/li>\n<li class=\"\" data-start=\"2863\" data-end=\"2913\">\n<p class=\"\" data-start=\"2865\" data-end=\"2913\">Comme veilleuse, lampe de lecture ou \u00e9l\u00e9ment d\u00e9coratif<\/p>\n<\/li>\n<li class=\"\" data-start=\"2914\" data-end=\"2957\">\n<p class=\"\" data-start=\"2916\" data-end=\"2957\">F\u00eates de jardin, barbecues ou id\u00e9e cadeau !<\/p>\n<\/li>\n<\/ul>","protected":false},"excerpt":{"rendered":"<p>\u00c9clairage design sans fil pour l'int\u00e9rieur et l'ext\u00e9rieur - jusqu'\u00e0 10 heures de lumi\u00e8re ambiante par charge.<br \/>\nMaintenant en pack de valeur \u00e0 partir de <strong>3 unit\u00e9s<\/strong><\/p>","protected":false},"featured_media":567654,"comment_status":"closed","ping_status":"closed","template":"","meta":{"_seopress_robots_primary_cat":"none","_seopress_titles_title":"","_seopress_titles_desc":"","_seopress_robots_index":""},"product_brand":[],"product_cat":[87,90,20,165,19,514,998],"product_tag":[],"class_list":{"0":"post-567648","1":"product","2":"type-product","3":"status-publish","4":"has-post-thumbnail","6":"product_cat-armaturen","7":"product_cat-buitenverlichting","8":"product_cat-led-lampen","9":"product_cat-plafondlampen","10":"product_cat-producten","11":"product_cat-smart-home","12":"product_cat-tuin","14":"first","15":"instock","16":"sale","17":"taxable","18":"shipping-taxable","19":"purchasable","20":"product-type-simple"},"_links":{"self":[{"href":"https:\/\/ledshoponline.be\/fr\/wp-json\/wp\/v2\/product\/567648","targetHints":{"allow":["GET"]}}],"collection":[{"href":"https:\/\/ledshoponline.be\/fr\/wp-json\/wp\/v2\/product"}],"about":[{"href":"https:\/\/ledshoponline.be\/fr\/wp-json\/wp\/v2\/types\/product"}],"replies":[{"embeddable":true,"href":"https:\/\/ledshoponline.be\/fr\/wp-json\/wp\/v2\/comments?post=567648"}],"version-history":[{"count":2,"href":"https:\/\/ledshoponline.be\/fr\/wp-json\/wp\/v2\/product\/567648\/revisions"}],"predecessor-version":[{"id":567656,"href":"https:\/\/ledshoponline.be\/fr\/wp-json\/wp\/v2\/product\/567648\/revisions\/567656"}],"wp:featuredmedia":[{"embeddable":true,"href":"https:\/\/ledshoponline.be\/fr\/wp-json\/wp\/v2\/media\/567654"}],"wp:attachment":[{"href":"https:\/\/ledshoponline.be\/fr\/wp-json\/wp\/v2\/media?parent=567648"}],"wp:term":[{"taxonomy":"product_brand","embeddable":true,"href":"https:\/\/ledshoponline.be\/fr\/wp-json\/wp\/v2\/product_brand?post=567648"},{"taxonomy":"product_cat","embeddable":true,"href":"https:\/\/ledshoponline.be\/fr\/wp-json\/wp\/v2\/product_cat?post=567648"},{"taxonomy":"product_tag","embeddable":true,"href":"https:\/\/ledshoponline.be\/fr\/wp-json\/wp\/v2\/product_tag?post=567648"}],"curies":[{"name":"wp","href":"https:\/\/api.w.org\/{rel}","templated":true}]}}