{"id":567645,"date":"2025-05-07T10:51:36","date_gmt":"2025-05-07T10:51:36","guid":{"rendered":"https:\/\/ledshoponline.be\/?post_type=product&#038;p=567645"},"modified":"2025-09-21T08:39:05","modified_gmt":"2025-09-21T08:39:05","slug":"chaine-de-fete-pour-lexterieur-45-metres-ip44","status":"publish","type":"product","link":"https:\/\/ledshoponline.be\/fr\/shop\/producten\/armaturen\/buitenverlichting\/outdoor-party-string-45-meter-ip44\/","title":{"rendered":"Ficelle d'ext\u00e9rieur 45 m\u00e8tres - IP44"},"content":{"rendered":"<h3 class=\"\" data-start=\"424\" data-end=\"478\">\u2728 Donnez de l'ambiance \u00e0 votre jardin avec les guirlandes lumineuses Calex<\/h3>\n<p class=\"\" data-start=\"479\" data-end=\"764\">Vous cherchez un moyen facile de transformer votre jardin, votre terrasse ou votre balcon en un endroit confortable ? Avec le <strong data-start=\"588\" data-end=\"631\">Calex Outdoor Party String de 45 m\u00e8tres<\/strong> vous cr\u00e9ez instantan\u00e9ment une atmosph\u00e8re chaleureuse et accueillante. Parfait pour les f\u00eates de jardin, les soir\u00e9es d'\u00e9t\u00e9 ou simplement pour se d\u00e9tendre autour d'un verre entre amis.<\/p>\n<hr class=\"\" data-start=\"766\" data-end=\"769\" \/>\n<h3 class=\"\" data-start=\"771\" data-end=\"826\">\ud83c\udf1f \u00c9clairage blanc chaud pour tout espace ext\u00e9rieur<\/h3>\n<p class=\"\" data-start=\"827\" data-end=\"1110\">Les 75 lampes incluses diffusent une <strong data-start=\"868\" data-end=\"894\">lumi\u00e8re blanche chaude (2700K)<\/strong> avec un large angle de rayonnement de 360\u00b0, baignant tout votre jardin dans une lumi\u00e8re d'ambiance. Qu'elle soit suspendue le long d'une cl\u00f4ture, sous un auvent ou entre les arbres, cette guirlande lumineuse rend tout espace ext\u00e9rieur sp\u00e9cial.<\/p>\n<hr class=\"\" data-start=\"1112\" data-end=\"1115\" \/>\n<h3 class=\"\" data-start=\"1117\" data-end=\"1148\">\ud83d\udd27 Installation simple<\/h3>\n<p class=\"\" data-start=\"1149\" data-end=\"1476\">Gr\u00e2ce \u00e0 sa fiche de 3 m\u00e8tres de long et \u00e0 l'espacement de 80 cm entre les lumi\u00e8res, vous pouvez facilement suspendre la guirlande dans n'importe quel environnement ext\u00e9rieur. Vous disposez imm\u00e9diatement de tout ce dont vous avez besoin :<br data-start=\"1315\" data-end=\"1318\" \/>\u2714\ufe0f <strong data-start=\"1321\" data-end=\"1359\">75 ampoules + 2 ampoules de rechange<\/strong><br data-start=\"1359\" data-end=\"1362\" \/>\u2714\ufe0f <strong data-start=\"1365\" data-end=\"1380\">Pr\u00eat \u00e0 l'emploi<\/strong> - peut \u00eatre connect\u00e9 directement \u00e0 220-240V<br data-start=\"1416\" data-end=\"1419\" \/>\u2714\ufe0f <strong data-start=\"1422\" data-end=\"1445\">IP44 r\u00e9sistant aux \u00e9claboussures<\/strong> - r\u00e9sistant \u00e0 la pluie et \u00e0 l'humidit\u00e9<\/p>\n<hr class=\"\" data-start=\"1478\" data-end=\"1481\" \/>\n<h3 class=\"\" data-start=\"1483\" data-end=\"1516\">\ud83d\udcd0 Sp\u00e9cifications techniques<\/h3>\n<div class=\"_tableContainer_16hzy_1\">\n<div class=\"_tableWrapper_16hzy_14 group flex w-fit flex-col-reverse\" tabindex=\"-1\">\n<table class=\"w-fit min-w-(--thread-content-width)\" data-start=\"1517\" data-end=\"2232\">\n<thead data-start=\"1517\" data-end=\"1571\">\n<tr data-start=\"1517\" data-end=\"1571\">\n<th data-start=\"1517\" data-end=\"1543\" data-col-size=\"sm\">Fonctionnalit\u00e9<\/th>\n<th data-start=\"1543\" data-end=\"1571\" data-col-size=\"sm\">Valeur<\/th>\n<\/tr>\n<\/thead>\n<tbody data-start=\"1628\" data-end=\"2232\">\n<tr data-start=\"1628\" data-end=\"1682\">\n<td data-start=\"1628\" data-end=\"1654\" data-col-size=\"sm\">Longueur<\/td>\n<td data-col-size=\"sm\" data-start=\"1654\" data-end=\"1682\">45 m\u00e8tres<\/td>\n<\/tr>\n<tr data-start=\"1683\" data-end=\"1737\">\n<td data-start=\"1683\" data-end=\"1709\" data-col-size=\"sm\">Nombre de feux<\/td>\n<td data-col-size=\"sm\" data-start=\"1709\" data-end=\"1737\">75 + 2 suppl\u00e9mentaires<\/td>\n<\/tr>\n<tr data-start=\"1738\" data-end=\"1792\">\n<td data-start=\"1738\" data-end=\"1764\" data-col-size=\"sm\">Couleur claire<\/td>\n<td data-start=\"1764\" data-end=\"1792\" data-col-size=\"sm\">Blanc chaud (2700K)<\/td>\n<\/tr>\n<tr data-start=\"1793\" data-end=\"1847\">\n<td data-start=\"1793\" data-end=\"1819\" data-col-size=\"sm\">Puissance lumineuse totale<\/td>\n<td data-col-size=\"sm\" data-start=\"1819\" data-end=\"1847\">785 lumens<\/td>\n<\/tr>\n<tr data-start=\"1848\" data-end=\"1902\">\n<td data-start=\"1848\" data-end=\"1874\" data-col-size=\"sm\">Puissance<\/td>\n<td data-start=\"1874\" data-end=\"1902\" data-col-size=\"sm\">24W au total<\/td>\n<\/tr>\n<tr data-start=\"1903\" data-end=\"1957\">\n<td data-start=\"1903\" data-end=\"1929\" data-col-size=\"sm\">Tension<\/td>\n<td data-col-size=\"sm\" data-start=\"1929\" data-end=\"1957\">220-240V (secteur)<\/td>\n<\/tr>\n<tr data-start=\"1958\" data-end=\"2012\">\n<td data-start=\"1958\" data-end=\"1984\" data-col-size=\"sm\">R\u00e9sistant \u00e0 l'eau<\/td>\n<td data-start=\"1984\" data-end=\"2012\" data-col-size=\"sm\">IP44 - protection contre les \u00e9claboussures<\/td>\n<\/tr>\n<tr data-start=\"2013\" data-end=\"2067\">\n<td data-start=\"2013\" data-end=\"2039\" data-col-size=\"sm\">Angle du faisceau<\/td>\n<td data-start=\"2039\" data-end=\"2067\" data-col-size=\"sm\">360\u00b0<\/td>\n<\/tr>\n<tr data-start=\"2068\" data-end=\"2122\">\n<td data-start=\"2068\" data-end=\"2094\" data-col-size=\"sm\">Dur\u00e9e de vie<\/td>\n<td data-col-size=\"sm\" data-start=\"2094\" data-end=\"2122\">25 000 heures de combustion<\/td>\n<\/tr>\n<tr data-start=\"2123\" data-end=\"2177\">\n<td data-start=\"2123\" data-end=\"2149\" data-col-size=\"sm\">Dimmable<\/td>\n<td data-col-size=\"sm\" data-start=\"2149\" data-end=\"2177\">Non<\/td>\n<\/tr>\n<tr data-start=\"2178\" data-end=\"2232\">\n<td data-start=\"2178\" data-end=\"2204\" data-col-size=\"sm\">Classe \u00e9nerg\u00e9tique<\/td>\n<td data-start=\"2204\" data-end=\"2232\" data-col-size=\"sm\">Sans objet<\/td>\n<\/tr>\n<\/tbody>\n<\/table>\n<div class=\"sticky end-(--thread-content-margin) h-0 self-end select-none\">\n<div class=\"absolute end-0 flex items-end\"><\/div>\n<\/div>\n<\/div>\n<\/div>\n<hr class=\"\" data-start=\"2234\" data-end=\"2237\" \/>\n<h3 class=\"\" data-start=\"2239\" data-end=\"2258\">\ud83c\udfaf Id\u00e9al pour :<\/h3>\n<ul data-start=\"2259\" data-end=\"2381\">\n<li class=\"\" data-start=\"2259\" data-end=\"2288\">\n<p class=\"\" data-start=\"2261\" data-end=\"2288\">F\u00eates de jardin et barbecues<\/p>\n<\/li>\n<li class=\"\" data-start=\"2289\" data-end=\"2320\">\n<p class=\"\" data-start=\"2291\" data-end=\"2320\">Eclairage de l'accueil et des terrasses<\/p>\n<\/li>\n<li class=\"\" data-start=\"2321\" data-end=\"2351\">\n<p class=\"\" data-start=\"2323\" data-end=\"2351\">Balcon, pergola ou v\u00e9randa<\/p>\n<\/li>\n<li class=\"\" data-start=\"2352\" data-end=\"2381\">\n<p class=\"\" data-start=\"2354\" data-end=\"2381\">Eclairage d'ambiance en soir\u00e9e<\/p>\n<\/li>\n<\/ul>\n<hr class=\"\" data-start=\"2383\" data-end=\"2386\" \/>\n<h3 class=\"\" data-start=\"2388\" data-end=\"2440\">\ud83d\uded2 Pourquoi choisir Calex Outdoor Lighting ?<\/h3>\n<ul data-start=\"2441\" data-end=\"2633\">\n<li class=\"\" data-start=\"2441\" data-end=\"2492\">\n<p class=\"\" data-start=\"2443\" data-end=\"2492\"><strong data-start=\"2443\" data-end=\"2469\">La qualit\u00e9 sup\u00e9rieure de Calex<\/strong> - \u00e9l\u00e9gant et durable<\/p>\n<\/li>\n<li class=\"\" data-start=\"2493\" data-end=\"2538\">\n<p class=\"\" data-start=\"2495\" data-end=\"2538\"><strong data-start=\"2495\" data-end=\"2515\">Longue dur\u00e9e de vie<\/strong> - jusqu'\u00e0 25 000 heures<\/p>\n<\/li>\n<li class=\"\" data-start=\"2539\" data-end=\"2585\">\n<p class=\"\" data-start=\"2541\" data-end=\"2585\"><strong data-start=\"2541\" data-end=\"2557\">Ensemble complet<\/strong> - pr\u00eat \u00e0 l'emploi<\/p>\n<\/li>\n<li class=\"\" data-start=\"2586\" data-end=\"2633\">\n<p class=\"\" data-start=\"2588\" data-end=\"2633\"><strong data-start=\"2588\" data-end=\"2604\">Tr\u00e8s s\u00fbr<\/strong> - Protection IP44 contre la pluie<\/p>\n<\/li>\n<\/ul>\n<hr class=\"\" data-start=\"2635\" data-end=\"2638\" \/>\n<h3 class=\"\" data-start=\"2640\" data-end=\"2687\">Commandez maintenant et illuminez votre espace ext\u00e9rieur !<\/h3>","protected":false},"excerpt":{"rendered":"<p>\u00c9clairage d'ambiance pour l'ext\u00e9rieur, pour toutes les occasions - avec 75 lampes et 2 accessoires.<\/p>","protected":false},"featured_media":584783,"comment_status":"closed","ping_status":"closed","template":"","meta":{"_seopress_robots_primary_cat":"none","_seopress_titles_title":"Outdoor Party String 45 meter \u2013 IP44","_seopress_titles_desc":"Sfeervolle buitenverlichting voor elke gelegenheid \u2013 compleet met 75 lampjes en 2 extra's.","_seopress_robots_index":""},"product_brand":[],"product_cat":[87,90,20,165,19,514,998],"product_tag":[],"class_list":{"0":"post-567645","1":"product","2":"type-product","3":"status-publish","4":"has-post-thumbnail","6":"product_cat-armaturen","7":"product_cat-buitenverlichting","8":"product_cat-led-lampen","9":"product_cat-plafondlampen","10":"product_cat-producten","11":"product_cat-smart-home","12":"product_cat-tuin","14":"first","15":"instock","16":"sale","17":"taxable","18":"shipping-taxable","19":"purchasable","20":"product-type-simple"},"_links":{"self":[{"href":"https:\/\/ledshoponline.be\/fr\/wp-json\/wp\/v2\/product\/567645","targetHints":{"allow":["GET"]}}],"collection":[{"href":"https:\/\/ledshoponline.be\/fr\/wp-json\/wp\/v2\/product"}],"about":[{"href":"https:\/\/ledshoponline.be\/fr\/wp-json\/wp\/v2\/types\/product"}],"replies":[{"embeddable":true,"href":"https:\/\/ledshoponline.be\/fr\/wp-json\/wp\/v2\/comments?post=567645"}],"version-history":[{"count":1,"href":"https:\/\/ledshoponline.be\/fr\/wp-json\/wp\/v2\/product\/567645\/revisions"}],"predecessor-version":[{"id":567646,"href":"https:\/\/ledshoponline.be\/fr\/wp-json\/wp\/v2\/product\/567645\/revisions\/567646"}],"wp:featuredmedia":[{"embeddable":true,"href":"https:\/\/ledshoponline.be\/fr\/wp-json\/wp\/v2\/media\/584783"}],"wp:attachment":[{"href":"https:\/\/ledshoponline.be\/fr\/wp-json\/wp\/v2\/media?parent=567645"}],"wp:term":[{"taxonomy":"product_brand","embeddable":true,"href":"https:\/\/ledshoponline.be\/fr\/wp-json\/wp\/v2\/product_brand?post=567645"},{"taxonomy":"product_cat","embeddable":true,"href":"https:\/\/ledshoponline.be\/fr\/wp-json\/wp\/v2\/product_cat?post=567645"},{"taxonomy":"product_tag","embeddable":true,"href":"https:\/\/ledshoponline.be\/fr\/wp-json\/wp\/v2\/product_tag?post=567645"}],"curies":[{"name":"wp","href":"https:\/\/api.w.org\/{rel}","templated":true}]}}