{"id":561578,"date":"2025-04-25T14:41:30","date_gmt":"2025-04-25T14:41:30","guid":{"rendered":"https:\/\/ledshoponline.be\/?post_type=product&#038;p=561578"},"modified":"2025-08-27T09:47:23","modified_gmt":"2025-08-27T09:47:23","slug":"spot-led-encastre-48w-520lm-3000k-ip65","status":"publish","type":"product","link":"https:\/\/ledshoponline.be\/fr\/shop\/producten\/armaturen\/inbouwspots\/led-inbouwspot-48w-520lm-3000k-ip65\/","title":{"rendered":"Spot encastr\u00e9 LED - 4,8W 520lm - 3000K - IP65"},"content":{"rendered":"<p>Apportez un \u00e9clairage chaleureux et atmosph\u00e9rique \u00e0 votre salle de bains gr\u00e2ce \u00e0 cette lampe \u00e0 faible consommation d'\u00e9nergie. <strong data-start=\"300\" data-end=\"327\">Spot encastr\u00e9 LED 4,8W<\/strong>. Gr\u00e2ce \u00e0 la <strong data-start=\"340\" data-end=\"362\">Classification IP65<\/strong> Ce projecteur est prot\u00e9g\u00e9 contre les \u00e9claboussures d'eau, ce qui le rend parfait pour une utilisation dans des zones humides telles que <strong>salles de bains<\/strong>, <strong>toilettes<\/strong> ou <strong>cuisines<\/strong>.<\/p>\n<p><strong data-start=\"1066\" data-end=\"1105\">Parfait pour une r\u00e9novation ou une nouvelle construction<\/strong> - ce spot LED encastr\u00e9 est la combinaison id\u00e9ale de style, de confort et de s\u00e9curit\u00e9. Commandez maintenant et \u00e9clairez votre salle de bains avec classe !<\/p>","protected":false},"excerpt":{"rendered":"<p class=\"\" data-start=\"853\" data-end=\"880\">\u2705 Efficacit\u00e9 \u00e9nerg\u00e9tique et durabilit\u00e9<br \/>\n\u2705 Pr\u00eat \u00e0 l'emploi imm\u00e9diatement - aucun transformateur n'est n\u00e9cessaire<br \/>\n\u2705 Couleur chaude pour une atmosph\u00e8re d\u00e9tendue<br \/>\n\u2705 Design moderne et \u00e9l\u00e9gant<br \/>\n\u2705 S\u00e9curit\u00e9 dans les pi\u00e8ces humides gr\u00e2ce \u00e0 la certification IP65<\/p>","protected":false},"featured_media":561582,"comment_status":"closed","ping_status":"closed","template":"","meta":{"_seopress_robots_primary_cat":"none","_seopress_titles_title":"","_seopress_titles_desc":"","_seopress_robots_index":""},"product_brand":[],"product_cat":[87,88,455,132],"product_tag":[456,457,458],"class_list":{"0":"post-561578","1":"product","2":"type-product","3":"status-publish","4":"has-post-thumbnail","6":"product_cat-armaturen","7":"product_cat-inbouwspots","8":"product_cat-led-downlights","9":"product_cat-led-spots","10":"product_tag-dimbare-led-armatuur","11":"product_tag-led-inbouwspot","12":"product_tag-wit","14":"first","15":"instock","16":"sale","17":"taxable","18":"shipping-taxable","19":"purchasable","20":"product-type-simple"},"_links":{"self":[{"href":"https:\/\/ledshoponline.be\/fr\/wp-json\/wp\/v2\/product\/561578","targetHints":{"allow":["GET"]}}],"collection":[{"href":"https:\/\/ledshoponline.be\/fr\/wp-json\/wp\/v2\/product"}],"about":[{"href":"https:\/\/ledshoponline.be\/fr\/wp-json\/wp\/v2\/types\/product"}],"replies":[{"embeddable":true,"href":"https:\/\/ledshoponline.be\/fr\/wp-json\/wp\/v2\/comments?post=561578"}],"version-history":[{"count":1,"href":"https:\/\/ledshoponline.be\/fr\/wp-json\/wp\/v2\/product\/561578\/revisions"}],"predecessor-version":[{"id":561583,"href":"https:\/\/ledshoponline.be\/fr\/wp-json\/wp\/v2\/product\/561578\/revisions\/561583"}],"wp:featuredmedia":[{"embeddable":true,"href":"https:\/\/ledshoponline.be\/fr\/wp-json\/wp\/v2\/media\/561582"}],"wp:attachment":[{"href":"https:\/\/ledshoponline.be\/fr\/wp-json\/wp\/v2\/media?parent=561578"}],"wp:term":[{"taxonomy":"product_brand","embeddable":true,"href":"https:\/\/ledshoponline.be\/fr\/wp-json\/wp\/v2\/product_brand?post=561578"},{"taxonomy":"product_cat","embeddable":true,"href":"https:\/\/ledshoponline.be\/fr\/wp-json\/wp\/v2\/product_cat?post=561578"},{"taxonomy":"product_tag","embeddable":true,"href":"https:\/\/ledshoponline.be\/fr\/wp-json\/wp\/v2\/product_tag?post=561578"}],"curies":[{"name":"wp","href":"https:\/\/api.w.org\/{rel}","templated":true}]}}