{"id":556099,"date":"2025-04-16T09:47:06","date_gmt":"2025-04-16T09:47:06","guid":{"rendered":"https:\/\/ledshoponline.be\/?post_type=product&#038;p=556099"},"modified":"2025-04-16T10:06:39","modified_gmt":"2025-04-16T10:06:39","slug":"spot-led-encastre-5w-ip44-blanc-chaud-2700k-dimtone-black","status":"publish","type":"product","link":"https:\/\/ledshoponline.be\/fr\/shop\/producten\/armaturen\/inbouwspots\/led-inbouwspot-5w-ip44-warm-wit-2700k-dimtone-zwart\/","title":{"rendered":"Spot encastr\u00e9 LED | 5W | IP65 | Blanc chaud 2200k-3000k | Dimtone noir"},"content":{"rendered":"<h3 class=\"\" data-start=\"92\" data-end=\"180\"><strong data-start=\"96\" data-end=\"178\">Downlight LED IP65 5W Dimtone - La solution pour les plafonds \u00e0 suspension minimale<\/strong><\/h3>\n<p class=\"\" data-start=\"182\" data-end=\"469\">D\u00e9couvrez la combinaison parfaite de puissance, d'efficacit\u00e9 et d'atmosph\u00e8re avec le <strong data-start=\"252\" data-end=\"286\">Downlight LED IP65 5W Dimtone<\/strong>. Sp\u00e9cialement con\u00e7u pour les endroits o\u00f9 la hauteur d'encastrement est limit\u00e9e, ce projecteur offre une solution \u00e9l\u00e9gante et fonctionnelle pour les salles de bains, les cuisines et les espaces ext\u00e9rieurs couverts, entre autres.<\/p>\n<h3 class=\"\" data-start=\"471\" data-end=\"520\"><strong data-start=\"475\" data-end=\"518\">\u2714 Super compact avec des performances puissantes<\/strong><\/h3>\n<p class=\"\" data-start=\"521\" data-end=\"764\">Avec une hauteur d'installation de seulement <strong data-start=\"554\" data-end=\"564\">2,6 cm<\/strong> ce projecteur est id\u00e9al pour les plafonds disposant d'un espace minimal. Pourtant, il offre une <strong data-start=\"640\" data-end=\"668\">forte luminosit\u00e9<\/strong> gr\u00e2ce \u00e0 la technologie LED 5W - aussi lumineuse qu'une lampe halog\u00e8ne, mais beaucoup plus \u00e9conomique.<\/p>\n<h3 class=\"\" data-start=\"766\" data-end=\"818\"><strong data-start=\"770\" data-end=\"816\">\u2714 Technologie Dimtone pour une atmosph\u00e8re flexible<\/strong><\/h3>\n<p class=\"\" data-start=\"819\" data-end=\"1047\">Cr\u00e9ez une atmosph\u00e8re adapt\u00e9e \u00e0 chaque moment. <strong data-start=\"859\" data-end=\"870\">Dimtone<\/strong> change automatiquement la temp\u00e9rature de couleur lors de la gradation : d'une lumi\u00e8re fonctionnelle brillante \u00e0 une temp\u00e9rature de couleur plus claire. <strong data-start=\"967\" data-end=\"993\">une lueur chaude et agr\u00e9able<\/strong>. Parfait pour les moments de travail et de d\u00e9tente.<\/p>\n<h3 class=\"\" data-start=\"1049\" data-end=\"1102\"><strong data-start=\"1053\" data-end=\"1100\">\u2714 S\u00e9curit\u00e9 dans les zones humides - \u00e9tanch\u00e9it\u00e9 IP65<\/strong><\/h3>\n<p class=\"\" data-start=\"1103\" data-end=\"1293\">Le haut <strong data-start=\"1111\" data-end=\"1133\">Classification IP65<\/strong> rend ce projecteur totalement r\u00e9sistant \u00e0 la poussi\u00e8re et \u00e0 l'eau, ce qui le rend id\u00e9al pour les environnements humides tels que les salles de bains, les douches ou les terrasses couvertes.<\/p>\n<hr class=\"\" data-start=\"1295\" data-end=\"1298\" \/>\n<h3 class=\"\" data-start=\"1300\" data-end=\"1335\"><strong data-start=\"1304\" data-end=\"1333\">Caract\u00e9ristiques techniques :<\/strong><\/h3>\n<ul data-start=\"1336\" data-end=\"1657\">\n<li class=\"\" data-start=\"1336\" data-end=\"1356\">\n<p class=\"\" data-start=\"1338\" data-end=\"1356\"><strong data-start=\"1338\" data-end=\"1351\">Puissance :<\/strong> 5W<\/p>\n<\/li>\n<li class=\"\" data-start=\"1357\" data-end=\"1391\">\n<p class=\"\" data-start=\"1359\" data-end=\"1391\"><strong data-start=\"1359\" data-end=\"1383\">Hauteur d'encastrement (spot) :<\/strong> 26 mm<\/p>\n<\/li>\n<li class=\"\" data-start=\"1392\" data-end=\"1430\">\n<p class=\"\" data-start=\"1394\" data-end=\"1430\"><strong data-start=\"1394\" data-end=\"1422\">Hauteur d'installation recommand\u00e9e :<\/strong> 36 mm<\/p>\n<\/li>\n<li class=\"\" data-start=\"1431\" data-end=\"1473\">\n<p class=\"\" data-start=\"1433\" data-end=\"1473\"><strong data-start=\"1433\" data-end=\"1459\">Dimension int\u00e9rieure (taille de la scie) :<\/strong> \u00d868 - 75 mm<\/p>\n<\/li>\n<li class=\"\" data-start=\"1474\" data-end=\"1504\">\n<p class=\"\" data-start=\"1476\" data-end=\"1504\"><strong data-start=\"1476\" data-end=\"1495\">Diam\u00e8tre ext\u00e9rieur :<\/strong> \u00d882 mm<\/p>\n<\/li>\n<li class=\"\" data-start=\"1505\" data-end=\"1561\">\n<p class=\"\" data-start=\"1507\" data-end=\"1561\"><strong data-start=\"1507\" data-end=\"1528\">Temp\u00e9rature de couleur :<\/strong> Dimtone (change lors de la variation de l'intensit\u00e9 lumineuse)<\/p>\n<\/li>\n<li class=\"\" data-start=\"1562\" data-end=\"1637\">\n<p class=\"\" data-start=\"1564\" data-end=\"1637\"><strong data-start=\"1564\" data-end=\"1578\">Indice de protection IP :<\/strong> IP65 (avant) - convient aux salles de bains (IP44 arri\u00e8re)<\/p>\n<\/li>\n<li class=\"\" data-start=\"1638\" data-end=\"1657\">\n<p class=\"\" data-start=\"1640\" data-end=\"1657\"><strong data-start=\"1640\" data-end=\"1652\">Dimmable :<\/strong> Oui<\/p>\n<\/li>\n<\/ul>\n<hr class=\"\" data-start=\"1659\" data-end=\"1662\" \/>\n<p class=\"\" data-start=\"1664\" data-end=\"1842\"><strong data-start=\"1664\" data-end=\"1696\">Compact. Puissant. Atmosph\u00e9rique.<\/strong><br data-start=\"1696\" data-end=\"1699\" \/>Choisir le <strong data-start=\"1712\" data-end=\"1746\">Downlight LED IP65 5W Dimtone<\/strong> si vous \u00eates \u00e0 la recherche d'un \u00e9clairage moderne qui soit performant m\u00eame dans les espaces les plus restreints.<\/p>","protected":false},"excerpt":{"rendered":"<p>Un luminaire encastr\u00e9 \u00e0 LED accrocheur en noir inclinable. Ce spot LED a une dur\u00e9e de vie plus longue et remplace facilement un halog\u00e8ne de 50W avec seulement 5W. Le luminaire est inclinable et gradable. DTW 822-827<\/p>\n<p class=\"\" data-start=\"50\" data-end=\"98\"><strong data-start=\"50\" data-end=\"72\">\u2705 Seulement 26 mm de hauteur :<\/strong>\u00a0S'adapte aux plafonds bas<br \/>\n<strong data-start=\"101\" data-end=\"112\">\u2705 Dimtone :<\/strong>\u00a0De la lumi\u00e8re vive \u00e0 la lumi\u00e8re chaude<br \/>\n<strong data-start=\"146\" data-end=\"154\">\u2705 IP65 :<\/strong>\u00a0Convient aux pi\u00e8ces humides<br \/>\n<strong data-start=\"146\" data-end=\"154\">\u2705 Taille de coupe :\u00a0<\/strong>75 mm<\/p>","protected":false},"featured_media":556101,"comment_status":"closed","ping_status":"closed","template":"","meta":{"_seopress_robots_primary_cat":"none","_seopress_titles_title":"","_seopress_titles_desc":"Een oogstrelende LED inbouwspot armatuur gemaakt in zwart kantelbaar. Deze LED spot heeft een langere levensduur en vervangt probleemloos met amper 5W een 50W halogeen.","_seopress_robots_index":""},"product_brand":[],"product_cat":[87,88,455,132],"product_tag":[456,457,458],"class_list":{"0":"post-556099","1":"product","2":"type-product","3":"status-publish","4":"has-post-thumbnail","6":"product_cat-armaturen","7":"product_cat-inbouwspots","8":"product_cat-led-downlights","9":"product_cat-led-spots","10":"product_tag-dimbare-led-armatuur","11":"product_tag-led-inbouwspot","12":"product_tag-wit","14":"first","15":"instock","16":"taxable","17":"shipping-taxable","18":"purchasable","19":"product-type-simple"},"_links":{"self":[{"href":"https:\/\/ledshoponline.be\/fr\/wp-json\/wp\/v2\/product\/556099","targetHints":{"allow":["GET"]}}],"collection":[{"href":"https:\/\/ledshoponline.be\/fr\/wp-json\/wp\/v2\/product"}],"about":[{"href":"https:\/\/ledshoponline.be\/fr\/wp-json\/wp\/v2\/types\/product"}],"replies":[{"embeddable":true,"href":"https:\/\/ledshoponline.be\/fr\/wp-json\/wp\/v2\/comments?post=556099"}],"version-history":[{"count":7,"href":"https:\/\/ledshoponline.be\/fr\/wp-json\/wp\/v2\/product\/556099\/revisions"}],"predecessor-version":[{"id":556115,"href":"https:\/\/ledshoponline.be\/fr\/wp-json\/wp\/v2\/product\/556099\/revisions\/556115"}],"wp:featuredmedia":[{"embeddable":true,"href":"https:\/\/ledshoponline.be\/fr\/wp-json\/wp\/v2\/media\/556101"}],"wp:attachment":[{"href":"https:\/\/ledshoponline.be\/fr\/wp-json\/wp\/v2\/media?parent=556099"}],"wp:term":[{"taxonomy":"product_brand","embeddable":true,"href":"https:\/\/ledshoponline.be\/fr\/wp-json\/wp\/v2\/product_brand?post=556099"},{"taxonomy":"product_cat","embeddable":true,"href":"https:\/\/ledshoponline.be\/fr\/wp-json\/wp\/v2\/product_cat?post=556099"},{"taxonomy":"product_tag","embeddable":true,"href":"https:\/\/ledshoponline.be\/fr\/wp-json\/wp\/v2\/product_tag?post=556099"}],"curies":[{"name":"wp","href":"https:\/\/api.w.org\/{rel}","templated":true}]}}