{"id":544883,"date":"2025-03-27T16:59:51","date_gmt":"2025-03-27T16:59:51","guid":{"rendered":"https:\/\/hlncaxea.a2hosted.com\/?post_type=product&#038;p=544883"},"modified":"2025-09-03T15:47:07","modified_gmt":"2025-09-03T15:47:07","slug":"projecteur-led-avec-panneau-solaire-300w-3000lm-6500k-ip66","status":"publish","type":"product","link":"https:\/\/ledshoponline.be\/fr\/shop\/producten\/armaturen\/buitenverlichting\/led-schijnwerper-met-zonnepaneel-300w-3000lm-6500k-ip66\/","title":{"rendered":"Projecteur LED avec panneau solaire 300W - 3000lm - 6500K IP66"},"content":{"rendered":"Apportez un \u00e9clairage puissant et \u00e9conome en \u00e9nergie \u00e0 votre espace ext\u00e9rieur avec le <strong data-start=\"230\" data-end=\"275\">Projecteur LED Aigostar avec panneau solaire<\/strong>. Ce projecteur durable et r\u00e9sistant aux intemp\u00e9ries offre une lumi\u00e8re <strong data-start=\"335\" data-end=\"364\">Lumi\u00e8re blanche (6500K)<\/strong> et fonctionne enti\u00e8rement \u00e0 l'\u00e9nergie solaire, ce qui le rend id\u00e9al pour les jardins, les all\u00e9es, les parkings et les chantiers.\r\n\r\n<div style=\"width: 640px;\" class=\"wp-video\"><video class=\"wp-video-shortcode\" id=\"video-544883-1\" width=\"640\" height=\"360\" preload=\"metadata\" controls=\"controls\"><source type=\"video\/mp4\" src=\"https:\/\/aigo-oss-mall.oss-accelerate.aliyuncs.com\/arc\/file\/202308\/9f28f9967755f042c1fe191381269342.mp4?_=1\" \/><a href=\"https:\/\/aigo-oss-mall.oss-accelerate.aliyuncs.com\/arc\/file\/202308\/9f28f9967755f042c1fe191381269342.mp4\">https:\/\/aigo-oss-mall.oss-accelerate.aliyuncs.com\/arc\/file\/202308\/9f28f9967755f042c1fe191381269342.mp4<\/a><\/video><\/div>\r\n<h3 class=\"\" data-start=\"1153\" data-end=\"1176\"><strong data-start=\"1157\" data-end=\"1174\">Applications :<\/strong><\/h3>\r\n<p class=\"\" data-start=\"1177\" data-end=\"1420\">\ud83c\udfe1 <strong data-start=\"1180\" data-end=\"1197\">Jardin et terrasse<\/strong> - Cr\u00e9er un environnement ext\u00e9rieur s\u00fbr et atmosph\u00e9rique.<br data-start=\"1248\" data-end=\"1251\" \/>\ud83d\ude97 <strong data-start=\"1254\" data-end=\"1279\">Voie d'acc\u00e8s et parking<\/strong> - Augmentez la visibilit\u00e9 et la s\u00e9curit\u00e9 autour de votre maison.<br data-start=\"1338\" data-end=\"1341\" \/>\ud83c\udfe2 <strong data-start=\"1344\" data-end=\"1365\">Zones industrielles<\/strong> - Id\u00e9al pour les entrep\u00f4ts, les hangars et les zones de stockage.<\/p>\r\n<p class=\"\" data-start=\"1422\" data-end=\"1611\">Avec cette <strong data-start=\"1431\" data-end=\"1476\">Projecteur LED Aigostar avec panneau solaire<\/strong> Profitez d'un \u00e9clairage ext\u00e9rieur puissant, fiable et rentable. <strong data-start=\"1552\" data-end=\"1609\">Commandez maintenant et illuminez votre espace sans co\u00fbts \u00e9nerg\u00e9tiques !<\/strong><\/p>\r\n<!-- \/wp:post-content -->","protected":false},"excerpt":{"rendered":"<p><strong data-start=\"521\" data-end=\"558\">\u2705 Efficacit\u00e9 \u00e9nerg\u00e9tique et respect de l'environnement<\/strong> - Fonctionne enti\u00e8rement \u00e0 l'\u00e9nergie solaire, sans \u00e9lectricit\u00e9.<br data-start=\"619\" data-end=\"622\" \/><strong data-start=\"740\" data-end=\"764\">\u2705 Fonctionnement automatique<\/strong> - Le capteur de lumi\u00e8re int\u00e9gr\u00e9 allume automatiquement la lampe au cr\u00e9puscule et l'\u00e9teint \u00e0 l'aube.<br data-start=\"859\" data-end=\"862\" \/><strong data-start=\"864\" data-end=\"883\">\u2705 IP66 \u00e9tanche<\/strong> - R\u00e9sistant aux fortes pluies et aux conditions climatiques extr\u00eames.<br data-start=\"946\" data-end=\"949\" data-is-only-node=\"\" \/><strong data-start=\"951\" data-end=\"976\">\u2705 Installation sans fil<\/strong> - Aucun c\u00e2blage n'est n\u00e9cessaire, facile \u00e0 monter sur les murs, les poteaux ou les cl\u00f4tures.<\/p>","protected":false},"featured_media":544894,"comment_status":"closed","ping_status":"closed","template":"","meta":{"_seopress_robots_primary_cat":"none","_seopress_titles_title":"","_seopress_titles_desc":"","_seopress_robots_index":""},"product_brand":[],"product_cat":[87,90,530,243,242,19,112],"product_tag":[631,632,633],"class_list":{"0":"post-544883","1":"product","2":"type-product","3":"status-publish","4":"has-post-thumbnail","6":"product_cat-armaturen","7":"product_cat-buitenverlichting","8":"product_cat-deals","9":"product_cat-led-schijnwerpers","10":"product_cat-pro-led-verlichting","11":"product_cat-producten","12":"product_cat-stock-opruiming","13":"product_tag-led-200w","14":"product_tag-led-breedstraler","15":"product_tag-led-floodlight","17":"first","18":"instock","19":"taxable","20":"shipping-taxable","21":"purchasable","22":"product-type-simple"},"_links":{"self":[{"href":"https:\/\/ledshoponline.be\/fr\/wp-json\/wp\/v2\/product\/544883","targetHints":{"allow":["GET"]}}],"collection":[{"href":"https:\/\/ledshoponline.be\/fr\/wp-json\/wp\/v2\/product"}],"about":[{"href":"https:\/\/ledshoponline.be\/fr\/wp-json\/wp\/v2\/types\/product"}],"replies":[{"embeddable":true,"href":"https:\/\/ledshoponline.be\/fr\/wp-json\/wp\/v2\/comments?post=544883"}],"version-history":[{"count":1,"href":"https:\/\/ledshoponline.be\/fr\/wp-json\/wp\/v2\/product\/544883\/revisions"}],"predecessor-version":[{"id":619075,"href":"https:\/\/ledshoponline.be\/fr\/wp-json\/wp\/v2\/product\/544883\/revisions\/619075"}],"wp:featuredmedia":[{"embeddable":true,"href":"https:\/\/ledshoponline.be\/fr\/wp-json\/wp\/v2\/media\/544894"}],"wp:attachment":[{"href":"https:\/\/ledshoponline.be\/fr\/wp-json\/wp\/v2\/media?parent=544883"}],"wp:term":[{"taxonomy":"product_brand","embeddable":true,"href":"https:\/\/ledshoponline.be\/fr\/wp-json\/wp\/v2\/product_brand?post=544883"},{"taxonomy":"product_cat","embeddable":true,"href":"https:\/\/ledshoponline.be\/fr\/wp-json\/wp\/v2\/product_cat?post=544883"},{"taxonomy":"product_tag","embeddable":true,"href":"https:\/\/ledshoponline.be\/fr\/wp-json\/wp\/v2\/product_tag?post=544883"}],"curies":[{"name":"wp","href":"https:\/\/api.w.org\/{rel}","templated":true}]}}