{"id":533790,"date":"2025-03-15T14:42:50","date_gmt":"2025-03-15T14:42:50","guid":{"rendered":"https:\/\/hlncaxea.a2hosted.com\/?post_type=product&#038;p=533790"},"modified":"2025-04-23T16:33:39","modified_gmt":"2025-04-23T16:33:39","slug":"bande-led-cob-230v-50m-lumiere-du-jour-par-metre","status":"publish","type":"product","link":"https:\/\/ledshoponline.be\/fr\/shop\/producten\/led-strips\/led-strips-230v\/cob-led-strip-230v-50m-daglicht-per-meter\/","title":{"rendered":"Bande LED COB 230V Lumi\u00e8re du jour par m\u00e8tre"},"content":{"rendered":"<p>Nouvelle bande LED COB puissante sur 230v en 1 pi\u00e8ce de 50m et fonctionne directement sur 230v sans transformateur. Peut \u00eatre raccourcie tous les 50cm.<br \/>Jusqu'\u00e0 800 lm\/m.<br \/>Comprend une prise 230v DC vers AC. Plug and Play sans soudure. Parfaitement utilisable \u00e0 l'ext\u00e9rieur. Est \u00e9galement dimmable \u00e0 l'aide d'un<span style=\"font-family: var(--global-body-font-family);\">n <\/span><a style=\"font-family: var(--global-body-font-family);\" href=\"https:\/\/ledshoponline.be\/fr\/bandes-led-2\/gradateur-pour-bandes-de-leds-unicolores-230v\/\">Variateur pour bande LED.<\/a><\/p>\r\n\r\n\r\n\r\n<p><strong>Peut \u00eatre coup\u00e9 par 50 cm.<br \/>Prise UE incluse.<\/strong><\/p>\r\n\r\n\r\n\r\n<figure><\/figure>\r\n\r\n\r\n\r\n\r\n\r\n<h3 class=\"wp-block-heading\">Be e<span style=\"font-family: inherit;\">r rapidement <\/span><span style=\"font-family: inherit;\">et commandez !<\/span><\/h3>","protected":false},"excerpt":{"rendered":"<p><strong>Fiche produit<\/strong> <br \/><strong><a href=\"https:\/\/eprel.ec.europa.eu\/fiches\/lightsources\/Fiche_1876079_NL.pdf\">FR<\/a>\u00a0|\u00a0<a href=\"https:\/\/eprel.ec.europa.eu\/fiches\/lightsources\/Fiche_1876079_FR.pdf\">FR\u00a0<\/a>|\u00a0<a href=\"https:\/\/eprel.ec.europa.eu\/fiches\/lightsources\/Fiche_1876079_EN.pdf\">ET\u00a0<\/a>|\u00a0<a href=\"https:\/\/eprel.ec.europa.eu\/fiches\/lightsources\/Fiche_1876079_DE.pdf\">LE<\/a><\/strong><\/p>","protected":false},"featured_media":533764,"comment_status":"closed","ping_status":"closed","template":"","meta":{"_seopress_robots_primary_cat":"none","_seopress_titles_title":"COB LED Strip 230V | Dag licht per Meter | Flexibel & Duurzaam","_seopress_titles_desc":"Cre\u00eber sfeer met de COB LED strip 230V, dag licht per meter. Flexibel, energiezuinig en eenvoudig te installeren voor jouw perfecte verlichting","_seopress_robots_index":""},"product_brand":[],"product_cat":[40,229,19],"product_tag":[230],"class_list":{"0":"post-533790","1":"product","2":"type-product","3":"status-publish","4":"has-post-thumbnail","6":"product_cat-led-strips","7":"product_cat-led-strips-230v","8":"product_cat-producten","9":"product_tag-230v-ledstrip","11":"first","12":"instock","13":"taxable","14":"shipping-taxable","15":"purchasable","16":"product-type-variable","17":"has-default-attributes"},"_links":{"self":[{"href":"https:\/\/ledshoponline.be\/fr\/wp-json\/wp\/v2\/product\/533790","targetHints":{"allow":["GET"]}}],"collection":[{"href":"https:\/\/ledshoponline.be\/fr\/wp-json\/wp\/v2\/product"}],"about":[{"href":"https:\/\/ledshoponline.be\/fr\/wp-json\/wp\/v2\/types\/product"}],"replies":[{"embeddable":true,"href":"https:\/\/ledshoponline.be\/fr\/wp-json\/wp\/v2\/comments?post=533790"}],"version-history":[{"count":1,"href":"https:\/\/ledshoponline.be\/fr\/wp-json\/wp\/v2\/product\/533790\/revisions"}],"predecessor-version":[{"id":560696,"href":"https:\/\/ledshoponline.be\/fr\/wp-json\/wp\/v2\/product\/533790\/revisions\/560696"}],"wp:featuredmedia":[{"embeddable":true,"href":"https:\/\/ledshoponline.be\/fr\/wp-json\/wp\/v2\/media\/533764"}],"wp:attachment":[{"href":"https:\/\/ledshoponline.be\/fr\/wp-json\/wp\/v2\/media?parent=533790"}],"wp:term":[{"taxonomy":"product_brand","embeddable":true,"href":"https:\/\/ledshoponline.be\/fr\/wp-json\/wp\/v2\/product_brand?post=533790"},{"taxonomy":"product_cat","embeddable":true,"href":"https:\/\/ledshoponline.be\/fr\/wp-json\/wp\/v2\/product_cat?post=533790"},{"taxonomy":"product_tag","embeddable":true,"href":"https:\/\/ledshoponline.be\/fr\/wp-json\/wp\/v2\/product_tag?post=533790"}],"curies":[{"name":"wp","href":"https:\/\/api.w.org\/{rel}","templated":true}]}}