{"id":533685,"date":"2025-03-15T12:02:21","date_gmt":"2025-03-15T12:02:21","guid":{"rendered":"https:\/\/hlncaxea.a2hosted.com\/?post_type=product&#038;p=533685"},"modified":"2025-03-19T21:12:54","modified_gmt":"2025-03-19T21:12:54","slug":"panneau-led-dimmable-60-x-60-cm-45w-2","status":"publish","type":"product","link":"https:\/\/ledshoponline.be\/fr\/shop\/producten\/led-panelen\/led-paneel-dimbaar-60-x-60-cm-45w\/","title":{"rendered":"Panneau LED dimmable 60 x 60 cm 36W"},"content":{"rendered":"<p data-start=\"0\" data-end=\"80\"><strong data-start=\"0\" data-end=\"78\">Panneau LED ultra-puissant 60\u00d760 cm - Qualit\u00e9 professionnelle et durabilit\u00e9<\/strong><\/p>\n<p data-start=\"82\" data-end=\"368\">D\u00e9couvrez avec nous l'avenir de l'\u00e9clairage <strong data-start=\"125\" data-end=\"152\">exceptionnellement puissant<\/strong> Panneau LED de <strong data-start=\"168\" data-end=\"199\">qualit\u00e9 de la construction professionnelle<\/strong>. Gr\u00e2ce \u00e0 la <strong data-start=\"212\" data-end=\"245\">Chipleds Samsung avanc\u00e9s<\/strong> livre ce panneau \u00e0 <strong data-start=\"268\" data-end=\"282\">3500 lumens<\/strong> avec un large angle de rayonnement de <strong data-start=\"315\" data-end=\"323\">120\u00b0<\/strong>, alors qu'il n'est que de <strong data-start=\"345\" data-end=\"355\">32-40W<\/strong> consomm\u00e9.<\/p>\n<h3 data-start=\"370\" data-end=\"410\">\u2728 <strong data-start=\"376\" data-end=\"408\">Une qualit\u00e9 d'\u00e9clairage in\u00e9gal\u00e9e<\/strong><\/h3>\n<p data-start=\"411\" data-end=\"636\">\u2714 <strong data-start=\"413\" data-end=\"447\">Pas de maux de t\u00eate ni de scintillement<\/strong>comme l'\u00e9clairage fluorescent<br data-start=\"473\" data-end=\"476\" \/>\u2714 <strong data-start=\"478\" data-end=\"544\">Disponible en blanc chaud (3000K-3500K) et blanc froid (4000K-4500K)<\/strong> pour chaque application<br data-start=\"565\" data-end=\"568\" \/>\u2714 <strong data-start=\"570\" data-end=\"587\">Ne jaunit pas<\/strong>contrairement aux alternatives moins ch\u00e8res<\/p>\n<h3 data-start=\"638\" data-end=\"675\">\ud83d\ude80 <strong data-start=\"645\" data-end=\"673\">Une installation rapide comme l'\u00e9clair<\/strong><\/h3>\n<p data-start=\"676\" data-end=\"812\">\u2714 <strong data-start=\"678\" data-end=\"708\">Assemblage en 1 minute<\/strong> sans ajustements<br data-start=\"728\" data-end=\"731\" \/>\u2714 S'int\u00e8gre parfaitement dans un <strong>60\u00d760 cm plafond suspendu<\/strong><br data-start=\"781\" data-end=\"784\" \/>\u2714 P\u00e8se seulement <strong>2,5 kg<\/strong><\/p>\n<h3 data-start=\"814\" data-end=\"865\">\ud83c\udf31 <strong data-start=\"821\" data-end=\"863\">\u00c9conomiser l'\u00e9nergie et accro\u00eetre la durabilit\u00e9<\/strong><\/h3>\n<p data-start=\"866\" data-end=\"1006\">\u2714 <strong data-start=\"868\" data-end=\"896\">Jusqu'\u00e0 65% d'\u00e9conomie d'\u00e9nergie<\/strong> par rapport aux luminaires fluorescents<br data-start=\"924\" data-end=\"927\" \/>\u2714 <strong data-start=\"929\" data-end=\"958\">Dur\u00e9e de vie jusqu'\u00e0 50 000 heures<\/strong><br data-start=\"958\" data-end=\"961\" \/>\u2714 <strong data-start=\"963\" data-end=\"1004\">Pilote LED externe durable inclus<\/strong><\/p>\n<p data-start=\"1008\" data-end=\"1179\">\ud83d\udd14 <strong data-start=\"1011\" data-end=\"1022\">Remarque :<\/strong> Ce panneau LED est con\u00e7u pour les plafonds suspendus. Vous souhaitez l'attacher \u00e0 un plafond fixe ? Pas de probl\u00e8me, cela est possible gr\u00e2ce \u00e0 un kit de montage optionnel.<\/p>\n<p data-start=\"1181\" data-end=\"1274\" data-is-last-node=\"\" data-is-only-node=\"\">Faites passer votre espace \u00e0 un <strong data-start=\"1206\" data-end=\"1222\">niveau sup\u00e9rieur<\/strong> Avec un \u00e9clairage lumineux, durable et efficace ! \ud83d\udca1<\/p>","protected":false},"excerpt":{"rendered":"<p><strong>Fiche produit<\/strong><br \/>\n<strong><a href=\"https:\/\/eprel.ec.europa.eu\/fiches\/lightsources\/Fiche_1250798_NL.pdf\">FR\u00a0<\/a>|\u00a0<a href=\"https:\/\/eprel.ec.europa.eu\/fiches\/lightsources\/Fiche_1250798_FR.pdf\">FR\u00a0<\/a>|\u00a0<a href=\"https:\/\/eprel.ec.europa.eu\/fiches\/lightsources\/Fiche_1250798_EN.pdf\">ET\u00a0<\/a>|\u00a0<a href=\"https:\/\/eprel.ec.europa.eu\/fiches\/lightsources\/Fiche_1250798_DE.pdf\">LE<\/a><\/strong><\/p>","protected":false},"featured_media":533720,"comment_status":"closed","ping_status":"closed","template":"","meta":{"_seopress_robots_primary_cat":"259","_seopress_titles_title":"LED Paneel Dimbaar 60x60 cm | 36W | Energiezuinig Licht","_seopress_titles_desc":"Ontdek het dimbare LED paneel 60x60 cm, 36W. Helder, energiezuinig en perfect voor kantoren en woningen. Eenvoudige installatie!","_seopress_robots_index":""},"product_brand":[],"product_cat":[87,530,259,165,242,112],"product_tag":[655],"class_list":{"0":"post-533685","1":"product","2":"type-product","3":"status-publish","4":"has-post-thumbnail","6":"product_cat-armaturen","7":"product_cat-deals","8":"product_cat-led-panelen","9":"product_cat-plafondlampen","10":"product_cat-pro-led-verlichting","11":"product_cat-stock-opruiming","12":"product_tag-ufo-led-lamp","14":"first","15":"instock","16":"sale","17":"taxable","18":"shipping-taxable","19":"purchasable","20":"product-type-variable"},"_links":{"self":[{"href":"https:\/\/ledshoponline.be\/fr\/wp-json\/wp\/v2\/product\/533685","targetHints":{"allow":["GET"]}}],"collection":[{"href":"https:\/\/ledshoponline.be\/fr\/wp-json\/wp\/v2\/product"}],"about":[{"href":"https:\/\/ledshoponline.be\/fr\/wp-json\/wp\/v2\/types\/product"}],"replies":[{"embeddable":true,"href":"https:\/\/ledshoponline.be\/fr\/wp-json\/wp\/v2\/comments?post=533685"}],"version-history":[{"count":0,"href":"https:\/\/ledshoponline.be\/fr\/wp-json\/wp\/v2\/product\/533685\/revisions"}],"wp:featuredmedia":[{"embeddable":true,"href":"https:\/\/ledshoponline.be\/fr\/wp-json\/wp\/v2\/media\/533720"}],"wp:attachment":[{"href":"https:\/\/ledshoponline.be\/fr\/wp-json\/wp\/v2\/media?parent=533685"}],"wp:term":[{"taxonomy":"product_brand","embeddable":true,"href":"https:\/\/ledshoponline.be\/fr\/wp-json\/wp\/v2\/product_brand?post=533685"},{"taxonomy":"product_cat","embeddable":true,"href":"https:\/\/ledshoponline.be\/fr\/wp-json\/wp\/v2\/product_cat?post=533685"},{"taxonomy":"product_tag","embeddable":true,"href":"https:\/\/ledshoponline.be\/fr\/wp-json\/wp\/v2\/product_tag?post=533685"}],"curies":[{"name":"wp","href":"https:\/\/api.w.org\/{rel}","templated":true}]}}