{"id":533673,"date":"2025-03-15T11:39:45","date_gmt":"2025-03-15T11:39:45","guid":{"rendered":"https:\/\/hlncaxea.a2hosted.com\/?post_type=product&#038;p=533673"},"modified":"2025-12-30T10:32:43","modified_gmt":"2025-12-30T10:32:43","slug":"panneau-led-120-x-30-cm-36w-high-lumen","status":"publish","type":"product","link":"https:\/\/ledshoponline.be\/fr\/shop\/producten\/led-panelen\/led-paneel-120-x-30-cm-36w-hoge-lumen\/","title":{"rendered":"Panneau LED 120 x 30 cm 36w - High Lumen"},"content":{"rendered":"<h2 data-start=\"0\" data-end=\"81\"><strong data-start=\"0\" data-end=\"79\">Panneau LED ultra-puissant 120\u00d730 cm - Qualit\u00e9 professionnelle et durabilit\u00e9<\/strong><\/h2>\n<p data-start=\"83\" data-end=\"323\">Am\u00e9liorez votre \u00e9clairage avec nous <strong data-start=\"114\" data-end=\"151\">panneau LED de haute qualit\u00e9 120\u00d730 cm<\/strong>. \u00c9quip\u00e9 de <strong data-start=\"167\" data-end=\"199\">les derniers Chipleds de Samsung<\/strong>Ce panneau fournit jusqu'\u00e0 <strong data-start=\"223\" data-end=\"237\">3500 lumens<\/strong> avec un large angle de rayonnement de <strong data-start=\"270\" data-end=\"278\">120\u00b0<\/strong>, alors qu'il n'est que de <strong data-start=\"300\" data-end=\"310\">32-40W<\/strong> consomm\u00e9.<\/p>\n<h3 data-start=\"325\" data-end=\"365\">\u2728 <strong data-start=\"331\" data-end=\"363\">Une qualit\u00e9 d'\u00e9clairage in\u00e9gal\u00e9e<\/strong><\/h3>\n<p data-start=\"366\" data-end=\"591\">\u2714 <strong data-start=\"368\" data-end=\"402\">Pas de maux de t\u00eate ni de scintillement<\/strong>comme l'\u00e9clairage fluorescent<br data-start=\"428\" data-end=\"431\" \/>\u2714 <strong data-start=\"433\" data-end=\"499\">Disponible en blanc chaud (3000K-3500K) et blanc froid (4000K-4500K)<\/strong> pour chaque application<br data-start=\"520\" data-end=\"523\" \/>\u2714 <strong data-start=\"525\" data-end=\"542\">Ne jaunit pas<\/strong>contrairement aux alternatives moins ch\u00e8res<\/p>\n<h3 data-start=\"593\" data-end=\"637\">\ud83d\ude80 <strong data-start=\"600\" data-end=\"635\">Installation simple et rapide<\/strong><\/h3>\n<p data-start=\"638\" data-end=\"774\">\u2714 <strong data-start=\"640\" data-end=\"670\">Assemblage en 1 minute<\/strong> sans ajustements<br data-start=\"690\" data-end=\"693\" \/>\u2714 <strong data-start=\"695\" data-end=\"743\">S'int\u00e8gre parfaitement dans un plafond suspendu de 120\u00d730 cm<\/strong><br data-start=\"743\" data-end=\"746\" \/>\u2714 P\u00e8se seulement <strong data-start=\"762\" data-end=\"772\">2,5 kg<\/strong><\/p>\n<h3 data-start=\"776\" data-end=\"827\">\ud83c\udf31 <strong data-start=\"783\" data-end=\"825\">\u00c9conomiser l'\u00e9nergie et accro\u00eetre la durabilit\u00e9<\/strong><\/h3>\n<p data-start=\"828\" data-end=\"968\">\u2714 <strong data-start=\"830\" data-end=\"858\">Jusqu'\u00e0 65% d'\u00e9conomie d'\u00e9nergie<\/strong> par rapport aux luminaires fluorescents<br data-start=\"886\" data-end=\"889\" \/>\u2714 <strong data-start=\"891\" data-end=\"920\">Dur\u00e9e de vie jusqu'\u00e0 50 000 heures<\/strong><br data-start=\"920\" data-end=\"923\" \/>\u2714 <strong data-start=\"925\" data-end=\"966\">Pilote LED externe durable inclus<\/strong><\/p>\n<p data-start=\"970\" data-end=\"1141\">\ud83d\udd14 <strong data-start=\"973\" data-end=\"984\">Remarque :<\/strong> Ce panneau LED est con\u00e7u pour les plafonds suspendus. Vous souhaitez l'attacher \u00e0 un plafond fixe ? Pas de probl\u00e8me, cela est possible gr\u00e2ce \u00e0 un kit de montage optionnel.<\/p>\n<p data-start=\"1143\" data-end=\"1211\" data-is-last-node=\"\" data-is-only-node=\"\">\ud83d\udca1 <strong data-start=\"1146\" data-end=\"1211\" data-is-last-node=\"\">Un \u00e9clairage lumineux, efficace et durable pour toutes les pi\u00e8ces !<\/strong><\/p>","protected":false},"excerpt":{"rendered":"<p><strong>Fiche produit<\/strong><br \/>\n<strong><a href=\"https:\/\/eprel.ec.europa.eu\/fiches\/lightsources\/Fiche_1251115_NL.pdf\">FR<\/a>\u00a0|\u00a0<a href=\"https:\/\/eprel.ec.europa.eu\/fiches\/lightsources\/Fiche_1251115_FR.pdf\">FR\u00a0<\/a>|\u00a0<a href=\"https:\/\/eprel.ec.europa.eu\/fiches\/lightsources\/Fiche_1251115_EN.pdf\">ET\u00a0<\/a>|\u00a0<a href=\"https:\/\/eprel.ec.europa.eu\/fiches\/lightsources\/Fiche_1251115_DE.pdf\">LE<\/a><\/strong><\/p>","protected":false},"featured_media":533680,"comment_status":"closed","ping_status":"closed","template":"","meta":{"_seopress_robots_primary_cat":"259","_seopress_titles_title":"LED Paneel 120x30 cm | 36W | Hoge Lumen & Energiezuinig","_seopress_titles_desc":"Helder en krachtig LED paneel 120x30 cm, 36W. Hoge lumen voor optimaal licht, energiezuinig en eenvoudig te installeren. Perfect voor elk interieur!","_seopress_robots_index":""},"product_brand":[],"product_cat":[87,530,170,259,165,242,112],"product_tag":[655],"class_list":{"0":"post-533673","1":"product","2":"type-product","3":"status-publish","4":"has-post-thumbnail","6":"product_cat-armaturen","7":"product_cat-deals","8":"product_cat-hanglampen","9":"product_cat-led-panelen","10":"product_cat-plafondlampen","11":"product_cat-pro-led-verlichting","12":"product_cat-stock-opruiming","13":"product_tag-ufo-led-lamp","15":"first","16":"instock","17":"sale","18":"taxable","19":"shipping-taxable","20":"purchasable","21":"product-type-variable"},"_links":{"self":[{"href":"https:\/\/ledshoponline.be\/fr\/wp-json\/wp\/v2\/product\/533673","targetHints":{"allow":["GET"]}}],"collection":[{"href":"https:\/\/ledshoponline.be\/fr\/wp-json\/wp\/v2\/product"}],"about":[{"href":"https:\/\/ledshoponline.be\/fr\/wp-json\/wp\/v2\/types\/product"}],"replies":[{"embeddable":true,"href":"https:\/\/ledshoponline.be\/fr\/wp-json\/wp\/v2\/comments?post=533673"}],"version-history":[{"count":1,"href":"https:\/\/ledshoponline.be\/fr\/wp-json\/wp\/v2\/product\/533673\/revisions"}],"predecessor-version":[{"id":653301,"href":"https:\/\/ledshoponline.be\/fr\/wp-json\/wp\/v2\/product\/533673\/revisions\/653301"}],"wp:featuredmedia":[{"embeddable":true,"href":"https:\/\/ledshoponline.be\/fr\/wp-json\/wp\/v2\/media\/533680"}],"wp:attachment":[{"href":"https:\/\/ledshoponline.be\/fr\/wp-json\/wp\/v2\/media?parent=533673"}],"wp:term":[{"taxonomy":"product_brand","embeddable":true,"href":"https:\/\/ledshoponline.be\/fr\/wp-json\/wp\/v2\/product_brand?post=533673"},{"taxonomy":"product_cat","embeddable":true,"href":"https:\/\/ledshoponline.be\/fr\/wp-json\/wp\/v2\/product_cat?post=533673"},{"taxonomy":"product_tag","embeddable":true,"href":"https:\/\/ledshoponline.be\/fr\/wp-json\/wp\/v2\/product_tag?post=533673"}],"curies":[{"name":"wp","href":"https:\/\/api.w.org\/{rel}","templated":true}]}}