{"id":533633,"date":"2025-03-15T10:00:16","date_gmt":"2025-03-15T10:00:16","guid":{"rendered":"https:\/\/hlncaxea.a2hosted.com\/?post_type=product&#038;p=533633"},"modified":"2025-03-19T21:29:22","modified_gmt":"2025-03-19T21:29:22","slug":"bande-led-230v-avec-circuit-integre-2835-120smd-par-metre","status":"publish","type":"product","link":"https:\/\/ledshoponline.be\/fr\/shop\/producten\/led-strips\/led-strips-230v\/led-strip-230v-met-geintegreerd-circuit-2835-120smd-per-meter\/","title":{"rendered":"Bande LED 230V avec circuit int\u00e9gr\u00e9 2835-120SMD | au m\u00e8tre"},"content":{"rendered":"<p>Ligne professionnelle de bandes LED flexibles sur 230v avec circuit int\u00e9gr\u00e9. Finition soign\u00e9e et lumens \u00e9lev\u00e9s.<br \/>La bande de LED contient la derni\u00e8re puce SMD ultra LED 2835 avec pas moins de 120 LED par m\u00e8tre.<br \/>La coupe peut \u00eatre effectu\u00e9e tous les m\u00e8tres. Clips de montage et prise 230v inclus.<br \/>Plug and Play sans soudure. De nombreuses LED SMD assurent un \u00e9clairage homog\u00e8ne.<\/p>","protected":false},"excerpt":{"rendered":"<p><strong>Fiche produit<\/strong> <br \/><strong><a href=\"https:\/\/eprel.ec.europa.eu\/fiches\/lightsources\/Fiche_1474972_NL.pdf\">FR<\/a>\u00a0|\u00a0<a href=\"https:\/\/eprel.ec.europa.eu\/fiches\/lightsources\/Fiche_1474972_FR.pdf\">FR\u00a0<\/a>|\u00a0<a href=\"https:\/\/eprel.ec.europa.eu\/fiches\/lightsources\/Fiche_1474972_EN.pdf\">ET\u00a0<\/a>|\u00a0<a href=\"https:\/\/eprel.ec.europa.eu\/fiches\/lightsources\/Fiche_1474972_DE.pdf\">LE<\/a><\/strong><\/p>","protected":false},"featured_media":451219,"comment_status":"closed","ping_status":"closed","template":"","meta":{"_seopress_robots_primary_cat":"none","_seopress_titles_title":"LED strip 230V met ge\u00efntegreerd circuit 2835-120SMD | per meter","_seopress_titles_desc":"230v led strip dat je kan per meter verknippen. Krachtigste led strip op de markt. Bestel de LED strip via ons voordelig met gratis verzending.","_seopress_robots_index":""},"product_brand":[],"product_cat":[530,40,229,19],"product_tag":[230],"class_list":{"0":"post-533633","1":"product","2":"type-product","3":"status-publish","4":"has-post-thumbnail","6":"product_cat-deals","7":"product_cat-led-strips","8":"product_cat-led-strips-230v","9":"product_cat-producten","10":"product_tag-230v-ledstrip","12":"first","13":"instock","14":"taxable","15":"shipping-taxable","16":"purchasable","17":"product-type-variable","18":"has-default-attributes"},"_links":{"self":[{"href":"https:\/\/ledshoponline.be\/fr\/wp-json\/wp\/v2\/product\/533633","targetHints":{"allow":["GET"]}}],"collection":[{"href":"https:\/\/ledshoponline.be\/fr\/wp-json\/wp\/v2\/product"}],"about":[{"href":"https:\/\/ledshoponline.be\/fr\/wp-json\/wp\/v2\/types\/product"}],"replies":[{"embeddable":true,"href":"https:\/\/ledshoponline.be\/fr\/wp-json\/wp\/v2\/comments?post=533633"}],"version-history":[{"count":0,"href":"https:\/\/ledshoponline.be\/fr\/wp-json\/wp\/v2\/product\/533633\/revisions"}],"wp:featuredmedia":[{"embeddable":true,"href":"https:\/\/ledshoponline.be\/fr\/wp-json\/wp\/v2\/media\/451219"}],"wp:attachment":[{"href":"https:\/\/ledshoponline.be\/fr\/wp-json\/wp\/v2\/media?parent=533633"}],"wp:term":[{"taxonomy":"product_brand","embeddable":true,"href":"https:\/\/ledshoponline.be\/fr\/wp-json\/wp\/v2\/product_brand?post=533633"},{"taxonomy":"product_cat","embeddable":true,"href":"https:\/\/ledshoponline.be\/fr\/wp-json\/wp\/v2\/product_cat?post=533633"},{"taxonomy":"product_tag","embeddable":true,"href":"https:\/\/ledshoponline.be\/fr\/wp-json\/wp\/v2\/product_tag?post=533633"}],"curies":[{"name":"wp","href":"https:\/\/api.w.org\/{rel}","templated":true}]}}