{"id":533610,"date":"2025-03-15T09:34:41","date_gmt":"2025-03-15T09:34:41","guid":{"rendered":"https:\/\/hlncaxea.a2hosted.com\/?post_type=product&#038;p=533610"},"modified":"2025-03-15T09:39:54","modified_gmt":"2025-03-15T09:39:54","slug":"bande-led-230v-par-m-blanc-froid-5050","status":"publish","type":"product","link":"https:\/\/ledshoponline.be\/fr\/shop\/producten\/led-strips\/led-strips-230v\/led-strip-230v-per-m-koud-wit-5050\/","title":{"rendered":"Bande LED 230V par m blanc froid 5050"},"content":{"rendered":"<p>La bande LED 230v unique fonctionne directement sur 230v sans transformateur. Peut \u00eatre raccourcie tous les m\u00e8tres. Avec 5050 LED SMD (60 LED SMD \/m). Prise 230v DC vers AC incluse. Plug and Play sans soudure. Parfaitement utilisable \u00e0 l'ext\u00e9rieur. Est \u00e9galement dimmable \u00e0 l'aide d'un<a href=\"https:\/\/ledshoponline.be\/fr\/boutique-2\/produits-2\/accessoires-2\/variateurs-de-lumiere-230v-2\/gradateur-pour-bandes-de-leds-unicolores-230v\/\" data-type=\"product\" data-id=\"18733\">\u00a0Variateur de bande LED<\/a>.<\/p>\r\n\r\n\r\n\r\n<h3 class=\"wp-block-heading\">Commandez rapidement !<\/h3>","protected":false},"excerpt":{"rendered":"<p><strong>Fiche produit<\/strong> <br \/><strong><a href=\"https:\/\/eprel.ec.europa.eu\/fiches\/lightsources\/Fiche_1474972_NL.pdf\">FR<\/a>\u00a0|\u00a0<a href=\"https:\/\/eprel.ec.europa.eu\/fiches\/lightsources\/Fiche_1474972_FR.pdf\">FR\u00a0<\/a>|\u00a0<a href=\"https:\/\/eprel.ec.europa.eu\/fiches\/lightsources\/Fiche_1474972_EN.pdf\">ET\u00a0<\/a>|\u00a0<a href=\"https:\/\/eprel.ec.europa.eu\/fiches\/lightsources\/Fiche_1474972_DE.pdf\">LE<\/a><\/strong><\/p>","protected":false},"featured_media":533393,"comment_status":"closed","ping_status":"closed","template":"","meta":{"_seopress_robots_primary_cat":"none","_seopress_titles_title":"LED strip 230V per m warm-wit 5050 IP65","_seopress_titles_desc":"Unieke koud-wit 4500k led strip op 230v rechtstreeks zonder trafo. Te bestellen per\/meter. Met 5050 LED SMD (60SMD LEDs \/m).\u00a0Inclusief 230v stekker. Plug and Play zonder te solderen.","_seopress_robots_index":""},"product_brand":[],"product_cat":[40,229,19],"product_tag":[230],"class_list":{"0":"post-533610","1":"product","2":"type-product","3":"status-publish","4":"has-post-thumbnail","6":"product_cat-led-strips","7":"product_cat-led-strips-230v","8":"product_cat-producten","9":"product_tag-230v-ledstrip","11":"first","12":"instock","13":"taxable","14":"shipping-taxable","15":"purchasable","16":"product-type-variable","17":"has-default-attributes"},"_links":{"self":[{"href":"https:\/\/ledshoponline.be\/fr\/wp-json\/wp\/v2\/product\/533610","targetHints":{"allow":["GET"]}}],"collection":[{"href":"https:\/\/ledshoponline.be\/fr\/wp-json\/wp\/v2\/product"}],"about":[{"href":"https:\/\/ledshoponline.be\/fr\/wp-json\/wp\/v2\/types\/product"}],"replies":[{"embeddable":true,"href":"https:\/\/ledshoponline.be\/fr\/wp-json\/wp\/v2\/comments?post=533610"}],"version-history":[{"count":0,"href":"https:\/\/ledshoponline.be\/fr\/wp-json\/wp\/v2\/product\/533610\/revisions"}],"wp:featuredmedia":[{"embeddable":true,"href":"https:\/\/ledshoponline.be\/fr\/wp-json\/wp\/v2\/media\/533393"}],"wp:attachment":[{"href":"https:\/\/ledshoponline.be\/fr\/wp-json\/wp\/v2\/media?parent=533610"}],"wp:term":[{"taxonomy":"product_brand","embeddable":true,"href":"https:\/\/ledshoponline.be\/fr\/wp-json\/wp\/v2\/product_brand?post=533610"},{"taxonomy":"product_cat","embeddable":true,"href":"https:\/\/ledshoponline.be\/fr\/wp-json\/wp\/v2\/product_cat?post=533610"},{"taxonomy":"product_tag","embeddable":true,"href":"https:\/\/ledshoponline.be\/fr\/wp-json\/wp\/v2\/product_tag?post=533610"}],"curies":[{"name":"wp","href":"https:\/\/api.w.org\/{rel}","templated":true}]}}