{"id":532353,"date":"2025-03-13T21:45:32","date_gmt":"2025-03-13T21:45:32","guid":{"rendered":"https:\/\/hlncaxea.a2hosted.com\/?post_type=product&#038;p=532353"},"modified":"2025-09-22T20:39:46","modified_gmt":"2025-09-22T20:39:46","slug":"tri-proof-led-luminaire-ip65-1500mm-50w-philips-driver","status":"publish","type":"product","link":"https:\/\/ledshoponline.be\/fr\/shop\/producten\/pro-led-verlichting\/tri-proof-led-armaturen\/tri-proof-led-armatuur-ip65-1500mm-50w-philips-driver\/","title":{"rendered":"Tri proof LED luminaire IP65 1500mm 50w | Philips driver"},"content":{"rendered":"","protected":false},"excerpt":{"rendered":"<p>Tri-proof LED est un produit industriel<strong>\u00a0<\/strong>Luminaire LED \u00e0 longue dur\u00e9e de vie. Con\u00e7u pour le secteur professionnel. Usines, entrep\u00f4ts, garages, stations-service, tunnels, etc. \u00c9tanch\u00e9it\u00e9 IP65. Avec pilote Philips professionnel et LED SMD (fourni avec le kit de montage).<\/p>","protected":false},"featured_media":532343,"comment_status":"closed","ping_status":"closed","template":"","meta":{"_seopress_robots_primary_cat":"884","_seopress_titles_title":"Tri proof LED armatuur IP65 1500mm 50w | Philips driver","_seopress_titles_desc":"Tri-proof led is een industri\u00eble LED armatuur met een lange levensduur. Ontworpen voor de professionele sector. Zoals fabrieken, magazijnen, garage, tankstation","_seopress_robots_index":""},"product_brand":[],"product_cat":[250,49,242,19,884],"product_tag":[66,67],"class_list":{"0":"post-532353","1":"product","2":"type-product","3":"status-publish","4":"has-post-thumbnail","6":"product_cat-led-tl-armaturen","7":"product_cat-led-tl-buizen","8":"product_cat-pro-led-verlichting","9":"product_cat-producten","10":"product_cat-tri-proof-led-armaturen","11":"product_tag-koud-wit","12":"product_tag-led-tl-90cm","14":"first","15":"instock","16":"taxable","17":"shipping-taxable","18":"purchasable","19":"product-type-variable"},"_links":{"self":[{"href":"https:\/\/ledshoponline.be\/fr\/wp-json\/wp\/v2\/product\/532353","targetHints":{"allow":["GET"]}}],"collection":[{"href":"https:\/\/ledshoponline.be\/fr\/wp-json\/wp\/v2\/product"}],"about":[{"href":"https:\/\/ledshoponline.be\/fr\/wp-json\/wp\/v2\/types\/product"}],"replies":[{"embeddable":true,"href":"https:\/\/ledshoponline.be\/fr\/wp-json\/wp\/v2\/comments?post=532353"}],"version-history":[{"count":1,"href":"https:\/\/ledshoponline.be\/fr\/wp-json\/wp\/v2\/product\/532353\/revisions"}],"predecessor-version":[{"id":624430,"href":"https:\/\/ledshoponline.be\/fr\/wp-json\/wp\/v2\/product\/532353\/revisions\/624430"}],"wp:featuredmedia":[{"embeddable":true,"href":"https:\/\/ledshoponline.be\/fr\/wp-json\/wp\/v2\/media\/532343"}],"wp:attachment":[{"href":"https:\/\/ledshoponline.be\/fr\/wp-json\/wp\/v2\/media?parent=532353"}],"wp:term":[{"taxonomy":"product_brand","embeddable":true,"href":"https:\/\/ledshoponline.be\/fr\/wp-json\/wp\/v2\/product_brand?post=532353"},{"taxonomy":"product_cat","embeddable":true,"href":"https:\/\/ledshoponline.be\/fr\/wp-json\/wp\/v2\/product_cat?post=532353"},{"taxonomy":"product_tag","embeddable":true,"href":"https:\/\/ledshoponline.be\/fr\/wp-json\/wp\/v2\/product_tag?post=532353"}],"curies":[{"name":"wp","href":"https:\/\/api.w.org\/{rel}","templated":true}]}}