{"id":524356,"date":"2024-01-20T17:28:00","date_gmt":"2024-01-20T17:28:00","guid":{"rendered":"https:\/\/hlncaxea.a2hosted.com\/?post_type=product&#038;p=524356"},"modified":"2025-03-09T19:45:52","modified_gmt":"2025-03-09T19:45:52","slug":"150w-led-ufo-high-bay-lamp-pro-warm-white-3000k-2","status":"publish","type":"product","link":"https:\/\/ledshoponline.be\/fr\/shop\/producten\/armaturen\/hanglampen\/150w-led-ufo-high-bay-lamp-pro-warm-wit-3000k\/","title":{"rendered":"150W LED UFO high bay lamp PRO | blanc chaud 3000k"},"content":{"rendered":"","protected":false},"excerpt":{"rendered":"<p>Lampe professionnelle LED UFO highbay \u00e9quip\u00e9e du puissant Philips SMD3030. Pas moins de 140lm\/watt. Corps \u00e9quip\u00e9 d'un syst\u00e8me de refroidissement 3D.<br \/>\nPas moins de 5 ans de garantie.<\/p>","protected":false},"featured_media":18994,"comment_status":"closed","ping_status":"closed","template":"","meta":{"_seopress_robots_primary_cat":"","_seopress_titles_title":"","_seopress_titles_desc":"","_seopress_robots_index":""},"product_brand":[],"product_cat":[530,170,654,242,112],"product_tag":[655],"class_list":{"0":"post-524356","1":"product","2":"type-product","3":"status-publish","4":"has-post-thumbnail","6":"product_cat-deals","7":"product_cat-hanglampen","8":"product_cat-led-high-bay-ufo-hanglamp","9":"product_cat-pro-led-verlichting","10":"product_cat-stock-opruiming","11":"product_tag-ufo-led-lamp","13":"first","14":"instock","15":"sale","16":"taxable","17":"shipping-taxable","18":"purchasable","19":"product-type-simple"},"_links":{"self":[{"href":"https:\/\/ledshoponline.be\/fr\/wp-json\/wp\/v2\/product\/524356","targetHints":{"allow":["GET"]}}],"collection":[{"href":"https:\/\/ledshoponline.be\/fr\/wp-json\/wp\/v2\/product"}],"about":[{"href":"https:\/\/ledshoponline.be\/fr\/wp-json\/wp\/v2\/types\/product"}],"replies":[{"embeddable":true,"href":"https:\/\/ledshoponline.be\/fr\/wp-json\/wp\/v2\/comments?post=524356"}],"version-history":[{"count":0,"href":"https:\/\/ledshoponline.be\/fr\/wp-json\/wp\/v2\/product\/524356\/revisions"}],"wp:featuredmedia":[{"embeddable":true,"href":"https:\/\/ledshoponline.be\/fr\/wp-json\/wp\/v2\/media\/18994"}],"wp:attachment":[{"href":"https:\/\/ledshoponline.be\/fr\/wp-json\/wp\/v2\/media?parent=524356"}],"wp:term":[{"taxonomy":"product_brand","embeddable":true,"href":"https:\/\/ledshoponline.be\/fr\/wp-json\/wp\/v2\/product_brand?post=524356"},{"taxonomy":"product_cat","embeddable":true,"href":"https:\/\/ledshoponline.be\/fr\/wp-json\/wp\/v2\/product_cat?post=524356"},{"taxonomy":"product_tag","embeddable":true,"href":"https:\/\/ledshoponline.be\/fr\/wp-json\/wp\/v2\/product_tag?post=524356"}],"curies":[{"name":"wp","href":"https:\/\/api.w.org\/{rel}","templated":true}]}}