{"id":524049,"date":"2025-01-15T10:41:04","date_gmt":"2025-01-15T10:41:04","guid":{"rendered":"https:\/\/hlncaxea.a2hosted.com\/?post_type=product&#038;p=524049"},"modified":"2025-03-15T15:10:30","modified_gmt":"2025-03-15T15:10:30","slug":"g4-gu4-halogen-remplacement-2w-led-bulb-12v-ac-dc-dimmable-2","status":"publish","type":"product","link":"https:\/\/ledshoponline.be\/fr\/shop\/producten\/led-lampen\/led-lamp-g4-gu4-12v\/g4-gu4-halogeen-vervanger-2w-led-lamp-12v-ac-dc-dimbaar\/","title":{"rendered":"Ampoule halog\u00e8ne G4 (GU4) de remplacement 2W LED - 12v AC\/DC - Dimmable"},"content":{"rendered":"<p><strong>Conseil :<\/strong>\u00a0Remplacez vos anciens blocs d'alimentation par nos blocs d'alimentation LED pour une dur\u00e9e de vie plus longue. Ils sont \u00e9galement plus \u00e9conomiques.<\/p>\r\n\r\n\r\n\r\n<p><strong>Vos lumi\u00e8res clignotent-elles ?<\/strong><br \/>Remplacez votre alimentation par une alimentation LED. Vous pouvez trouver ce type de transformateur\/alimentation \u00e0 l'adresse suivante\u00a0<a href=\"https:\/\/ledshoponline.be\/fr\/produits-2\/accessoires-2\/trafos-a-led-12v-24v-2\/\">accessoires<\/a>.<\/p>\r\n\r\n\r\n\r\n<p><strong>Dimmable gr\u00e2ce \u00e0 un variateur LED.<\/strong><\/p>","protected":false},"excerpt":{"rendered":"<p>Le remplacement parfait de l'halog\u00e8ne G4 dans une enveloppe en silicone. Emet 360\u00b0 de lumi\u00e8re blanc chaud 3000k haute puissance. Remplace une lampe halog\u00e8ne de 25 W avec une consommation de seulement 2 W.<\/p>\n<p><strong>Fiche produit<\/strong> <br \/><strong><a href=\"https:\/\/eprel.ec.europa.eu\/fiches\/lightsources\/Fiche_1596571_NL.pdf\">FR<\/a>\u00a0|\u00a0<a href=\"https:\/\/eprel.ec.europa.eu\/fiches\/lightsources\/Fiche_1596571_FR.pdf\">FR\u00a0<\/a>|\u00a0<a href=\"https:\/\/eprel.ec.europa.eu\/fiches\/lightsources\/Fiche_1596571_EN.pdf\">ET\u00a0<\/a>|\u00a0<a href=\"https:\/\/eprel.ec.europa.eu\/fiches\/lightsources\/Fiche_1596571_DE.pdf\">LE<\/a><\/strong> \u00a0<\/p>","protected":false},"featured_media":531235,"comment_status":"closed","ping_status":"closed","template":"","meta":{"_seopress_robots_primary_cat":"none","_seopress_titles_title":"G4\/GU4 Dimbare LED 2W - Halogeen Vervanger 12V AC\/DC","_seopress_titles_desc":"Vervang je GU4\/G4 halogeenlampen met onze dimbare 2W LED spots. 90% energiebesparing, 12V AC\/DC compatibel, warm wit licht.","_seopress_robots_index":""},"product_brand":[],"product_cat":[21,20,369,132,19],"product_tag":[370,23,206],"class_list":{"0":"post-524049","1":"product","2":"type-product","3":"status-publish","4":"has-post-thumbnail","6":"product_cat-led-lamp-g4-gu4-12v","7":"product_cat-led-lampen","8":"product_cat-led-spot-gu4-mr11-12v","9":"product_cat-led-spots","10":"product_cat-producten","11":"product_tag-g4","12":"product_tag-g4-led","13":"product_tag-yarled","15":"first","16":"instock","17":"taxable","18":"shipping-taxable","19":"purchasable","20":"product-type-simple"},"_links":{"self":[{"href":"https:\/\/ledshoponline.be\/fr\/wp-json\/wp\/v2\/product\/524049","targetHints":{"allow":["GET"]}}],"collection":[{"href":"https:\/\/ledshoponline.be\/fr\/wp-json\/wp\/v2\/product"}],"about":[{"href":"https:\/\/ledshoponline.be\/fr\/wp-json\/wp\/v2\/types\/product"}],"replies":[{"embeddable":true,"href":"https:\/\/ledshoponline.be\/fr\/wp-json\/wp\/v2\/comments?post=524049"}],"version-history":[{"count":0,"href":"https:\/\/ledshoponline.be\/fr\/wp-json\/wp\/v2\/product\/524049\/revisions"}],"wp:featuredmedia":[{"embeddable":true,"href":"https:\/\/ledshoponline.be\/fr\/wp-json\/wp\/v2\/media\/531235"}],"wp:attachment":[{"href":"https:\/\/ledshoponline.be\/fr\/wp-json\/wp\/v2\/media?parent=524049"}],"wp:term":[{"taxonomy":"product_brand","embeddable":true,"href":"https:\/\/ledshoponline.be\/fr\/wp-json\/wp\/v2\/product_brand?post=524049"},{"taxonomy":"product_cat","embeddable":true,"href":"https:\/\/ledshoponline.be\/fr\/wp-json\/wp\/v2\/product_cat?post=524049"},{"taxonomy":"product_tag","embeddable":true,"href":"https:\/\/ledshoponline.be\/fr\/wp-json\/wp\/v2\/product_tag?post=524049"}],"curies":[{"name":"wp","href":"https:\/\/api.w.org\/{rel}","templated":true}]}}