{"id":523464,"date":"2025-01-08T10:17:11","date_gmt":"2025-01-08T10:17:11","guid":{"rendered":"https:\/\/hlncaxea.a2hosted.com\/?post_type=product&#038;p=523464"},"modified":"2025-08-24T10:22:34","modified_gmt":"2025-08-24T10:22:34","slug":"detecteur-de-fumee-intelligent-batterie-de-5-ans-2","status":"publish","type":"product","link":"https:\/\/ledshoponline.be\/fr\/shop\/camerabewaking\/slimme-rookmelder-5-jaar-batterij\/","title":{"rendered":"D\u00e9tecteur de fum\u00e9e intelligent - Batterie de 5 ans"},"content":{"rendered":"<p>Passez \u00e0 la vitesse sup\u00e9rieure en mati\u00e8re de s\u00e9curit\u00e9 domestique avec le <strong>D\u00e9tecteur de fum\u00e9e intelligent Calex<\/strong>. Ce d\u00e9tecteur de fum\u00e9e avanc\u00e9 offre non seulement une protection fiable, mais aussi des fonctions intelligentes qui vous informent des dangers potentiels \u00e0 tout moment et en tout lieu.<\/p>\r\n\r\n\r\n\r\n<h3 class=\"wp-block-heading\"><strong>Pourquoi le d\u00e9tecteur de fum\u00e9e intelligent Calex ?<\/strong><\/h3>\r\n\r\n\r\n\r\n<ul class=\"wp-block-list\">\r\n<li><strong>Des notifications intelligentes en temps r\u00e9el<\/strong>Le syst\u00e8me de d\u00e9tection de fum\u00e9e : Recevez des alertes instantan\u00e9es sur votre smartphone en cas de d\u00e9tection de fum\u00e9e, o\u00f9 que vous soyez.<\/li>\r\n\r\n\r\n\r\n<li><strong>Fiabilit\u00e9 \u00e0 long terme<\/strong>La batterie : \u00c9quip\u00e9e d'une batterie puissante d'une dur\u00e9e de vie de 5 ans, vous n'avez pas \u00e0 vous pr\u00e9occuper de son remplacement.<\/li>\r\n\r\n\r\n\r\n<li><strong>Design \u00e9l\u00e9gant et compact<\/strong>Le syst\u00e8me d'alarme de l'appareil : Il s'int\u00e8gre sans effort dans n'importe quel int\u00e9rieur, sans compromis sur la fonctionnalit\u00e9.<\/li>\r\n\r\n\r\n\r\n<li><strong>Connectivit\u00e9 intelligente<\/strong>Fonctionne de mani\u00e8re transparente avec votre syst\u00e8me domestique intelligent, tel que Google Assistant et Amazon Alexa.<\/li>\r\n\r\n\r\n\r\n<li><strong>D\u00e9tection fiable<\/strong>D\u00e9tection de la fum\u00e9e et des risques d'incendie : La technologie de d\u00e9tection la plus r\u00e9cente garantit une d\u00e9tection rapide et pr\u00e9cise de la fum\u00e9e et des risques d'incendie.<\/li>\r\n<\/ul>\r\n\r\n\r\n\r\n<h3 class=\"wp-block-heading\"><strong>Des caract\u00e9ristiques qui font la diff\u00e9rence :<\/strong><\/h3>\r\n\r\n\r\n\r\n<ul class=\"wp-block-list\">\r\n<li><strong>Installation simple<\/strong>: Pr\u00eat \u00e0 l'emploi en quelques minutes, sans outils compliqu\u00e9s.<\/li>\r\n\r\n\r\n\r\n<li><strong>Indicateur d'\u00e9tat LED<\/strong>: Consultez toujours l'\u00e9tat de votre d\u00e9tecteur de fum\u00e9e.<\/li>\r\n\r\n\r\n\r\n<li><strong>Connectivit\u00e9 sans fil<\/strong>: Restez connect\u00e9 gr\u00e2ce \u00e0 l'application intuitive Calex.<\/li>\r\n\r\n\r\n\r\n<li><strong>Tranquillit\u00e9 d'esprit, jour et nuit<\/strong>Les notifications intelligentes et la fiabilit\u00e9 de la d\u00e9tection vous prot\u00e8gent \u00e0 tout moment.<\/li>\r\n<\/ul>\r\n\r\n\r\n\r\n<h3 class=\"wp-block-heading\"><strong>Une s\u00e9curit\u00e9 \u00e0 laquelle vous pouvez faire confiance<\/strong><\/h3>\r\n\r\n\r\n\r\n<p>Avec la <strong>D\u00e9tecteur de fum\u00e9e intelligent Calex<\/strong> Prot\u00e9gez non seulement votre maison, mais aussi vos proches. Ce d\u00e9tecteur de fum\u00e9e intelligent vous permet d'\u00eatre toujours pr\u00eat, que vous soyez \u00e0 la maison ou en d\u00e9placement.<\/p>\r\n\r\n\r\n\r\n<p><strong>Investissez dans la s\u00e9curit\u00e9. Commandez aujourd'hui et profitez de 5 ans de protection sans souci !<\/strong><\/p>","protected":false},"excerpt":{"rendered":"<p>WiFi int\u00e9gr\u00e9<br \/>\u2705 Fonctionnement avec l'application<br \/>\u2705 Facile \u00e0 installer<br \/>\u2705 Linkable<br \/>\u2705 Conforme \u00e0 la norme EN14604<\/p>\n<p>&nbsp;<\/p>","protected":false},"featured_media":523465,"comment_status":"closed","ping_status":"closed","template":"","meta":{"_seopress_robots_primary_cat":"none","_seopress_titles_title":"","_seopress_titles_desc":"","_seopress_robots_index":""},"product_brand":[],"product_cat":[889,1015,19,514],"product_tag":[],"class_list":{"0":"post-523464","1":"product","2":"type-product","3":"status-publish","4":"has-post-thumbnail","6":"product_cat-camerabewaking","7":"product_cat-huis-keuken","8":"product_cat-producten","9":"product_cat-smart-home","11":"first","12":"instock","13":"sale","14":"taxable","15":"shipping-taxable","16":"purchasable","17":"product-type-simple"},"_links":{"self":[{"href":"https:\/\/ledshoponline.be\/fr\/wp-json\/wp\/v2\/product\/523464","targetHints":{"allow":["GET"]}}],"collection":[{"href":"https:\/\/ledshoponline.be\/fr\/wp-json\/wp\/v2\/product"}],"about":[{"href":"https:\/\/ledshoponline.be\/fr\/wp-json\/wp\/v2\/types\/product"}],"replies":[{"embeddable":true,"href":"https:\/\/ledshoponline.be\/fr\/wp-json\/wp\/v2\/comments?post=523464"}],"version-history":[{"count":1,"href":"https:\/\/ledshoponline.be\/fr\/wp-json\/wp\/v2\/product\/523464\/revisions"}],"predecessor-version":[{"id":615231,"href":"https:\/\/ledshoponline.be\/fr\/wp-json\/wp\/v2\/product\/523464\/revisions\/615231"}],"wp:featuredmedia":[{"embeddable":true,"href":"https:\/\/ledshoponline.be\/fr\/wp-json\/wp\/v2\/media\/523465"}],"wp:attachment":[{"href":"https:\/\/ledshoponline.be\/fr\/wp-json\/wp\/v2\/media?parent=523464"}],"wp:term":[{"taxonomy":"product_brand","embeddable":true,"href":"https:\/\/ledshoponline.be\/fr\/wp-json\/wp\/v2\/product_brand?post=523464"},{"taxonomy":"product_cat","embeddable":true,"href":"https:\/\/ledshoponline.be\/fr\/wp-json\/wp\/v2\/product_cat?post=523464"},{"taxonomy":"product_tag","embeddable":true,"href":"https:\/\/ledshoponline.be\/fr\/wp-json\/wp\/v2\/product_tag?post=523464"}],"curies":[{"name":"wp","href":"https:\/\/api.w.org\/{rel}","templated":true}]}}