{"id":523456,"date":"2025-01-08T09:58:55","date_gmt":"2025-01-08T09:58:55","guid":{"rendered":"https:\/\/hlncaxea.a2hosted.com\/?post_type=product&#038;p=523456"},"modified":"2025-08-24T10:21:19","modified_gmt":"2025-08-24T10:21:19","slug":"camera-de-securite-intelligente-2k-pour-lexterieur-2","status":"publish","type":"product","link":"https:\/\/ledshoponline.be\/fr\/shop\/camerabewaking\/slimme-spotlight-beveiligingscamera-2k-voor-buiten\/","title":{"rendered":"Cam\u00e9ra de s\u00e9curit\u00e9 Smart Spotlight 2K pour l'ext\u00e9rieur"},"content":{"rendered":"<p>Faites \u00e9voluer votre cam\u00e9ra ext\u00e9rieure vers le futur avec le <strong>Cam\u00e9ra de s\u00e9curit\u00e9 Calex Spotlight 2K<\/strong>. Cette cam\u00e9ra innovante associe une qualit\u00e9 d'image 2K Ultra HD d'une nettet\u00e9 exceptionnelle \u00e0 un projecteur puissant et \u00e0 des fonctions intelligentes, ce qui vous permet de contr\u00f4ler totalement votre environnement ext\u00e9rieur, \u00e0 tout moment et en tout lieu.<\/p>\r\n\r\n\r\n\r\n<p><!--more--><\/p>\r\n\r\n\r\n\r\n<h3 class=\"wp-block-heading\"><strong>Des caract\u00e9ristiques qui impressionnent :<\/strong><\/h3>\r\n\r\n\r\n\r\n<ul class=\"wp-block-list\">\r\n<li><strong>Vid\u00e9o Ultra HD 2K d'une clart\u00e9 cristalline<\/strong>Vision nocturne avanc\u00e9e : Voyez les moindres d\u00e9tails, m\u00eame dans l'obscurit\u00e9, gr\u00e2ce \u00e0 la technologie de vision nocturne avanc\u00e9e.<\/li>\r\n\r\n\r\n\r\n<li><strong>Projecteur int\u00e9gr\u00e9<\/strong>Le syst\u00e8me d'\u00e9clairage de l'espace ext\u00e9rieur : Dissuadez les intrus et \u00e9clairez votre espace ext\u00e9rieur automatiquement.<\/li>\r\n\r\n\r\n\r\n<li><strong>D\u00e9tection intelligente des mouvements<\/strong>Le syst\u00e8me de d\u00e9tection de mouvement : recevez des notifications instantan\u00e9es sur votre smartphone lorsqu'un mouvement est d\u00e9tect\u00e9.<\/li>\r\n\r\n\r\n\r\n<li><strong>Conception \u00e9tanche (IP65)<\/strong>: R\u00e9sistant \u00e0 la pluie, au vent et aux temp\u00e9ratures extr\u00eames.<\/li>\r\n\r\n\r\n\r\n<li><strong>Installation simple<\/strong>: Pr\u00eat \u00e0 l'emploi en quelques minutes, sans tracas.<\/li>\r\n\r\n\r\n\r\n<li><strong>Audio bidirectionnel<\/strong>: Communiquez en direct gr\u00e2ce au microphone et au haut-parleur int\u00e9gr\u00e9s.<\/li>\r\n\r\n\r\n\r\n<li><strong>Options de stockage dans le nuage et sur disque dur<\/strong>Les images : stockez vos images en toute s\u00e9curit\u00e9 et acc\u00e9dez-y \u00e0 tout moment.<\/li>\r\n<\/ul>\r\n\r\n\r\n\r\n<figure class=\"wp-block-image\"><img decoding=\"async\" width=\"800\" height=\"800\" class=\"wp-image-523460\" src=\"https:\/\/ledshoponline.be\/wp-content\/uploads\/2025\/01\/calex-spotlight-security-camera-for-outdoors-2k-356386-800x800.webp\" alt=\"\" \/><\/figure>\r\n\r\n\r\n\r\n<p>&nbsp;<\/p>\r\n\r\n\r\n\r\n<h3 class=\"wp-block-heading\"><strong>Pourquoi choisir la cam\u00e9ra de s\u00e9curit\u00e9 Calex Spotlight 2K ?<\/strong><\/h3>\r\n\r\n\r\n\r\n<ul class=\"wp-block-list\">\r\n<li><strong>Une s\u00e9curit\u00e9 fiable<\/strong>Les produits sont fabriqu\u00e9s selon les normes les plus strictes en mati\u00e8re de s\u00e9curit\u00e9 et de long\u00e9vit\u00e9.<\/li>\r\n\r\n\r\n\r\n<li><strong>Connectivit\u00e9 intelligente<\/strong>Fonctionne de mani\u00e8re transparente avec vos applications domestiques intelligentes, notamment Google Assistant et Amazon Alexa.<\/li>\r\n\r\n\r\n\r\n<li><strong>Une qualit\u00e9 sup\u00e9rieure accessible<\/strong>La technologie de pointe \u00e0 un prix abordable.<\/li>\r\n\r\n\r\n\r\n<li><strong>Projecteur inclus :\u00a0<\/strong>Ils sont \u00e9galement parfaitement visibles dans l'obscurit\u00e9 et dissuadent les cambrioleurs.<\/li>\r\n<\/ul>\r\n\r\n\r\n\r\n<h3 class=\"wp-block-heading\"><strong>S\u00e9curit\u00e9 au plus haut niveau. Disponible imm\u00e9diatement.<\/strong><\/h3>\r\n\r\n\r\n\r\n<p>Transformez votre espace ext\u00e9rieur avec le <strong>Calex PowerView Spotlight Cam\u00e9ra de s\u00e9curit\u00e9 2K<\/strong> et b\u00e9n\u00e9ficiez d'une tranquillit\u00e9 d'esprit sans pr\u00e9c\u00e9dent. Prot\u00e9gez votre maison, votre famille et vos biens gr\u00e2ce \u00e0 la puissance de la technologie intelligente.<\/p>\r\n\r\n\r\n\r\n<p><strong>Achetez maintenant et am\u00e9liorez votre s\u00e9curit\u00e9 en un seul clic !<\/strong><\/p>\r\n\r\n\r\n\r\n<p>&nbsp;<\/p>","protected":false},"excerpt":{"rendered":"<p>Qualit\u00e9 2K avec \u00e9clairage nocturne<br \/>Pour usage ext\u00e9rieur IP65<br \/>Stockage dans le nuage et sur carte SD<\/p>","protected":false},"featured_media":523457,"comment_status":"closed","ping_status":"closed","template":"","meta":{"_seopress_robots_primary_cat":"none","_seopress_titles_title":"","_seopress_titles_desc":"","_seopress_robots_index":""},"product_brand":[],"product_cat":[889,514],"product_tag":[],"class_list":{"0":"post-523456","1":"product","2":"type-product","3":"status-publish","4":"has-post-thumbnail","6":"product_cat-camerabewaking","7":"product_cat-smart-home","9":"first","10":"instock","11":"sale","12":"taxable","13":"shipping-taxable","14":"purchasable","15":"product-type-simple"},"_links":{"self":[{"href":"https:\/\/ledshoponline.be\/fr\/wp-json\/wp\/v2\/product\/523456","targetHints":{"allow":["GET"]}}],"collection":[{"href":"https:\/\/ledshoponline.be\/fr\/wp-json\/wp\/v2\/product"}],"about":[{"href":"https:\/\/ledshoponline.be\/fr\/wp-json\/wp\/v2\/types\/product"}],"replies":[{"embeddable":true,"href":"https:\/\/ledshoponline.be\/fr\/wp-json\/wp\/v2\/comments?post=523456"}],"version-history":[{"count":1,"href":"https:\/\/ledshoponline.be\/fr\/wp-json\/wp\/v2\/product\/523456\/revisions"}],"predecessor-version":[{"id":567566,"href":"https:\/\/ledshoponline.be\/fr\/wp-json\/wp\/v2\/product\/523456\/revisions\/567566"}],"wp:featuredmedia":[{"embeddable":true,"href":"https:\/\/ledshoponline.be\/fr\/wp-json\/wp\/v2\/media\/523457"}],"wp:attachment":[{"href":"https:\/\/ledshoponline.be\/fr\/wp-json\/wp\/v2\/media?parent=523456"}],"wp:term":[{"taxonomy":"product_brand","embeddable":true,"href":"https:\/\/ledshoponline.be\/fr\/wp-json\/wp\/v2\/product_brand?post=523456"},{"taxonomy":"product_cat","embeddable":true,"href":"https:\/\/ledshoponline.be\/fr\/wp-json\/wp\/v2\/product_cat?post=523456"},{"taxonomy":"product_tag","embeddable":true,"href":"https:\/\/ledshoponline.be\/fr\/wp-json\/wp\/v2\/product_tag?post=523456"}],"curies":[{"name":"wp","href":"https:\/\/api.w.org\/{rel}","templated":true}]}}