{"id":521254,"date":"2023-12-08T14:28:00","date_gmt":"2023-12-08T14:28:00","guid":{"rendered":"https:\/\/hlncaxea.a2hosted.com\/?post_type=product&#038;p=521254"},"modified":"2025-05-23T04:46:22","modified_gmt":"2025-05-23T04:46:22","slug":"la-prise-intelligente-calex-avec-compteur-denergie-augmente-le-confort-de-votre-maison-2","status":"publish","type":"product","link":"https:\/\/ledshoponline.be\/fr\/shop\/producten\/slimme-calex-plug-met-energiemeter-verhoog-je-wooncomfort\/","title":{"rendered":"Smart Calex Plug avec compteur d'\u00e9nergie - Am\u00e9liorez le confort de votre maison"},"content":{"rendered":"<p>La prise intelligente Calex avec compteur d'\u00e9nergie est la solution id\u00e9ale pour rendre votre maison intelligente. Gr\u00e2ce \u00e0 la possibilit\u00e9 de contr\u00f4ler les appareils \u00e0 distance, vous pouvez facilement g\u00e9rer votre \u00e9clairage, votre chauffage et d'autres appareils \u00e0 l'aide de votre smartphone. Cette prise est id\u00e9ale pour les personnes qui souhaitent mieux contr\u00f4ler leur consommation d'\u00e9nergie tout en r\u00e9duisant leurs co\u00fbts \u00e9nerg\u00e9tiques. C'est le choix id\u00e9al pour ceux qui souhaitent faire \u00e9voluer leur maison vers une maison intelligente sans investissements majeurs.<\/p>\r\n\r\n\r\n\r\n<p><strong>\u00c9conomies d'\u00e9nergie gr\u00e2ce au contr\u00f4le de la consommation en temps r\u00e9el<\/strong><\/p>\r\n\r\n\r\n\r\n<p>Le compteur d'\u00e9nergie int\u00e9gr\u00e9 de la prise intelligente Calex vous permet de suivre votre consommation d'\u00e9nergie en temps r\u00e9el. Vous savez ainsi quelle quantit\u00e9 d'\u00e9nergie vos appareils consomment r\u00e9ellement, ce qui vous permet d'agir rapidement et d'\u00e9viter des co\u00fbts inutiles. En surveillant votre consommation, vous pouvez optimiser votre utilisation de l'\u00e9nergie et r\u00e9duire ainsi vos factures mensuelles. Qu'il s'agisse d'\u00e9clairage, d'appareils de cuisine ou d'autres dispositifs, vous avez toujours une visibilit\u00e9 sur votre consommation et pouvez am\u00e9liorer votre efficacit\u00e9 \u00e9nerg\u00e9tique.<\/p>\r\n\r\n\r\n\r\n<p><strong>Installation et compatibilit\u00e9 faciles<\/strong><\/p>\r\n\r\n\r\n\r\n<p>Cette prise intelligente est con\u00e7ue pour \u00eatre pratique. L'installation de la prise Calex est simple et rapide : branchez-la, connectez-la \u00e0 votre Wi-Fi et le tour est jou\u00e9. L'appareil est enti\u00e8rement compatible avec les plateformes domestiques intelligentes les plus populaires, telles que Google Assistant et Amazon Alexa, ce qui vous permet de contr\u00f4ler facilement vos appareils \u00e0 l'aide de commandes vocales. Que vous soyez \u00e0 la maison ou en d\u00e9placement, vous aurez toujours un contr\u00f4le total sur vos appareils.<\/p>\r\n\r\n\r\n\r\n<p><strong>Conception compacte et durable<\/strong><\/p>\r\n\r\n\r\n\r\n<p>La prise intelligente Calex a \u00e9t\u00e9 con\u00e7ue dans un souci de fonctionnalit\u00e9 et d'esth\u00e9tique. Son design blanc et compact s'int\u00e8gre parfaitement dans toutes les pi\u00e8ces de la maison et occupe un minimum d'espace. La qualit\u00e9 de fabrication robuste garantit que la prise durera longtemps et r\u00e9sistera \u00e0 une utilisation quotidienne. Cette prise est une combinaison parfaite de style et de durabilit\u00e9, ce qui la rend \u00e0 la fois pratique et visuellement attrayante.<\/p>\r\n\r\n\r\n\r\n<p>&nbsp;<\/p>","protected":false},"excerpt":{"rendered":"<p>Smart Power Plug 16A avec Powermeter E-connection<br \/>Contr\u00f4lez facilement vos appareils (non intelligents) \u00e0 l'aide de votre smartphone ou de votre assistant vocal.<\/p>","protected":false},"featured_media":521255,"comment_status":"closed","ping_status":"closed","template":"","meta":{"_seopress_robots_primary_cat":"none","_seopress_titles_title":"","_seopress_titles_desc":"","_seopress_robots_index":""},"product_brand":[],"product_cat":[19,514],"product_tag":[],"class_list":{"0":"post-521254","1":"product","2":"type-product","3":"status-publish","4":"has-post-thumbnail","6":"product_cat-producten","7":"product_cat-smart-home","9":"first","10":"instock","11":"taxable","12":"shipping-taxable","13":"purchasable","14":"product-type-simple"},"_links":{"self":[{"href":"https:\/\/ledshoponline.be\/fr\/wp-json\/wp\/v2\/product\/521254","targetHints":{"allow":["GET"]}}],"collection":[{"href":"https:\/\/ledshoponline.be\/fr\/wp-json\/wp\/v2\/product"}],"about":[{"href":"https:\/\/ledshoponline.be\/fr\/wp-json\/wp\/v2\/types\/product"}],"replies":[{"embeddable":true,"href":"https:\/\/ledshoponline.be\/fr\/wp-json\/wp\/v2\/comments?post=521254"}],"version-history":[{"count":1,"href":"https:\/\/ledshoponline.be\/fr\/wp-json\/wp\/v2\/product\/521254\/revisions"}],"predecessor-version":[{"id":575309,"href":"https:\/\/ledshoponline.be\/fr\/wp-json\/wp\/v2\/product\/521254\/revisions\/575309"}],"wp:featuredmedia":[{"embeddable":true,"href":"https:\/\/ledshoponline.be\/fr\/wp-json\/wp\/v2\/media\/521255"}],"wp:attachment":[{"href":"https:\/\/ledshoponline.be\/fr\/wp-json\/wp\/v2\/media?parent=521254"}],"wp:term":[{"taxonomy":"product_brand","embeddable":true,"href":"https:\/\/ledshoponline.be\/fr\/wp-json\/wp\/v2\/product_brand?post=521254"},{"taxonomy":"product_cat","embeddable":true,"href":"https:\/\/ledshoponline.be\/fr\/wp-json\/wp\/v2\/product_cat?post=521254"},{"taxonomy":"product_tag","embeddable":true,"href":"https:\/\/ledshoponline.be\/fr\/wp-json\/wp\/v2\/product_tag?post=521254"}],"curies":[{"name":"wp","href":"https:\/\/api.w.org\/{rel}","templated":true}]}}