{"id":521240,"date":"2023-12-08T14:01:00","date_gmt":"2023-12-08T14:01:00","guid":{"rendered":"https:\/\/hlncaxea.a2hosted.com\/?post_type=product&#038;p=521240"},"modified":"2025-03-09T19:45:48","modified_gmt":"2025-03-09T19:45:48","slug":"calex-smart-led-dimmer-gradateur-encastre-5-250w-universel-compatible-avec-les-ampoules-led-traditionnelles-installation-facile-2","status":"publish","type":"product","link":"https:\/\/ledshoponline.be\/fr\/shop\/producten\/toebehoren\/230v-led-dimmers\/calex-slimme-led-dimmer-inbouwdimmer-5-250w-universeel-compatibel-met-led-traditionele-lampen-eenvoudige-installatie\/","title":{"rendered":"Calex Smart LED Dimmer - Variateur encastr\u00e9 - 5-250W - Universel - Compatible avec les lampes LED et traditionnelles - Installation facile"},"content":{"rendered":"<p><strong>Contr\u00f4lez vos lampes LED r\u00e9guli\u00e8res \u00e0 intensit\u00e9 variable \u00e0 l'aide d'un smartphone ou d'une commande vocale (via Google Assistant\/ Siri\/ Amazon Alexa<\/strong><\/p>\n\n\n\n<p>Le gradateur LED intelligent Calex offre un contr\u00f4le total sur votre \u00e9clairage. Ce variateur encastr\u00e9 universel fonctionne avec des ampoules LED et traditionnelles jusqu'\u00e0 250W. R\u00e9glez facilement la luminosit\u00e9 pour une ambiance parfaite, que ce soit dans le salon, la cuisine ou la chambre \u00e0 coucher. Facile \u00e0 installer et compatible avec les prises murales standard, il s'agit d'une am\u00e9lioration id\u00e9ale pour tout int\u00e9rieur.<\/p>\n\n\n\n<p>Le variateur encastr\u00e9 LED intelligent Calex transforme vos ampoules non intelligentes en un \u00e9clairage intelligent facile \u00e0 contr\u00f4ler via votre smartphone ou votre tablette. L'application gratuite Calex vous permet de personnaliser votre \u00e9clairage et de programmer facilement vos lampes. En outre, le variateur offre un confort ultime gr\u00e2ce \u00e0 la commande vocale, qui vous permet de contr\u00f4ler vos lampes en gardant les mains libres. Gr\u00e2ce \u00e0 son design intelligent, le variateur s'adapte parfaitement \u00e0 presque tous les cadres de finition avec interrupteur rotatif, et avec un diam\u00e8tre compact de 70 mm et une profondeur de seulement 24 mm, il est facile \u00e0 installer. Offrez \u00e0 votre int\u00e9rieur une mise \u00e0 niveau intelligente et moderne gr\u00e2ce \u00e0 cette solution innovante.<\/p>\n\n\n\n<figure class=\"wp-block-image size-large\"><img decoding=\"async\" src=\"https:\/\/ledshoponline.be\/wp-content\/uploads\/2024\/12\/65cbab1bfedc1becf1928285_calex-smart-led-dimmer-built-in-dimmer-5-250w-universal-652087-800x800.avif\" alt=\"\" class=\"wp-image-521243\"\/><\/figure>\n\n\n\n<h2 class=\"wp-block-heading\"><strong>Avantages :<\/strong><\/h2>\n\n\n\n<ul class=\"wp-block-list\">\n<li><strong>UNIVERSELLEMENT COMPATIBLE<\/strong>Convient aux ampoules LED (5-250W) et aux ampoules \u00e0 incandescence traditionnelles.<\/li>\n\n\n\n<li><strong>UN CONTR\u00d4LE PARFAIT DE LA LUMI\u00c8RE<\/strong>La lumi\u00e8re du jour : R\u00e9glez facilement la luminosit\u00e9 en fonction de l'ambiance de la maison.<\/li>\n\n\n\n<li><strong>GRADATEUR ENCASTR\u00c9 MODERNE<\/strong>Les prises de courant : Elles s'int\u00e8grent parfaitement dans les prises de courant standard pour une finition \u00e9l\u00e9gante.<\/li>\n\n\n\n<li><strong>\u00c9CONOMIE D'\u00c9NERGIE<\/strong>Les ampoules \u00e0 incandescence : elles favorisent l'efficacit\u00e9 \u00e9nerg\u00e9tique et prolongent la dur\u00e9e de vie de vos ampoules.<\/li>\n\n\n\n<li><strong>INSTALLATION FACILE<\/strong>Installation rapide et ais\u00e9e sans connaissances techniques.<\/li>\n\n\n\n<li><strong>SILENCIEUX ET DURABLE<\/strong>Les mat\u00e9riaux utilis\u00e9s sont de haute qualit\u00e9 et n'\u00e9mettent pas de bruit pendant l'utilisation.<\/li>\n\n\n\n<li><strong>UTILISATION S\u00c9CURITAIRE<\/strong>: Protection contre la surcharge et la surchauffe.<\/li>\n<\/ul>\n\n\n\n<p><\/p>","protected":false},"excerpt":{"rendered":"<p><!-- wp:list --><\/p>\n<p>\u2705 <strong>UNIVERSELLEMENT COMPATIBLE<\/strong><br \/>\u2705 <strong>UN CONTR\u00d4LE PARFAIT DE LA LUMI\u00c8RE<\/strong><br \/>\u2705 <strong>\u00c9CONOMIE D'\u00c9NERGIE<br \/><\/strong>\u2705 <strong>INSTALLATION FACILE<br \/><\/strong>\u2705 <strong>UTILISATION S\u00c9CURITAIRE<\/strong><\/p>\n<p><!-- \/wp:list --><\/p>","protected":false},"featured_media":521241,"comment_status":"closed","ping_status":"closed","template":"","meta":{"_seopress_robots_primary_cat":"","_seopress_titles_title":"","_seopress_titles_desc":"","_seopress_robots_index":""},"product_brand":[],"product_cat":[86,19,42],"product_tag":[777,263,836],"class_list":{"0":"post-521240","1":"product","2":"type-product","3":"status-publish","4":"has-post-thumbnail","6":"product_cat-230v-led-dimmers","7":"product_cat-producten","8":"product_cat-toebehoren","9":"product_tag-230v-led-dimmer","10":"product_tag-led-dimmer","11":"product_tag-led-dimmer-fase-aansnijding","13":"first","14":"instock","15":"sale","16":"taxable","17":"shipping-taxable","18":"purchasable","19":"product-type-simple"},"_links":{"self":[{"href":"https:\/\/ledshoponline.be\/fr\/wp-json\/wp\/v2\/product\/521240","targetHints":{"allow":["GET"]}}],"collection":[{"href":"https:\/\/ledshoponline.be\/fr\/wp-json\/wp\/v2\/product"}],"about":[{"href":"https:\/\/ledshoponline.be\/fr\/wp-json\/wp\/v2\/types\/product"}],"replies":[{"embeddable":true,"href":"https:\/\/ledshoponline.be\/fr\/wp-json\/wp\/v2\/comments?post=521240"}],"version-history":[{"count":0,"href":"https:\/\/ledshoponline.be\/fr\/wp-json\/wp\/v2\/product\/521240\/revisions"}],"wp:featuredmedia":[{"embeddable":true,"href":"https:\/\/ledshoponline.be\/fr\/wp-json\/wp\/v2\/media\/521241"}],"wp:attachment":[{"href":"https:\/\/ledshoponline.be\/fr\/wp-json\/wp\/v2\/media?parent=521240"}],"wp:term":[{"taxonomy":"product_brand","embeddable":true,"href":"https:\/\/ledshoponline.be\/fr\/wp-json\/wp\/v2\/product_brand?post=521240"},{"taxonomy":"product_cat","embeddable":true,"href":"https:\/\/ledshoponline.be\/fr\/wp-json\/wp\/v2\/product_cat?post=521240"},{"taxonomy":"product_tag","embeddable":true,"href":"https:\/\/ledshoponline.be\/fr\/wp-json\/wp\/v2\/product_tag?post=521240"}],"curies":[{"name":"wp","href":"https:\/\/api.w.org\/{rel}","templated":true}]}}